{"id":46569,"date":"2023-02-21T08:56:03","date_gmt":"2023-02-21T07:56:03","guid":{"rendered":"https:\/\/www.italyfamilyhotels.it\/hotels\/color-ermitage-beach-family-hotel"},"modified":"2023-04-06T13:24:23","modified_gmt":"2023-04-06T11:24:23","slug":"color-ermitage-beach-family-hotel","status":"publish","type":"page","link":"https:\/\/www.italyfamilyhotels.it\/fr\/hotels\/color-ermitage-beach-family-hotel","title":{"rendered":"Color Ermitage Beach Family Hotel"},"content":{"rendered":"\n<p>Pr\u00e9parez-vous \u00e0 passer les vacances en famille color\u00e9es et amusantes dont vous avez toujours r\u00eav\u00e9\u00a0! Des journ\u00e9es de bonheur vous attendent au <b>Color Ermitage Beach Family Hotel de Bellaria Igea Marina<\/b>, lesquels vous pourrez partager avec vos enfants \u00e0 deux pas de la mer. Notre h\u00f4tel est situ\u00e9<b> directement sur la plage, sans avoir \u00e0 traverser de routes<\/b>&#8230; Bref, vous pouvez vous rendre aux <b>parasol et transats que nous r\u00e9servons \u00e0 votre famille<\/b> avec votre tasse de caf\u00e9 \u00e0 la main\u00a0!<\/p>\n\n\n\n<p>Les enfants deviennent les protagonistes d&#8217;un <b>monde de divertissement<\/b> qui leur est d\u00e9di\u00e9, un ensemble d\u2019<b>activit\u00e9s ludiques<\/b> r\u00e9parties sur toute la journ\u00e9e, \u00e0 la fois sur la plage et \u00e0 l&#8217;h\u00f4tel, avec possibilit\u00e9 de <b>d\u00e9jeuner avec les animateurs<\/b>. Le tout dans des espaces bien organis\u00e9s et s\u00e9curis\u00e9s\u00a0: <b>Mini Cocoland<\/b> et<b> Junior Cocoland<\/b>, des salles de jeux int\u00e9rieures color\u00e9es,\u00a0la piscine <b>Coco Kids Pool chauff\u00e9e \u00e0 24\u00b0<\/b> avec jeux d&#8217;eau, dans laquelle les plus petits pourront nager tranquillement, sans oublier des <b>chambres familiales <\/b>confortables et spacieuses.<\/p>\n\n\n\n<p>Et nous avons bien entendu \u00e9galement pens\u00e9 aux mamans et papas. Pendant que nous nous occupons des enfants, les adultes peuvent se d\u00e9tendre sur la plage, faire de l&#8217;aquagym ou participer \u00e0 des danses de groupe. Vous pourrez \u00e9galement faire une baignade dans notre <b>piscine de 18\u00a0m\u00e8tres<\/b> entour\u00e9e d&#8217;un <b>solarium <\/b>\u00e9quip\u00e9, ou vous r\u00e9g\u00e9n\u00e9rer dans les bulles de notre <b>jacuzzi<\/b>, en profitant du service de <b>bar gratuit<\/b> pour une gorg\u00e9e de fra\u00eecheur, avec boissons \u00e0 la pression disponibles H24 pour les adultes et les enfants. De 20h00 \u00e0 24h00, vous pourrez participer \u00e0 notre Cocktail Time, d\u00e9di\u00e9 aux seuls adultes.<\/p>\n\n\n\n<p>Ici, au Color Ermitage Beach Family, les<b> vacances sont toujours tout compris<\/b>. Un forfait All Inclusive tr\u00e8s sp\u00e9cial, qui comprend la <b>Color Food Immersion<\/b>, l\u2019animation pour tous, <b>boissons comprises<\/b> du matin au soir, l\u2019<b>entr\u00e9e au parc aquatique Atlantica<\/b> du lundi au vendredi, avec la certitude de trouver, aussi bien dans la chambre que dans la salle \u00e0 manger, tous les <b>services pour enfants <\/b>qui permettent de voyager l\u00e9ger. De plus, chez nous, les <b>animaux de petite taille sont les bienvenus<\/b>. Que vos vacances Color commencent\u00a0!<\/p>\n","protected":false},"excerpt":{"rendered":"<p>Pr\u00e9parez-vous \u00e0 passer les vacances en famille color\u00e9es et amusantes dont vous avez toujours r\u00eav\u00e9\u00a0! Des journ\u00e9es de bonheur vous attendent au Color Ermitage Beach Family Hotel de Bellaria Igea Marina, lesquels vous pourrez partager avec vos enfants \u00e0 deux pas de la mer. Notre h\u00f4tel est situ\u00e9 directement sur la plage, sans avoir \u00e0 &hellip;<\/p>\n","protected":false},"author":1,"featured_media":0,"parent":29729,"menu_order":0,"comment_status":"closed","ping_status":"closed","template":"page-templates\/scheda_hotel.php","meta":{"_acf_changed":false,"inline_featured_image":false,"footnotes":""},"class_list":["post-46569","page","type-page","status-publish","hentry"],"acf":[],"yoast_head":"<!-- This site is optimized with the Yoast SEO plugin v27.1 - https:\/\/yoast.com\/product\/yoast-seo-wordpress\/ -->\n<title>Color Ermitage Beach Family Hotel 4 \u00e9toiles, Bellaria Igea Marina<\/title>\n<meta name=\"description\" content=\"Envie de vacances en famille\u00a0? D\u00e9couvrez les offres pour familles du Color Ermitage Beach Family Hotel a Bellaria Igea Marina\" \/>\n<meta name=\"robots\" content=\"index, follow, max-snippet:-1, max-image-preview:large, max-video-preview:-1\" \/>\n<link rel=\"canonical\" href=\"https:\/\/www.italyfamilyhotels.it\/fr\/hotels\/color-ermitage-beach-family-hotel\" \/>\n<meta property=\"og:locale\" content=\"fr_FR\" \/>\n<meta property=\"og:type\" content=\"article\" \/>\n<meta property=\"og:title\" content=\"Color Ermitage Beach Family Hotel 4 \u00e9toiles, Bellaria Igea Marina\" \/>\n<meta property=\"og:description\" content=\"Envie de vacances en famille\u00a0? D\u00e9couvrez les offres pour familles du Color Ermitage Beach Family Hotel a Bellaria Igea Marina\" \/>\n<meta property=\"og:url\" content=\"https:\/\/www.italyfamilyhotels.it\/fr\/hotels\/color-ermitage-beach-family-hotel\" \/>\n<meta property=\"og:site_name\" content=\"Italy Family Hotels\" \/>\n<meta property=\"article:publisher\" content=\"https:\/\/www.facebook.com\/ItalyFamilyHotels\/\" \/>\n<meta property=\"article:modified_time\" content=\"2023-04-06T11:24:23+00:00\" \/>\n<meta name=\"twitter:card\" content=\"summary_large_image\" \/>\n<meta name=\"twitter:label1\" content=\"Dur\u00e9e de lecture estim\u00e9e\" \/>\n\t<meta name=\"twitter:data1\" content=\"2 minutes\" \/>\n<script type=\"application\/ld+json\" class=\"yoast-schema-graph\">{\"@context\":\"https:\/\/schema.org\",\"@graph\":[{\"@type\":\"WebPage\",\"@id\":\"https:\/\/www.italyfamilyhotels.it\/fr\/hotels\/color-ermitage-beach-family-hotel\",\"url\":\"https:\/\/www.italyfamilyhotels.it\/fr\/hotels\/color-ermitage-beach-family-hotel\",\"name\":\"Color Ermitage Beach Family Hotel 4 \u00e9toiles, Bellaria Igea Marina\",\"isPartOf\":{\"@id\":\"https:\/\/www.italyfamilyhotels.it\/#website\"},\"datePublished\":\"2023-02-21T07:56:03+00:00\",\"dateModified\":\"2023-04-06T11:24:23+00:00\",\"description\":\"Envie de vacances en famille\u00a0? D\u00e9couvrez les offres pour familles du Color Ermitage Beach Family Hotel a Bellaria Igea Marina\",\"breadcrumb\":{\"@id\":\"https:\/\/www.italyfamilyhotels.it\/fr\/hotels\/color-ermitage-beach-family-hotel#breadcrumb\"},\"inLanguage\":\"fr-FR\",\"potentialAction\":[{\"@type\":\"ReadAction\",\"target\":[\"https:\/\/www.italyfamilyhotels.it\/fr\/hotels\/color-ermitage-beach-family-hotel\"]}]},{\"@type\":\"BreadcrumbList\",\"@id\":\"https:\/\/www.italyfamilyhotels.it\/fr\/hotels\/color-ermitage-beach-family-hotel#breadcrumb\",\"itemListElement\":[{\"@type\":\"ListItem\",\"position\":1,\"name\":\"Home\",\"item\":\"https:\/\/www.italyfamilyhotels.it\/fr\"},{\"@type\":\"ListItem\",\"position\":2,\"name\":\"Family Hotels\",\"item\":\"https:\/\/www.italyfamilyhotels.it\/fr\/hotels\"},{\"@type\":\"ListItem\",\"position\":3,\"name\":\"Color Ermitage Beach Family Hotel\"}]},{\"@type\":\"WebSite\",\"@id\":\"https:\/\/www.italyfamilyhotels.it\/#website\",\"url\":\"https:\/\/www.italyfamilyhotels.it\/\",\"name\":\"Italy Family Hotels\",\"description\":\"\",\"potentialAction\":[{\"@type\":\"SearchAction\",\"target\":{\"@type\":\"EntryPoint\",\"urlTemplate\":\"https:\/\/www.italyfamilyhotels.it\/?s={search_term_string}\"},\"query-input\":{\"@type\":\"PropertyValueSpecification\",\"valueRequired\":true,\"valueName\":\"search_term_string\"}}],\"inLanguage\":\"fr-FR\"}]}<\/script>\n<!-- \/ Yoast SEO plugin. -->","yoast_head_json":{"title":"Color Ermitage Beach Family Hotel 4 \u00e9toiles, Bellaria Igea Marina","description":"Envie de vacances en famille\u00a0? D\u00e9couvrez les offres pour familles du Color Ermitage Beach Family Hotel a Bellaria Igea Marina","robots":{"index":"index","follow":"follow","max-snippet":"max-snippet:-1","max-image-preview":"max-image-preview:large","max-video-preview":"max-video-preview:-1"},"canonical":"https:\/\/www.italyfamilyhotels.it\/fr\/hotels\/color-ermitage-beach-family-hotel","og_locale":"fr_FR","og_type":"article","og_title":"Color Ermitage Beach Family Hotel 4 \u00e9toiles, Bellaria Igea Marina","og_description":"Envie de vacances en famille\u00a0? D\u00e9couvrez les offres pour familles du Color Ermitage Beach Family Hotel a Bellaria Igea Marina","og_url":"https:\/\/www.italyfamilyhotels.it\/fr\/hotels\/color-ermitage-beach-family-hotel","og_site_name":"Italy Family Hotels","article_publisher":"https:\/\/www.facebook.com\/ItalyFamilyHotels\/","article_modified_time":"2023-04-06T11:24:23+00:00","twitter_card":"summary_large_image","twitter_misc":{"Dur\u00e9e de lecture estim\u00e9e":"2 minutes"},"schema":{"@context":"https:\/\/schema.org","@graph":[{"@type":"WebPage","@id":"https:\/\/www.italyfamilyhotels.it\/fr\/hotels\/color-ermitage-beach-family-hotel","url":"https:\/\/www.italyfamilyhotels.it\/fr\/hotels\/color-ermitage-beach-family-hotel","name":"Color Ermitage Beach Family Hotel 4 \u00e9toiles, Bellaria Igea Marina","isPartOf":{"@id":"https:\/\/www.italyfamilyhotels.it\/#website"},"datePublished":"2023-02-21T07:56:03+00:00","dateModified":"2023-04-06T11:24:23+00:00","description":"Envie de vacances en famille\u00a0? D\u00e9couvrez les offres pour familles du Color Ermitage Beach Family Hotel a Bellaria Igea Marina","breadcrumb":{"@id":"https:\/\/www.italyfamilyhotels.it\/fr\/hotels\/color-ermitage-beach-family-hotel#breadcrumb"},"inLanguage":"fr-FR","potentialAction":[{"@type":"ReadAction","target":["https:\/\/www.italyfamilyhotels.it\/fr\/hotels\/color-ermitage-beach-family-hotel"]}]},{"@type":"BreadcrumbList","@id":"https:\/\/www.italyfamilyhotels.it\/fr\/hotels\/color-ermitage-beach-family-hotel#breadcrumb","itemListElement":[{"@type":"ListItem","position":1,"name":"Home","item":"https:\/\/www.italyfamilyhotels.it\/fr"},{"@type":"ListItem","position":2,"name":"Family Hotels","item":"https:\/\/www.italyfamilyhotels.it\/fr\/hotels"},{"@type":"ListItem","position":3,"name":"Color Ermitage Beach Family Hotel"}]},{"@type":"WebSite","@id":"https:\/\/www.italyfamilyhotels.it\/#website","url":"https:\/\/www.italyfamilyhotels.it\/","name":"Italy Family Hotels","description":"","potentialAction":[{"@type":"SearchAction","target":{"@type":"EntryPoint","urlTemplate":"https:\/\/www.italyfamilyhotels.it\/?s={search_term_string}"},"query-input":{"@type":"PropertyValueSpecification","valueRequired":true,"valueName":"search_term_string"}}],"inLanguage":"fr-FR"}]}},"_links":{"self":[{"href":"https:\/\/www.italyfamilyhotels.it\/fr\/wp-json\/wp\/v2\/pages\/46569","targetHints":{"allow":["GET"]}}],"collection":[{"href":"https:\/\/www.italyfamilyhotels.it\/fr\/wp-json\/wp\/v2\/pages"}],"about":[{"href":"https:\/\/www.italyfamilyhotels.it\/fr\/wp-json\/wp\/v2\/types\/page"}],"author":[{"embeddable":true,"href":"https:\/\/www.italyfamilyhotels.it\/fr\/wp-json\/wp\/v2\/users\/1"}],"replies":[{"embeddable":true,"href":"https:\/\/www.italyfamilyhotels.it\/fr\/wp-json\/wp\/v2\/comments?post=46569"}],"version-history":[{"count":2,"href":"https:\/\/www.italyfamilyhotels.it\/fr\/wp-json\/wp\/v2\/pages\/46569\/revisions"}],"predecessor-version":[{"id":48765,"href":"https:\/\/www.italyfamilyhotels.it\/fr\/wp-json\/wp\/v2\/pages\/46569\/revisions\/48765"}],"up":[{"embeddable":true,"href":"https:\/\/www.italyfamilyhotels.it\/fr\/wp-json\/wp\/v2\/pages\/29729"}],"wp:attachment":[{"href":"https:\/\/www.italyfamilyhotels.it\/fr\/wp-json\/wp\/v2\/media?parent=46569"}],"curies":[{"name":"wp","href":"https:\/\/api.w.org\/{rel}","templated":true}]}}