{"id":46077,"date":"2023-02-14T10:41:17","date_gmt":"2023-02-14T09:41:17","guid":{"rendered":"https:\/\/www.italyfamilyhotels.it\/hotels\/hotel-bellevue"},"modified":"2023-04-06T14:30:05","modified_gmt":"2023-04-06T12:30:05","slug":"hotel-bellevue","status":"publish","type":"page","link":"https:\/\/www.italyfamilyhotels.it\/fr\/hotels\/hotel-bellevue","title":{"rendered":"H\u00f4tel Bellevue"},"content":{"rendered":"\n<p>Pour nous, les vacances \u00e0 la plage signifient prendre le petit-d\u00e9jeuner en regardant l&#8217;Adriatique et <b>atteindre la plage sans traverser de routes<\/b>, pour vous d\u00e9tendre sur le sable doux pendant que vos enfants s&#8217;amusent avec notre \u00e9quipe d&#8217;animation, ou jouent en toute s\u00e9curit\u00e9 sur le rivage. C&#8217;est ainsi que nous aimons vous accueillir ici, \u00e0 l\u2019<b>H\u00f4tel Bellevue de Pesaro<\/b>, o\u00f9 la l\u00e9g\u00e8ret\u00e9 a le doux parfum des vagues de la mer. Et m\u00eame en nageant dans la <b>piscine<\/b>, ou vous pourrez vous tailler ces moments de d\u00e9tente bien m\u00e9rit\u00e9s dont vous r\u00eavez toute l&#8217;ann\u00e9e, entre <b>sauna<\/b>, <b>jacuzzi <\/b>et <b>bain turc<\/b>, la splendide vue sur la mer a toujours le premier r\u00f4le\u00a0!<\/p>\n\n\n\n<p>Chez nous, tout est \u00e0 port\u00e9e de main, confortable et familial\u00a0: l&#8217;\u00e9tablissement baln\u00e9aire affili\u00e9 est pratiquement \u00ab\u00a0devant la porte\u00a0\u00bb, vous trouverez \u00e0 votre disposition une <b>piscine pour adultes et une piscine pour enfants<\/b>, et le centre de Pesaro est facilement accessible \u00e0 pied ou \u00e0 v\u00e9lo.<\/p>\n\n\n\n<p>Mais, surtout, dans l&#8217;h\u00f4tel, vous trouverez tout ce dont vous avez besoin pour vos vacances avec des enfants, et notamment des <b>poussettes <\/b>de courtoisie et des <b>v\u00e9los avec si\u00e8ge enfant<\/b>, des <b>services en chambre<\/b> avec berceaux, lits, barri\u00e8res lat\u00e9rales, chauffe-biberons, st\u00e9rilisateurs, bouilloires, baignoires pour b\u00e9b\u00e9s, et des  <b>service en salle<\/b> avec chaises hautes, rehausseurs, couverts b\u00e9b\u00e9, bavoirs et sets de table, <b>nourriture pour b\u00e9b\u00e9s <\/b>et <b>bouillons <\/b>frais pour le sevrage, des menus authentiques et \u00e9quilibr\u00e9s pour les plus petits, qui peuvent \u00e9galement <b>manger avec les animateurs<\/b>, ainsi qu\u2019un <b>p\u00e9diatre <\/b>toujours disponible.<\/p>\n\n\n\n<p>Des vacances en famille m\u00e9morables passent par le divertissement des enfants, vous n&#8217;\u00eates pas d&#8217;accord\u00a0? S&#8217;ils sont heureux et occup\u00e9s avec le Mini Club, vous pourrez vraiment vous d\u00e9tendre et profiter de chaque instant. Pour cette raison, notre personnel d\u2019<b>animateurs professionnels <\/b>organise de nombreuses activit\u00e9s <b>6 jours sur 7, \u00e0 la plage comme \u00e0 l&#8217;h\u00f4tel<\/b>. Et le soir venu, l&#8217;H\u00f4tel Bellevue vous accueille avec de la <b>baby-dance<\/b>, tandis que les mamans et les papas peuvent participer \u00e0 une magique <b>soir\u00e9e dansante<\/b>, \u00e0 un <b>barbecue <\/b>sous les \u00e9toiles et \u00e0 un <b>d\u00eener de gala <\/b>aux chandelles.<\/p>\n","protected":false},"excerpt":{"rendered":"<p>Pour nous, les vacances \u00e0 la plage signifient prendre le petit-d\u00e9jeuner en regardant l&#8217;Adriatique et atteindre la plage sans traverser de routes, pour vous d\u00e9tendre sur le sable doux pendant que vos enfants s&#8217;amusent avec notre \u00e9quipe d&#8217;animation, ou jouent en toute s\u00e9curit\u00e9 sur le rivage. C&#8217;est ainsi que nous aimons vous accueillir ici, \u00e0 &hellip;<\/p>\n","protected":false},"author":1,"featured_media":0,"parent":29729,"menu_order":0,"comment_status":"closed","ping_status":"closed","template":"page-templates\/scheda_hotel.php","meta":{"_acf_changed":false,"inline_featured_image":false,"footnotes":""},"class_list":["post-46077","page","type-page","status-publish","hentry"],"acf":[],"yoast_head":"<!-- This site is optimized with the Yoast SEO plugin v27.1 - https:\/\/yoast.com\/product\/yoast-seo-wordpress\/ -->\n<title>H\u00f4tel Bellevue 3 \u00e9toiles Sup, Pesaro<\/title>\n<meta name=\"description\" content=\"Envie de vacances en famille\u00a0? D\u00e9couvrez les offres pour familles de l\u2019H\u00f4tel Bellevue de Pesaro\" \/>\n<meta name=\"robots\" content=\"index, follow, max-snippet:-1, max-image-preview:large, max-video-preview:-1\" \/>\n<link rel=\"canonical\" href=\"https:\/\/www.italyfamilyhotels.it\/fr\/hotels\/hotel-bellevue\" \/>\n<meta property=\"og:locale\" content=\"fr_FR\" \/>\n<meta property=\"og:type\" content=\"article\" \/>\n<meta property=\"og:title\" content=\"H\u00f4tel Bellevue 3 \u00e9toiles Sup, Pesaro\" \/>\n<meta property=\"og:description\" content=\"Envie de vacances en famille\u00a0? D\u00e9couvrez les offres pour familles de l\u2019H\u00f4tel Bellevue de Pesaro\" \/>\n<meta property=\"og:url\" content=\"https:\/\/www.italyfamilyhotels.it\/fr\/hotels\/hotel-bellevue\" \/>\n<meta property=\"og:site_name\" content=\"Italy Family Hotels\" \/>\n<meta property=\"article:publisher\" content=\"https:\/\/www.facebook.com\/ItalyFamilyHotels\/\" \/>\n<meta property=\"article:modified_time\" content=\"2023-04-06T12:30:05+00:00\" \/>\n<meta name=\"twitter:card\" content=\"summary_large_image\" \/>\n<meta name=\"twitter:label1\" content=\"Dur\u00e9e de lecture estim\u00e9e\" \/>\n\t<meta name=\"twitter:data1\" content=\"2 minutes\" \/>\n<script type=\"application\/ld+json\" class=\"yoast-schema-graph\">{\"@context\":\"https:\/\/schema.org\",\"@graph\":[{\"@type\":\"WebPage\",\"@id\":\"https:\/\/www.italyfamilyhotels.it\/fr\/hotels\/hotel-bellevue\",\"url\":\"https:\/\/www.italyfamilyhotels.it\/fr\/hotels\/hotel-bellevue\",\"name\":\"H\u00f4tel Bellevue 3 \u00e9toiles Sup, Pesaro\",\"isPartOf\":{\"@id\":\"https:\/\/www.italyfamilyhotels.it\/#website\"},\"datePublished\":\"2023-02-14T09:41:17+00:00\",\"dateModified\":\"2023-04-06T12:30:05+00:00\",\"description\":\"Envie de vacances en famille\u00a0? D\u00e9couvrez les offres pour familles de l\u2019H\u00f4tel Bellevue de Pesaro\",\"breadcrumb\":{\"@id\":\"https:\/\/www.italyfamilyhotels.it\/fr\/hotels\/hotel-bellevue#breadcrumb\"},\"inLanguage\":\"fr-FR\",\"potentialAction\":[{\"@type\":\"ReadAction\",\"target\":[\"https:\/\/www.italyfamilyhotels.it\/fr\/hotels\/hotel-bellevue\"]}]},{\"@type\":\"BreadcrumbList\",\"@id\":\"https:\/\/www.italyfamilyhotels.it\/fr\/hotels\/hotel-bellevue#breadcrumb\",\"itemListElement\":[{\"@type\":\"ListItem\",\"position\":1,\"name\":\"Home\",\"item\":\"https:\/\/www.italyfamilyhotels.it\/fr\"},{\"@type\":\"ListItem\",\"position\":2,\"name\":\"Family Hotels\",\"item\":\"https:\/\/www.italyfamilyhotels.it\/fr\/hotels\"},{\"@type\":\"ListItem\",\"position\":3,\"name\":\"H\u00f4tel Bellevue\"}]},{\"@type\":\"WebSite\",\"@id\":\"https:\/\/www.italyfamilyhotels.it\/#website\",\"url\":\"https:\/\/www.italyfamilyhotels.it\/\",\"name\":\"Italy Family Hotels\",\"description\":\"\",\"potentialAction\":[{\"@type\":\"SearchAction\",\"target\":{\"@type\":\"EntryPoint\",\"urlTemplate\":\"https:\/\/www.italyfamilyhotels.it\/?s={search_term_string}\"},\"query-input\":{\"@type\":\"PropertyValueSpecification\",\"valueRequired\":true,\"valueName\":\"search_term_string\"}}],\"inLanguage\":\"fr-FR\"}]}<\/script>\n<!-- \/ Yoast SEO plugin. -->","yoast_head_json":{"title":"H\u00f4tel Bellevue 3 \u00e9toiles Sup, Pesaro","description":"Envie de vacances en famille\u00a0? D\u00e9couvrez les offres pour familles de l\u2019H\u00f4tel Bellevue de Pesaro","robots":{"index":"index","follow":"follow","max-snippet":"max-snippet:-1","max-image-preview":"max-image-preview:large","max-video-preview":"max-video-preview:-1"},"canonical":"https:\/\/www.italyfamilyhotels.it\/fr\/hotels\/hotel-bellevue","og_locale":"fr_FR","og_type":"article","og_title":"H\u00f4tel Bellevue 3 \u00e9toiles Sup, Pesaro","og_description":"Envie de vacances en famille\u00a0? D\u00e9couvrez les offres pour familles de l\u2019H\u00f4tel Bellevue de Pesaro","og_url":"https:\/\/www.italyfamilyhotels.it\/fr\/hotels\/hotel-bellevue","og_site_name":"Italy Family Hotels","article_publisher":"https:\/\/www.facebook.com\/ItalyFamilyHotels\/","article_modified_time":"2023-04-06T12:30:05+00:00","twitter_card":"summary_large_image","twitter_misc":{"Dur\u00e9e de lecture estim\u00e9e":"2 minutes"},"schema":{"@context":"https:\/\/schema.org","@graph":[{"@type":"WebPage","@id":"https:\/\/www.italyfamilyhotels.it\/fr\/hotels\/hotel-bellevue","url":"https:\/\/www.italyfamilyhotels.it\/fr\/hotels\/hotel-bellevue","name":"H\u00f4tel Bellevue 3 \u00e9toiles Sup, Pesaro","isPartOf":{"@id":"https:\/\/www.italyfamilyhotels.it\/#website"},"datePublished":"2023-02-14T09:41:17+00:00","dateModified":"2023-04-06T12:30:05+00:00","description":"Envie de vacances en famille\u00a0? D\u00e9couvrez les offres pour familles de l\u2019H\u00f4tel Bellevue de Pesaro","breadcrumb":{"@id":"https:\/\/www.italyfamilyhotels.it\/fr\/hotels\/hotel-bellevue#breadcrumb"},"inLanguage":"fr-FR","potentialAction":[{"@type":"ReadAction","target":["https:\/\/www.italyfamilyhotels.it\/fr\/hotels\/hotel-bellevue"]}]},{"@type":"BreadcrumbList","@id":"https:\/\/www.italyfamilyhotels.it\/fr\/hotels\/hotel-bellevue#breadcrumb","itemListElement":[{"@type":"ListItem","position":1,"name":"Home","item":"https:\/\/www.italyfamilyhotels.it\/fr"},{"@type":"ListItem","position":2,"name":"Family Hotels","item":"https:\/\/www.italyfamilyhotels.it\/fr\/hotels"},{"@type":"ListItem","position":3,"name":"H\u00f4tel Bellevue"}]},{"@type":"WebSite","@id":"https:\/\/www.italyfamilyhotels.it\/#website","url":"https:\/\/www.italyfamilyhotels.it\/","name":"Italy Family Hotels","description":"","potentialAction":[{"@type":"SearchAction","target":{"@type":"EntryPoint","urlTemplate":"https:\/\/www.italyfamilyhotels.it\/?s={search_term_string}"},"query-input":{"@type":"PropertyValueSpecification","valueRequired":true,"valueName":"search_term_string"}}],"inLanguage":"fr-FR"}]}},"_links":{"self":[{"href":"https:\/\/www.italyfamilyhotels.it\/fr\/wp-json\/wp\/v2\/pages\/46077","targetHints":{"allow":["GET"]}}],"collection":[{"href":"https:\/\/www.italyfamilyhotels.it\/fr\/wp-json\/wp\/v2\/pages"}],"about":[{"href":"https:\/\/www.italyfamilyhotels.it\/fr\/wp-json\/wp\/v2\/types\/page"}],"author":[{"embeddable":true,"href":"https:\/\/www.italyfamilyhotels.it\/fr\/wp-json\/wp\/v2\/users\/1"}],"replies":[{"embeddable":true,"href":"https:\/\/www.italyfamilyhotels.it\/fr\/wp-json\/wp\/v2\/comments?post=46077"}],"version-history":[{"count":3,"href":"https:\/\/www.italyfamilyhotels.it\/fr\/wp-json\/wp\/v2\/pages\/46077\/revisions"}],"predecessor-version":[{"id":48794,"href":"https:\/\/www.italyfamilyhotels.it\/fr\/wp-json\/wp\/v2\/pages\/46077\/revisions\/48794"}],"up":[{"embeddable":true,"href":"https:\/\/www.italyfamilyhotels.it\/fr\/wp-json\/wp\/v2\/pages\/29729"}],"wp:attachment":[{"href":"https:\/\/www.italyfamilyhotels.it\/fr\/wp-json\/wp\/v2\/media?parent=46077"}],"curies":[{"name":"wp","href":"https:\/\/api.w.org\/{rel}","templated":true}]}}