{"id":46047,"date":"2023-02-14T09:05:48","date_gmt":"2023-02-14T08:05:48","guid":{"rendered":"https:\/\/www.italyfamilyhotels.it\/hotels\/hotel-abacus"},"modified":"2023-02-14T09:06:30","modified_gmt":"2023-02-14T08:06:30","slug":"hotel-abacus","status":"publish","type":"page","link":"https:\/\/www.italyfamilyhotels.it\/fr\/hotels\/hotel-abacus","title":{"rendered":"H\u00f4tel Abacus"},"content":{"rendered":"\n<p>Mer, soleil, divertissement pour les enfants et d\u00e9tente pour les parents\u00a0: c\u2019est avec ces ingr\u00e9dients parfaits pour garantir de belles vacances en famille que nous vous accueillons \u00e0 l\u2019<b>H\u00f4tel Abacus \u00e0 Valverde de Cesenatico<\/b>\u00a0! Nous nous trouvons \u00e0 <b>100 m\u00e8tres de la mer <\/b>et \u00e0 250 m\u00e8tres de l&#8217;\u00e9tablissement partenaire, avec <b>service de plage toujours inclus<\/b> dans la formule All Inclusive, o\u00f9 notre <b>\u00e9quipe d&#8217;animation s&#8217;occupe des enfants avec des jeux collectifs et des tournois<\/b>. Vous pourrez ainsi vous allonger tranquillement dans votre transat, vous essayer \u00e0 une partie de beach-volley ou encore vous promener sur le rivage.<\/p>\n\n\n\n<p>Vous pr\u00e9f\u00e9rez la <b>piscine <\/b>\u00e0 la plage\u00a0? Tr\u00e8s bien, alors nous vous attendons pour un plongeon dans notre <b>piscine avec jacuzzi, \u00e9galement \u00e9quip\u00e9e d&#8217;un \u00ab\u00a0espace mini\u00a0\u00bb<\/b> o\u00f9 les enfants peuvent jouer en toute s\u00e9curit\u00e9. Et oui, ici vous trouverez tout ce dont vous avez besoin pour que les petits s&#8217;amusent, et notamment une <b>aire de jeux ext\u00e9rieure<\/b>, une <b>Baby Room<\/b> color\u00e9e, des <b>activit\u00e9s au Mini et Junior Club<\/b>.<\/p>\n\n\n\n<p>Nous travaillons dur chaque jour pour que les vacances des parents soient faciles et belles, notamment gr\u00e2ce \u00e0 notre <b>formule All Inclusive<\/b> qui comprend de nombreux services dont les<b> boissons aux repas <\/b>et autres <b>boissons non alcoolis\u00e9es<\/b> disponibles \u00e0 notre bar. Vous trouverez toujours un<b> parasol et deux transats <\/b>\u00e0 la plage, une super <b>animation<\/b>, la tr\u00e8s attendue <b>F\u00eate des H\u00f4tes<\/b> dans la piscine et un <b>gourmand go\u00fbter enfant<\/b>.<\/p>\n\n\n\n<p>Si vous voyagez avec de jeunes enfants, nous mettons \u00e0 votre disposition un<b>e petite cuisine o\u00f9 vous pourrez pr\u00e9parer les aliments pour b\u00e9b\u00e9 de fa\u00e7on autonome<\/b>, en plus de la disponibilit\u00e9 de nos Chefs pour cuisiner <b>bouillons et pur\u00e9es de sevrage<\/b>. Vous trouverez \u00e9galement des <b>services pour enfants dans la chambre et la salle \u00e0 manger<\/b>, comme si vous \u00e9tiez chez vous\u00a0!<\/p>\n","protected":false},"excerpt":{"rendered":"<p>Mer, soleil, divertissement pour les enfants et d\u00e9tente pour les parents\u00a0: c\u2019est avec ces ingr\u00e9dients parfaits pour garantir de belles vacances en famille que nous vous accueillons \u00e0 l\u2019H\u00f4tel Abacus \u00e0 Valverde de Cesenatico\u00a0! Nous nous trouvons \u00e0 100 m\u00e8tres de la mer et \u00e0 250 m\u00e8tres de l&#8217;\u00e9tablissement partenaire, avec service de plage toujours &hellip;<\/p>\n","protected":false},"author":1,"featured_media":0,"parent":29729,"menu_order":0,"comment_status":"closed","ping_status":"closed","template":"page-templates\/scheda_hotel.php","meta":{"_acf_changed":false,"inline_featured_image":false,"footnotes":""},"class_list":["post-46047","page","type-page","status-publish","hentry"],"acf":[],"yoast_head":"<!-- This site is optimized with the Yoast SEO plugin v27.1 - https:\/\/yoast.com\/product\/yoast-seo-wordpress\/ -->\n<title>H\u00f4tel Abacus 3 \u00e9toiles, Cesenatico-Valverde<\/title>\n<meta name=\"description\" content=\"Envie de vacances en famille\u00a0? D\u00e9couvrez les offres pour familles de l\u2019H\u00f4tel Abacus \u00e0 Valverde di Cesenatico.\" \/>\n<meta name=\"robots\" content=\"index, follow, max-snippet:-1, max-image-preview:large, max-video-preview:-1\" \/>\n<link rel=\"canonical\" href=\"https:\/\/www.italyfamilyhotels.it\/fr\/hotels\/hotel-abacus\" \/>\n<meta property=\"og:locale\" content=\"fr_FR\" \/>\n<meta property=\"og:type\" content=\"article\" \/>\n<meta property=\"og:title\" content=\"H\u00f4tel Abacus 3 \u00e9toiles, Cesenatico-Valverde\" \/>\n<meta property=\"og:description\" content=\"Envie de vacances en famille\u00a0? D\u00e9couvrez les offres pour familles de l\u2019H\u00f4tel Abacus \u00e0 Valverde di Cesenatico.\" \/>\n<meta property=\"og:url\" content=\"https:\/\/www.italyfamilyhotels.it\/fr\/hotels\/hotel-abacus\" \/>\n<meta property=\"og:site_name\" content=\"Italy Family Hotels\" \/>\n<meta property=\"article:publisher\" content=\"https:\/\/www.facebook.com\/ItalyFamilyHotels\/\" \/>\n<meta property=\"article:modified_time\" content=\"2023-02-14T08:06:30+00:00\" \/>\n<meta name=\"twitter:card\" content=\"summary_large_image\" \/>\n<meta name=\"twitter:label1\" content=\"Dur\u00e9e de lecture estim\u00e9e\" \/>\n\t<meta name=\"twitter:data1\" content=\"2 minutes\" \/>\n<script type=\"application\/ld+json\" class=\"yoast-schema-graph\">{\"@context\":\"https:\/\/schema.org\",\"@graph\":[{\"@type\":\"WebPage\",\"@id\":\"https:\/\/www.italyfamilyhotels.it\/fr\/hotels\/hotel-abacus\",\"url\":\"https:\/\/www.italyfamilyhotels.it\/fr\/hotels\/hotel-abacus\",\"name\":\"H\u00f4tel Abacus 3 \u00e9toiles, Cesenatico-Valverde\",\"isPartOf\":{\"@id\":\"https:\/\/www.italyfamilyhotels.it\/#website\"},\"datePublished\":\"2023-02-14T08:05:48+00:00\",\"dateModified\":\"2023-02-14T08:06:30+00:00\",\"description\":\"Envie de vacances en famille\u00a0? D\u00e9couvrez les offres pour familles de l\u2019H\u00f4tel Abacus \u00e0 Valverde di Cesenatico.\",\"breadcrumb\":{\"@id\":\"https:\/\/www.italyfamilyhotels.it\/fr\/hotels\/hotel-abacus#breadcrumb\"},\"inLanguage\":\"fr-FR\",\"potentialAction\":[{\"@type\":\"ReadAction\",\"target\":[\"https:\/\/www.italyfamilyhotels.it\/fr\/hotels\/hotel-abacus\"]}]},{\"@type\":\"BreadcrumbList\",\"@id\":\"https:\/\/www.italyfamilyhotels.it\/fr\/hotels\/hotel-abacus#breadcrumb\",\"itemListElement\":[{\"@type\":\"ListItem\",\"position\":1,\"name\":\"Home\",\"item\":\"https:\/\/www.italyfamilyhotels.it\/fr\"},{\"@type\":\"ListItem\",\"position\":2,\"name\":\"Family Hotels\",\"item\":\"https:\/\/www.italyfamilyhotels.it\/fr\/hotels\"},{\"@type\":\"ListItem\",\"position\":3,\"name\":\"H\u00f4tel Abacus\"}]},{\"@type\":\"WebSite\",\"@id\":\"https:\/\/www.italyfamilyhotels.it\/#website\",\"url\":\"https:\/\/www.italyfamilyhotels.it\/\",\"name\":\"Italy Family Hotels\",\"description\":\"\",\"potentialAction\":[{\"@type\":\"SearchAction\",\"target\":{\"@type\":\"EntryPoint\",\"urlTemplate\":\"https:\/\/www.italyfamilyhotels.it\/?s={search_term_string}\"},\"query-input\":{\"@type\":\"PropertyValueSpecification\",\"valueRequired\":true,\"valueName\":\"search_term_string\"}}],\"inLanguage\":\"fr-FR\"}]}<\/script>\n<!-- \/ Yoast SEO plugin. -->","yoast_head_json":{"title":"H\u00f4tel Abacus 3 \u00e9toiles, Cesenatico-Valverde","description":"Envie de vacances en famille\u00a0? D\u00e9couvrez les offres pour familles de l\u2019H\u00f4tel Abacus \u00e0 Valverde di Cesenatico.","robots":{"index":"index","follow":"follow","max-snippet":"max-snippet:-1","max-image-preview":"max-image-preview:large","max-video-preview":"max-video-preview:-1"},"canonical":"https:\/\/www.italyfamilyhotels.it\/fr\/hotels\/hotel-abacus","og_locale":"fr_FR","og_type":"article","og_title":"H\u00f4tel Abacus 3 \u00e9toiles, Cesenatico-Valverde","og_description":"Envie de vacances en famille\u00a0? D\u00e9couvrez les offres pour familles de l\u2019H\u00f4tel Abacus \u00e0 Valverde di Cesenatico.","og_url":"https:\/\/www.italyfamilyhotels.it\/fr\/hotels\/hotel-abacus","og_site_name":"Italy Family Hotels","article_publisher":"https:\/\/www.facebook.com\/ItalyFamilyHotels\/","article_modified_time":"2023-02-14T08:06:30+00:00","twitter_card":"summary_large_image","twitter_misc":{"Dur\u00e9e de lecture estim\u00e9e":"2 minutes"},"schema":{"@context":"https:\/\/schema.org","@graph":[{"@type":"WebPage","@id":"https:\/\/www.italyfamilyhotels.it\/fr\/hotels\/hotel-abacus","url":"https:\/\/www.italyfamilyhotels.it\/fr\/hotels\/hotel-abacus","name":"H\u00f4tel Abacus 3 \u00e9toiles, Cesenatico-Valverde","isPartOf":{"@id":"https:\/\/www.italyfamilyhotels.it\/#website"},"datePublished":"2023-02-14T08:05:48+00:00","dateModified":"2023-02-14T08:06:30+00:00","description":"Envie de vacances en famille\u00a0? D\u00e9couvrez les offres pour familles de l\u2019H\u00f4tel Abacus \u00e0 Valverde di Cesenatico.","breadcrumb":{"@id":"https:\/\/www.italyfamilyhotels.it\/fr\/hotels\/hotel-abacus#breadcrumb"},"inLanguage":"fr-FR","potentialAction":[{"@type":"ReadAction","target":["https:\/\/www.italyfamilyhotels.it\/fr\/hotels\/hotel-abacus"]}]},{"@type":"BreadcrumbList","@id":"https:\/\/www.italyfamilyhotels.it\/fr\/hotels\/hotel-abacus#breadcrumb","itemListElement":[{"@type":"ListItem","position":1,"name":"Home","item":"https:\/\/www.italyfamilyhotels.it\/fr"},{"@type":"ListItem","position":2,"name":"Family Hotels","item":"https:\/\/www.italyfamilyhotels.it\/fr\/hotels"},{"@type":"ListItem","position":3,"name":"H\u00f4tel Abacus"}]},{"@type":"WebSite","@id":"https:\/\/www.italyfamilyhotels.it\/#website","url":"https:\/\/www.italyfamilyhotels.it\/","name":"Italy Family Hotels","description":"","potentialAction":[{"@type":"SearchAction","target":{"@type":"EntryPoint","urlTemplate":"https:\/\/www.italyfamilyhotels.it\/?s={search_term_string}"},"query-input":{"@type":"PropertyValueSpecification","valueRequired":true,"valueName":"search_term_string"}}],"inLanguage":"fr-FR"}]}},"_links":{"self":[{"href":"https:\/\/www.italyfamilyhotels.it\/fr\/wp-json\/wp\/v2\/pages\/46047","targetHints":{"allow":["GET"]}}],"collection":[{"href":"https:\/\/www.italyfamilyhotels.it\/fr\/wp-json\/wp\/v2\/pages"}],"about":[{"href":"https:\/\/www.italyfamilyhotels.it\/fr\/wp-json\/wp\/v2\/types\/page"}],"author":[{"embeddable":true,"href":"https:\/\/www.italyfamilyhotels.it\/fr\/wp-json\/wp\/v2\/users\/1"}],"replies":[{"embeddable":true,"href":"https:\/\/www.italyfamilyhotels.it\/fr\/wp-json\/wp\/v2\/comments?post=46047"}],"version-history":[{"count":1,"href":"https:\/\/www.italyfamilyhotels.it\/fr\/wp-json\/wp\/v2\/pages\/46047\/revisions"}],"predecessor-version":[{"id":46048,"href":"https:\/\/www.italyfamilyhotels.it\/fr\/wp-json\/wp\/v2\/pages\/46047\/revisions\/46048"}],"up":[{"embeddable":true,"href":"https:\/\/www.italyfamilyhotels.it\/fr\/wp-json\/wp\/v2\/pages\/29729"}],"wp:attachment":[{"href":"https:\/\/www.italyfamilyhotels.it\/fr\/wp-json\/wp\/v2\/media?parent=46047"}],"curies":[{"name":"wp","href":"https:\/\/api.w.org\/{rel}","templated":true}]}}