{"id":46032,"date":"2023-02-13T13:59:30","date_gmt":"2023-02-13T12:59:30","guid":{"rendered":"https:\/\/www.italyfamilyhotels.it\/hotels\/family-wellness-hotel-belvedere"},"modified":"2025-04-03T14:06:41","modified_gmt":"2025-04-03T12:06:41","slug":"family-wellness-hotel-belvedere","status":"publish","type":"page","link":"https:\/\/www.italyfamilyhotels.it\/fr\/hotels\/family-wellness-hotel-belvedere","title":{"rendered":"Family &#038; Wellness Hotel Belvedere"},"content":{"rendered":"\n<p>\u00ab\u00a0Les vacances en famille rencontrent le bien-\u00eatre\u00a0\u00bb. C\u2019est ainsi que nous aimons d\u00e9finir une exp\u00e9rience au <b>Family &amp; Wellness Hotel Belvedere<\/b>, dans le centre de <b>San Martino di Castrozza<\/b>, d&#8217;o\u00f9 admirer un panorama de r\u00eave sur les Pale di San Martino et les vertes vall\u00e9es des Dolomites. Nous avons une mission, celle de <b>prendre soin de vous et vous faire oublier le quotidien<\/b> d\u00e8s que vous franchissez le seuil de notre <b>h\u00f4tel pour familles<\/b>\u00a0: c&#8217;est nous qui prenons soin de vous et de vos enfants\u00a0!<\/p>\n\n\n\n<p>Au retour d&#8217;une journ\u00e9e de ski ou d&#8217;une excursion sur les magnifiques sentiers du Parc Naturel Pale di San Martino, vous pourrez vous d\u00e9tendre dans le centre de<b> bien-\u00eatre r\u00e9serv\u00e9 \u00e0 toute la famille<\/b>. Vous y trouverez une splendide <b>piscine chauff\u00e9e \u00e0 31\u00b0<\/b> avec jacuzzi, nage \u00e0 contre-courant, geyser et cascade cervicale, ainsi qu\u2019une <b>mini-piscine pour enfants<\/b> avec jeux d&#8217;eau, un espace bien-\u00eatre avec <b>sauna<\/b>, <b>bain turc, douche \u00e9motionnelle<\/b>, un espace d\u00e9tente avec <b>transats et vue sur les Dolomites<\/b>. Un petit luxe magique pour petits et grands.<\/p>\n\n\n\n<p>Nous aimons souvent dire que \u00ab\u00a0le divertissement s&#8217;apprend d\u00e8s le plus jeune \u00e2ge\u00a0\u00bb, c&#8217;est pourquoi nous proposons des activit\u00e9s qui permettent aux enfants de s&#8217;amuser en v\u00e9ritables protagonistes\u00a0! Outre le programme <b>Family Fun propos\u00e9 en \u00e9t\u00e9 comme en hiver<\/b>, vous trouverez \u00e9galement, du lundi au samedi, le<b> Mini-Club de l&#8217;h\u00f4tel<\/b> pour les enfants de 4 \u00e0 12 ans, avec des ateliers et des jeux organis\u00e9s par les animateurs. De plus, les enfants peuvent <b>manger avec les animateurs dans une salle priv\u00e9e<\/b>, pour que vous puissiez d\u00e9guster tranquillement nos plats ou notre <b>d\u00eener typique du Trentin<\/b> que nous organisons chaque semaine.<\/p>\n\n\n\n<p>Nous sommes nous aussi des parents, et nous savons \u00e0 quel point il est important d&#8217;avoir du temps pour se d\u00e9tendre, pendant que les petits s&#8217;amusent en toute s\u00e9curit\u00e9, se font de nouveaux amis et vivent de nouvelles exp\u00e9riences. Et nous savons \u00e9galement qu&#8217;il est fantastique de partir en vacances avec des enfants et de <b>trouver tout ce dont nous avons besoin \u00e0 l&#8217;h\u00f4tel<\/b>. C&#8217;est pourquoi nous mettons \u00e0 votre disposition des<b> services enfants dans la chambre et dans la salle \u00e0 manger<\/b>, des poussettes et sacs \u00e0 dos porte-b\u00e9b\u00e9, ainsi qu\u2019une pratique <b>cuisine dans laquelle pr\u00e9parer les bouillies<\/b>. Voyager l\u00e9ger est la premi\u00e8re \u00e9tape pour profiter de vos vacances\u00a0!<\/p>\n","protected":false},"excerpt":{"rendered":"<p>\u00ab\u00a0Les vacances en famille rencontrent le bien-\u00eatre\u00a0\u00bb. C\u2019est ainsi que nous aimons d\u00e9finir une exp\u00e9rience au Family &amp; Wellness Hotel Belvedere, dans le centre de San Martino di Castrozza, d&#8217;o\u00f9 admirer un panorama de r\u00eave sur les Pale di San Martino et les vertes vall\u00e9es des Dolomites. Nous avons une mission, celle de prendre soin &hellip;<\/p>\n","protected":false},"author":1,"featured_media":0,"parent":29729,"menu_order":0,"comment_status":"closed","ping_status":"closed","template":"page-templates\/scheda_hotel.php","meta":{"_acf_changed":false,"inline_featured_image":false,"footnotes":""},"class_list":["post-46032","page","type-page","status-publish","hentry"],"acf":[],"yoast_head":"<!-- This site is optimized with the Yoast SEO plugin v27.1 - https:\/\/yoast.com\/product\/yoast-seo-wordpress\/ -->\n<title>Family &amp; Wellness Hotel Belvedere, San Martino di Castrozza<\/title>\n<meta name=\"description\" content=\"Envie de vacances en famille\u00a0? D\u00e9couvrez les offres pour familles du Family &amp; Wellness Hotel Belvedere \u00e0 San Martino di Castrozza\u00a0!\" \/>\n<meta name=\"robots\" content=\"index, follow, max-snippet:-1, max-image-preview:large, max-video-preview:-1\" \/>\n<link rel=\"canonical\" href=\"https:\/\/www.italyfamilyhotels.it\/fr\/hotels\/family-wellness-hotel-belvedere\" \/>\n<meta property=\"og:locale\" content=\"fr_FR\" \/>\n<meta property=\"og:type\" content=\"article\" \/>\n<meta property=\"og:title\" content=\"Family &amp; Wellness Hotel Belvedere, San Martino di Castrozza\" \/>\n<meta property=\"og:description\" content=\"Envie de vacances en famille\u00a0? D\u00e9couvrez les offres pour familles du Family &amp; Wellness Hotel Belvedere \u00e0 San Martino di Castrozza\u00a0!\" \/>\n<meta property=\"og:url\" content=\"https:\/\/www.italyfamilyhotels.it\/fr\/hotels\/family-wellness-hotel-belvedere\" \/>\n<meta property=\"og:site_name\" content=\"Italy Family Hotels\" \/>\n<meta property=\"article:publisher\" content=\"https:\/\/www.facebook.com\/ItalyFamilyHotels\/\" \/>\n<meta property=\"article:modified_time\" content=\"2025-04-03T12:06:41+00:00\" \/>\n<meta name=\"twitter:card\" content=\"summary_large_image\" \/>\n<meta name=\"twitter:label1\" content=\"Dur\u00e9e de lecture estim\u00e9e\" \/>\n\t<meta name=\"twitter:data1\" content=\"2 minutes\" \/>\n<script type=\"application\/ld+json\" class=\"yoast-schema-graph\">{\"@context\":\"https:\/\/schema.org\",\"@graph\":[{\"@type\":\"WebPage\",\"@id\":\"https:\/\/www.italyfamilyhotels.it\/fr\/hotels\/family-wellness-hotel-belvedere\",\"url\":\"https:\/\/www.italyfamilyhotels.it\/fr\/hotels\/family-wellness-hotel-belvedere\",\"name\":\"Family & Wellness Hotel Belvedere, San Martino di Castrozza\",\"isPartOf\":{\"@id\":\"https:\/\/www.italyfamilyhotels.it\/#website\"},\"datePublished\":\"2023-02-13T12:59:30+00:00\",\"dateModified\":\"2025-04-03T12:06:41+00:00\",\"description\":\"Envie de vacances en famille\u00a0? D\u00e9couvrez les offres pour familles du Family & Wellness Hotel Belvedere \u00e0 San Martino di Castrozza\u00a0!\",\"breadcrumb\":{\"@id\":\"https:\/\/www.italyfamilyhotels.it\/fr\/hotels\/family-wellness-hotel-belvedere#breadcrumb\"},\"inLanguage\":\"fr-FR\",\"potentialAction\":[{\"@type\":\"ReadAction\",\"target\":[\"https:\/\/www.italyfamilyhotels.it\/fr\/hotels\/family-wellness-hotel-belvedere\"]}]},{\"@type\":\"BreadcrumbList\",\"@id\":\"https:\/\/www.italyfamilyhotels.it\/fr\/hotels\/family-wellness-hotel-belvedere#breadcrumb\",\"itemListElement\":[{\"@type\":\"ListItem\",\"position\":1,\"name\":\"Home\",\"item\":\"https:\/\/www.italyfamilyhotels.it\/fr\"},{\"@type\":\"ListItem\",\"position\":2,\"name\":\"Family Hotels\",\"item\":\"https:\/\/www.italyfamilyhotels.it\/fr\/hotels\"},{\"@type\":\"ListItem\",\"position\":3,\"name\":\"Family &#038; Wellness Hotel Belvedere\"}]},{\"@type\":\"WebSite\",\"@id\":\"https:\/\/www.italyfamilyhotels.it\/#website\",\"url\":\"https:\/\/www.italyfamilyhotels.it\/\",\"name\":\"Italy Family Hotels\",\"description\":\"\",\"potentialAction\":[{\"@type\":\"SearchAction\",\"target\":{\"@type\":\"EntryPoint\",\"urlTemplate\":\"https:\/\/www.italyfamilyhotels.it\/?s={search_term_string}\"},\"query-input\":{\"@type\":\"PropertyValueSpecification\",\"valueRequired\":true,\"valueName\":\"search_term_string\"}}],\"inLanguage\":\"fr-FR\"}]}<\/script>\n<!-- \/ Yoast SEO plugin. -->","yoast_head_json":{"title":"Family & Wellness Hotel Belvedere, San Martino di Castrozza","description":"Envie de vacances en famille\u00a0? D\u00e9couvrez les offres pour familles du Family & Wellness Hotel Belvedere \u00e0 San Martino di Castrozza\u00a0!","robots":{"index":"index","follow":"follow","max-snippet":"max-snippet:-1","max-image-preview":"max-image-preview:large","max-video-preview":"max-video-preview:-1"},"canonical":"https:\/\/www.italyfamilyhotels.it\/fr\/hotels\/family-wellness-hotel-belvedere","og_locale":"fr_FR","og_type":"article","og_title":"Family & Wellness Hotel Belvedere, San Martino di Castrozza","og_description":"Envie de vacances en famille\u00a0? D\u00e9couvrez les offres pour familles du Family & Wellness Hotel Belvedere \u00e0 San Martino di Castrozza\u00a0!","og_url":"https:\/\/www.italyfamilyhotels.it\/fr\/hotels\/family-wellness-hotel-belvedere","og_site_name":"Italy Family Hotels","article_publisher":"https:\/\/www.facebook.com\/ItalyFamilyHotels\/","article_modified_time":"2025-04-03T12:06:41+00:00","twitter_card":"summary_large_image","twitter_misc":{"Dur\u00e9e de lecture estim\u00e9e":"2 minutes"},"schema":{"@context":"https:\/\/schema.org","@graph":[{"@type":"WebPage","@id":"https:\/\/www.italyfamilyhotels.it\/fr\/hotels\/family-wellness-hotel-belvedere","url":"https:\/\/www.italyfamilyhotels.it\/fr\/hotels\/family-wellness-hotel-belvedere","name":"Family & Wellness Hotel Belvedere, San Martino di Castrozza","isPartOf":{"@id":"https:\/\/www.italyfamilyhotels.it\/#website"},"datePublished":"2023-02-13T12:59:30+00:00","dateModified":"2025-04-03T12:06:41+00:00","description":"Envie de vacances en famille\u00a0? D\u00e9couvrez les offres pour familles du Family & Wellness Hotel Belvedere \u00e0 San Martino di Castrozza\u00a0!","breadcrumb":{"@id":"https:\/\/www.italyfamilyhotels.it\/fr\/hotels\/family-wellness-hotel-belvedere#breadcrumb"},"inLanguage":"fr-FR","potentialAction":[{"@type":"ReadAction","target":["https:\/\/www.italyfamilyhotels.it\/fr\/hotels\/family-wellness-hotel-belvedere"]}]},{"@type":"BreadcrumbList","@id":"https:\/\/www.italyfamilyhotels.it\/fr\/hotels\/family-wellness-hotel-belvedere#breadcrumb","itemListElement":[{"@type":"ListItem","position":1,"name":"Home","item":"https:\/\/www.italyfamilyhotels.it\/fr"},{"@type":"ListItem","position":2,"name":"Family Hotels","item":"https:\/\/www.italyfamilyhotels.it\/fr\/hotels"},{"@type":"ListItem","position":3,"name":"Family &#038; Wellness Hotel Belvedere"}]},{"@type":"WebSite","@id":"https:\/\/www.italyfamilyhotels.it\/#website","url":"https:\/\/www.italyfamilyhotels.it\/","name":"Italy Family Hotels","description":"","potentialAction":[{"@type":"SearchAction","target":{"@type":"EntryPoint","urlTemplate":"https:\/\/www.italyfamilyhotels.it\/?s={search_term_string}"},"query-input":{"@type":"PropertyValueSpecification","valueRequired":true,"valueName":"search_term_string"}}],"inLanguage":"fr-FR"}]}},"_links":{"self":[{"href":"https:\/\/www.italyfamilyhotels.it\/fr\/wp-json\/wp\/v2\/pages\/46032","targetHints":{"allow":["GET"]}}],"collection":[{"href":"https:\/\/www.italyfamilyhotels.it\/fr\/wp-json\/wp\/v2\/pages"}],"about":[{"href":"https:\/\/www.italyfamilyhotels.it\/fr\/wp-json\/wp\/v2\/types\/page"}],"author":[{"embeddable":true,"href":"https:\/\/www.italyfamilyhotels.it\/fr\/wp-json\/wp\/v2\/users\/1"}],"replies":[{"embeddable":true,"href":"https:\/\/www.italyfamilyhotels.it\/fr\/wp-json\/wp\/v2\/comments?post=46032"}],"version-history":[{"count":2,"href":"https:\/\/www.italyfamilyhotels.it\/fr\/wp-json\/wp\/v2\/pages\/46032\/revisions"}],"predecessor-version":[{"id":68306,"href":"https:\/\/www.italyfamilyhotels.it\/fr\/wp-json\/wp\/v2\/pages\/46032\/revisions\/68306"}],"up":[{"embeddable":true,"href":"https:\/\/www.italyfamilyhotels.it\/fr\/wp-json\/wp\/v2\/pages\/29729"}],"wp:attachment":[{"href":"https:\/\/www.italyfamilyhotels.it\/fr\/wp-json\/wp\/v2\/media?parent=46032"}],"curies":[{"name":"wp","href":"https:\/\/api.w.org\/{rel}","templated":true}]}}