{"id":46001,"date":"2023-02-13T13:05:20","date_gmt":"2023-02-13T12:05:20","guid":{"rendered":"https:\/\/www.italyfamilyhotels.it\/hotels\/hotel-atlantic"},"modified":"2023-02-13T13:05:55","modified_gmt":"2023-02-13T12:05:55","slug":"hotel-atlantic","status":"publish","type":"page","link":"https:\/\/www.italyfamilyhotels.it\/fr\/hotels\/hotel-atlantic","title":{"rendered":"H\u00f4tel Atlantic ****"},"content":{"rendered":"\n<p>Nous sommes sur le front de mer de Lignano Sabbiadoro, dans un lieu magnifique <b>en bord de mer<\/b>. Nous vous accueillons vous et vos enfants \u00e0 l\u2019<b>H\u00f4tel Atlantic<\/b> pour des vacances en famille qui prennent ici les nuances de l&#8217;Adriatique, dans la douceur d&#8217;une d\u00e9tente bien m\u00e9rit\u00e9e. L&#8217;h\u00f4tel est entour\u00e9 d\u2019un magnifique <b>jardin<\/b>, avec <b>3 piscines chauff\u00e9es<\/b> &#8211; pour adultes, pour enfants et un jacuzzi &#8211; depuis lesquelles admirer la mer. Et nous organisons \u00e9galement des <b>cours de natation pour les plus petits<\/b>\u00a0! Vous pr\u00e9f\u00e9rez vous d\u00e9tendre sur la <b>plage priv\u00e9e<\/b>\u00a0? Vous n\u2019aurez qu\u2019\u00e0 traverser la promenade du front de mer, tremper les pieds dans le sable et vous languir sur votre transat pendant que les enfants s\u2019amusent en toute s\u00e9curit\u00e9 <b>avec les animateurs<\/b>.<\/p>\n\n\n\n<p>Si vous aimez enrichir vos vacances de sports nautiques, de golf ou de cyclotourisme, <b>confiez-nous vos petits<\/b> et profitez d&#8217;une journ\u00e9e de loisirs sans soucis. Le <b>Mini Club de 3 ans \u00e0 12 ans<\/b> est un v\u00e9ritable concentr\u00e9 de plaisir, de cr\u00e9ativit\u00e9 et de joie, gr\u00e2ce \u00e0 <b>activit\u00e9s r\u00e9cr\u00e9atives organis\u00e9es tout au long de la journ\u00e9e<\/b>. Nous mettons \u00e9galement \u00e0 votre disposition des poussettes, des v\u00e9los pour les plus petits et des v\u00e9los avec si\u00e8ges enfants de diff\u00e9rentes tailles, pour permettre aux familles de partager les visites, les balades et autres d\u00e9couvertes.<\/p>\n\n\n\n<p>Nous savons que voyager avec des enfants demande beaucoup d&#8217;efforts, mais ici, \u00e0 l&#8217;H\u00f4tel Atlantic, vous n&#8217;avez \u00e0 vous soucier de rien. Nous fournissons notre<b> kit b\u00e9b\u00e9 directement dans la chambre et dans la salle de restaurant<\/b> avec <b>nourriture pour b\u00e9b\u00e9s <\/b>et <b>bouillons <\/b>fra\u00eechement pr\u00e9par\u00e9s pour le d\u00e9jeuner et le d\u00eener, un <b>menu <\/b>authentique, le <b>go\u00fbter<\/b> et m\u00eame des services sp\u00e9ciaux tels que des <b>couches de natation<\/b>, des <b>casques <\/b>pour v\u00e9lo, de la <b>lessive <\/b>pour les v\u00eatements d\u2019enfants et la possibilit\u00e9 de contacter un <b>p\u00e9diatre <\/b>de confiance, le cas \u00e9ch\u00e9ant. D\u00e9tendez-vous, nous prenons soin de votre famille\u00a0!<\/p>\n","protected":false},"excerpt":{"rendered":"<p>Nous sommes sur le front de mer de Lignano Sabbiadoro, dans un lieu magnifique en bord de mer. Nous vous accueillons vous et vos enfants \u00e0 l\u2019H\u00f4tel Atlantic pour des vacances en famille qui prennent ici les nuances de l&#8217;Adriatique, dans la douceur d&#8217;une d\u00e9tente bien m\u00e9rit\u00e9e. L&#8217;h\u00f4tel est entour\u00e9 d\u2019un magnifique jardin, avec 3 &hellip;<\/p>\n","protected":false},"author":1,"featured_media":0,"parent":29729,"menu_order":0,"comment_status":"closed","ping_status":"closed","template":"page-templates\/scheda_hotel.php","meta":{"_acf_changed":false,"inline_featured_image":false,"footnotes":""},"class_list":["post-46001","page","type-page","status-publish","hentry"],"acf":[],"yoast_head":"<!-- This site is optimized with the Yoast SEO plugin v27.1 - https:\/\/yoast.com\/product\/yoast-seo-wordpress\/ -->\n<title>H\u00f4tel Atlantic, h\u00f4tel 4 \u00e9toiles, Lignano Sabbiadoro<\/title>\n<meta name=\"description\" content=\"Envie de vacances en famille\u00a0? D\u00e9couvrez les offres pour familles de l\u2019H\u00f4tel Atlantic de Lignano Sabbiadoro\" \/>\n<meta name=\"robots\" content=\"index, follow, max-snippet:-1, max-image-preview:large, max-video-preview:-1\" \/>\n<link rel=\"canonical\" href=\"https:\/\/www.italyfamilyhotels.it\/fr\/hotels\/hotel-atlantic\" \/>\n<meta property=\"og:locale\" content=\"fr_FR\" \/>\n<meta property=\"og:type\" content=\"article\" \/>\n<meta property=\"og:title\" content=\"H\u00f4tel Atlantic, h\u00f4tel 4 \u00e9toiles, Lignano Sabbiadoro\" \/>\n<meta property=\"og:description\" content=\"Envie de vacances en famille\u00a0? D\u00e9couvrez les offres pour familles de l\u2019H\u00f4tel Atlantic de Lignano Sabbiadoro\" \/>\n<meta property=\"og:url\" content=\"https:\/\/www.italyfamilyhotels.it\/fr\/hotels\/hotel-atlantic\" \/>\n<meta property=\"og:site_name\" content=\"Italy Family Hotels\" \/>\n<meta property=\"article:publisher\" content=\"https:\/\/www.facebook.com\/ItalyFamilyHotels\/\" \/>\n<meta property=\"article:modified_time\" content=\"2023-02-13T12:05:55+00:00\" \/>\n<meta name=\"twitter:card\" content=\"summary_large_image\" \/>\n<meta name=\"twitter:label1\" content=\"Dur\u00e9e de lecture estim\u00e9e\" \/>\n\t<meta name=\"twitter:data1\" content=\"2 minutes\" \/>\n<script type=\"application\/ld+json\" class=\"yoast-schema-graph\">{\"@context\":\"https:\/\/schema.org\",\"@graph\":[{\"@type\":\"WebPage\",\"@id\":\"https:\/\/www.italyfamilyhotels.it\/fr\/hotels\/hotel-atlantic\",\"url\":\"https:\/\/www.italyfamilyhotels.it\/fr\/hotels\/hotel-atlantic\",\"name\":\"H\u00f4tel Atlantic, h\u00f4tel 4 \u00e9toiles, Lignano Sabbiadoro\",\"isPartOf\":{\"@id\":\"https:\/\/www.italyfamilyhotels.it\/#website\"},\"datePublished\":\"2023-02-13T12:05:20+00:00\",\"dateModified\":\"2023-02-13T12:05:55+00:00\",\"description\":\"Envie de vacances en famille\u00a0? D\u00e9couvrez les offres pour familles de l\u2019H\u00f4tel Atlantic de Lignano Sabbiadoro\",\"breadcrumb\":{\"@id\":\"https:\/\/www.italyfamilyhotels.it\/fr\/hotels\/hotel-atlantic#breadcrumb\"},\"inLanguage\":\"fr-FR\",\"potentialAction\":[{\"@type\":\"ReadAction\",\"target\":[\"https:\/\/www.italyfamilyhotels.it\/fr\/hotels\/hotel-atlantic\"]}]},{\"@type\":\"BreadcrumbList\",\"@id\":\"https:\/\/www.italyfamilyhotels.it\/fr\/hotels\/hotel-atlantic#breadcrumb\",\"itemListElement\":[{\"@type\":\"ListItem\",\"position\":1,\"name\":\"Home\",\"item\":\"https:\/\/www.italyfamilyhotels.it\/fr\"},{\"@type\":\"ListItem\",\"position\":2,\"name\":\"Family Hotels\",\"item\":\"https:\/\/www.italyfamilyhotels.it\/fr\/hotels\"},{\"@type\":\"ListItem\",\"position\":3,\"name\":\"H\u00f4tel Atlantic ****\"}]},{\"@type\":\"WebSite\",\"@id\":\"https:\/\/www.italyfamilyhotels.it\/#website\",\"url\":\"https:\/\/www.italyfamilyhotels.it\/\",\"name\":\"Italy Family Hotels\",\"description\":\"\",\"potentialAction\":[{\"@type\":\"SearchAction\",\"target\":{\"@type\":\"EntryPoint\",\"urlTemplate\":\"https:\/\/www.italyfamilyhotels.it\/?s={search_term_string}\"},\"query-input\":{\"@type\":\"PropertyValueSpecification\",\"valueRequired\":true,\"valueName\":\"search_term_string\"}}],\"inLanguage\":\"fr-FR\"}]}<\/script>\n<!-- \/ Yoast SEO plugin. -->","yoast_head_json":{"title":"H\u00f4tel Atlantic, h\u00f4tel 4 \u00e9toiles, Lignano Sabbiadoro","description":"Envie de vacances en famille\u00a0? D\u00e9couvrez les offres pour familles de l\u2019H\u00f4tel Atlantic de Lignano Sabbiadoro","robots":{"index":"index","follow":"follow","max-snippet":"max-snippet:-1","max-image-preview":"max-image-preview:large","max-video-preview":"max-video-preview:-1"},"canonical":"https:\/\/www.italyfamilyhotels.it\/fr\/hotels\/hotel-atlantic","og_locale":"fr_FR","og_type":"article","og_title":"H\u00f4tel Atlantic, h\u00f4tel 4 \u00e9toiles, Lignano Sabbiadoro","og_description":"Envie de vacances en famille\u00a0? D\u00e9couvrez les offres pour familles de l\u2019H\u00f4tel Atlantic de Lignano Sabbiadoro","og_url":"https:\/\/www.italyfamilyhotels.it\/fr\/hotels\/hotel-atlantic","og_site_name":"Italy Family Hotels","article_publisher":"https:\/\/www.facebook.com\/ItalyFamilyHotels\/","article_modified_time":"2023-02-13T12:05:55+00:00","twitter_card":"summary_large_image","twitter_misc":{"Dur\u00e9e de lecture estim\u00e9e":"2 minutes"},"schema":{"@context":"https:\/\/schema.org","@graph":[{"@type":"WebPage","@id":"https:\/\/www.italyfamilyhotels.it\/fr\/hotels\/hotel-atlantic","url":"https:\/\/www.italyfamilyhotels.it\/fr\/hotels\/hotel-atlantic","name":"H\u00f4tel Atlantic, h\u00f4tel 4 \u00e9toiles, Lignano Sabbiadoro","isPartOf":{"@id":"https:\/\/www.italyfamilyhotels.it\/#website"},"datePublished":"2023-02-13T12:05:20+00:00","dateModified":"2023-02-13T12:05:55+00:00","description":"Envie de vacances en famille\u00a0? D\u00e9couvrez les offres pour familles de l\u2019H\u00f4tel Atlantic de Lignano Sabbiadoro","breadcrumb":{"@id":"https:\/\/www.italyfamilyhotels.it\/fr\/hotels\/hotel-atlantic#breadcrumb"},"inLanguage":"fr-FR","potentialAction":[{"@type":"ReadAction","target":["https:\/\/www.italyfamilyhotels.it\/fr\/hotels\/hotel-atlantic"]}]},{"@type":"BreadcrumbList","@id":"https:\/\/www.italyfamilyhotels.it\/fr\/hotels\/hotel-atlantic#breadcrumb","itemListElement":[{"@type":"ListItem","position":1,"name":"Home","item":"https:\/\/www.italyfamilyhotels.it\/fr"},{"@type":"ListItem","position":2,"name":"Family Hotels","item":"https:\/\/www.italyfamilyhotels.it\/fr\/hotels"},{"@type":"ListItem","position":3,"name":"H\u00f4tel Atlantic ****"}]},{"@type":"WebSite","@id":"https:\/\/www.italyfamilyhotels.it\/#website","url":"https:\/\/www.italyfamilyhotels.it\/","name":"Italy Family Hotels","description":"","potentialAction":[{"@type":"SearchAction","target":{"@type":"EntryPoint","urlTemplate":"https:\/\/www.italyfamilyhotels.it\/?s={search_term_string}"},"query-input":{"@type":"PropertyValueSpecification","valueRequired":true,"valueName":"search_term_string"}}],"inLanguage":"fr-FR"}]}},"_links":{"self":[{"href":"https:\/\/www.italyfamilyhotels.it\/fr\/wp-json\/wp\/v2\/pages\/46001","targetHints":{"allow":["GET"]}}],"collection":[{"href":"https:\/\/www.italyfamilyhotels.it\/fr\/wp-json\/wp\/v2\/pages"}],"about":[{"href":"https:\/\/www.italyfamilyhotels.it\/fr\/wp-json\/wp\/v2\/types\/page"}],"author":[{"embeddable":true,"href":"https:\/\/www.italyfamilyhotels.it\/fr\/wp-json\/wp\/v2\/users\/1"}],"replies":[{"embeddable":true,"href":"https:\/\/www.italyfamilyhotels.it\/fr\/wp-json\/wp\/v2\/comments?post=46001"}],"version-history":[{"count":1,"href":"https:\/\/www.italyfamilyhotels.it\/fr\/wp-json\/wp\/v2\/pages\/46001\/revisions"}],"predecessor-version":[{"id":46002,"href":"https:\/\/www.italyfamilyhotels.it\/fr\/wp-json\/wp\/v2\/pages\/46001\/revisions\/46002"}],"up":[{"embeddable":true,"href":"https:\/\/www.italyfamilyhotels.it\/fr\/wp-json\/wp\/v2\/pages\/29729"}],"wp:attachment":[{"href":"https:\/\/www.italyfamilyhotels.it\/fr\/wp-json\/wp\/v2\/media?parent=46001"}],"curies":[{"name":"wp","href":"https:\/\/api.w.org\/{rel}","templated":true}]}}