{"id":45989,"date":"2023-02-13T13:01:18","date_gmt":"2023-02-13T12:01:18","guid":{"rendered":"https:\/\/www.italyfamilyhotels.it\/destinations\/riviera-romagnole\/cervia"},"modified":"2023-02-13T13:01:30","modified_gmt":"2023-02-13T12:01:30","slug":"cervia","status":"publish","type":"page","link":"https:\/\/www.italyfamilyhotels.it\/fr\/destinations\/riviera-romagnole\/cervia","title":{"rendered":"Cervia"},"content":{"rendered":"\n<p><b>Cervia <\/b>est un village de p\u00eacheurs color\u00e9 et anim\u00e9, o\u00f9 fl\u00e2ner parmi les reflets des maisons color\u00e9es qui surplombent le canal et les jolis caf\u00e9s. Cette ville de la Riviera Romagnole est c\u00e9l\u00e8bre pour ses splendides <b>plages \u00e9quip\u00e9es<\/b>, caract\u00e9ris\u00e9es par du sable fin, des eaux peu profondes et des services pour les familles.<\/p>\n\n\n\n<p>Pour des <b>vacances m\u00e9morables \u00e0 Cervia avec des enfants<\/b>, ne manquez pas une visite au <b>\u00ab\u00a0MUSA-Mus\u00e9e du Sel\u00a0\u00bb<\/b>, avec une exposition riche et int\u00e9ressante consacr\u00e9e \u00e0 l&#8217;or blanc de Cervia, \u00e0 savoir le sel doux encore extrait aujourd&#8217;hui dans les salines voisines. Le <b>Parco della Salina<\/b> est une zone de 827 hectares o\u00f9 non seulement observer diverses esp\u00e8ces d&#8217;oiseaux, dont des flamants roses, mais o\u00f9 vivre de nombreuses <b>exp\u00e9riences familiales<\/b>, comme la randonn\u00e9e et le v\u00e9lo le long des berges, ou encore des excursions en bateau, \u00e9galement au coucher du soleil ou sous les \u00e9toiles.<\/p>\n\n\n\n<p>\u00c0 Cervia, il est possible de faire des <b>activit\u00e9s en contact avec la nature<\/b> comme par exemple de splendides promenades dans la pin\u00e8de du <b>Parc naturel de Cervia<\/b>, de s\u2019amuser en parcourant les chemins suspendus de <b>CerviAvventura <\/b>ou de visiter la <b>Casa delle Farfalle<\/b> (Maison des papillons) situ\u00e9e \u00e0 seulement 5 minutes en voiture du centre, et o\u00f9 s\u2019\u00e9merveiller en admirant les splendides papillons du monde entier\u00a0!<\/p>\n","protected":false},"excerpt":{"rendered":"<p>Cervia est un village de p\u00eacheurs color\u00e9 et anim\u00e9, o\u00f9 fl\u00e2ner parmi les reflets des maisons color\u00e9es qui surplombent le canal et les jolis caf\u00e9s. Cette ville de la Riviera Romagnole est c\u00e9l\u00e8bre pour ses splendides plages \u00e9quip\u00e9es, caract\u00e9ris\u00e9es par du sable fin, des eaux peu profondes et des services pour les familles. Pour des &hellip;<\/p>\n","protected":false},"author":167,"featured_media":0,"parent":43555,"menu_order":0,"comment_status":"closed","ping_status":"closed","template":"page-templates\/scheda_localita.php","meta":{"_acf_changed":false,"inline_featured_image":false,"footnotes":""},"class_list":["post-45989","page","type-page","status-publish","hentry"],"acf":[],"yoast_head":"<!-- This site is optimized with the Yoast SEO plugin v27.1 - https:\/\/yoast.com\/product\/yoast-seo-wordpress\/ -->\n<title>H\u00f4tels pour familles \u00e0 Cervia\u00a0: les meilleurs Family Hotel \u00e0 Cervia<\/title>\n<meta name=\"description\" content=\"Envie de vacances en famille\u00a0? Nous avons s\u00e9lectionn\u00e9 les meilleurs Family Hotel \u00e0 Cervia\u00a0!\" \/>\n<meta name=\"robots\" content=\"index, follow, max-snippet:-1, max-image-preview:large, max-video-preview:-1\" \/>\n<link rel=\"canonical\" href=\"https:\/\/www.italyfamilyhotels.it\/fr\/destinations\/riviera-romagnole\/cervia\" \/>\n<meta property=\"og:locale\" content=\"fr_FR\" \/>\n<meta property=\"og:type\" content=\"article\" \/>\n<meta property=\"og:title\" content=\"H\u00f4tels pour familles \u00e0 Cervia\u00a0: les meilleurs Family Hotel \u00e0 Cervia\" \/>\n<meta property=\"og:description\" content=\"Envie de vacances en famille\u00a0? Nous avons s\u00e9lectionn\u00e9 les meilleurs Family Hotel \u00e0 Cervia\u00a0!\" \/>\n<meta property=\"og:url\" content=\"https:\/\/www.italyfamilyhotels.it\/fr\/destinations\/riviera-romagnole\/cervia\" \/>\n<meta property=\"og:site_name\" content=\"Italy Family Hotels\" \/>\n<meta property=\"article:publisher\" content=\"https:\/\/www.facebook.com\/ItalyFamilyHotels\/\" \/>\n<meta property=\"article:modified_time\" content=\"2023-02-13T12:01:30+00:00\" \/>\n<meta name=\"twitter:card\" content=\"summary_large_image\" \/>\n<meta name=\"twitter:label1\" content=\"Dur\u00e9e de lecture estim\u00e9e\" \/>\n\t<meta name=\"twitter:data1\" content=\"1 minute\" \/>\n<script type=\"application\/ld+json\" class=\"yoast-schema-graph\">{\"@context\":\"https:\/\/schema.org\",\"@graph\":[{\"@type\":\"WebPage\",\"@id\":\"https:\/\/www.italyfamilyhotels.it\/fr\/destinations\/riviera-romagnole\/cervia\",\"url\":\"https:\/\/www.italyfamilyhotels.it\/fr\/destinations\/riviera-romagnole\/cervia\",\"name\":\"H\u00f4tels pour familles \u00e0 Cervia\u00a0: les meilleurs Family Hotel \u00e0 Cervia\",\"isPartOf\":{\"@id\":\"https:\/\/www.italyfamilyhotels.it\/#website\"},\"datePublished\":\"2023-02-13T12:01:18+00:00\",\"dateModified\":\"2023-02-13T12:01:30+00:00\",\"description\":\"Envie de vacances en famille\u00a0? Nous avons s\u00e9lectionn\u00e9 les meilleurs Family Hotel \u00e0 Cervia\u00a0!\",\"breadcrumb\":{\"@id\":\"https:\/\/www.italyfamilyhotels.it\/fr\/destinations\/riviera-romagnole\/cervia#breadcrumb\"},\"inLanguage\":\"fr-FR\",\"potentialAction\":[{\"@type\":\"ReadAction\",\"target\":[\"https:\/\/www.italyfamilyhotels.it\/fr\/destinations\/riviera-romagnole\/cervia\"]}]},{\"@type\":\"BreadcrumbList\",\"@id\":\"https:\/\/www.italyfamilyhotels.it\/fr\/destinations\/riviera-romagnole\/cervia#breadcrumb\",\"itemListElement\":[{\"@type\":\"ListItem\",\"position\":1,\"name\":\"Home\",\"item\":\"https:\/\/www.italyfamilyhotels.it\/fr\"},{\"@type\":\"ListItem\",\"position\":2,\"name\":\"Destinations\",\"item\":\"https:\/\/www.italyfamilyhotels.it\/fr\/destinations\"},{\"@type\":\"ListItem\",\"position\":3,\"name\":\"Riviera Romagnole\",\"item\":\"https:\/\/www.italyfamilyhotels.it\/fr\/destinations\/riviera-romagnole\"},{\"@type\":\"ListItem\",\"position\":4,\"name\":\"Cervia\"}]},{\"@type\":\"WebSite\",\"@id\":\"https:\/\/www.italyfamilyhotels.it\/#website\",\"url\":\"https:\/\/www.italyfamilyhotels.it\/\",\"name\":\"Italy Family Hotels\",\"description\":\"\",\"potentialAction\":[{\"@type\":\"SearchAction\",\"target\":{\"@type\":\"EntryPoint\",\"urlTemplate\":\"https:\/\/www.italyfamilyhotels.it\/?s={search_term_string}\"},\"query-input\":{\"@type\":\"PropertyValueSpecification\",\"valueRequired\":true,\"valueName\":\"search_term_string\"}}],\"inLanguage\":\"fr-FR\"}]}<\/script>\n<!-- \/ Yoast SEO plugin. -->","yoast_head_json":{"title":"H\u00f4tels pour familles \u00e0 Cervia\u00a0: les meilleurs Family Hotel \u00e0 Cervia","description":"Envie de vacances en famille\u00a0? Nous avons s\u00e9lectionn\u00e9 les meilleurs Family Hotel \u00e0 Cervia\u00a0!","robots":{"index":"index","follow":"follow","max-snippet":"max-snippet:-1","max-image-preview":"max-image-preview:large","max-video-preview":"max-video-preview:-1"},"canonical":"https:\/\/www.italyfamilyhotels.it\/fr\/destinations\/riviera-romagnole\/cervia","og_locale":"fr_FR","og_type":"article","og_title":"H\u00f4tels pour familles \u00e0 Cervia\u00a0: les meilleurs Family Hotel \u00e0 Cervia","og_description":"Envie de vacances en famille\u00a0? Nous avons s\u00e9lectionn\u00e9 les meilleurs Family Hotel \u00e0 Cervia\u00a0!","og_url":"https:\/\/www.italyfamilyhotels.it\/fr\/destinations\/riviera-romagnole\/cervia","og_site_name":"Italy Family Hotels","article_publisher":"https:\/\/www.facebook.com\/ItalyFamilyHotels\/","article_modified_time":"2023-02-13T12:01:30+00:00","twitter_card":"summary_large_image","twitter_misc":{"Dur\u00e9e de lecture estim\u00e9e":"1 minute"},"schema":{"@context":"https:\/\/schema.org","@graph":[{"@type":"WebPage","@id":"https:\/\/www.italyfamilyhotels.it\/fr\/destinations\/riviera-romagnole\/cervia","url":"https:\/\/www.italyfamilyhotels.it\/fr\/destinations\/riviera-romagnole\/cervia","name":"H\u00f4tels pour familles \u00e0 Cervia\u00a0: les meilleurs Family Hotel \u00e0 Cervia","isPartOf":{"@id":"https:\/\/www.italyfamilyhotels.it\/#website"},"datePublished":"2023-02-13T12:01:18+00:00","dateModified":"2023-02-13T12:01:30+00:00","description":"Envie de vacances en famille\u00a0? Nous avons s\u00e9lectionn\u00e9 les meilleurs Family Hotel \u00e0 Cervia\u00a0!","breadcrumb":{"@id":"https:\/\/www.italyfamilyhotels.it\/fr\/destinations\/riviera-romagnole\/cervia#breadcrumb"},"inLanguage":"fr-FR","potentialAction":[{"@type":"ReadAction","target":["https:\/\/www.italyfamilyhotels.it\/fr\/destinations\/riviera-romagnole\/cervia"]}]},{"@type":"BreadcrumbList","@id":"https:\/\/www.italyfamilyhotels.it\/fr\/destinations\/riviera-romagnole\/cervia#breadcrumb","itemListElement":[{"@type":"ListItem","position":1,"name":"Home","item":"https:\/\/www.italyfamilyhotels.it\/fr"},{"@type":"ListItem","position":2,"name":"Destinations","item":"https:\/\/www.italyfamilyhotels.it\/fr\/destinations"},{"@type":"ListItem","position":3,"name":"Riviera Romagnole","item":"https:\/\/www.italyfamilyhotels.it\/fr\/destinations\/riviera-romagnole"},{"@type":"ListItem","position":4,"name":"Cervia"}]},{"@type":"WebSite","@id":"https:\/\/www.italyfamilyhotels.it\/#website","url":"https:\/\/www.italyfamilyhotels.it\/","name":"Italy Family Hotels","description":"","potentialAction":[{"@type":"SearchAction","target":{"@type":"EntryPoint","urlTemplate":"https:\/\/www.italyfamilyhotels.it\/?s={search_term_string}"},"query-input":{"@type":"PropertyValueSpecification","valueRequired":true,"valueName":"search_term_string"}}],"inLanguage":"fr-FR"}]}},"_links":{"self":[{"href":"https:\/\/www.italyfamilyhotels.it\/fr\/wp-json\/wp\/v2\/pages\/45989","targetHints":{"allow":["GET"]}}],"collection":[{"href":"https:\/\/www.italyfamilyhotels.it\/fr\/wp-json\/wp\/v2\/pages"}],"about":[{"href":"https:\/\/www.italyfamilyhotels.it\/fr\/wp-json\/wp\/v2\/types\/page"}],"author":[{"embeddable":true,"href":"https:\/\/www.italyfamilyhotels.it\/fr\/wp-json\/wp\/v2\/users\/167"}],"replies":[{"embeddable":true,"href":"https:\/\/www.italyfamilyhotels.it\/fr\/wp-json\/wp\/v2\/comments?post=45989"}],"version-history":[{"count":1,"href":"https:\/\/www.italyfamilyhotels.it\/fr\/wp-json\/wp\/v2\/pages\/45989\/revisions"}],"predecessor-version":[{"id":45990,"href":"https:\/\/www.italyfamilyhotels.it\/fr\/wp-json\/wp\/v2\/pages\/45989\/revisions\/45990"}],"up":[{"embeddable":true,"href":"https:\/\/www.italyfamilyhotels.it\/fr\/wp-json\/wp\/v2\/pages\/43555"}],"wp:attachment":[{"href":"https:\/\/www.italyfamilyhotels.it\/fr\/wp-json\/wp\/v2\/media?parent=45989"}],"curies":[{"name":"wp","href":"https:\/\/api.w.org\/{rel}","templated":true}]}}