{"id":45987,"date":"2023-02-13T13:01:13","date_gmt":"2023-02-13T12:01:13","guid":{"rendered":"https:\/\/www.italyfamilyhotels.it\/destinations\/piemont\/italy-family-hotels-a-bardonneche"},"modified":"2023-02-13T13:01:29","modified_gmt":"2023-02-13T12:01:29","slug":"italy-family-hotels-a-bardonneche","status":"publish","type":"page","link":"https:\/\/www.italyfamilyhotels.it\/fr\/destinations\/piemont\/italy-family-hotels-a-bardonneche","title":{"rendered":"Italy Family Hotels \u00e0 <b>Bardonn\u00e8che<\/b>"},"content":{"rendered":"\n<p><b>Bardonn\u00e8che <\/b>est un endroit o\u00f9 les familles trouveront un large \u00e9ventail d\u2019<b>activit\u00e9s \u00e0 r\u00e9aliser toute l&#8217;ann\u00e9e<\/b>\u00a0! Les amateurs de ski pourront s&#8217;amuser en profitant d&#8217;un <b>domaine de plus de 100 km de pistes<\/b> et de nombreuses \u00e9coles disponibles sur tout le territoire, o\u00f9 ils pourront suivre des cours individuels et collectifs. <b>Campo Smith<\/b>, \u00e0 1\u00a0300 m\u00e8tres d&#8217;altitude, est parfait pour les vacanciers avec enfants qui veulent initier le ski.<\/p>\n\n\n\n<p>Pour des exp\u00e9riences m\u00e9morables, ne manquez pas le <b>Snowcat Safari<\/b>, l&#8217;excursion de jour ou de nuit avec la chenillette et l&#8217;hilarant <b>Alpine Coaster, \u00e0 savoir une descente de folie sur une luge biplace <\/b>adapt\u00e9e aux enfants \u00e0 partir de 4 ans, \u00e0 faire aussi bien en hiver qu&#8217;en \u00e9t\u00e9.<\/p>\n\n\n\n<p>Pendant la saison chaude, vous pouvez faire des <b>promenades et des randonn\u00e9es<\/b>. Il existe des chemins pour tous les niveaux de pr\u00e9paration, avec des chemins, sentiers muletiers, ou encore d\u2019anciennes routes militaires qui permettent d&#8217;atteindre les refuges, les alpages et d&#8217;admirer le charme de l&#8217;Alta Val di Susa. Vous aimez le v\u00e9lo\u00a0? Au <b>Bardonecchia Bike Park, plus de 400 km de pistes vous attendent<\/b>. Vous y trouverez de tous les types mais les <b>cross-country <\/b>conviennent \u00e0 toute la famille et, pour les plus petits, vous trouverez un <b>Junior Park avec animation<\/b>.<\/p>\n\n\n\n<p>Les <b>activit\u00e9s de plein air \u00e0 faire avec les enfants \u00e0 Bardonn\u00e8che<\/b> ne finissent pas l\u00e0. Vous trouverez \u00e9galement de l\u2019\u00e9quitation, mur d&#8217;escalade, p\u00eache sportive, le l\u00e9gendaire<b> Adventure Park avec espace Baby<\/b> r\u00e9serv\u00e9 aux jeunes enfants. Bref, \u00e0 Bardonn\u00e8che, impossible de s&#8217;ennuyer\u00a0!<\/p>\n","protected":false},"excerpt":{"rendered":"<p>Bardonn\u00e8che est un endroit o\u00f9 les familles trouveront un large \u00e9ventail d\u2019activit\u00e9s \u00e0 r\u00e9aliser toute l&#8217;ann\u00e9e\u00a0! Les amateurs de ski pourront s&#8217;amuser en profitant d&#8217;un domaine de plus de 100 km de pistes et de nombreuses \u00e9coles disponibles sur tout le territoire, o\u00f9 ils pourront suivre des cours individuels et collectifs. Campo Smith, \u00e0 1\u00a0300 &hellip;<\/p>\n","protected":false},"author":167,"featured_media":0,"parent":43577,"menu_order":0,"comment_status":"closed","ping_status":"closed","template":"page-templates\/scheda_localita.php","meta":{"_acf_changed":false,"inline_featured_image":false,"footnotes":""},"class_list":["post-45987","page","type-page","status-publish","hentry"],"acf":[],"yoast_head":"<!-- This site is optimized with the Yoast SEO plugin v27.1 - https:\/\/yoast.com\/product\/yoast-seo-wordpress\/ -->\n<title>H\u00f4tels pour familles \u00e0 Bardonn\u00e8che\u00a0: les meilleurs Family Hotel \u00e0 Bardonn\u00e8che<\/title>\n<meta name=\"description\" content=\"Envie de vacances avec des enfants dans le Pi\u00e9mont\u00a0? Nous avons s\u00e9lectionn\u00e9 les meilleurs Family Hotels de Bardonn\u00e8che\u00a0!\" \/>\n<meta name=\"robots\" content=\"index, follow, max-snippet:-1, max-image-preview:large, max-video-preview:-1\" \/>\n<link rel=\"canonical\" href=\"https:\/\/www.italyfamilyhotels.it\/fr\/destinations\/piemont\/italy-family-hotels-a-bardonneche\" \/>\n<meta property=\"og:locale\" content=\"fr_FR\" \/>\n<meta property=\"og:type\" content=\"article\" \/>\n<meta property=\"og:title\" content=\"H\u00f4tels pour familles \u00e0 Bardonn\u00e8che\u00a0: les meilleurs Family Hotel \u00e0 Bardonn\u00e8che\" \/>\n<meta property=\"og:description\" content=\"Envie de vacances avec des enfants dans le Pi\u00e9mont\u00a0? Nous avons s\u00e9lectionn\u00e9 les meilleurs Family Hotels de Bardonn\u00e8che\u00a0!\" \/>\n<meta property=\"og:url\" content=\"https:\/\/www.italyfamilyhotels.it\/fr\/destinations\/piemont\/italy-family-hotels-a-bardonneche\" \/>\n<meta property=\"og:site_name\" content=\"Italy Family Hotels\" \/>\n<meta property=\"article:publisher\" content=\"https:\/\/www.facebook.com\/ItalyFamilyHotels\/\" \/>\n<meta property=\"article:modified_time\" content=\"2023-02-13T12:01:29+00:00\" \/>\n<meta name=\"twitter:card\" content=\"summary_large_image\" \/>\n<meta name=\"twitter:label1\" content=\"Dur\u00e9e de lecture estim\u00e9e\" \/>\n\t<meta name=\"twitter:data1\" content=\"1 minute\" \/>\n<script type=\"application\/ld+json\" class=\"yoast-schema-graph\">{\"@context\":\"https:\/\/schema.org\",\"@graph\":[{\"@type\":\"WebPage\",\"@id\":\"https:\/\/www.italyfamilyhotels.it\/fr\/destinations\/piemont\/italy-family-hotels-a-bardonneche\",\"url\":\"https:\/\/www.italyfamilyhotels.it\/fr\/destinations\/piemont\/italy-family-hotels-a-bardonneche\",\"name\":\"H\u00f4tels pour familles \u00e0 Bardonn\u00e8che\u00a0: les meilleurs Family Hotel \u00e0 Bardonn\u00e8che\",\"isPartOf\":{\"@id\":\"https:\/\/www.italyfamilyhotels.it\/#website\"},\"datePublished\":\"2023-02-13T12:01:13+00:00\",\"dateModified\":\"2023-02-13T12:01:29+00:00\",\"description\":\"Envie de vacances avec des enfants dans le Pi\u00e9mont\u00a0? Nous avons s\u00e9lectionn\u00e9 les meilleurs Family Hotels de Bardonn\u00e8che\u00a0!\",\"breadcrumb\":{\"@id\":\"https:\/\/www.italyfamilyhotels.it\/fr\/destinations\/piemont\/italy-family-hotels-a-bardonneche#breadcrumb\"},\"inLanguage\":\"fr-FR\",\"potentialAction\":[{\"@type\":\"ReadAction\",\"target\":[\"https:\/\/www.italyfamilyhotels.it\/fr\/destinations\/piemont\/italy-family-hotels-a-bardonneche\"]}]},{\"@type\":\"BreadcrumbList\",\"@id\":\"https:\/\/www.italyfamilyhotels.it\/fr\/destinations\/piemont\/italy-family-hotels-a-bardonneche#breadcrumb\",\"itemListElement\":[{\"@type\":\"ListItem\",\"position\":1,\"name\":\"Home\",\"item\":\"https:\/\/www.italyfamilyhotels.it\/fr\"},{\"@type\":\"ListItem\",\"position\":2,\"name\":\"Destinations\",\"item\":\"https:\/\/www.italyfamilyhotels.it\/fr\/destinations\"},{\"@type\":\"ListItem\",\"position\":3,\"name\":\"Pi\u00e9mont\",\"item\":\"https:\/\/www.italyfamilyhotels.it\/fr\/destinations\/piemont\"},{\"@type\":\"ListItem\",\"position\":4,\"name\":\"Italy Family Hotels \u00e0 Bardonn\u00e8che\"}]},{\"@type\":\"WebSite\",\"@id\":\"https:\/\/www.italyfamilyhotels.it\/#website\",\"url\":\"https:\/\/www.italyfamilyhotels.it\/\",\"name\":\"Italy Family Hotels\",\"description\":\"\",\"potentialAction\":[{\"@type\":\"SearchAction\",\"target\":{\"@type\":\"EntryPoint\",\"urlTemplate\":\"https:\/\/www.italyfamilyhotels.it\/?s={search_term_string}\"},\"query-input\":{\"@type\":\"PropertyValueSpecification\",\"valueRequired\":true,\"valueName\":\"search_term_string\"}}],\"inLanguage\":\"fr-FR\"}]}<\/script>\n<!-- \/ Yoast SEO plugin. -->","yoast_head_json":{"title":"H\u00f4tels pour familles \u00e0 Bardonn\u00e8che\u00a0: les meilleurs Family Hotel \u00e0 Bardonn\u00e8che","description":"Envie de vacances avec des enfants dans le Pi\u00e9mont\u00a0? Nous avons s\u00e9lectionn\u00e9 les meilleurs Family Hotels de Bardonn\u00e8che\u00a0!","robots":{"index":"index","follow":"follow","max-snippet":"max-snippet:-1","max-image-preview":"max-image-preview:large","max-video-preview":"max-video-preview:-1"},"canonical":"https:\/\/www.italyfamilyhotels.it\/fr\/destinations\/piemont\/italy-family-hotels-a-bardonneche","og_locale":"fr_FR","og_type":"article","og_title":"H\u00f4tels pour familles \u00e0 Bardonn\u00e8che\u00a0: les meilleurs Family Hotel \u00e0 Bardonn\u00e8che","og_description":"Envie de vacances avec des enfants dans le Pi\u00e9mont\u00a0? Nous avons s\u00e9lectionn\u00e9 les meilleurs Family Hotels de Bardonn\u00e8che\u00a0!","og_url":"https:\/\/www.italyfamilyhotels.it\/fr\/destinations\/piemont\/italy-family-hotels-a-bardonneche","og_site_name":"Italy Family Hotels","article_publisher":"https:\/\/www.facebook.com\/ItalyFamilyHotels\/","article_modified_time":"2023-02-13T12:01:29+00:00","twitter_card":"summary_large_image","twitter_misc":{"Dur\u00e9e de lecture estim\u00e9e":"1 minute"},"schema":{"@context":"https:\/\/schema.org","@graph":[{"@type":"WebPage","@id":"https:\/\/www.italyfamilyhotels.it\/fr\/destinations\/piemont\/italy-family-hotels-a-bardonneche","url":"https:\/\/www.italyfamilyhotels.it\/fr\/destinations\/piemont\/italy-family-hotels-a-bardonneche","name":"H\u00f4tels pour familles \u00e0 Bardonn\u00e8che\u00a0: les meilleurs Family Hotel \u00e0 Bardonn\u00e8che","isPartOf":{"@id":"https:\/\/www.italyfamilyhotels.it\/#website"},"datePublished":"2023-02-13T12:01:13+00:00","dateModified":"2023-02-13T12:01:29+00:00","description":"Envie de vacances avec des enfants dans le Pi\u00e9mont\u00a0? Nous avons s\u00e9lectionn\u00e9 les meilleurs Family Hotels de Bardonn\u00e8che\u00a0!","breadcrumb":{"@id":"https:\/\/www.italyfamilyhotels.it\/fr\/destinations\/piemont\/italy-family-hotels-a-bardonneche#breadcrumb"},"inLanguage":"fr-FR","potentialAction":[{"@type":"ReadAction","target":["https:\/\/www.italyfamilyhotels.it\/fr\/destinations\/piemont\/italy-family-hotels-a-bardonneche"]}]},{"@type":"BreadcrumbList","@id":"https:\/\/www.italyfamilyhotels.it\/fr\/destinations\/piemont\/italy-family-hotels-a-bardonneche#breadcrumb","itemListElement":[{"@type":"ListItem","position":1,"name":"Home","item":"https:\/\/www.italyfamilyhotels.it\/fr"},{"@type":"ListItem","position":2,"name":"Destinations","item":"https:\/\/www.italyfamilyhotels.it\/fr\/destinations"},{"@type":"ListItem","position":3,"name":"Pi\u00e9mont","item":"https:\/\/www.italyfamilyhotels.it\/fr\/destinations\/piemont"},{"@type":"ListItem","position":4,"name":"Italy Family Hotels \u00e0 Bardonn\u00e8che"}]},{"@type":"WebSite","@id":"https:\/\/www.italyfamilyhotels.it\/#website","url":"https:\/\/www.italyfamilyhotels.it\/","name":"Italy Family Hotels","description":"","potentialAction":[{"@type":"SearchAction","target":{"@type":"EntryPoint","urlTemplate":"https:\/\/www.italyfamilyhotels.it\/?s={search_term_string}"},"query-input":{"@type":"PropertyValueSpecification","valueRequired":true,"valueName":"search_term_string"}}],"inLanguage":"fr-FR"}]}},"_links":{"self":[{"href":"https:\/\/www.italyfamilyhotels.it\/fr\/wp-json\/wp\/v2\/pages\/45987","targetHints":{"allow":["GET"]}}],"collection":[{"href":"https:\/\/www.italyfamilyhotels.it\/fr\/wp-json\/wp\/v2\/pages"}],"about":[{"href":"https:\/\/www.italyfamilyhotels.it\/fr\/wp-json\/wp\/v2\/types\/page"}],"author":[{"embeddable":true,"href":"https:\/\/www.italyfamilyhotels.it\/fr\/wp-json\/wp\/v2\/users\/167"}],"replies":[{"embeddable":true,"href":"https:\/\/www.italyfamilyhotels.it\/fr\/wp-json\/wp\/v2\/comments?post=45987"}],"version-history":[{"count":1,"href":"https:\/\/www.italyfamilyhotels.it\/fr\/wp-json\/wp\/v2\/pages\/45987\/revisions"}],"predecessor-version":[{"id":45988,"href":"https:\/\/www.italyfamilyhotels.it\/fr\/wp-json\/wp\/v2\/pages\/45987\/revisions\/45988"}],"up":[{"embeddable":true,"href":"https:\/\/www.italyfamilyhotels.it\/fr\/wp-json\/wp\/v2\/pages\/43577"}],"wp:attachment":[{"href":"https:\/\/www.italyfamilyhotels.it\/fr\/wp-json\/wp\/v2\/media?parent=45987"}],"curies":[{"name":"wp","href":"https:\/\/api.w.org\/{rel}","templated":true}]}}