{"id":45274,"date":"2023-02-03T11:30:02","date_gmt":"2023-02-03T10:30:02","guid":{"rendered":"https:\/\/www.italyfamilyhotels.it\/?page_id=45274"},"modified":"2023-02-03T11:31:32","modified_gmt":"2023-02-03T10:31:32","slug":"frioul-venetie-julienne","status":"publish","type":"page","link":"https:\/\/www.italyfamilyhotels.it\/fr\/destinations\/frioul-venetie-julienne","title":{"rendered":"Frioul-V\u00e9n\u00e9tie-Julienne"},"content":{"rendered":"\n<p>Le <strong>Frioul-V\u00e9n\u00e9tie-Julienne compte 130 km de c\u00f4tes<\/strong> \u00e0 vivre pleinement&nbsp;! <strong>Des plages<\/strong> de sable aux eaux peu profondes, avec \u00e9tablissements baln\u00e9aires \u00e9quip\u00e9s et <strong>aires de jeux s\u00e9curis\u00e9es<\/strong>, o\u00f9 vous pourrez choisir parmi de nombreuses activit\u00e9s sportives telles que la plong\u00e9e, la voile, le cano\u00eb, le surf ou encore la plong\u00e9e avec tuba. Si vous voulez passer une journ\u00e9e amusante avec les enfants, rendez-vous aux <strong>parcs aquatiques en bord de mer<\/strong> de Lignano Sabbiadoro et Grado. Si vous pr\u00e9f\u00e9rez les <strong>plages de galets<\/strong> ou voulez ressentir l\u2019\u00e9motion de vous d\u00e9tendre dans des <strong>bains historique<\/strong>s, vous pouvez vous rendre \u00e0 Grado et Trieste, respectivement.<\/p>\n\n\n\n<p>Parmi les activit\u00e9s \u00e0 ne pas manquer dans le <strong>Frioul-V\u00e9n\u00e9tie-Julienne avec enfants<\/strong>, vous trouverez les <strong>excursions en bateau<\/strong>, \u00e9galement sur des bateaux typiques ou des bateaux de p\u00eache, ou encore des promenades parmi les couleurs et les atmosph\u00e8res joyeuses des <strong>villages de p\u00eacheurs<\/strong> de <strong>Lagune de Marano<\/strong>, <strong>Grado<\/strong>, <strong>Duino <\/strong>et <strong>Muggia<\/strong>. Et que dire de l\u2019<strong>exp\u00e9rience dans la nature<\/strong>&nbsp;? Explorez la R\u00e9serve naturelle de Valle Canal Novo avec les enfants et faites-les participer aux jeux de poney sur l&#8217;\u00eele de Cona, avec une cavalcade le long des Valli da Pesca. Faites du v\u00e9lo dans la r\u00e9serve de Valle Cavanata, visitez la R\u00e9serve naturelle de Falesie di Duino et la R\u00e9serve naturelle de Val Rosandra.<\/p>\n\n\n\n<p>Et si vous aimez partager <strong>des visites culturelles uniques avec vos enfants<\/strong>, les incroyables villages d\u2019<strong>Aquileia<\/strong> et de <strong>Palmanova<\/strong>, ainsi que <strong>Trieste<\/strong>, situ\u00e9e au c\u0153ur de l\u2019Europe, sauront \u00e9tonner toute la famille&nbsp;!<\/p>\n","protected":false},"excerpt":{"rendered":"<p>Le Frioul-V\u00e9n\u00e9tie-Julienne compte 130 km de c\u00f4tes \u00e0 vivre pleinement&nbsp;! Des plages de sable aux eaux peu profondes, avec \u00e9tablissements baln\u00e9aires \u00e9quip\u00e9s et aires de jeux s\u00e9curis\u00e9es, o\u00f9 vous pourrez choisir parmi de nombreuses activit\u00e9s sportives telles que la plong\u00e9e, la voile, le cano\u00eb, le surf ou encore la plong\u00e9e avec tuba. Si vous voulez &hellip;<\/p>\n","protected":false},"author":2,"featured_media":0,"parent":43316,"menu_order":0,"comment_status":"closed","ping_status":"closed","template":"page-templates\/scheda_destinazione.php","meta":{"_acf_changed":false,"inline_featured_image":false,"footnotes":""},"class_list":["post-45274","page","type-page","status-publish","hentry"],"acf":[],"yoast_head":"<!-- This site is optimized with the Yoast SEO plugin v27.1 - https:\/\/yoast.com\/product\/yoast-seo-wordpress\/ -->\n<title>H\u00f4tels pour Familles en Frioul-V\u00e9n\u00e9tie-Julienne\u00a0: les meilleurs Family Hotel en Frioul-V\u00e9n\u00e9tie-Julienne<\/title>\n<meta name=\"description\" content=\"Envie de vacances en famille\u00a0? Nous avons s\u00e9lectionn\u00e9 les meilleurs Family Hotel en Frioul-V\u00e9n\u00e9tie-Julienne\" \/>\n<meta name=\"robots\" content=\"index, follow, max-snippet:-1, max-image-preview:large, max-video-preview:-1\" \/>\n<link rel=\"canonical\" href=\"https:\/\/www.italyfamilyhotels.it\/fr\/destinations\/frioul-venetie-julienne\" \/>\n<meta property=\"og:locale\" content=\"fr_FR\" \/>\n<meta property=\"og:type\" content=\"article\" \/>\n<meta property=\"og:title\" content=\"H\u00f4tels pour Familles en Frioul-V\u00e9n\u00e9tie-Julienne\u00a0: les meilleurs Family Hotel en Frioul-V\u00e9n\u00e9tie-Julienne\" \/>\n<meta property=\"og:description\" content=\"Envie de vacances en famille\u00a0? Nous avons s\u00e9lectionn\u00e9 les meilleurs Family Hotel en Frioul-V\u00e9n\u00e9tie-Julienne\" \/>\n<meta property=\"og:url\" content=\"https:\/\/www.italyfamilyhotels.it\/fr\/destinations\/frioul-venetie-julienne\" \/>\n<meta property=\"og:site_name\" content=\"Italy Family Hotels\" \/>\n<meta property=\"article:publisher\" content=\"https:\/\/www.facebook.com\/ItalyFamilyHotels\/\" \/>\n<meta property=\"article:modified_time\" content=\"2023-02-03T10:31:32+00:00\" \/>\n<meta name=\"twitter:card\" content=\"summary_large_image\" \/>\n<meta name=\"twitter:label1\" content=\"Dur\u00e9e de lecture estim\u00e9e\" \/>\n\t<meta name=\"twitter:data1\" content=\"1 minute\" \/>\n<script type=\"application\/ld+json\" class=\"yoast-schema-graph\">{\"@context\":\"https:\/\/schema.org\",\"@graph\":[{\"@type\":\"WebPage\",\"@id\":\"https:\/\/www.italyfamilyhotels.it\/fr\/destinations\/frioul-venetie-julienne\",\"url\":\"https:\/\/www.italyfamilyhotels.it\/fr\/destinations\/frioul-venetie-julienne\",\"name\":\"H\u00f4tels pour Familles en Frioul-V\u00e9n\u00e9tie-Julienne\u00a0: les meilleurs Family Hotel en Frioul-V\u00e9n\u00e9tie-Julienne\",\"isPartOf\":{\"@id\":\"https:\/\/www.italyfamilyhotels.it\/#website\"},\"datePublished\":\"2023-02-03T10:30:02+00:00\",\"dateModified\":\"2023-02-03T10:31:32+00:00\",\"description\":\"Envie de vacances en famille\u00a0? Nous avons s\u00e9lectionn\u00e9 les meilleurs Family Hotel en Frioul-V\u00e9n\u00e9tie-Julienne\",\"breadcrumb\":{\"@id\":\"https:\/\/www.italyfamilyhotels.it\/fr\/destinations\/frioul-venetie-julienne#breadcrumb\"},\"inLanguage\":\"fr-FR\",\"potentialAction\":[{\"@type\":\"ReadAction\",\"target\":[\"https:\/\/www.italyfamilyhotels.it\/fr\/destinations\/frioul-venetie-julienne\"]}]},{\"@type\":\"BreadcrumbList\",\"@id\":\"https:\/\/www.italyfamilyhotels.it\/fr\/destinations\/frioul-venetie-julienne#breadcrumb\",\"itemListElement\":[{\"@type\":\"ListItem\",\"position\":1,\"name\":\"Home\",\"item\":\"https:\/\/www.italyfamilyhotels.it\/fr\"},{\"@type\":\"ListItem\",\"position\":2,\"name\":\"Destinations\",\"item\":\"https:\/\/www.italyfamilyhotels.it\/fr\/destinations\"},{\"@type\":\"ListItem\",\"position\":3,\"name\":\"Frioul-V\u00e9n\u00e9tie-Julienne\"}]},{\"@type\":\"WebSite\",\"@id\":\"https:\/\/www.italyfamilyhotels.it\/#website\",\"url\":\"https:\/\/www.italyfamilyhotels.it\/\",\"name\":\"Italy Family Hotels\",\"description\":\"\",\"potentialAction\":[{\"@type\":\"SearchAction\",\"target\":{\"@type\":\"EntryPoint\",\"urlTemplate\":\"https:\/\/www.italyfamilyhotels.it\/?s={search_term_string}\"},\"query-input\":{\"@type\":\"PropertyValueSpecification\",\"valueRequired\":true,\"valueName\":\"search_term_string\"}}],\"inLanguage\":\"fr-FR\"}]}<\/script>\n<!-- \/ Yoast SEO plugin. -->","yoast_head_json":{"title":"H\u00f4tels pour Familles en Frioul-V\u00e9n\u00e9tie-Julienne\u00a0: les meilleurs Family Hotel en Frioul-V\u00e9n\u00e9tie-Julienne","description":"Envie de vacances en famille\u00a0? Nous avons s\u00e9lectionn\u00e9 les meilleurs Family Hotel en Frioul-V\u00e9n\u00e9tie-Julienne","robots":{"index":"index","follow":"follow","max-snippet":"max-snippet:-1","max-image-preview":"max-image-preview:large","max-video-preview":"max-video-preview:-1"},"canonical":"https:\/\/www.italyfamilyhotels.it\/fr\/destinations\/frioul-venetie-julienne","og_locale":"fr_FR","og_type":"article","og_title":"H\u00f4tels pour Familles en Frioul-V\u00e9n\u00e9tie-Julienne\u00a0: les meilleurs Family Hotel en Frioul-V\u00e9n\u00e9tie-Julienne","og_description":"Envie de vacances en famille\u00a0? Nous avons s\u00e9lectionn\u00e9 les meilleurs Family Hotel en Frioul-V\u00e9n\u00e9tie-Julienne","og_url":"https:\/\/www.italyfamilyhotels.it\/fr\/destinations\/frioul-venetie-julienne","og_site_name":"Italy Family Hotels","article_publisher":"https:\/\/www.facebook.com\/ItalyFamilyHotels\/","article_modified_time":"2023-02-03T10:31:32+00:00","twitter_card":"summary_large_image","twitter_misc":{"Dur\u00e9e de lecture estim\u00e9e":"1 minute"},"schema":{"@context":"https:\/\/schema.org","@graph":[{"@type":"WebPage","@id":"https:\/\/www.italyfamilyhotels.it\/fr\/destinations\/frioul-venetie-julienne","url":"https:\/\/www.italyfamilyhotels.it\/fr\/destinations\/frioul-venetie-julienne","name":"H\u00f4tels pour Familles en Frioul-V\u00e9n\u00e9tie-Julienne\u00a0: les meilleurs Family Hotel en Frioul-V\u00e9n\u00e9tie-Julienne","isPartOf":{"@id":"https:\/\/www.italyfamilyhotels.it\/#website"},"datePublished":"2023-02-03T10:30:02+00:00","dateModified":"2023-02-03T10:31:32+00:00","description":"Envie de vacances en famille\u00a0? Nous avons s\u00e9lectionn\u00e9 les meilleurs Family Hotel en Frioul-V\u00e9n\u00e9tie-Julienne","breadcrumb":{"@id":"https:\/\/www.italyfamilyhotels.it\/fr\/destinations\/frioul-venetie-julienne#breadcrumb"},"inLanguage":"fr-FR","potentialAction":[{"@type":"ReadAction","target":["https:\/\/www.italyfamilyhotels.it\/fr\/destinations\/frioul-venetie-julienne"]}]},{"@type":"BreadcrumbList","@id":"https:\/\/www.italyfamilyhotels.it\/fr\/destinations\/frioul-venetie-julienne#breadcrumb","itemListElement":[{"@type":"ListItem","position":1,"name":"Home","item":"https:\/\/www.italyfamilyhotels.it\/fr"},{"@type":"ListItem","position":2,"name":"Destinations","item":"https:\/\/www.italyfamilyhotels.it\/fr\/destinations"},{"@type":"ListItem","position":3,"name":"Frioul-V\u00e9n\u00e9tie-Julienne"}]},{"@type":"WebSite","@id":"https:\/\/www.italyfamilyhotels.it\/#website","url":"https:\/\/www.italyfamilyhotels.it\/","name":"Italy Family Hotels","description":"","potentialAction":[{"@type":"SearchAction","target":{"@type":"EntryPoint","urlTemplate":"https:\/\/www.italyfamilyhotels.it\/?s={search_term_string}"},"query-input":{"@type":"PropertyValueSpecification","valueRequired":true,"valueName":"search_term_string"}}],"inLanguage":"fr-FR"}]}},"_links":{"self":[{"href":"https:\/\/www.italyfamilyhotels.it\/fr\/wp-json\/wp\/v2\/pages\/45274","targetHints":{"allow":["GET"]}}],"collection":[{"href":"https:\/\/www.italyfamilyhotels.it\/fr\/wp-json\/wp\/v2\/pages"}],"about":[{"href":"https:\/\/www.italyfamilyhotels.it\/fr\/wp-json\/wp\/v2\/types\/page"}],"author":[{"embeddable":true,"href":"https:\/\/www.italyfamilyhotels.it\/fr\/wp-json\/wp\/v2\/users\/2"}],"replies":[{"embeddable":true,"href":"https:\/\/www.italyfamilyhotels.it\/fr\/wp-json\/wp\/v2\/comments?post=45274"}],"version-history":[{"count":3,"href":"https:\/\/www.italyfamilyhotels.it\/fr\/wp-json\/wp\/v2\/pages\/45274\/revisions"}],"predecessor-version":[{"id":45277,"href":"https:\/\/www.italyfamilyhotels.it\/fr\/wp-json\/wp\/v2\/pages\/45274\/revisions\/45277"}],"up":[{"embeddable":true,"href":"https:\/\/www.italyfamilyhotels.it\/fr\/wp-json\/wp\/v2\/pages\/43316"}],"wp:attachment":[{"href":"https:\/\/www.italyfamilyhotels.it\/fr\/wp-json\/wp\/v2\/media?parent=45274"}],"curies":[{"name":"wp","href":"https:\/\/api.w.org\/{rel}","templated":true}]}}