{"id":44700,"date":"2023-01-31T16:11:56","date_gmt":"2023-01-31T15:11:56","guid":{"rendered":"https:\/\/www.italyfamilyhotels.it\/hotels\/unaway-imperial-beach-fano"},"modified":"2025-07-15T08:56:42","modified_gmt":"2025-07-15T06:56:42","slug":"una-hotels-imperial-beach-fano","status":"publish","type":"page","link":"https:\/\/www.italyfamilyhotels.it\/fr\/hotels\/una-hotels-imperial-beach-fano","title":{"rendered":"UNA HOTELS Imperial Beach Fano"},"content":{"rendered":"\n<p>Imaginez le plaisir de se r\u00e9veiller dans nos<b> chambres avec vue sur la mer<\/b> et poser imm\u00e9diatement les yeux sur le bleu de l&#8217;Adriatique. C\u2019est ainsi que vous ouvrirez les yeux \u00e0 l\u2019<b>UNA HOTELS Imperial Beach Fano di Marotta<\/b>, le \u00ab\u00a0clac\u00a0\u00bb qui lance une journ\u00e9e magique comme un film, \u00e0 passer en toute insouciance avec vos enfants entre <b>espaces accueillants bien g\u00e9r\u00e9s<\/b>.<\/p>\n\n\n\n<p>Notre <b>plage priv\u00e9e se trouve juste devant<\/b> l&#8217;h\u00f4tel et vous pouvez facilement y acc\u00e9der quand vous le souhaitez, sans avoir \u00e0 prendre votre voiture. L\u2019Imperial Beach est exclusif et paisible, avec des parasols et des transats bien espac\u00e9s pour votre d\u00e9tente et des moments d\u2019<b>animation pour les plus petits<\/b>. Si vous pr\u00e9f\u00e9rez la plage \u00e0 la <b>piscine<\/b>, notre <b>jardin<\/b> verdoyant dispose d\u2019un grand bassin avec zone jacuzzi et <b>zone d&#8217;eau peu profonde pour les enfants<\/b>.<\/p>\n\n\n\n<p>Pendant que vous profitez d&#8217;une d\u00e9tente bien m\u00e9rit\u00e9e, le <b>personnel d&#8217;animation<\/b> s&#8217;occupe des enfants et organise des activit\u00e9s quotidiennes telles que des cours de cuisine et de magie, des tournois, des visites \u00e0 la ferme p\u00e9dagogique, des soir\u00e9es spectacles et les non-anniversaires hilarants de la <b>mascotte Pimpi<\/b>. Entre plage, <b>Mini Club l&#8217;\u00cele d\u2019Impi<\/b>, la piscine et l\u2019aire de jeux dans le jardin, vos enfants ont toujours quelque chose \u00e0 faire&nbsp;!<\/p>\n\n\n\n<p>\u00c0 l&#8217;h\u00f4tel, vous trouverez<b> le meilleur des services pour vos vacances en famille<\/b>&#8230; Nous mettons \u00e0 votre disposition tout ce dont vous avez besoin\u00a0: <b>poussettes <\/b>de courtoisie, <b>v\u00e9los <\/b>avec si\u00e8ge enfant, <b>kit de courtoisie pour b\u00e9b\u00e9<\/b> dans la chambre avec des couches et des cr\u00e8mes, ainsi que des lits avec barri\u00e8res de s\u00e9curit\u00e9, des lits b\u00e9b\u00e9, des chauffe-biberons, des tables \u00e0 langer, des <b>chaises hautes <\/b>et des couverts b\u00e9b\u00e9, sans oublier des<b> aliments et des bouillons pour le sevrage de b\u00e9b\u00e9<\/b>. Et vous pouvez \u00e9galement choisir la <b>formule All Inclusive<\/b> pour des vacances sans soucis. Bref, ici \u00e0 l\u2019<b>UNA HOTELS Imperial Beach Fano di Marotta<\/b>, tout est pr\u00eat pour accueillir votre famille\u00a0!<\/p>\n","protected":false},"excerpt":{"rendered":"<p>Imaginez le plaisir de se r\u00e9veiller dans nos chambres avec vue sur la mer et poser imm\u00e9diatement les yeux sur le bleu de l&#8217;Adriatique. C\u2019est ainsi que vous ouvrirez les yeux \u00e0 l\u2019UNA HOTELS Imperial Beach Fano di Marotta, le \u00ab\u00a0clac\u00a0\u00bb qui lance une journ\u00e9e magique comme un film, \u00e0 passer en toute insouciance avec &hellip;<\/p>\n","protected":false},"author":1,"featured_media":0,"parent":29729,"menu_order":0,"comment_status":"closed","ping_status":"closed","template":"page-templates\/scheda_hotel.php","meta":{"_acf_changed":false,"inline_featured_image":false,"footnotes":""},"class_list":["post-44700","page","type-page","status-publish","hentry"],"acf":[],"yoast_head":"<!-- This site is optimized with the Yoast SEO plugin v27.1 - https:\/\/yoast.com\/product\/yoast-seo-wordpress\/ -->\n<title>UNA HOTELS Imperial Beach Fano Hotel 3 \u00e9toiles, Marotta<\/title>\n<meta name=\"description\" content=\"Envie de vacances en famille\u00a0? D\u00e9couvrez les offres pour les familles de l&#039;UNA HOTELS Imperial Beach Fano \u00e0 Marotta\" \/>\n<meta name=\"robots\" content=\"index, follow, max-snippet:-1, max-image-preview:large, max-video-preview:-1\" \/>\n<link rel=\"canonical\" href=\"https:\/\/www.italyfamilyhotels.it\/fr\/hotels\/una-hotels-imperial-beach-fano\" \/>\n<meta property=\"og:locale\" content=\"fr_FR\" \/>\n<meta property=\"og:type\" content=\"article\" \/>\n<meta property=\"og:title\" content=\"UNA HOTELS Imperial Beach Fano Hotel 3 \u00e9toiles, Marotta\" \/>\n<meta property=\"og:description\" content=\"Envie de vacances en famille\u00a0? D\u00e9couvrez les offres pour les familles de l&#039;UNA HOTELS Imperial Beach Fano \u00e0 Marotta\" \/>\n<meta property=\"og:url\" content=\"https:\/\/www.italyfamilyhotels.it\/fr\/hotels\/una-hotels-imperial-beach-fano\" \/>\n<meta property=\"og:site_name\" content=\"Italy Family Hotels\" \/>\n<meta property=\"article:publisher\" content=\"https:\/\/www.facebook.com\/ItalyFamilyHotels\/\" \/>\n<meta property=\"article:modified_time\" content=\"2025-07-15T06:56:42+00:00\" \/>\n<meta name=\"twitter:card\" content=\"summary_large_image\" \/>\n<meta name=\"twitter:label1\" content=\"Dur\u00e9e de lecture estim\u00e9e\" \/>\n\t<meta name=\"twitter:data1\" content=\"2 minutes\" \/>\n<script type=\"application\/ld+json\" class=\"yoast-schema-graph\">{\"@context\":\"https:\/\/schema.org\",\"@graph\":[{\"@type\":\"WebPage\",\"@id\":\"https:\/\/www.italyfamilyhotels.it\/fr\/hotels\/una-hotels-imperial-beach-fano\",\"url\":\"https:\/\/www.italyfamilyhotels.it\/fr\/hotels\/una-hotels-imperial-beach-fano\",\"name\":\"UNA HOTELS Imperial Beach Fano Hotel 3 \u00e9toiles, Marotta\",\"isPartOf\":{\"@id\":\"https:\/\/www.italyfamilyhotels.it\/#website\"},\"datePublished\":\"2023-01-31T15:11:56+00:00\",\"dateModified\":\"2025-07-15T06:56:42+00:00\",\"description\":\"Envie de vacances en famille\u00a0? D\u00e9couvrez les offres pour les familles de l'UNA HOTELS Imperial Beach Fano \u00e0 Marotta\",\"breadcrumb\":{\"@id\":\"https:\/\/www.italyfamilyhotels.it\/fr\/hotels\/una-hotels-imperial-beach-fano#breadcrumb\"},\"inLanguage\":\"fr-FR\",\"potentialAction\":[{\"@type\":\"ReadAction\",\"target\":[\"https:\/\/www.italyfamilyhotels.it\/fr\/hotels\/una-hotels-imperial-beach-fano\"]}]},{\"@type\":\"BreadcrumbList\",\"@id\":\"https:\/\/www.italyfamilyhotels.it\/fr\/hotels\/una-hotels-imperial-beach-fano#breadcrumb\",\"itemListElement\":[{\"@type\":\"ListItem\",\"position\":1,\"name\":\"Home\",\"item\":\"https:\/\/www.italyfamilyhotels.it\/fr\"},{\"@type\":\"ListItem\",\"position\":2,\"name\":\"Family Hotels\",\"item\":\"https:\/\/www.italyfamilyhotels.it\/fr\/hotels\"},{\"@type\":\"ListItem\",\"position\":3,\"name\":\"UNA HOTELS Imperial Beach Fano\"}]},{\"@type\":\"WebSite\",\"@id\":\"https:\/\/www.italyfamilyhotels.it\/#website\",\"url\":\"https:\/\/www.italyfamilyhotels.it\/\",\"name\":\"Italy Family Hotels\",\"description\":\"\",\"potentialAction\":[{\"@type\":\"SearchAction\",\"target\":{\"@type\":\"EntryPoint\",\"urlTemplate\":\"https:\/\/www.italyfamilyhotels.it\/?s={search_term_string}\"},\"query-input\":{\"@type\":\"PropertyValueSpecification\",\"valueRequired\":true,\"valueName\":\"search_term_string\"}}],\"inLanguage\":\"fr-FR\"}]}<\/script>\n<!-- \/ Yoast SEO plugin. -->","yoast_head_json":{"title":"UNA HOTELS Imperial Beach Fano Hotel 3 \u00e9toiles, Marotta","description":"Envie de vacances en famille\u00a0? D\u00e9couvrez les offres pour les familles de l'UNA HOTELS Imperial Beach Fano \u00e0 Marotta","robots":{"index":"index","follow":"follow","max-snippet":"max-snippet:-1","max-image-preview":"max-image-preview:large","max-video-preview":"max-video-preview:-1"},"canonical":"https:\/\/www.italyfamilyhotels.it\/fr\/hotels\/una-hotels-imperial-beach-fano","og_locale":"fr_FR","og_type":"article","og_title":"UNA HOTELS Imperial Beach Fano Hotel 3 \u00e9toiles, Marotta","og_description":"Envie de vacances en famille\u00a0? D\u00e9couvrez les offres pour les familles de l'UNA HOTELS Imperial Beach Fano \u00e0 Marotta","og_url":"https:\/\/www.italyfamilyhotels.it\/fr\/hotels\/una-hotels-imperial-beach-fano","og_site_name":"Italy Family Hotels","article_publisher":"https:\/\/www.facebook.com\/ItalyFamilyHotels\/","article_modified_time":"2025-07-15T06:56:42+00:00","twitter_card":"summary_large_image","twitter_misc":{"Dur\u00e9e de lecture estim\u00e9e":"2 minutes"},"schema":{"@context":"https:\/\/schema.org","@graph":[{"@type":"WebPage","@id":"https:\/\/www.italyfamilyhotels.it\/fr\/hotels\/una-hotels-imperial-beach-fano","url":"https:\/\/www.italyfamilyhotels.it\/fr\/hotels\/una-hotels-imperial-beach-fano","name":"UNA HOTELS Imperial Beach Fano Hotel 3 \u00e9toiles, Marotta","isPartOf":{"@id":"https:\/\/www.italyfamilyhotels.it\/#website"},"datePublished":"2023-01-31T15:11:56+00:00","dateModified":"2025-07-15T06:56:42+00:00","description":"Envie de vacances en famille\u00a0? D\u00e9couvrez les offres pour les familles de l'UNA HOTELS Imperial Beach Fano \u00e0 Marotta","breadcrumb":{"@id":"https:\/\/www.italyfamilyhotels.it\/fr\/hotels\/una-hotels-imperial-beach-fano#breadcrumb"},"inLanguage":"fr-FR","potentialAction":[{"@type":"ReadAction","target":["https:\/\/www.italyfamilyhotels.it\/fr\/hotels\/una-hotels-imperial-beach-fano"]}]},{"@type":"BreadcrumbList","@id":"https:\/\/www.italyfamilyhotels.it\/fr\/hotels\/una-hotels-imperial-beach-fano#breadcrumb","itemListElement":[{"@type":"ListItem","position":1,"name":"Home","item":"https:\/\/www.italyfamilyhotels.it\/fr"},{"@type":"ListItem","position":2,"name":"Family Hotels","item":"https:\/\/www.italyfamilyhotels.it\/fr\/hotels"},{"@type":"ListItem","position":3,"name":"UNA HOTELS Imperial Beach Fano"}]},{"@type":"WebSite","@id":"https:\/\/www.italyfamilyhotels.it\/#website","url":"https:\/\/www.italyfamilyhotels.it\/","name":"Italy Family Hotels","description":"","potentialAction":[{"@type":"SearchAction","target":{"@type":"EntryPoint","urlTemplate":"https:\/\/www.italyfamilyhotels.it\/?s={search_term_string}"},"query-input":{"@type":"PropertyValueSpecification","valueRequired":true,"valueName":"search_term_string"}}],"inLanguage":"fr-FR"}]}},"_links":{"self":[{"href":"https:\/\/www.italyfamilyhotels.it\/fr\/wp-json\/wp\/v2\/pages\/44700","targetHints":{"allow":["GET"]}}],"collection":[{"href":"https:\/\/www.italyfamilyhotels.it\/fr\/wp-json\/wp\/v2\/pages"}],"about":[{"href":"https:\/\/www.italyfamilyhotels.it\/fr\/wp-json\/wp\/v2\/types\/page"}],"author":[{"embeddable":true,"href":"https:\/\/www.italyfamilyhotels.it\/fr\/wp-json\/wp\/v2\/users\/1"}],"replies":[{"embeddable":true,"href":"https:\/\/www.italyfamilyhotels.it\/fr\/wp-json\/wp\/v2\/comments?post=44700"}],"version-history":[{"count":7,"href":"https:\/\/www.italyfamilyhotels.it\/fr\/wp-json\/wp\/v2\/pages\/44700\/revisions"}],"predecessor-version":[{"id":70628,"href":"https:\/\/www.italyfamilyhotels.it\/fr\/wp-json\/wp\/v2\/pages\/44700\/revisions\/70628"}],"up":[{"embeddable":true,"href":"https:\/\/www.italyfamilyhotels.it\/fr\/wp-json\/wp\/v2\/pages\/29729"}],"wp:attachment":[{"href":"https:\/\/www.italyfamilyhotels.it\/fr\/wp-json\/wp\/v2\/media?parent=44700"}],"curies":[{"name":"wp","href":"https:\/\/api.w.org\/{rel}","templated":true}]}}