{"id":44462,"date":"2023-01-26T09:27:13","date_gmt":"2023-01-26T08:27:13","guid":{"rendered":"https:\/\/www.italyfamilyhotels.it\/hotels\/oleandri-resort"},"modified":"2023-04-06T14:29:57","modified_gmt":"2023-04-06T12:29:57","slug":"oleandri-resort","status":"publish","type":"page","link":"https:\/\/www.italyfamilyhotels.it\/fr\/hotels\/oleandri-resort","title":{"rendered":"Oleandri Resort"},"content":{"rendered":"\n<p>Un parfum de pin\u00e8de et le doux air marin vous accompagneront ici au <b>Oleandri Resort de Paestum<\/b>, sur la belle<b> c\u00f4te du Cilento<\/b>, pour \u00ab\u00a0un r\u00eave qui dure des vacances\u00a0\u00bb. Nous voulons que votre famille vive une exp\u00e9rience qui raconte notre histoire, dans une succession de jours de d\u00e9tente et de plaisir.<\/p>\n\n\n\n<p>Un agr\u00e9able sentier \u00e0 l&#8217;ombre de la pin\u00e8de, \u00e0 parcourir \u00e9galement avec une poussette, permet de rejoindre notre<b> plage priv\u00e9e<\/b>, un \u00e9tablissement baln\u00e9aire spacieux et \u00e9l\u00e9gant, o\u00f9 <b>le sable est doux<\/b> comme le velours et <b>la mer claire a des eaux peu profondes<\/b>, parfaite pour que vos enfants nagent comme des petits poissons. D\u00e9tendez-vous sous le parasol ou choisissez les si\u00e8ges du belv\u00e9d\u00e8re pendant que les enfants jouent avec notre <b>\u00e9quipe d&#8217;animation<\/b> et, si vous \u00eates en vacances avec votre chien, n&#8217;oubliez pas que les animaux sont les bienvenus dans la <b>zone pour animaux de compagnie<\/b> qui leur est d\u00e9di\u00e9e\u00a0!<\/p>\n\n\n\n<p>Notre <b>complexe h\u00f4telier pour familles<\/b> dispose de grands espaces bien organis\u00e9s, qui transmettent imm\u00e9diatement un sentiment de tranquillit\u00e9 \u00e0 l\u2019\u00e2me exotique\u00a0! Une journ\u00e9e dans notre <b>piscine de 800 m\u00b2<\/b>, par exemple, est pure d\u00e9tente de l&#8217;\u00e2me et des yeux. Entour\u00e9e de palmiers et d&#8217;un \u00e9l\u00e9gant solarium, elle permet aux plus petits de s&#8217;amuser en toute s\u00e9curit\u00e9 dans la <b>zone peu profonde<\/b>, tandis que les parents pourront se d\u00e9connecter du quotidien dans une atmosph\u00e8re de paix et de bien-\u00eatre.<\/p>\n\n\n\n<p>Mais le v\u00e9ritable point fort est le <b>monde merveilleux d&#8217;Olea Land<\/b>, un espace jeu magique entour\u00e9 de verdure, o\u00f9 les <b>enfants pourront s\u2019amuser non-stop<\/b>\u00a0! Et ils pourront le faire non seulement gr\u00e2ce aux <b>activit\u00e9s ludiques et cr\u00e9atives<\/b> cr\u00e9\u00e9es par l&#8217;\u00e9quipe d&#8217;animation pour les petits <b>de 3 \u00e0 11 ans<\/b>, mais \u00e9galement en se rendant dans le <b>Potager des souhaits<\/b> ou avec des <b>mini cours de cuisine et de peinture<\/b>. L\u2019espace Olea Land est \u00e9galement l\u2019endroit o\u00f9 prendre le <b>go\u00fbter<\/b>, danser, jouer, manger avec les animateurs du <b>restaurant pour enfants<\/b>. Il dispose m\u00eame d\u2019un <b>espace d\u00e9di\u00e9 \u00e0 la pr\u00e9paration des repas de b\u00e9b\u00e9<\/b> d\u00e9di\u00e9 aux jeunes parents&#8230; Bien \u00e9videmment avec les produits mis \u00e0 disposition par notre chef.<\/p>\n\n\n\n<p>Maman, papa, enfants\u00a0: \u00eates-vous pr\u00eat \u00e0 passer des <b>vacances en famille<\/b> qui resteront \u00e0 jamais grav\u00e9es dans votre c\u0153ur\u00a0? Ici, \u00e0 l&#8217;Oleandri Resort, nous avons h\u00e2te de vous accueillir \u00e0 bras ouverts\u00a0!<\/p>\n","protected":false},"excerpt":{"rendered":"<p>Un parfum de pin\u00e8de et le doux air marin vous accompagneront ici au Oleandri Resort de Paestum, sur la belle c\u00f4te du Cilento, pour \u00ab\u00a0un r\u00eave qui dure des vacances\u00a0\u00bb. Nous voulons que votre famille vive une exp\u00e9rience qui raconte notre histoire, dans une succession de jours de d\u00e9tente et de plaisir. Un agr\u00e9able sentier &hellip;<\/p>\n","protected":false},"author":1,"featured_media":0,"parent":29729,"menu_order":0,"comment_status":"closed","ping_status":"closed","template":"page-templates\/scheda_hotel.php","meta":{"_acf_changed":false,"inline_featured_image":false,"footnotes":""},"class_list":["post-44462","page","type-page","status-publish","hentry"],"acf":[],"yoast_head":"<!-- This site is optimized with the Yoast SEO plugin v27.1 - https:\/\/yoast.com\/product\/yoast-seo-wordpress\/ -->\n<title>Oleandri Resort 4 \u00e9toiles, Paestum<\/title>\n<meta name=\"description\" content=\"Envie de vacances en famille\u00a0? D\u00e9couvrez les offres pour les familles de l&#039;Oleandri Resort \u00e0 Paestum, dans le Cilento\" \/>\n<meta name=\"robots\" content=\"index, follow, max-snippet:-1, max-image-preview:large, max-video-preview:-1\" \/>\n<link rel=\"canonical\" href=\"https:\/\/www.italyfamilyhotels.it\/fr\/hotels\/oleandri-resort\" \/>\n<meta property=\"og:locale\" content=\"fr_FR\" \/>\n<meta property=\"og:type\" content=\"article\" \/>\n<meta property=\"og:title\" content=\"Oleandri Resort 4 \u00e9toiles, Paestum\" \/>\n<meta property=\"og:description\" content=\"Envie de vacances en famille\u00a0? D\u00e9couvrez les offres pour les familles de l&#039;Oleandri Resort \u00e0 Paestum, dans le Cilento\" \/>\n<meta property=\"og:url\" content=\"https:\/\/www.italyfamilyhotels.it\/fr\/hotels\/oleandri-resort\" \/>\n<meta property=\"og:site_name\" content=\"Italy Family Hotels\" \/>\n<meta property=\"article:publisher\" content=\"https:\/\/www.facebook.com\/ItalyFamilyHotels\/\" \/>\n<meta property=\"article:modified_time\" content=\"2023-04-06T12:29:57+00:00\" \/>\n<meta name=\"twitter:card\" content=\"summary_large_image\" \/>\n<meta name=\"twitter:label1\" content=\"Dur\u00e9e de lecture estim\u00e9e\" \/>\n\t<meta name=\"twitter:data1\" content=\"2 minutes\" \/>\n<script type=\"application\/ld+json\" class=\"yoast-schema-graph\">{\"@context\":\"https:\/\/schema.org\",\"@graph\":[{\"@type\":\"WebPage\",\"@id\":\"https:\/\/www.italyfamilyhotels.it\/fr\/hotels\/oleandri-resort\",\"url\":\"https:\/\/www.italyfamilyhotels.it\/fr\/hotels\/oleandri-resort\",\"name\":\"Oleandri Resort 4 \u00e9toiles, Paestum\",\"isPartOf\":{\"@id\":\"https:\/\/www.italyfamilyhotels.it\/#website\"},\"datePublished\":\"2023-01-26T08:27:13+00:00\",\"dateModified\":\"2023-04-06T12:29:57+00:00\",\"description\":\"Envie de vacances en famille\u00a0? D\u00e9couvrez les offres pour les familles de l'Oleandri Resort \u00e0 Paestum, dans le Cilento\",\"breadcrumb\":{\"@id\":\"https:\/\/www.italyfamilyhotels.it\/fr\/hotels\/oleandri-resort#breadcrumb\"},\"inLanguage\":\"fr-FR\",\"potentialAction\":[{\"@type\":\"ReadAction\",\"target\":[\"https:\/\/www.italyfamilyhotels.it\/fr\/hotels\/oleandri-resort\"]}]},{\"@type\":\"BreadcrumbList\",\"@id\":\"https:\/\/www.italyfamilyhotels.it\/fr\/hotels\/oleandri-resort#breadcrumb\",\"itemListElement\":[{\"@type\":\"ListItem\",\"position\":1,\"name\":\"Home\",\"item\":\"https:\/\/www.italyfamilyhotels.it\/fr\"},{\"@type\":\"ListItem\",\"position\":2,\"name\":\"Family Hotels\",\"item\":\"https:\/\/www.italyfamilyhotels.it\/fr\/hotels\"},{\"@type\":\"ListItem\",\"position\":3,\"name\":\"Oleandri Resort\"}]},{\"@type\":\"WebSite\",\"@id\":\"https:\/\/www.italyfamilyhotels.it\/#website\",\"url\":\"https:\/\/www.italyfamilyhotels.it\/\",\"name\":\"Italy Family Hotels\",\"description\":\"\",\"potentialAction\":[{\"@type\":\"SearchAction\",\"target\":{\"@type\":\"EntryPoint\",\"urlTemplate\":\"https:\/\/www.italyfamilyhotels.it\/?s={search_term_string}\"},\"query-input\":{\"@type\":\"PropertyValueSpecification\",\"valueRequired\":true,\"valueName\":\"search_term_string\"}}],\"inLanguage\":\"fr-FR\"}]}<\/script>\n<!-- \/ Yoast SEO plugin. -->","yoast_head_json":{"title":"Oleandri Resort 4 \u00e9toiles, Paestum","description":"Envie de vacances en famille\u00a0? D\u00e9couvrez les offres pour les familles de l'Oleandri Resort \u00e0 Paestum, dans le Cilento","robots":{"index":"index","follow":"follow","max-snippet":"max-snippet:-1","max-image-preview":"max-image-preview:large","max-video-preview":"max-video-preview:-1"},"canonical":"https:\/\/www.italyfamilyhotels.it\/fr\/hotels\/oleandri-resort","og_locale":"fr_FR","og_type":"article","og_title":"Oleandri Resort 4 \u00e9toiles, Paestum","og_description":"Envie de vacances en famille\u00a0? D\u00e9couvrez les offres pour les familles de l'Oleandri Resort \u00e0 Paestum, dans le Cilento","og_url":"https:\/\/www.italyfamilyhotels.it\/fr\/hotels\/oleandri-resort","og_site_name":"Italy Family Hotels","article_publisher":"https:\/\/www.facebook.com\/ItalyFamilyHotels\/","article_modified_time":"2023-04-06T12:29:57+00:00","twitter_card":"summary_large_image","twitter_misc":{"Dur\u00e9e de lecture estim\u00e9e":"2 minutes"},"schema":{"@context":"https:\/\/schema.org","@graph":[{"@type":"WebPage","@id":"https:\/\/www.italyfamilyhotels.it\/fr\/hotels\/oleandri-resort","url":"https:\/\/www.italyfamilyhotels.it\/fr\/hotels\/oleandri-resort","name":"Oleandri Resort 4 \u00e9toiles, Paestum","isPartOf":{"@id":"https:\/\/www.italyfamilyhotels.it\/#website"},"datePublished":"2023-01-26T08:27:13+00:00","dateModified":"2023-04-06T12:29:57+00:00","description":"Envie de vacances en famille\u00a0? D\u00e9couvrez les offres pour les familles de l'Oleandri Resort \u00e0 Paestum, dans le Cilento","breadcrumb":{"@id":"https:\/\/www.italyfamilyhotels.it\/fr\/hotels\/oleandri-resort#breadcrumb"},"inLanguage":"fr-FR","potentialAction":[{"@type":"ReadAction","target":["https:\/\/www.italyfamilyhotels.it\/fr\/hotels\/oleandri-resort"]}]},{"@type":"BreadcrumbList","@id":"https:\/\/www.italyfamilyhotels.it\/fr\/hotels\/oleandri-resort#breadcrumb","itemListElement":[{"@type":"ListItem","position":1,"name":"Home","item":"https:\/\/www.italyfamilyhotels.it\/fr"},{"@type":"ListItem","position":2,"name":"Family Hotels","item":"https:\/\/www.italyfamilyhotels.it\/fr\/hotels"},{"@type":"ListItem","position":3,"name":"Oleandri Resort"}]},{"@type":"WebSite","@id":"https:\/\/www.italyfamilyhotels.it\/#website","url":"https:\/\/www.italyfamilyhotels.it\/","name":"Italy Family Hotels","description":"","potentialAction":[{"@type":"SearchAction","target":{"@type":"EntryPoint","urlTemplate":"https:\/\/www.italyfamilyhotels.it\/?s={search_term_string}"},"query-input":{"@type":"PropertyValueSpecification","valueRequired":true,"valueName":"search_term_string"}}],"inLanguage":"fr-FR"}]}},"_links":{"self":[{"href":"https:\/\/www.italyfamilyhotels.it\/fr\/wp-json\/wp\/v2\/pages\/44462","targetHints":{"allow":["GET"]}}],"collection":[{"href":"https:\/\/www.italyfamilyhotels.it\/fr\/wp-json\/wp\/v2\/pages"}],"about":[{"href":"https:\/\/www.italyfamilyhotels.it\/fr\/wp-json\/wp\/v2\/types\/page"}],"author":[{"embeddable":true,"href":"https:\/\/www.italyfamilyhotels.it\/fr\/wp-json\/wp\/v2\/users\/1"}],"replies":[{"embeddable":true,"href":"https:\/\/www.italyfamilyhotels.it\/fr\/wp-json\/wp\/v2\/comments?post=44462"}],"version-history":[{"count":2,"href":"https:\/\/www.italyfamilyhotels.it\/fr\/wp-json\/wp\/v2\/pages\/44462\/revisions"}],"predecessor-version":[{"id":48790,"href":"https:\/\/www.italyfamilyhotels.it\/fr\/wp-json\/wp\/v2\/pages\/44462\/revisions\/48790"}],"up":[{"embeddable":true,"href":"https:\/\/www.italyfamilyhotels.it\/fr\/wp-json\/wp\/v2\/pages\/29729"}],"wp:attachment":[{"href":"https:\/\/www.italyfamilyhotels.it\/fr\/wp-json\/wp\/v2\/media?parent=44462"}],"curies":[{"name":"wp","href":"https:\/\/api.w.org\/{rel}","templated":true}]}}