{"id":44161,"date":"2023-01-24T15:56:12","date_gmt":"2023-01-24T14:56:12","guid":{"rendered":"https:\/\/www.italyfamilyhotels.it\/offres\/ligurie\/diano-marina"},"modified":"2023-01-25T15:47:40","modified_gmt":"2023-01-25T14:47:40","slug":"diano-marina","status":"publish","type":"page","link":"https:\/\/www.italyfamilyhotels.it\/fr\/offres\/ligurie\/diano-marina","title":{"rendered":"Diano Marina"},"content":{"rendered":"","protected":false},"excerpt":{"rendered":"","protected":false},"author":2,"featured_media":0,"parent":44141,"menu_order":0,"comment_status":"closed","ping_status":"closed","template":"page-templates\/offerte_localita.php","meta":{"_acf_changed":false,"inline_featured_image":false,"footnotes":""},"class_list":["post-44161","page","type-page","status-publish","hentry"],"acf":[],"yoast_head":"<!-- This site is optimized with the Yoast SEO plugin v27.1 - https:\/\/yoast.com\/product\/yoast-seo-wordpress\/ -->\n<title>Offres et forfaits pour familles \u00e0 Diano Marina en Ligurie<\/title>\n<meta name=\"description\" content=\"D\u00e9couvrez les offres des meilleurs h\u00f4tels pour familles \u00e0 Diano Marina\u00a0: profitez des forfaits et demandez un devis gratuit\u00a0!\" \/>\n<meta name=\"robots\" content=\"index, follow, max-snippet:-1, max-image-preview:large, max-video-preview:-1\" \/>\n<link rel=\"canonical\" href=\"https:\/\/www.italyfamilyhotels.it\/fr\/offres\/ligurie\/diano-marina\" \/>\n<meta property=\"og:locale\" content=\"fr_FR\" \/>\n<meta property=\"og:type\" content=\"article\" \/>\n<meta property=\"og:title\" content=\"Offres et forfaits pour familles \u00e0 Diano Marina en Ligurie\" \/>\n<meta property=\"og:description\" content=\"D\u00e9couvrez les offres des meilleurs h\u00f4tels pour familles \u00e0 Diano Marina\u00a0: profitez des forfaits et demandez un devis gratuit\u00a0!\" \/>\n<meta property=\"og:url\" content=\"https:\/\/www.italyfamilyhotels.it\/fr\/offres\/ligurie\/diano-marina\" \/>\n<meta property=\"og:site_name\" content=\"Italy Family Hotels\" \/>\n<meta property=\"article:publisher\" content=\"https:\/\/www.facebook.com\/ItalyFamilyHotels\/\" \/>\n<meta property=\"article:modified_time\" content=\"2023-01-25T14:47:40+00:00\" \/>\n<meta name=\"twitter:card\" content=\"summary_large_image\" \/>\n<script type=\"application\/ld+json\" class=\"yoast-schema-graph\">{\"@context\":\"https:\/\/schema.org\",\"@graph\":[{\"@type\":\"WebPage\",\"@id\":\"https:\/\/www.italyfamilyhotels.it\/fr\/offres\/ligurie\/diano-marina\",\"url\":\"https:\/\/www.italyfamilyhotels.it\/fr\/offres\/ligurie\/diano-marina\",\"name\":\"Offres et forfaits pour familles \u00e0 Diano Marina en Ligurie\",\"isPartOf\":{\"@id\":\"https:\/\/www.italyfamilyhotels.it\/#website\"},\"datePublished\":\"2023-01-24T14:56:12+00:00\",\"dateModified\":\"2023-01-25T14:47:40+00:00\",\"description\":\"D\u00e9couvrez les offres des meilleurs h\u00f4tels pour familles \u00e0 Diano Marina\u00a0: profitez des forfaits et demandez un devis gratuit\u00a0!\",\"breadcrumb\":{\"@id\":\"https:\/\/www.italyfamilyhotels.it\/fr\/offres\/ligurie\/diano-marina#breadcrumb\"},\"inLanguage\":\"fr-FR\",\"potentialAction\":[{\"@type\":\"ReadAction\",\"target\":[\"https:\/\/www.italyfamilyhotels.it\/fr\/offres\/ligurie\/diano-marina\"]}]},{\"@type\":\"BreadcrumbList\",\"@id\":\"https:\/\/www.italyfamilyhotels.it\/fr\/offres\/ligurie\/diano-marina#breadcrumb\",\"itemListElement\":[{\"@type\":\"ListItem\",\"position\":1,\"name\":\"Home\",\"item\":\"https:\/\/www.italyfamilyhotels.it\/fr\"},{\"@type\":\"ListItem\",\"position\":2,\"name\":\"Offres\",\"item\":\"https:\/\/www.italyfamilyhotels.it\/fr\/offres\"},{\"@type\":\"ListItem\",\"position\":3,\"name\":\"Ligurie\",\"item\":\"https:\/\/www.italyfamilyhotels.it\/fr\/offres\/ligurie\"},{\"@type\":\"ListItem\",\"position\":4,\"name\":\"Diano Marina\"}]},{\"@type\":\"WebSite\",\"@id\":\"https:\/\/www.italyfamilyhotels.it\/#website\",\"url\":\"https:\/\/www.italyfamilyhotels.it\/\",\"name\":\"Italy Family Hotels\",\"description\":\"\",\"potentialAction\":[{\"@type\":\"SearchAction\",\"target\":{\"@type\":\"EntryPoint\",\"urlTemplate\":\"https:\/\/www.italyfamilyhotels.it\/?s={search_term_string}\"},\"query-input\":{\"@type\":\"PropertyValueSpecification\",\"valueRequired\":true,\"valueName\":\"search_term_string\"}}],\"inLanguage\":\"fr-FR\"}]}<\/script>\n<!-- \/ Yoast SEO plugin. -->","yoast_head_json":{"title":"Offres et forfaits pour familles \u00e0 Diano Marina en Ligurie","description":"D\u00e9couvrez les offres des meilleurs h\u00f4tels pour familles \u00e0 Diano Marina\u00a0: profitez des forfaits et demandez un devis gratuit\u00a0!","robots":{"index":"index","follow":"follow","max-snippet":"max-snippet:-1","max-image-preview":"max-image-preview:large","max-video-preview":"max-video-preview:-1"},"canonical":"https:\/\/www.italyfamilyhotels.it\/fr\/offres\/ligurie\/diano-marina","og_locale":"fr_FR","og_type":"article","og_title":"Offres et forfaits pour familles \u00e0 Diano Marina en Ligurie","og_description":"D\u00e9couvrez les offres des meilleurs h\u00f4tels pour familles \u00e0 Diano Marina\u00a0: profitez des forfaits et demandez un devis gratuit\u00a0!","og_url":"https:\/\/www.italyfamilyhotels.it\/fr\/offres\/ligurie\/diano-marina","og_site_name":"Italy Family Hotels","article_publisher":"https:\/\/www.facebook.com\/ItalyFamilyHotels\/","article_modified_time":"2023-01-25T14:47:40+00:00","twitter_card":"summary_large_image","schema":{"@context":"https:\/\/schema.org","@graph":[{"@type":"WebPage","@id":"https:\/\/www.italyfamilyhotels.it\/fr\/offres\/ligurie\/diano-marina","url":"https:\/\/www.italyfamilyhotels.it\/fr\/offres\/ligurie\/diano-marina","name":"Offres et forfaits pour familles \u00e0 Diano Marina en Ligurie","isPartOf":{"@id":"https:\/\/www.italyfamilyhotels.it\/#website"},"datePublished":"2023-01-24T14:56:12+00:00","dateModified":"2023-01-25T14:47:40+00:00","description":"D\u00e9couvrez les offres des meilleurs h\u00f4tels pour familles \u00e0 Diano Marina\u00a0: profitez des forfaits et demandez un devis gratuit\u00a0!","breadcrumb":{"@id":"https:\/\/www.italyfamilyhotels.it\/fr\/offres\/ligurie\/diano-marina#breadcrumb"},"inLanguage":"fr-FR","potentialAction":[{"@type":"ReadAction","target":["https:\/\/www.italyfamilyhotels.it\/fr\/offres\/ligurie\/diano-marina"]}]},{"@type":"BreadcrumbList","@id":"https:\/\/www.italyfamilyhotels.it\/fr\/offres\/ligurie\/diano-marina#breadcrumb","itemListElement":[{"@type":"ListItem","position":1,"name":"Home","item":"https:\/\/www.italyfamilyhotels.it\/fr"},{"@type":"ListItem","position":2,"name":"Offres","item":"https:\/\/www.italyfamilyhotels.it\/fr\/offres"},{"@type":"ListItem","position":3,"name":"Ligurie","item":"https:\/\/www.italyfamilyhotels.it\/fr\/offres\/ligurie"},{"@type":"ListItem","position":4,"name":"Diano Marina"}]},{"@type":"WebSite","@id":"https:\/\/www.italyfamilyhotels.it\/#website","url":"https:\/\/www.italyfamilyhotels.it\/","name":"Italy Family Hotels","description":"","potentialAction":[{"@type":"SearchAction","target":{"@type":"EntryPoint","urlTemplate":"https:\/\/www.italyfamilyhotels.it\/?s={search_term_string}"},"query-input":{"@type":"PropertyValueSpecification","valueRequired":true,"valueName":"search_term_string"}}],"inLanguage":"fr-FR"}]}},"_links":{"self":[{"href":"https:\/\/www.italyfamilyhotels.it\/fr\/wp-json\/wp\/v2\/pages\/44161","targetHints":{"allow":["GET"]}}],"collection":[{"href":"https:\/\/www.italyfamilyhotels.it\/fr\/wp-json\/wp\/v2\/pages"}],"about":[{"href":"https:\/\/www.italyfamilyhotels.it\/fr\/wp-json\/wp\/v2\/types\/page"}],"author":[{"embeddable":true,"href":"https:\/\/www.italyfamilyhotels.it\/fr\/wp-json\/wp\/v2\/users\/2"}],"replies":[{"embeddable":true,"href":"https:\/\/www.italyfamilyhotels.it\/fr\/wp-json\/wp\/v2\/comments?post=44161"}],"version-history":[{"count":1,"href":"https:\/\/www.italyfamilyhotels.it\/fr\/wp-json\/wp\/v2\/pages\/44161\/revisions"}],"predecessor-version":[{"id":44274,"href":"https:\/\/www.italyfamilyhotels.it\/fr\/wp-json\/wp\/v2\/pages\/44161\/revisions\/44274"}],"up":[{"embeddable":true,"href":"https:\/\/www.italyfamilyhotels.it\/fr\/wp-json\/wp\/v2\/pages\/44141"}],"wp:attachment":[{"href":"https:\/\/www.italyfamilyhotels.it\/fr\/wp-json\/wp\/v2\/media?parent=44161"}],"curies":[{"name":"wp","href":"https:\/\/api.w.org\/{rel}","templated":true}]}}