{"id":44114,"date":"2023-01-23T15:52:01","date_gmt":"2023-01-23T14:52:01","guid":{"rendered":"https:\/\/www.italyfamilyhotels.it\/hotels\/das-muhlwald-quality-time-family-resort"},"modified":"2023-01-25T13:36:40","modified_gmt":"2023-01-25T12:36:40","slug":"das-muhlwald-quality-time-family-resort","status":"publish","type":"page","link":"https:\/\/www.italyfamilyhotels.it\/fr\/hotels\/das-muhlwald-quality-time-family-resort","title":{"rendered":"Das M\u00fchlwald &#8211; Quality time Family Resort"},"content":{"rendered":"\n<p>Prairies verdoyantes, vergers de pommiers \u00e0 perte de vue, montagnes et tranquillit\u00e9 : ici au <b>Das M\u00fchlwald &#8211; Quality Time Family Resort<\/b>, vous \u00eates le protagoniste de vacances en famille en contact \u00e9troit avec la nature du Tyrol du Sud. Prenez le temps de red\u00e9couvrir la beaut\u00e9 des petites choses en famille, pendant que nous nous occupons de votre bien-\u00eatre et du divertissement des plus petits.<\/p>\n\n\n\n<p>Chez nous, vous trouverez un monde fantastique d\u00e9di\u00e9 aux enfants, avec <b>60 heures de divertissement par semaine<\/b> et des activit\u00e9s organis\u00e9es par les douces nounous et notre <b>mascotte Milli<\/b>. Pour les <b>b\u00e9b\u00e9s<\/b>, nous proposons trois jours d\u2019<b>aide d\u00e9di\u00e9e. <\/b>L&#8217;espace ne manque certainement pas pour donner libre cours \u00e0 l\u2019imagination et \u00e0 la cr\u00e9ativit\u00e9 : l&#8217;aire de jeux th\u00e9matique, notamment avec un bobbycar pour des mini-d\u00e9fis amusants ou encore le <b>repaire de Milli<\/b>, un arbre grimpant de 3 \u00e9tages, la pelouse ext\u00e9rieure avec solarium, des jeux et m\u00eame une <b>petite ferme <\/b>habit\u00e9e par des poules, des lapins et des moutons.<\/p>\n\n\n\n<p>Ici, au <b>Das M\u00fchlwald<\/b>, vous trouverez une splendide <b>piscine \u00e0 d\u00e9bordement chauff\u00e9e<\/b>, avec bassin r\u00e9serv\u00e9 aux enfants et un <b>toboggan \u00e0 vague de 12 m\u00e8tres<\/b>, pour plonger dans le plaisir ! Nous disposons \u00e9galement d\u2019un <b>centre thermal<\/b> r\u00e9serv\u00e9 uniquement aux adultes, o\u00f9 maman et papa peuvent se d\u00e9tendre pendant que les enfants s&#8217;amusent avec les nounous, sans oublier le Monde Aquatique de Milli, l\u2019<b>espace bien-\u00eatre avec mousse et bain turc pour toute la famille<\/b>.<\/p>\n\n\n\n<p>Puis, il y a \u00e9galement l\u2019<b>exp\u00e9rience culinaire<\/b>&#8230; Laissez-vous conqu\u00e9rir par les <b>recettes traditionnelles du Tyrol du Sud<\/b>, pr\u00e9par\u00e9es avec les meilleures mati\u00e8res premi\u00e8res locales, sans oublier de laisser de la place pour le d\u00e9licieux <b>go\u00fbter <\/b>de l\u2019apr\u00e8s-midi. Les<b> enfants peuvent manger avec les nounous<\/b> et disposent m\u00eame d\u2019une <b>salle d\u00e9di\u00e9e avec buffet enfant<\/b> ouvert \u00e0 partir de 18h30, tandis que pour les tout-petits en phase de sevrage, vous trouverez un espace avec four \u00e0 micro-ondes, aliments pour b\u00e9b\u00e9s et biscuits toujours disponibles.<\/p>\n\n\n\n<p>Nos <b>chambres <\/b>sont toutes modernes et spacieuses, <b>id\u00e9ales pour les familles<\/b>. De plus, pour vous permettre de partir en toute l\u00e9g\u00e8ret\u00e9, nous mettons \u00e0 votre disposition (moyennant caution) une table \u00e0 langer, une bouilloire, un chauffe-biberon, une baignoire b\u00e9b\u00e9, un sac \u00e0 dos porte-b\u00e9b\u00e9 et une poussette.<\/p>\n","protected":false},"excerpt":{"rendered":"<p>Prairies verdoyantes, vergers de pommiers \u00e0 perte de vue, montagnes et tranquillit\u00e9 : ici au Das M\u00fchlwald &#8211; Quality Time Family Resort, vous \u00eates le protagoniste de vacances en famille en contact \u00e9troit avec la nature du Tyrol du Sud. Prenez le temps de red\u00e9couvrir la beaut\u00e9 des petites choses en famille, pendant que nous &hellip;<\/p>\n","protected":false},"author":1,"featured_media":0,"parent":29729,"menu_order":0,"comment_status":"closed","ping_status":"closed","template":"page-templates\/scheda_hotel.php","meta":{"_acf_changed":false,"inline_featured_image":false,"footnotes":""},"class_list":["post-44114","page","type-page","status-publish","hentry"],"acf":[],"yoast_head":"<!-- This site is optimized with the Yoast SEO plugin v27.1 - https:\/\/yoast.com\/product\/yoast-seo-wordpress\/ -->\n<title>Das M\u00fchlwald Quality Time Family Resort, 4*S \u00e0 Naz-Sciaves<\/title>\n<meta name=\"description\" content=\"Envie de vacances en famille\u00a0? D\u00e9couvrez les offres pour familles du Das M\u00fchlwald - Quality Time Family Resort \u00e0 Nas-Sciavez\u00a0!\" \/>\n<meta name=\"robots\" content=\"index, follow, max-snippet:-1, max-image-preview:large, max-video-preview:-1\" \/>\n<link rel=\"canonical\" href=\"https:\/\/www.italyfamilyhotels.it\/fr\/hotels\/das-muhlwald-quality-time-family-resort\" \/>\n<meta property=\"og:locale\" content=\"fr_FR\" \/>\n<meta property=\"og:type\" content=\"article\" \/>\n<meta property=\"og:title\" content=\"Das M\u00fchlwald Quality Time Family Resort, 4*S \u00e0 Naz-Sciaves\" \/>\n<meta property=\"og:description\" content=\"Envie de vacances en famille\u00a0? D\u00e9couvrez les offres pour familles du Das M\u00fchlwald - Quality Time Family Resort \u00e0 Nas-Sciavez\u00a0!\" \/>\n<meta property=\"og:url\" content=\"https:\/\/www.italyfamilyhotels.it\/fr\/hotels\/das-muhlwald-quality-time-family-resort\" \/>\n<meta property=\"og:site_name\" content=\"Italy Family Hotels\" \/>\n<meta property=\"article:publisher\" content=\"https:\/\/www.facebook.com\/ItalyFamilyHotels\/\" \/>\n<meta property=\"article:modified_time\" content=\"2023-01-25T12:36:40+00:00\" \/>\n<meta name=\"twitter:card\" content=\"summary_large_image\" \/>\n<meta name=\"twitter:label1\" content=\"Dur\u00e9e de lecture estim\u00e9e\" \/>\n\t<meta name=\"twitter:data1\" content=\"2 minutes\" \/>\n<script type=\"application\/ld+json\" class=\"yoast-schema-graph\">{\"@context\":\"https:\/\/schema.org\",\"@graph\":[{\"@type\":\"WebPage\",\"@id\":\"https:\/\/www.italyfamilyhotels.it\/fr\/hotels\/das-muhlwald-quality-time-family-resort\",\"url\":\"https:\/\/www.italyfamilyhotels.it\/fr\/hotels\/das-muhlwald-quality-time-family-resort\",\"name\":\"Das M\u00fchlwald Quality Time Family Resort, 4*S \u00e0 Naz-Sciaves\",\"isPartOf\":{\"@id\":\"https:\/\/www.italyfamilyhotels.it\/#website\"},\"datePublished\":\"2023-01-23T14:52:01+00:00\",\"dateModified\":\"2023-01-25T12:36:40+00:00\",\"description\":\"Envie de vacances en famille\u00a0? D\u00e9couvrez les offres pour familles du Das M\u00fchlwald - Quality Time Family Resort \u00e0 Nas-Sciavez\u00a0!\",\"breadcrumb\":{\"@id\":\"https:\/\/www.italyfamilyhotels.it\/fr\/hotels\/das-muhlwald-quality-time-family-resort#breadcrumb\"},\"inLanguage\":\"fr-FR\",\"potentialAction\":[{\"@type\":\"ReadAction\",\"target\":[\"https:\/\/www.italyfamilyhotels.it\/fr\/hotels\/das-muhlwald-quality-time-family-resort\"]}]},{\"@type\":\"BreadcrumbList\",\"@id\":\"https:\/\/www.italyfamilyhotels.it\/fr\/hotels\/das-muhlwald-quality-time-family-resort#breadcrumb\",\"itemListElement\":[{\"@type\":\"ListItem\",\"position\":1,\"name\":\"Home\",\"item\":\"https:\/\/www.italyfamilyhotels.it\/fr\"},{\"@type\":\"ListItem\",\"position\":2,\"name\":\"Family Hotels\",\"item\":\"https:\/\/www.italyfamilyhotels.it\/fr\/hotels\"},{\"@type\":\"ListItem\",\"position\":3,\"name\":\"Das M\u00fchlwald &#8211; Quality time Family Resort\"}]},{\"@type\":\"WebSite\",\"@id\":\"https:\/\/www.italyfamilyhotels.it\/#website\",\"url\":\"https:\/\/www.italyfamilyhotels.it\/\",\"name\":\"Italy Family Hotels\",\"description\":\"\",\"potentialAction\":[{\"@type\":\"SearchAction\",\"target\":{\"@type\":\"EntryPoint\",\"urlTemplate\":\"https:\/\/www.italyfamilyhotels.it\/?s={search_term_string}\"},\"query-input\":{\"@type\":\"PropertyValueSpecification\",\"valueRequired\":true,\"valueName\":\"search_term_string\"}}],\"inLanguage\":\"fr-FR\"}]}<\/script>\n<!-- \/ Yoast SEO plugin. -->","yoast_head_json":{"title":"Das M\u00fchlwald Quality Time Family Resort, 4*S \u00e0 Naz-Sciaves","description":"Envie de vacances en famille\u00a0? D\u00e9couvrez les offres pour familles du Das M\u00fchlwald - Quality Time Family Resort \u00e0 Nas-Sciavez\u00a0!","robots":{"index":"index","follow":"follow","max-snippet":"max-snippet:-1","max-image-preview":"max-image-preview:large","max-video-preview":"max-video-preview:-1"},"canonical":"https:\/\/www.italyfamilyhotels.it\/fr\/hotels\/das-muhlwald-quality-time-family-resort","og_locale":"fr_FR","og_type":"article","og_title":"Das M\u00fchlwald Quality Time Family Resort, 4*S \u00e0 Naz-Sciaves","og_description":"Envie de vacances en famille\u00a0? D\u00e9couvrez les offres pour familles du Das M\u00fchlwald - Quality Time Family Resort \u00e0 Nas-Sciavez\u00a0!","og_url":"https:\/\/www.italyfamilyhotels.it\/fr\/hotels\/das-muhlwald-quality-time-family-resort","og_site_name":"Italy Family Hotels","article_publisher":"https:\/\/www.facebook.com\/ItalyFamilyHotels\/","article_modified_time":"2023-01-25T12:36:40+00:00","twitter_card":"summary_large_image","twitter_misc":{"Dur\u00e9e de lecture estim\u00e9e":"2 minutes"},"schema":{"@context":"https:\/\/schema.org","@graph":[{"@type":"WebPage","@id":"https:\/\/www.italyfamilyhotels.it\/fr\/hotels\/das-muhlwald-quality-time-family-resort","url":"https:\/\/www.italyfamilyhotels.it\/fr\/hotels\/das-muhlwald-quality-time-family-resort","name":"Das M\u00fchlwald Quality Time Family Resort, 4*S \u00e0 Naz-Sciaves","isPartOf":{"@id":"https:\/\/www.italyfamilyhotels.it\/#website"},"datePublished":"2023-01-23T14:52:01+00:00","dateModified":"2023-01-25T12:36:40+00:00","description":"Envie de vacances en famille\u00a0? D\u00e9couvrez les offres pour familles du Das M\u00fchlwald - Quality Time Family Resort \u00e0 Nas-Sciavez\u00a0!","breadcrumb":{"@id":"https:\/\/www.italyfamilyhotels.it\/fr\/hotels\/das-muhlwald-quality-time-family-resort#breadcrumb"},"inLanguage":"fr-FR","potentialAction":[{"@type":"ReadAction","target":["https:\/\/www.italyfamilyhotels.it\/fr\/hotels\/das-muhlwald-quality-time-family-resort"]}]},{"@type":"BreadcrumbList","@id":"https:\/\/www.italyfamilyhotels.it\/fr\/hotels\/das-muhlwald-quality-time-family-resort#breadcrumb","itemListElement":[{"@type":"ListItem","position":1,"name":"Home","item":"https:\/\/www.italyfamilyhotels.it\/fr"},{"@type":"ListItem","position":2,"name":"Family Hotels","item":"https:\/\/www.italyfamilyhotels.it\/fr\/hotels"},{"@type":"ListItem","position":3,"name":"Das M\u00fchlwald &#8211; Quality time Family Resort"}]},{"@type":"WebSite","@id":"https:\/\/www.italyfamilyhotels.it\/#website","url":"https:\/\/www.italyfamilyhotels.it\/","name":"Italy Family Hotels","description":"","potentialAction":[{"@type":"SearchAction","target":{"@type":"EntryPoint","urlTemplate":"https:\/\/www.italyfamilyhotels.it\/?s={search_term_string}"},"query-input":{"@type":"PropertyValueSpecification","valueRequired":true,"valueName":"search_term_string"}}],"inLanguage":"fr-FR"}]}},"_links":{"self":[{"href":"https:\/\/www.italyfamilyhotels.it\/fr\/wp-json\/wp\/v2\/pages\/44114","targetHints":{"allow":["GET"]}}],"collection":[{"href":"https:\/\/www.italyfamilyhotels.it\/fr\/wp-json\/wp\/v2\/pages"}],"about":[{"href":"https:\/\/www.italyfamilyhotels.it\/fr\/wp-json\/wp\/v2\/types\/page"}],"author":[{"embeddable":true,"href":"https:\/\/www.italyfamilyhotels.it\/fr\/wp-json\/wp\/v2\/users\/1"}],"replies":[{"embeddable":true,"href":"https:\/\/www.italyfamilyhotels.it\/fr\/wp-json\/wp\/v2\/comments?post=44114"}],"version-history":[{"count":1,"href":"https:\/\/www.italyfamilyhotels.it\/fr\/wp-json\/wp\/v2\/pages\/44114\/revisions"}],"predecessor-version":[{"id":44115,"href":"https:\/\/www.italyfamilyhotels.it\/fr\/wp-json\/wp\/v2\/pages\/44114\/revisions\/44115"}],"up":[{"embeddable":true,"href":"https:\/\/www.italyfamilyhotels.it\/fr\/wp-json\/wp\/v2\/pages\/29729"}],"wp:attachment":[{"href":"https:\/\/www.italyfamilyhotels.it\/fr\/wp-json\/wp\/v2\/media?parent=44114"}],"curies":[{"name":"wp","href":"https:\/\/api.w.org\/{rel}","templated":true}]}}