{"id":44108,"date":"2023-01-23T15:50:54","date_gmt":"2023-01-23T14:50:54","guid":{"rendered":"https:\/\/www.italyfamilyhotels.it\/hotels\/family-resort-collection-cattolica"},"modified":"2023-01-23T15:53:50","modified_gmt":"2023-01-23T14:53:50","slug":"family-resort-collection-cattolica","status":"publish","type":"page","link":"https:\/\/www.italyfamilyhotels.it\/fr\/hotels\/family-resort-collection-cattolica","title":{"rendered":"Family Resort Collection\u00ae Cattolica"},"content":{"rendered":"\n<p>Ici, au <b>Family Resort Collection\u00ae Cattolica<\/b>, nous faisons de chaque jour de vacances une exp\u00e9rience familiale m\u00e9morable et sans soucis, gr\u00e2ce \u00e0 notre formule exclusive <b>Super All Inclusive<\/b>, incluant tous les services\u00a0! \u00c0 commencer par la <b>plage<\/b> <b>avec piscine<\/b> \u00e0 laquelle vous pouvez vous rendre <b>sans traverser de routes<\/b>, et o\u00f9 les animateurs attendent petits et grands pour de nombreuses animations ludiques.<\/p>\n\n\n\n<p>Si vous pr\u00e9f\u00e9rez rester \u00e0 l&#8217;h\u00f4tel, vous y trouverez un grand jardin avec <b>piscine panoramique<\/b>, solarium,<b> aire de jeux et structures gonflables<\/b>, pour le plaisir de clients de tous \u00e2ges. Chez nous, les enfants et ados <b>de 4 \u00e0 16 ans, <\/b>sont les protagonistes d&#8217;un programme de divertissement original et engageant, avec <b>7 jours d&#8217;activit\u00e9s<\/b>, spectacles, soir\u00e9es \u00e0 th\u00e8me sur la plage, la piscine et l&#8217;h\u00f4tel.<\/p>\n\n\n\n<p>Nous aimons \u00e9galement les choyer avec de d\u00e9licieux <b>go\u00fbters<\/b>, de la <b>cr\u00e8me glac\u00e9e, des b\u00e2tonnets glac\u00e9s et des granit\u00e9s <\/b>disponibles 24 heures sur 24, et nous leur proposons \u00e9galement de <b>d\u00e9jeuner et de d\u00eener avec les animateurs<\/b>, pour qu\u2019ils s&#8217;amusent \u00e0 table avec leurs nouveaux amis de vacances, pour se rendre imm\u00e9diatement apr\u00e8s dans notre <b>salle de jeux th\u00e9matique interne<\/b>\u00a0!<\/p>\n\n\n\n<p>Nous n&#8217;avons pas oubli\u00e9 les mamans et les papas, qui peuvent s&#8217;offrir le luxe de se d\u00e9tendre sur la plage et au bord de la piscine, en profitant de notre <b>excellente cuisine<\/b> pr\u00e9sent\u00e9e avec <b>show-cooking<\/b>, ou encore participer aux s\u00e9ances de r\u00e9veil musculaire, aux danses de groupe et aux balades \u00e0 v\u00e9lo, pour finalement retomber en enfance avec les spectacles du soir.<\/p>\n\n\n\n<p>Dans la chambre et la salle \u00e0 manger, vous trouverez tout ce dont vous avez besoin pour <b>voyager avec des enfants en bas \u00e2ge<\/b>, outre l\u2019<b>espace d\u00e9di\u00e9 aux bouillies <\/b>et <b>menu enfants<\/b>. \u00c0 ce sujet\u00a0: Nous rappelons que, chez nous, <b>2 enfants jusqu&#8217;\u00e0 16 ans sont toujours nos invit\u00e9s<\/b> et que nous vous accueillons tous avec notre exclusif<b> kit de bienvenue Family Resort Collection\u00ae<\/b> contenant un shopper en toile, une gourde et un album d\u2019autocollants !<\/p>\n","protected":false},"excerpt":{"rendered":"<p>Ici, au Family Resort Collection\u00ae Cattolica, nous faisons de chaque jour de vacances une exp\u00e9rience familiale m\u00e9morable et sans soucis, gr\u00e2ce \u00e0 notre formule exclusive Super All Inclusive, incluant tous les services\u00a0! \u00c0 commencer par la plage avec piscine \u00e0 laquelle vous pouvez vous rendre sans traverser de routes, et o\u00f9 les animateurs attendent petits &hellip;<\/p>\n","protected":false},"author":1,"featured_media":0,"parent":29729,"menu_order":0,"comment_status":"closed","ping_status":"closed","template":"page-templates\/scheda_hotel.php","meta":{"_acf_changed":false,"inline_featured_image":false,"footnotes":""},"class_list":["post-44108","page","type-page","status-publish","hentry"],"acf":[],"yoast_head":"<!-- This site is optimized with the Yoast SEO plugin v27.1 - https:\/\/yoast.com\/product\/yoast-seo-wordpress\/ -->\n<title>Family Resort Collection\u00ae Cattolica 3 \u00e9toiles Superior, Cattolica<\/title>\n<meta name=\"description\" content=\"Envie de vacances en famille ? D\u00e9couvrez les offres pour familles du Family Resort Collection\u00ae Cattolica \u00e0 Cattolica\" \/>\n<meta name=\"robots\" content=\"index, follow, max-snippet:-1, max-image-preview:large, max-video-preview:-1\" \/>\n<link rel=\"canonical\" href=\"https:\/\/www.italyfamilyhotels.it\/fr\/hotels\/family-resort-collection-cattolica\" \/>\n<meta property=\"og:locale\" content=\"fr_FR\" \/>\n<meta property=\"og:type\" content=\"article\" \/>\n<meta property=\"og:title\" content=\"Family Resort Collection\u00ae Cattolica 3 \u00e9toiles Superior, Cattolica\" \/>\n<meta property=\"og:description\" content=\"Envie de vacances en famille ? D\u00e9couvrez les offres pour familles du Family Resort Collection\u00ae Cattolica \u00e0 Cattolica\" \/>\n<meta property=\"og:url\" content=\"https:\/\/www.italyfamilyhotels.it\/fr\/hotels\/family-resort-collection-cattolica\" \/>\n<meta property=\"og:site_name\" content=\"Italy Family Hotels\" \/>\n<meta property=\"article:publisher\" content=\"https:\/\/www.facebook.com\/ItalyFamilyHotels\/\" \/>\n<meta property=\"article:modified_time\" content=\"2023-01-23T14:53:50+00:00\" \/>\n<meta name=\"twitter:card\" content=\"summary_large_image\" \/>\n<meta name=\"twitter:label1\" content=\"Dur\u00e9e de lecture estim\u00e9e\" \/>\n\t<meta name=\"twitter:data1\" content=\"2 minutes\" \/>\n<script type=\"application\/ld+json\" class=\"yoast-schema-graph\">{\"@context\":\"https:\/\/schema.org\",\"@graph\":[{\"@type\":\"WebPage\",\"@id\":\"https:\/\/www.italyfamilyhotels.it\/fr\/hotels\/family-resort-collection-cattolica\",\"url\":\"https:\/\/www.italyfamilyhotels.it\/fr\/hotels\/family-resort-collection-cattolica\",\"name\":\"Family Resort Collection\u00ae Cattolica 3 \u00e9toiles Superior, Cattolica\",\"isPartOf\":{\"@id\":\"https:\/\/www.italyfamilyhotels.it\/#website\"},\"datePublished\":\"2023-01-23T14:50:54+00:00\",\"dateModified\":\"2023-01-23T14:53:50+00:00\",\"description\":\"Envie de vacances en famille ? D\u00e9couvrez les offres pour familles du Family Resort Collection\u00ae Cattolica \u00e0 Cattolica\",\"breadcrumb\":{\"@id\":\"https:\/\/www.italyfamilyhotels.it\/fr\/hotels\/family-resort-collection-cattolica#breadcrumb\"},\"inLanguage\":\"fr-FR\",\"potentialAction\":[{\"@type\":\"ReadAction\",\"target\":[\"https:\/\/www.italyfamilyhotels.it\/fr\/hotels\/family-resort-collection-cattolica\"]}]},{\"@type\":\"BreadcrumbList\",\"@id\":\"https:\/\/www.italyfamilyhotels.it\/fr\/hotels\/family-resort-collection-cattolica#breadcrumb\",\"itemListElement\":[{\"@type\":\"ListItem\",\"position\":1,\"name\":\"Home\",\"item\":\"https:\/\/www.italyfamilyhotels.it\/fr\"},{\"@type\":\"ListItem\",\"position\":2,\"name\":\"Family Hotels\",\"item\":\"https:\/\/www.italyfamilyhotels.it\/fr\/hotels\"},{\"@type\":\"ListItem\",\"position\":3,\"name\":\"Family Resort Collection\u00ae Cattolica\"}]},{\"@type\":\"WebSite\",\"@id\":\"https:\/\/www.italyfamilyhotels.it\/#website\",\"url\":\"https:\/\/www.italyfamilyhotels.it\/\",\"name\":\"Italy Family Hotels\",\"description\":\"\",\"potentialAction\":[{\"@type\":\"SearchAction\",\"target\":{\"@type\":\"EntryPoint\",\"urlTemplate\":\"https:\/\/www.italyfamilyhotels.it\/?s={search_term_string}\"},\"query-input\":{\"@type\":\"PropertyValueSpecification\",\"valueRequired\":true,\"valueName\":\"search_term_string\"}}],\"inLanguage\":\"fr-FR\"}]}<\/script>\n<!-- \/ Yoast SEO plugin. -->","yoast_head_json":{"title":"Family Resort Collection\u00ae Cattolica 3 \u00e9toiles Superior, Cattolica","description":"Envie de vacances en famille ? D\u00e9couvrez les offres pour familles du Family Resort Collection\u00ae Cattolica \u00e0 Cattolica","robots":{"index":"index","follow":"follow","max-snippet":"max-snippet:-1","max-image-preview":"max-image-preview:large","max-video-preview":"max-video-preview:-1"},"canonical":"https:\/\/www.italyfamilyhotels.it\/fr\/hotels\/family-resort-collection-cattolica","og_locale":"fr_FR","og_type":"article","og_title":"Family Resort Collection\u00ae Cattolica 3 \u00e9toiles Superior, Cattolica","og_description":"Envie de vacances en famille ? D\u00e9couvrez les offres pour familles du Family Resort Collection\u00ae Cattolica \u00e0 Cattolica","og_url":"https:\/\/www.italyfamilyhotels.it\/fr\/hotels\/family-resort-collection-cattolica","og_site_name":"Italy Family Hotels","article_publisher":"https:\/\/www.facebook.com\/ItalyFamilyHotels\/","article_modified_time":"2023-01-23T14:53:50+00:00","twitter_card":"summary_large_image","twitter_misc":{"Dur\u00e9e de lecture estim\u00e9e":"2 minutes"},"schema":{"@context":"https:\/\/schema.org","@graph":[{"@type":"WebPage","@id":"https:\/\/www.italyfamilyhotels.it\/fr\/hotels\/family-resort-collection-cattolica","url":"https:\/\/www.italyfamilyhotels.it\/fr\/hotels\/family-resort-collection-cattolica","name":"Family Resort Collection\u00ae Cattolica 3 \u00e9toiles Superior, Cattolica","isPartOf":{"@id":"https:\/\/www.italyfamilyhotels.it\/#website"},"datePublished":"2023-01-23T14:50:54+00:00","dateModified":"2023-01-23T14:53:50+00:00","description":"Envie de vacances en famille ? D\u00e9couvrez les offres pour familles du Family Resort Collection\u00ae Cattolica \u00e0 Cattolica","breadcrumb":{"@id":"https:\/\/www.italyfamilyhotels.it\/fr\/hotels\/family-resort-collection-cattolica#breadcrumb"},"inLanguage":"fr-FR","potentialAction":[{"@type":"ReadAction","target":["https:\/\/www.italyfamilyhotels.it\/fr\/hotels\/family-resort-collection-cattolica"]}]},{"@type":"BreadcrumbList","@id":"https:\/\/www.italyfamilyhotels.it\/fr\/hotels\/family-resort-collection-cattolica#breadcrumb","itemListElement":[{"@type":"ListItem","position":1,"name":"Home","item":"https:\/\/www.italyfamilyhotels.it\/fr"},{"@type":"ListItem","position":2,"name":"Family Hotels","item":"https:\/\/www.italyfamilyhotels.it\/fr\/hotels"},{"@type":"ListItem","position":3,"name":"Family Resort Collection\u00ae Cattolica"}]},{"@type":"WebSite","@id":"https:\/\/www.italyfamilyhotels.it\/#website","url":"https:\/\/www.italyfamilyhotels.it\/","name":"Italy Family Hotels","description":"","potentialAction":[{"@type":"SearchAction","target":{"@type":"EntryPoint","urlTemplate":"https:\/\/www.italyfamilyhotels.it\/?s={search_term_string}"},"query-input":{"@type":"PropertyValueSpecification","valueRequired":true,"valueName":"search_term_string"}}],"inLanguage":"fr-FR"}]}},"_links":{"self":[{"href":"https:\/\/www.italyfamilyhotels.it\/fr\/wp-json\/wp\/v2\/pages\/44108","targetHints":{"allow":["GET"]}}],"collection":[{"href":"https:\/\/www.italyfamilyhotels.it\/fr\/wp-json\/wp\/v2\/pages"}],"about":[{"href":"https:\/\/www.italyfamilyhotels.it\/fr\/wp-json\/wp\/v2\/types\/page"}],"author":[{"embeddable":true,"href":"https:\/\/www.italyfamilyhotels.it\/fr\/wp-json\/wp\/v2\/users\/1"}],"replies":[{"embeddable":true,"href":"https:\/\/www.italyfamilyhotels.it\/fr\/wp-json\/wp\/v2\/comments?post=44108"}],"version-history":[{"count":1,"href":"https:\/\/www.italyfamilyhotels.it\/fr\/wp-json\/wp\/v2\/pages\/44108\/revisions"}],"predecessor-version":[{"id":44109,"href":"https:\/\/www.italyfamilyhotels.it\/fr\/wp-json\/wp\/v2\/pages\/44108\/revisions\/44109"}],"up":[{"embeddable":true,"href":"https:\/\/www.italyfamilyhotels.it\/fr\/wp-json\/wp\/v2\/pages\/29729"}],"wp:attachment":[{"href":"https:\/\/www.italyfamilyhotels.it\/fr\/wp-json\/wp\/v2\/media?parent=44108"}],"curies":[{"name":"wp","href":"https:\/\/api.w.org\/{rel}","templated":true}]}}