{"id":44106,"date":"2023-01-23T15:50:37","date_gmt":"2023-01-23T14:50:37","guid":{"rendered":"https:\/\/www.italyfamilyhotels.it\/hotels\/hotel-neptune"},"modified":"2023-01-25T13:43:13","modified_gmt":"2023-01-25T12:43:13","slug":"hotel-nettuno","status":"publish","type":"page","link":"https:\/\/www.italyfamilyhotels.it\/fr\/hotels\/hotel-nettuno","title":{"rendered":"H\u00f4tel Nettuno"},"content":{"rendered":"\n<p>Ici \u00e0 l\u2019<b>H\u00f4tel Nettuno de Jesolo<\/b>, nous aimons accueillir les familles avec une touche d\u2019exclusivit\u00e9 ! Nous nous trouvons <b>devant une plage priv\u00e9e<\/b>, \u00e0 laquelle vous pouvez vous rendre avec vos enfants sans traverser de routes, Bref, la d\u00e9tente est \u00e0 port\u00e9e de main et le divertissement est garanti pour les plus petits, en collaboration avec l&#8217;\u00e9quipe d&#8217;animation.<\/p>\n\n\n\n<p>Gr\u00e2ce \u00e0 cet emplacement extr\u00eamement pratique, vous pouvez d\u00e9cider de revenir \u00e0 l&#8217;h\u00f4tel quand vous le souhaitez, par exemple pour un plongeon dans la piscine&#8230; ou plut\u00f4t, dans nos<b> quatre piscines<\/b>&nbsp;: une ext\u00e9rieure pour les enfants, avec eau peu profonde et toboggan, une pour maman et papa, ainsi que deux autres int\u00e9rieures chauff\u00e9es. Ainsi, chacun a son propre espace pour jouer en toute s\u00e9curit\u00e9 ou se d\u00e9tendre.<\/p>\n\n\n\n<p>Et, en parlant de touche exclusive, tandis que les enfants se laissent conqu\u00e9rir par les <b>activit\u00e9s organis\u00e9es par l&#8217;animatrice sur la plage et \u00e0 l&#8217;h\u00f4tel<\/b>, vous pouvez vous offrir des moments r\u00e9g\u00e9n\u00e9rants de <b>bien-\u00eatre au spa<\/b>, entre saunas, douches aromatiques et bains \u00e0 remous. Si vous pr\u00e9f\u00e9rez partager ce moment avec toute la famille, profitez des <b>traitements <\/b>pour petits et grands, comme les <b>massages pour enfants, la p\u00e9dicure et la manucure<\/b>&nbsp;!<\/p>\n\n\n\n<p>Animations, centre thermal, plongeons dans la piscine, farniente sur la plage&#8230; Le moment est venu de chatouiller les papilles de toute la famille, avec une <b>exp\u00e9rience gourmande<\/b> et <b>m\u00e9morable<\/b>. Pendant les <b>show-cookings<\/b> propos\u00e9s chaque jour, nos Chefs transforment les meilleures mati\u00e8res premi\u00e8res locales \u00e0 0 km en chefs-d&#8217;\u0153uvre de saveurs, avec des plats qui r\u00e9pondent aux envies et aux besoins de chacun, et m\u00eame \u00e0 qui souffre d&#8217;intol\u00e9rances alimentaires : en effet, nous disposons du <b>Certificat AIC<\/b>. Pour les <b>enfants<\/b>, nous pr\u00e9parons des <b>plats sains et savoureux<\/b> et, en accord avec les parents, la <b>nourriture pour le servage des b\u00e9b\u00e9s<\/b>.<\/p>\n\n\n\n<p>Ici, \u00e0 l&#8217;H\u00f4tel Nettuno, m\u00eame le moment du coucher est un r\u00eave \u00e0 partager en famille : vous y trouverez de <b>grandes chambres<\/b> avec <b>tout ce dont vous avez besoin pour les enfants<\/b>, comme un berceau, une table \u00e0 langer, une baignoire b\u00e9b\u00e9 et un r\u00e9ducteur WC.<\/p>\n","protected":false},"excerpt":{"rendered":"<p>Ici \u00e0 l\u2019H\u00f4tel Nettuno de Jesolo, nous aimons accueillir les familles avec une touche d\u2019exclusivit\u00e9 ! Nous nous trouvons devant une plage priv\u00e9e, \u00e0 laquelle vous pouvez vous rendre avec vos enfants sans traverser de routes, Bref, la d\u00e9tente est \u00e0 port\u00e9e de main et le divertissement est garanti pour les plus petits, en collaboration &hellip;<\/p>\n","protected":false},"author":1,"featured_media":0,"parent":29729,"menu_order":0,"comment_status":"closed","ping_status":"closed","template":"page-templates\/scheda_hotel.php","meta":{"_acf_changed":false,"inline_featured_image":false,"footnotes":""},"class_list":["post-44106","page","type-page","status-publish","hentry"],"acf":[],"yoast_head":"<!-- This site is optimized with the Yoast SEO plugin v27.1 - https:\/\/yoast.com\/product\/yoast-seo-wordpress\/ -->\n<title>Hotel Nettuno 4 \u00e9toiles \u00e0 Lido di Jesolo pr\u00e8s de Venise<\/title>\n<meta name=\"description\" content=\"Envie de vacances en famille ? D\u00e9couvrez les offres pour familles de l&#039;Hotel Nettuno \u00e0 Lido di Jesolo pr\u00e8s de Venise!\" \/>\n<meta name=\"robots\" content=\"index, follow, max-snippet:-1, max-image-preview:large, max-video-preview:-1\" \/>\n<link rel=\"canonical\" href=\"https:\/\/www.italyfamilyhotels.it\/fr\/hotels\/hotel-nettuno\" \/>\n<meta property=\"og:locale\" content=\"fr_FR\" \/>\n<meta property=\"og:type\" content=\"article\" \/>\n<meta property=\"og:title\" content=\"Hotel Nettuno 4 \u00e9toiles \u00e0 Lido di Jesolo pr\u00e8s de Venise\" \/>\n<meta property=\"og:description\" content=\"Envie de vacances en famille ? D\u00e9couvrez les offres pour familles de l&#039;Hotel Nettuno \u00e0 Lido di Jesolo pr\u00e8s de Venise!\" \/>\n<meta property=\"og:url\" content=\"https:\/\/www.italyfamilyhotels.it\/fr\/hotels\/hotel-nettuno\" \/>\n<meta property=\"og:site_name\" content=\"Italy Family Hotels\" \/>\n<meta property=\"article:publisher\" content=\"https:\/\/www.facebook.com\/ItalyFamilyHotels\/\" \/>\n<meta property=\"article:modified_time\" content=\"2023-01-25T12:43:13+00:00\" \/>\n<meta name=\"twitter:card\" content=\"summary_large_image\" \/>\n<meta name=\"twitter:label1\" content=\"Dur\u00e9e de lecture estim\u00e9e\" \/>\n\t<meta name=\"twitter:data1\" content=\"2 minutes\" \/>\n<script type=\"application\/ld+json\" class=\"yoast-schema-graph\">{\"@context\":\"https:\/\/schema.org\",\"@graph\":[{\"@type\":\"WebPage\",\"@id\":\"https:\/\/www.italyfamilyhotels.it\/fr\/hotels\/hotel-nettuno\",\"url\":\"https:\/\/www.italyfamilyhotels.it\/fr\/hotels\/hotel-nettuno\",\"name\":\"Hotel Nettuno 4 \u00e9toiles \u00e0 Lido di Jesolo pr\u00e8s de Venise\",\"isPartOf\":{\"@id\":\"https:\/\/www.italyfamilyhotels.it\/#website\"},\"datePublished\":\"2023-01-23T14:50:37+00:00\",\"dateModified\":\"2023-01-25T12:43:13+00:00\",\"description\":\"Envie de vacances en famille ? D\u00e9couvrez les offres pour familles de l'Hotel Nettuno \u00e0 Lido di Jesolo pr\u00e8s de Venise!\",\"breadcrumb\":{\"@id\":\"https:\/\/www.italyfamilyhotels.it\/fr\/hotels\/hotel-nettuno#breadcrumb\"},\"inLanguage\":\"fr-FR\",\"potentialAction\":[{\"@type\":\"ReadAction\",\"target\":[\"https:\/\/www.italyfamilyhotels.it\/fr\/hotels\/hotel-nettuno\"]}]},{\"@type\":\"BreadcrumbList\",\"@id\":\"https:\/\/www.italyfamilyhotels.it\/fr\/hotels\/hotel-nettuno#breadcrumb\",\"itemListElement\":[{\"@type\":\"ListItem\",\"position\":1,\"name\":\"Home\",\"item\":\"https:\/\/www.italyfamilyhotels.it\/fr\"},{\"@type\":\"ListItem\",\"position\":2,\"name\":\"Family Hotels\",\"item\":\"https:\/\/www.italyfamilyhotels.it\/fr\/hotels\"},{\"@type\":\"ListItem\",\"position\":3,\"name\":\"H\u00f4tel Nettuno\"}]},{\"@type\":\"WebSite\",\"@id\":\"https:\/\/www.italyfamilyhotels.it\/#website\",\"url\":\"https:\/\/www.italyfamilyhotels.it\/\",\"name\":\"Italy Family Hotels\",\"description\":\"\",\"potentialAction\":[{\"@type\":\"SearchAction\",\"target\":{\"@type\":\"EntryPoint\",\"urlTemplate\":\"https:\/\/www.italyfamilyhotels.it\/?s={search_term_string}\"},\"query-input\":{\"@type\":\"PropertyValueSpecification\",\"valueRequired\":true,\"valueName\":\"search_term_string\"}}],\"inLanguage\":\"fr-FR\"}]}<\/script>\n<!-- \/ Yoast SEO plugin. -->","yoast_head_json":{"title":"Hotel Nettuno 4 \u00e9toiles \u00e0 Lido di Jesolo pr\u00e8s de Venise","description":"Envie de vacances en famille ? D\u00e9couvrez les offres pour familles de l'Hotel Nettuno \u00e0 Lido di Jesolo pr\u00e8s de Venise!","robots":{"index":"index","follow":"follow","max-snippet":"max-snippet:-1","max-image-preview":"max-image-preview:large","max-video-preview":"max-video-preview:-1"},"canonical":"https:\/\/www.italyfamilyhotels.it\/fr\/hotels\/hotel-nettuno","og_locale":"fr_FR","og_type":"article","og_title":"Hotel Nettuno 4 \u00e9toiles \u00e0 Lido di Jesolo pr\u00e8s de Venise","og_description":"Envie de vacances en famille ? D\u00e9couvrez les offres pour familles de l'Hotel Nettuno \u00e0 Lido di Jesolo pr\u00e8s de Venise!","og_url":"https:\/\/www.italyfamilyhotels.it\/fr\/hotels\/hotel-nettuno","og_site_name":"Italy Family Hotels","article_publisher":"https:\/\/www.facebook.com\/ItalyFamilyHotels\/","article_modified_time":"2023-01-25T12:43:13+00:00","twitter_card":"summary_large_image","twitter_misc":{"Dur\u00e9e de lecture estim\u00e9e":"2 minutes"},"schema":{"@context":"https:\/\/schema.org","@graph":[{"@type":"WebPage","@id":"https:\/\/www.italyfamilyhotels.it\/fr\/hotels\/hotel-nettuno","url":"https:\/\/www.italyfamilyhotels.it\/fr\/hotels\/hotel-nettuno","name":"Hotel Nettuno 4 \u00e9toiles \u00e0 Lido di Jesolo pr\u00e8s de Venise","isPartOf":{"@id":"https:\/\/www.italyfamilyhotels.it\/#website"},"datePublished":"2023-01-23T14:50:37+00:00","dateModified":"2023-01-25T12:43:13+00:00","description":"Envie de vacances en famille ? D\u00e9couvrez les offres pour familles de l'Hotel Nettuno \u00e0 Lido di Jesolo pr\u00e8s de Venise!","breadcrumb":{"@id":"https:\/\/www.italyfamilyhotels.it\/fr\/hotels\/hotel-nettuno#breadcrumb"},"inLanguage":"fr-FR","potentialAction":[{"@type":"ReadAction","target":["https:\/\/www.italyfamilyhotels.it\/fr\/hotels\/hotel-nettuno"]}]},{"@type":"BreadcrumbList","@id":"https:\/\/www.italyfamilyhotels.it\/fr\/hotels\/hotel-nettuno#breadcrumb","itemListElement":[{"@type":"ListItem","position":1,"name":"Home","item":"https:\/\/www.italyfamilyhotels.it\/fr"},{"@type":"ListItem","position":2,"name":"Family Hotels","item":"https:\/\/www.italyfamilyhotels.it\/fr\/hotels"},{"@type":"ListItem","position":3,"name":"H\u00f4tel Nettuno"}]},{"@type":"WebSite","@id":"https:\/\/www.italyfamilyhotels.it\/#website","url":"https:\/\/www.italyfamilyhotels.it\/","name":"Italy Family Hotels","description":"","potentialAction":[{"@type":"SearchAction","target":{"@type":"EntryPoint","urlTemplate":"https:\/\/www.italyfamilyhotels.it\/?s={search_term_string}"},"query-input":{"@type":"PropertyValueSpecification","valueRequired":true,"valueName":"search_term_string"}}],"inLanguage":"fr-FR"}]}},"_links":{"self":[{"href":"https:\/\/www.italyfamilyhotels.it\/fr\/wp-json\/wp\/v2\/pages\/44106","targetHints":{"allow":["GET"]}}],"collection":[{"href":"https:\/\/www.italyfamilyhotels.it\/fr\/wp-json\/wp\/v2\/pages"}],"about":[{"href":"https:\/\/www.italyfamilyhotels.it\/fr\/wp-json\/wp\/v2\/types\/page"}],"author":[{"embeddable":true,"href":"https:\/\/www.italyfamilyhotels.it\/fr\/wp-json\/wp\/v2\/users\/1"}],"replies":[{"embeddable":true,"href":"https:\/\/www.italyfamilyhotels.it\/fr\/wp-json\/wp\/v2\/comments?post=44106"}],"version-history":[{"count":2,"href":"https:\/\/www.italyfamilyhotels.it\/fr\/wp-json\/wp\/v2\/pages\/44106\/revisions"}],"predecessor-version":[{"id":44399,"href":"https:\/\/www.italyfamilyhotels.it\/fr\/wp-json\/wp\/v2\/pages\/44106\/revisions\/44399"}],"up":[{"embeddable":true,"href":"https:\/\/www.italyfamilyhotels.it\/fr\/wp-json\/wp\/v2\/pages\/29729"}],"wp:attachment":[{"href":"https:\/\/www.italyfamilyhotels.it\/fr\/wp-json\/wp\/v2\/media?parent=44106"}],"curies":[{"name":"wp","href":"https:\/\/api.w.org\/{rel}","templated":true}]}}