{"id":44102,"date":"2023-01-23T15:50:03","date_gmt":"2023-01-23T14:50:03","guid":{"rendered":"https:\/\/www.italyfamilyhotels.it\/hotels\/club-family-hotel-best-family"},"modified":"2023-02-07T16:41:45","modified_gmt":"2023-02-07T15:41:45","slug":"club-family-hotel-best-family","status":"publish","type":"page","link":"https:\/\/www.italyfamilyhotels.it\/fr\/hotels\/club-family-hotel-best-family","title":{"rendered":"Club Family Hotel Best Family"},"content":{"rendered":"\n<p>Au<b>&nbsp;Club Family Hotel Best Family de Riccione<\/b>, c\u2019est toujours l\u2019heure de jouer ! Nous accueillons votre famille pour des vacances pleines de divertissement et de joie pour petits et grands. Notre \u00e9quipe d&#8217;animateurs professionnels organise,<b>&nbsp;tous les jours<\/b>,&nbsp;<b>13 heures d&#8217;activit\u00e9s \u00e0 l&#8217;h\u00f4tel et \u00e0 la plage<\/b>, pour tous les enfants et adolescents qui ont envie de jouer, explorer et se faire de nouveaux amis.<\/p>\n\n\n\n<p>Ainsi, maman et papa pourront se d\u00e9tendre et profiter de leurs vacances en toute tranquillit\u00e9 : sur la&nbsp;<b>plage situ\u00e9e juste en face<\/b>, avec parasol et transats r\u00e9serv\u00e9s, nager ou faire de l&#8217;aquagym dans l&#8217;exclusive&nbsp;<b>piscine panoramique<\/b>&nbsp;situ\u00e9e au dernier \u00e9tage, avec bain \u00e0 remous, cascade et solarium \u00e9quip\u00e9, ou encore faire du shopping dans les magasins de la toute proche Viale Ceccarini.<\/p>\n\n\n\n<p>Notre&nbsp;<b>piscine chauff\u00e9e<\/b>&nbsp;dispose \u00e9galement d\u2019un&nbsp;<b>espace b\u00e9b\u00e9 avec eau peu profonde<\/b>, constamment surveill\u00e9e par les ma\u00eetres-nageurs, afin que les enfants puissent nager en toute s\u00e9curit\u00e9. Et ce n&#8217;est pas tout, car nos petits voyageurs disposent \u00e9galement de nombreux espaces ext\u00e9rieurs pour s&#8217;amuser, sans oublier la&nbsp;<b>Play Sport Arena<\/b>&nbsp;o\u00f9 jouer au football et au basket.<\/p>\n\n\n\n<p>Avec la formule sp\u00e9ciale&nbsp;<b>Top Quality All Inclusive\u00ae, \u00e9galement avec open bar H24&nbsp;<\/b>\u00e0 la plage, \u00e0 la piscine et \u00e0 l&#8217;h\u00f4tel, et avec tous les services inclus, c&#8217;est comme vivre des vacances dans un village au c\u0153ur de Riccione ! Vos enfants et vous-m\u00eame pourrez profiter \u00e0 tout moment de boissons non alcoolis\u00e9es et de boissons de caf\u00e9t\u00e9ria, de jus de fruits naturels, de jus d&#8217;alo\u00e8s, de glaces et de granit\u00e9s.<\/p>\n\n\n\n<p>Du petit-d\u00e9jeuner au d\u00e9jeuner en passant par le d\u00eener, vivez une exp\u00e9rience m\u00e9morable, gr\u00e2ce \u00e0 la proposition riche et vari\u00e9e que nos Chefs vous pr\u00e9sentent \u00e0 travers la<b>&nbsp;cuisine ouverte<\/b>. Les&nbsp;<b>enfants trouveront un d\u00e9licieux buffet d\u00e9di\u00e9<\/b>, tandis que les b\u00e9b\u00e9s auront \u00e0 leur disposition un&nbsp;<b>espace bouillies toujours ouvert<\/b>, avec tout le n\u00e9cessaire pour le sevrage : bouillons, pur\u00e9es, petites p\u00e2tes.<\/p>\n\n\n\n<p>Nos\u00a0<b>chambres familiales<\/b>\u00a0sont soign\u00e9es dans les moindres d\u00e9tails, accueillantes et spacieuses, parfaites pour qui voyage avec des enfants. Pour cela, nous fournissons \u00e9galement un\u00a0<b>kit b\u00e9b\u00e9<\/b>\u00a0avec berceaux, barri\u00e8res lat\u00e9rales, veilleuses, baignoire b\u00e9b\u00e9 et r\u00e9ducteur WC.<\/p>\n\n\n\n<p>Tu connais la nouveaut\u00e9 ? Pendant tout l&#8217;\u00e9t\u00e9,<strong> avec un s\u00e9jour minimum de 6 nuits, nous offrons \u00e0 toute ta famille les billets pour Mirabilandia<\/strong>, le parc d&#8217;attractions le plus c\u00e9l\u00e8bre de Romagne!<\/p>\n","protected":false},"excerpt":{"rendered":"<p>Au&nbsp;Club Family Hotel Best Family de Riccione, c\u2019est toujours l\u2019heure de jouer ! Nous accueillons votre famille pour des vacances pleines de divertissement et de joie pour petits et grands. Notre \u00e9quipe d&#8217;animateurs professionnels organise,&nbsp;tous les jours,&nbsp;13 heures d&#8217;activit\u00e9s \u00e0 l&#8217;h\u00f4tel et \u00e0 la plage, pour tous les enfants et adolescents qui ont envie de &hellip;<\/p>\n","protected":false},"author":547,"featured_media":0,"parent":29729,"menu_order":0,"comment_status":"closed","ping_status":"closed","template":"page-templates\/scheda_hotel.php","meta":{"_acf_changed":false,"inline_featured_image":false,"footnotes":""},"class_list":["post-44102","page","type-page","status-publish","hentry"],"acf":[],"yoast_head":"<!-- This site is optimized with the Yoast SEO plugin v27.1 - https:\/\/yoast.com\/product\/yoast-seo-wordpress\/ -->\n<title>Club Family Hotel Best Family 3 \u00e9toiles Superior, Riccione<\/title>\n<meta name=\"description\" content=\"Envie de vacances en famille ? D\u00e9couvrez les offres pour familles du Club Family Hotel Best Family \u00e0 Riccione\" \/>\n<meta name=\"robots\" content=\"index, follow, max-snippet:-1, max-image-preview:large, max-video-preview:-1\" \/>\n<link rel=\"canonical\" href=\"https:\/\/www.italyfamilyhotels.it\/fr\/hotels\/club-family-hotel-best-family\" \/>\n<meta property=\"og:locale\" content=\"fr_FR\" \/>\n<meta property=\"og:type\" content=\"article\" \/>\n<meta property=\"og:title\" content=\"Club Family Hotel Best Family 3 \u00e9toiles Superior, Riccione\" \/>\n<meta property=\"og:description\" content=\"Envie de vacances en famille ? D\u00e9couvrez les offres pour familles du Club Family Hotel Best Family \u00e0 Riccione\" \/>\n<meta property=\"og:url\" content=\"https:\/\/www.italyfamilyhotels.it\/fr\/hotels\/club-family-hotel-best-family\" \/>\n<meta property=\"og:site_name\" content=\"Italy Family Hotels\" \/>\n<meta property=\"article:publisher\" content=\"https:\/\/www.facebook.com\/ItalyFamilyHotels\/\" \/>\n<meta property=\"article:modified_time\" content=\"2023-02-07T15:41:45+00:00\" \/>\n<meta name=\"twitter:card\" content=\"summary_large_image\" \/>\n<meta name=\"twitter:label1\" content=\"Dur\u00e9e de lecture estim\u00e9e\" \/>\n\t<meta name=\"twitter:data1\" content=\"2 minutes\" \/>\n<script type=\"application\/ld+json\" class=\"yoast-schema-graph\">{\"@context\":\"https:\/\/schema.org\",\"@graph\":[{\"@type\":\"WebPage\",\"@id\":\"https:\/\/www.italyfamilyhotels.it\/fr\/hotels\/club-family-hotel-best-family\",\"url\":\"https:\/\/www.italyfamilyhotels.it\/fr\/hotels\/club-family-hotel-best-family\",\"name\":\"Club Family Hotel Best Family 3 \u00e9toiles Superior, Riccione\",\"isPartOf\":{\"@id\":\"https:\/\/www.italyfamilyhotels.it\/#website\"},\"datePublished\":\"2023-01-23T14:50:03+00:00\",\"dateModified\":\"2023-02-07T15:41:45+00:00\",\"description\":\"Envie de vacances en famille ? D\u00e9couvrez les offres pour familles du Club Family Hotel Best Family \u00e0 Riccione\",\"breadcrumb\":{\"@id\":\"https:\/\/www.italyfamilyhotels.it\/fr\/hotels\/club-family-hotel-best-family#breadcrumb\"},\"inLanguage\":\"fr-FR\",\"potentialAction\":[{\"@type\":\"ReadAction\",\"target\":[\"https:\/\/www.italyfamilyhotels.it\/fr\/hotels\/club-family-hotel-best-family\"]}]},{\"@type\":\"BreadcrumbList\",\"@id\":\"https:\/\/www.italyfamilyhotels.it\/fr\/hotels\/club-family-hotel-best-family#breadcrumb\",\"itemListElement\":[{\"@type\":\"ListItem\",\"position\":1,\"name\":\"Home\",\"item\":\"https:\/\/www.italyfamilyhotels.it\/fr\"},{\"@type\":\"ListItem\",\"position\":2,\"name\":\"Family Hotels\",\"item\":\"https:\/\/www.italyfamilyhotels.it\/fr\/hotels\"},{\"@type\":\"ListItem\",\"position\":3,\"name\":\"Club Family Hotel Best Family\"}]},{\"@type\":\"WebSite\",\"@id\":\"https:\/\/www.italyfamilyhotels.it\/#website\",\"url\":\"https:\/\/www.italyfamilyhotels.it\/\",\"name\":\"Italy Family Hotels\",\"description\":\"\",\"potentialAction\":[{\"@type\":\"SearchAction\",\"target\":{\"@type\":\"EntryPoint\",\"urlTemplate\":\"https:\/\/www.italyfamilyhotels.it\/?s={search_term_string}\"},\"query-input\":{\"@type\":\"PropertyValueSpecification\",\"valueRequired\":true,\"valueName\":\"search_term_string\"}}],\"inLanguage\":\"fr-FR\"}]}<\/script>\n<!-- \/ Yoast SEO plugin. -->","yoast_head_json":{"title":"Club Family Hotel Best Family 3 \u00e9toiles Superior, Riccione","description":"Envie de vacances en famille ? D\u00e9couvrez les offres pour familles du Club Family Hotel Best Family \u00e0 Riccione","robots":{"index":"index","follow":"follow","max-snippet":"max-snippet:-1","max-image-preview":"max-image-preview:large","max-video-preview":"max-video-preview:-1"},"canonical":"https:\/\/www.italyfamilyhotels.it\/fr\/hotels\/club-family-hotel-best-family","og_locale":"fr_FR","og_type":"article","og_title":"Club Family Hotel Best Family 3 \u00e9toiles Superior, Riccione","og_description":"Envie de vacances en famille ? D\u00e9couvrez les offres pour familles du Club Family Hotel Best Family \u00e0 Riccione","og_url":"https:\/\/www.italyfamilyhotels.it\/fr\/hotels\/club-family-hotel-best-family","og_site_name":"Italy Family Hotels","article_publisher":"https:\/\/www.facebook.com\/ItalyFamilyHotels\/","article_modified_time":"2023-02-07T15:41:45+00:00","twitter_card":"summary_large_image","twitter_misc":{"Dur\u00e9e de lecture estim\u00e9e":"2 minutes"},"schema":{"@context":"https:\/\/schema.org","@graph":[{"@type":"WebPage","@id":"https:\/\/www.italyfamilyhotels.it\/fr\/hotels\/club-family-hotel-best-family","url":"https:\/\/www.italyfamilyhotels.it\/fr\/hotels\/club-family-hotel-best-family","name":"Club Family Hotel Best Family 3 \u00e9toiles Superior, Riccione","isPartOf":{"@id":"https:\/\/www.italyfamilyhotels.it\/#website"},"datePublished":"2023-01-23T14:50:03+00:00","dateModified":"2023-02-07T15:41:45+00:00","description":"Envie de vacances en famille ? D\u00e9couvrez les offres pour familles du Club Family Hotel Best Family \u00e0 Riccione","breadcrumb":{"@id":"https:\/\/www.italyfamilyhotels.it\/fr\/hotels\/club-family-hotel-best-family#breadcrumb"},"inLanguage":"fr-FR","potentialAction":[{"@type":"ReadAction","target":["https:\/\/www.italyfamilyhotels.it\/fr\/hotels\/club-family-hotel-best-family"]}]},{"@type":"BreadcrumbList","@id":"https:\/\/www.italyfamilyhotels.it\/fr\/hotels\/club-family-hotel-best-family#breadcrumb","itemListElement":[{"@type":"ListItem","position":1,"name":"Home","item":"https:\/\/www.italyfamilyhotels.it\/fr"},{"@type":"ListItem","position":2,"name":"Family Hotels","item":"https:\/\/www.italyfamilyhotels.it\/fr\/hotels"},{"@type":"ListItem","position":3,"name":"Club Family Hotel Best Family"}]},{"@type":"WebSite","@id":"https:\/\/www.italyfamilyhotels.it\/#website","url":"https:\/\/www.italyfamilyhotels.it\/","name":"Italy Family Hotels","description":"","potentialAction":[{"@type":"SearchAction","target":{"@type":"EntryPoint","urlTemplate":"https:\/\/www.italyfamilyhotels.it\/?s={search_term_string}"},"query-input":{"@type":"PropertyValueSpecification","valueRequired":true,"valueName":"search_term_string"}}],"inLanguage":"fr-FR"}]}},"_links":{"self":[{"href":"https:\/\/www.italyfamilyhotels.it\/fr\/wp-json\/wp\/v2\/pages\/44102","targetHints":{"allow":["GET"]}}],"collection":[{"href":"https:\/\/www.italyfamilyhotels.it\/fr\/wp-json\/wp\/v2\/pages"}],"about":[{"href":"https:\/\/www.italyfamilyhotels.it\/fr\/wp-json\/wp\/v2\/types\/page"}],"author":[{"embeddable":true,"href":"https:\/\/www.italyfamilyhotels.it\/fr\/wp-json\/wp\/v2\/users\/547"}],"replies":[{"embeddable":true,"href":"https:\/\/www.italyfamilyhotels.it\/fr\/wp-json\/wp\/v2\/comments?post=44102"}],"version-history":[{"count":2,"href":"https:\/\/www.italyfamilyhotels.it\/fr\/wp-json\/wp\/v2\/pages\/44102\/revisions"}],"predecessor-version":[{"id":45720,"href":"https:\/\/www.italyfamilyhotels.it\/fr\/wp-json\/wp\/v2\/pages\/44102\/revisions\/45720"}],"up":[{"embeddable":true,"href":"https:\/\/www.italyfamilyhotels.it\/fr\/wp-json\/wp\/v2\/pages\/29729"}],"wp:attachment":[{"href":"https:\/\/www.italyfamilyhotels.it\/fr\/wp-json\/wp\/v2\/media?parent=44102"}],"curies":[{"name":"wp","href":"https:\/\/api.w.org\/{rel}","templated":true}]}}