{"id":44096,"date":"2023-01-23T15:49:29","date_gmt":"2023-01-23T14:49:29","guid":{"rendered":"https:\/\/www.italyfamilyhotels.it\/hotels\/club-family-hotel-michelangelo"},"modified":"2023-02-07T16:43:08","modified_gmt":"2023-02-07T15:43:08","slug":"club-family-hotel-michelangelo","status":"publish","type":"page","link":"https:\/\/www.italyfamilyhotels.it\/fr\/hotels\/club-family-hotel-michelangelo","title":{"rendered":"Club Family Hotel Michelangelo"},"content":{"rendered":"\n<p>Chez nous, au&nbsp;<b>Club Family Hotel Michelangelo<\/b>&nbsp;de&nbsp;<b>Milano Marittima<\/b>,&nbsp;<i>\u00ab&nbsp;les enfants et leurs r\u00eaves inspirent chaque service&nbsp;\u00bb<\/i>&nbsp;! Notre formule gagnante est l&#8217;exclusive&nbsp;<b>Top Quality All Inclusive\u00ae<\/b>, qui pr\u00e9voit notamment un service<b> open bar H24&nbsp;<\/b>avec boissons comprises et \u00e0 volont\u00e9 pour vous et vos enfants, sur la plage, au bord de la piscine et \u00e0 l&#8217;h\u00f4tel.<\/p>\n\n\n\n<p>Le programme d\u00e9di\u00e9 aux plus petits est tr\u00e8s riche, avec&nbsp;<b>13 heures d&#8217;animation et de divertissement<\/b>&nbsp;!&nbsp;Munissez-vous de&nbsp;<b>Dina, le go\u00fbter,<\/b> et rendez-vous \u00e0 la plage o\u00f9 l\u2019<b>\u00e9quipe d&#8217;animation<\/b>&nbsp;organise des jeux et des tournois dynamiques, tandis que vous pourrez vous d\u00e9tendre dans l\u2019espace r\u00e9serv\u00e9 \u00e0 votre famille. Les activit\u00e9s ne s&#8217;arr\u00eatent jamais et se poursuivent de 9h00 \u00e0 22h00 : ateliers cr\u00e9atifs, Art Attack, chasse au tr\u00e9sor sur <b>la plage, \u00e0 l\u2019h\u00f4tel et \u00e0 la piscine<\/b>. Et oui, car avec nous, vous trouverez une fabuleuse&nbsp;<b>pataugeoire pour enfants<\/b>&nbsp;immerg\u00e9e dans la tranquillit\u00e9 de notre <b>jardin<\/b>, avec&nbsp;une <b>piscine chauff\u00e9e<\/b>&nbsp;et un toboggan color\u00e9.&nbsp;Vous trouverez \u00e9galement une&nbsp;<b>immense aire de jeux de 250 m\u00b2<\/b>&nbsp;surplombant la piscine, \u00e9galement avec un&nbsp;<b>espaces moelleux<\/b>&nbsp;r\u00e9serv\u00e9 aux tout-petits, que vous pouvez \u00e9galement confier aux soins de nos&nbsp;<b>nounous<\/b>.<\/p>\n\n\n\n<p>Les vacances en famille continuent \u00e0&nbsp;<b>table<\/b>, avec une exp\u00e9rience toujours diff\u00e9rente et engageante : un&nbsp;<b>petit-d\u00e9jeuner de champions<\/b>,&nbsp;une <b>cuisine ouverte<\/b>&nbsp;pour le d\u00e9jeuner et le d\u00eener, de d\u00e9licieux ap\u00e9ritifs, le Coin du Ghiottone ou le super go\u00fbter de l&#8217;apr\u00e8s-midi, ainsi que la possibilit\u00e9 de d\u00e9guster des hot-dogs, des glaces, des granit\u00e9s et des b\u00e2tonnets glac\u00e9s toute la journ\u00e9e. Terminez la journ\u00e9e avec les d\u00e9licieuses surprises du soir pour v\u00e9ritables gourmands : donuts, fontaine de chocolat, barbe \u00e0 papa, pop-corn. Nous aimons choyer les palais de toute la famille avec une exp\u00e9rience gastronomique m\u00e9morable. De plus, les&nbsp;<b>enfants peuvent d\u00eener avec les animateurs<\/b>.<\/p>\n\n\n\n<p>M\u00eame l&#8217;heure du coucher chez nous est au format famille : nous disposons de vastes&nbsp;<b>chambres familiales<\/b>, \u00e9galement communicantes,&nbsp;des <b>suites et suites juniors<\/b>, \u00e9l\u00e9gantes et accueillantes, dans lesquelles nous mettons \u00e0 votre disposition un&nbsp;<b>kit b\u00e9b\u00e9<\/b>&nbsp;avec lit de camping, table \u00e0 langer gonflable, barri\u00e8res lat\u00e9rales, baignoires pour b\u00e9b\u00e9s, r\u00e9ducteurs de toilettes et veilleuses.<\/p>\n\n\n\n<p>Tu connais la nouveaut\u00e9 ? Pendant tout l&#8217;\u00e9t\u00e9,<strong> avec un s\u00e9jour minimum de 6 nuits, nous offrons \u00e0 toute ta famille les billets pour Mirabilandia<\/strong>, le parc d&#8217;attractions le plus c\u00e9l\u00e8bre de Romagne!<\/p>\n","protected":false},"excerpt":{"rendered":"<p>Chez nous, au&nbsp;Club Family Hotel Michelangelo&nbsp;de&nbsp;Milano Marittima,&nbsp;\u00ab&nbsp;les enfants et leurs r\u00eaves inspirent chaque service&nbsp;\u00bb&nbsp;! Notre formule gagnante est l&#8217;exclusive&nbsp;Top Quality All Inclusive\u00ae, qui pr\u00e9voit notamment un service open bar H24&nbsp;avec boissons comprises et \u00e0 volont\u00e9 pour vous et vos enfants, sur la plage, au bord de la piscine et \u00e0 l&#8217;h\u00f4tel. Le programme d\u00e9di\u00e9 aux &hellip;<\/p>\n","protected":false},"author":544,"featured_media":0,"parent":29729,"menu_order":0,"comment_status":"closed","ping_status":"closed","template":"page-templates\/scheda_hotel.php","meta":{"_acf_changed":false,"inline_featured_image":false,"footnotes":""},"class_list":["post-44096","page","type-page","status-publish","hentry"],"acf":[],"yoast_head":"<!-- This site is optimized with the Yoast SEO plugin v27.1 - https:\/\/yoast.com\/product\/yoast-seo-wordpress\/ -->\n<title>Club Family Hotel Michelangelo 4 \u00e9toiles, Milano Marittima<\/title>\n<meta name=\"description\" content=\"Envie de vacances en famille ? D\u00e9couvrez les offres pour familles du Club Family Hotel Michelangelo \u00e0 Milano Marittima\" \/>\n<meta name=\"robots\" content=\"index, follow, max-snippet:-1, max-image-preview:large, max-video-preview:-1\" \/>\n<link rel=\"canonical\" href=\"https:\/\/www.italyfamilyhotels.it\/fr\/hotels\/club-family-hotel-michelangelo\" \/>\n<meta property=\"og:locale\" content=\"fr_FR\" \/>\n<meta property=\"og:type\" content=\"article\" \/>\n<meta property=\"og:title\" content=\"Club Family Hotel Michelangelo 4 \u00e9toiles, Milano Marittima\" \/>\n<meta property=\"og:description\" content=\"Envie de vacances en famille ? D\u00e9couvrez les offres pour familles du Club Family Hotel Michelangelo \u00e0 Milano Marittima\" \/>\n<meta property=\"og:url\" content=\"https:\/\/www.italyfamilyhotels.it\/fr\/hotels\/club-family-hotel-michelangelo\" \/>\n<meta property=\"og:site_name\" content=\"Italy Family Hotels\" \/>\n<meta property=\"article:publisher\" content=\"https:\/\/www.facebook.com\/ItalyFamilyHotels\/\" \/>\n<meta property=\"article:modified_time\" content=\"2023-02-07T15:43:08+00:00\" \/>\n<meta name=\"twitter:card\" content=\"summary_large_image\" \/>\n<meta name=\"twitter:label1\" content=\"Dur\u00e9e de lecture estim\u00e9e\" \/>\n\t<meta name=\"twitter:data1\" content=\"2 minutes\" \/>\n<script type=\"application\/ld+json\" class=\"yoast-schema-graph\">{\"@context\":\"https:\/\/schema.org\",\"@graph\":[{\"@type\":\"WebPage\",\"@id\":\"https:\/\/www.italyfamilyhotels.it\/fr\/hotels\/club-family-hotel-michelangelo\",\"url\":\"https:\/\/www.italyfamilyhotels.it\/fr\/hotels\/club-family-hotel-michelangelo\",\"name\":\"Club Family Hotel Michelangelo 4 \u00e9toiles, Milano Marittima\",\"isPartOf\":{\"@id\":\"https:\/\/www.italyfamilyhotels.it\/#website\"},\"datePublished\":\"2023-01-23T14:49:29+00:00\",\"dateModified\":\"2023-02-07T15:43:08+00:00\",\"description\":\"Envie de vacances en famille ? D\u00e9couvrez les offres pour familles du Club Family Hotel Michelangelo \u00e0 Milano Marittima\",\"breadcrumb\":{\"@id\":\"https:\/\/www.italyfamilyhotels.it\/fr\/hotels\/club-family-hotel-michelangelo#breadcrumb\"},\"inLanguage\":\"fr-FR\",\"potentialAction\":[{\"@type\":\"ReadAction\",\"target\":[\"https:\/\/www.italyfamilyhotels.it\/fr\/hotels\/club-family-hotel-michelangelo\"]}]},{\"@type\":\"BreadcrumbList\",\"@id\":\"https:\/\/www.italyfamilyhotels.it\/fr\/hotels\/club-family-hotel-michelangelo#breadcrumb\",\"itemListElement\":[{\"@type\":\"ListItem\",\"position\":1,\"name\":\"Home\",\"item\":\"https:\/\/www.italyfamilyhotels.it\/fr\"},{\"@type\":\"ListItem\",\"position\":2,\"name\":\"Family Hotels\",\"item\":\"https:\/\/www.italyfamilyhotels.it\/fr\/hotels\"},{\"@type\":\"ListItem\",\"position\":3,\"name\":\"Club Family Hotel Michelangelo\"}]},{\"@type\":\"WebSite\",\"@id\":\"https:\/\/www.italyfamilyhotels.it\/#website\",\"url\":\"https:\/\/www.italyfamilyhotels.it\/\",\"name\":\"Italy Family Hotels\",\"description\":\"\",\"potentialAction\":[{\"@type\":\"SearchAction\",\"target\":{\"@type\":\"EntryPoint\",\"urlTemplate\":\"https:\/\/www.italyfamilyhotels.it\/?s={search_term_string}\"},\"query-input\":{\"@type\":\"PropertyValueSpecification\",\"valueRequired\":true,\"valueName\":\"search_term_string\"}}],\"inLanguage\":\"fr-FR\"}]}<\/script>\n<!-- \/ Yoast SEO plugin. -->","yoast_head_json":{"title":"Club Family Hotel Michelangelo 4 \u00e9toiles, Milano Marittima","description":"Envie de vacances en famille ? D\u00e9couvrez les offres pour familles du Club Family Hotel Michelangelo \u00e0 Milano Marittima","robots":{"index":"index","follow":"follow","max-snippet":"max-snippet:-1","max-image-preview":"max-image-preview:large","max-video-preview":"max-video-preview:-1"},"canonical":"https:\/\/www.italyfamilyhotels.it\/fr\/hotels\/club-family-hotel-michelangelo","og_locale":"fr_FR","og_type":"article","og_title":"Club Family Hotel Michelangelo 4 \u00e9toiles, Milano Marittima","og_description":"Envie de vacances en famille ? D\u00e9couvrez les offres pour familles du Club Family Hotel Michelangelo \u00e0 Milano Marittima","og_url":"https:\/\/www.italyfamilyhotels.it\/fr\/hotels\/club-family-hotel-michelangelo","og_site_name":"Italy Family Hotels","article_publisher":"https:\/\/www.facebook.com\/ItalyFamilyHotels\/","article_modified_time":"2023-02-07T15:43:08+00:00","twitter_card":"summary_large_image","twitter_misc":{"Dur\u00e9e de lecture estim\u00e9e":"2 minutes"},"schema":{"@context":"https:\/\/schema.org","@graph":[{"@type":"WebPage","@id":"https:\/\/www.italyfamilyhotels.it\/fr\/hotels\/club-family-hotel-michelangelo","url":"https:\/\/www.italyfamilyhotels.it\/fr\/hotels\/club-family-hotel-michelangelo","name":"Club Family Hotel Michelangelo 4 \u00e9toiles, Milano Marittima","isPartOf":{"@id":"https:\/\/www.italyfamilyhotels.it\/#website"},"datePublished":"2023-01-23T14:49:29+00:00","dateModified":"2023-02-07T15:43:08+00:00","description":"Envie de vacances en famille ? D\u00e9couvrez les offres pour familles du Club Family Hotel Michelangelo \u00e0 Milano Marittima","breadcrumb":{"@id":"https:\/\/www.italyfamilyhotels.it\/fr\/hotels\/club-family-hotel-michelangelo#breadcrumb"},"inLanguage":"fr-FR","potentialAction":[{"@type":"ReadAction","target":["https:\/\/www.italyfamilyhotels.it\/fr\/hotels\/club-family-hotel-michelangelo"]}]},{"@type":"BreadcrumbList","@id":"https:\/\/www.italyfamilyhotels.it\/fr\/hotels\/club-family-hotel-michelangelo#breadcrumb","itemListElement":[{"@type":"ListItem","position":1,"name":"Home","item":"https:\/\/www.italyfamilyhotels.it\/fr"},{"@type":"ListItem","position":2,"name":"Family Hotels","item":"https:\/\/www.italyfamilyhotels.it\/fr\/hotels"},{"@type":"ListItem","position":3,"name":"Club Family Hotel Michelangelo"}]},{"@type":"WebSite","@id":"https:\/\/www.italyfamilyhotels.it\/#website","url":"https:\/\/www.italyfamilyhotels.it\/","name":"Italy Family Hotels","description":"","potentialAction":[{"@type":"SearchAction","target":{"@type":"EntryPoint","urlTemplate":"https:\/\/www.italyfamilyhotels.it\/?s={search_term_string}"},"query-input":{"@type":"PropertyValueSpecification","valueRequired":true,"valueName":"search_term_string"}}],"inLanguage":"fr-FR"}]}},"_links":{"self":[{"href":"https:\/\/www.italyfamilyhotels.it\/fr\/wp-json\/wp\/v2\/pages\/44096","targetHints":{"allow":["GET"]}}],"collection":[{"href":"https:\/\/www.italyfamilyhotels.it\/fr\/wp-json\/wp\/v2\/pages"}],"about":[{"href":"https:\/\/www.italyfamilyhotels.it\/fr\/wp-json\/wp\/v2\/types\/page"}],"author":[{"embeddable":true,"href":"https:\/\/www.italyfamilyhotels.it\/fr\/wp-json\/wp\/v2\/users\/544"}],"replies":[{"embeddable":true,"href":"https:\/\/www.italyfamilyhotels.it\/fr\/wp-json\/wp\/v2\/comments?post=44096"}],"version-history":[{"count":2,"href":"https:\/\/www.italyfamilyhotels.it\/fr\/wp-json\/wp\/v2\/pages\/44096\/revisions"}],"predecessor-version":[{"id":45723,"href":"https:\/\/www.italyfamilyhotels.it\/fr\/wp-json\/wp\/v2\/pages\/44096\/revisions\/45723"}],"up":[{"embeddable":true,"href":"https:\/\/www.italyfamilyhotels.it\/fr\/wp-json\/wp\/v2\/pages\/29729"}],"wp:attachment":[{"href":"https:\/\/www.italyfamilyhotels.it\/fr\/wp-json\/wp\/v2\/media?parent=44096"}],"curies":[{"name":"wp","href":"https:\/\/api.w.org\/{rel}","templated":true}]}}