{"id":44085,"date":"2023-01-23T15:45:28","date_gmt":"2023-01-23T14:45:28","guid":{"rendered":"https:\/\/www.italyfamilyhotels.it\/hotels\/hotel-domina-parco-dello-stelvio"},"modified":"2023-01-23T15:53:40","modified_gmt":"2023-01-23T14:53:40","slug":"hotel-domina-parco-dello-stelvio","status":"publish","type":"page","link":"https:\/\/www.italyfamilyhotels.it\/fr\/hotels\/hotel-domina-parco-dello-stelvio","title":{"rendered":"H\u00f4tel Domina Parco dello Stelvio"},"content":{"rendered":"\n<p>Notre <b>h\u00f4tel pour familles<\/b> est entour\u00e9 par les bois de la <b>Vall\u00e9e de Pejo<\/b>, dans le cadre magique du <b>Parc national du Stelvio<\/b>. Nous aimons accueillir les familles avec chaleur et de nombreux services d\u00e9di\u00e9s, et notamment <b>des espaces s\u00fbrs o\u00f9 les enfants peuvent s&#8217;amuser<\/b>, tandis que les parents ont la possibilit\u00e9 de passer des vacances reposantes.<\/p>\n\n\n\n<p>Le <b>personnel d&#8217;animation<\/b> implique que les plus petits, <b>\u00e0 partir de 3 ans, dans des activit\u00e9s fantastiques non-stop<\/b>, aussi bien dans la salle d\u00e9di\u00e9e qu\u2019au <b>Mini Club<\/b>, ou encore dans l\u2019<b>aire de jeux ext\u00e9rieure<\/b> o\u00f9 ils feront connaissance avec l&#8217;\u00e2ne Caterina et la ch\u00e8vre Minnie ! Et, entre un atelier et une promenade, un plongeon dans notre <b>piscine<\/b> <b>chauff\u00e9e<\/b> s\u2019impose.<\/p>\n\n\n\n<p>Gr\u00e2ce \u00e0 son <b>emplacement privil\u00e9gi\u00e9<\/b> directement sur les<b> pistes et \u00e0 c\u00f4t\u00e9 du Snowpark de Blanche-Neige<\/b>, en hiver, vous pourrez skier tout en laissant les enfants s&#8217;amuser dans l&#8217;une des plus belles aires de jeux de neige du Val di Sole.<\/p>\n\n\n\n<p>Au retour d&#8217;une journ\u00e9e sur les pistes ou d&#8217;une excursion estivale, arr\u00eatez-vous dans notre <b>centre de bien-\u00eatre<\/b> pour vous d\u00e9tendre entre soins et parcours sant\u00e9.<\/p>\n\n\n\n<p>L&#8217;<b>exp\u00e9rience culinaire<\/b> est un voyage \u00e0 travers les saveurs du Trentin pour toute la famille, car nous ne s\u00e9lectionnons que les meilleurs<b> produits bio et \u00e0 0 km <\/b>issus d&#8217;entreprises locales, avec des<b> menus sp\u00e9ciaux pour les enfants<\/b>. Ce n&#8217;est pas un hasard si nous avons obtenu le label italien de restauration \u00e9cologique \u00ab\u00a0Ecoristorazione Trentino\u00a0\u00bb.<\/p>\n\n\n\n<p>Apr\u00e8s une journ\u00e9e en contact \u00e9troit avec la nature, entre activit\u00e9s, divertissement et excellente cuisine, rendez-vous dans nos <b>chambres<\/b>, <b>suites <\/b>et <b>appartements<\/b>, tous con\u00e7us pour le bien-\u00eatre et le confort des familles.<\/p>\n","protected":false},"excerpt":{"rendered":"<p>Notre h\u00f4tel pour familles est entour\u00e9 par les bois de la Vall\u00e9e de Pejo, dans le cadre magique du Parc national du Stelvio. Nous aimons accueillir les familles avec chaleur et de nombreux services d\u00e9di\u00e9s, et notamment des espaces s\u00fbrs o\u00f9 les enfants peuvent s&#8217;amuser, tandis que les parents ont la possibilit\u00e9 de passer des &hellip;<\/p>\n","protected":false},"author":1,"featured_media":0,"parent":29729,"menu_order":0,"comment_status":"closed","ping_status":"closed","template":"page-templates\/scheda_hotel.php","meta":{"_acf_changed":false,"inline_featured_image":false,"footnotes":""},"class_list":["post-44085","page","type-page","status-publish","hentry"],"acf":[],"yoast_head":"<!-- This site is optimized with the Yoast SEO plugin v27.1 - https:\/\/yoast.com\/product\/yoast-seo-wordpress\/ -->\n<title>H\u00f4tel Domina Parco dello Stelvio 4 \u00e9toiles, Cogolo di Pejo<\/title>\n<meta name=\"description\" content=\"Envie de vacances en famille ? D\u00e9couvrez les offres pour familles de l&#039;H\u00f4tel Domina Parco dello Stelvio, \u00e0 Cogolo di Pejo\" \/>\n<meta name=\"robots\" content=\"index, follow, max-snippet:-1, max-image-preview:large, max-video-preview:-1\" \/>\n<link rel=\"canonical\" href=\"https:\/\/www.italyfamilyhotels.it\/fr\/hotels\/hotel-domina-parco-dello-stelvio\" \/>\n<meta property=\"og:locale\" content=\"fr_FR\" \/>\n<meta property=\"og:type\" content=\"article\" \/>\n<meta property=\"og:title\" content=\"H\u00f4tel Domina Parco dello Stelvio 4 \u00e9toiles, Cogolo di Pejo\" \/>\n<meta property=\"og:description\" content=\"Envie de vacances en famille ? D\u00e9couvrez les offres pour familles de l&#039;H\u00f4tel Domina Parco dello Stelvio, \u00e0 Cogolo di Pejo\" \/>\n<meta property=\"og:url\" content=\"https:\/\/www.italyfamilyhotels.it\/fr\/hotels\/hotel-domina-parco-dello-stelvio\" \/>\n<meta property=\"og:site_name\" content=\"Italy Family Hotels\" \/>\n<meta property=\"article:publisher\" content=\"https:\/\/www.facebook.com\/ItalyFamilyHotels\/\" \/>\n<meta property=\"article:modified_time\" content=\"2023-01-23T14:53:40+00:00\" \/>\n<meta name=\"twitter:card\" content=\"summary_large_image\" \/>\n<meta name=\"twitter:label1\" content=\"Dur\u00e9e de lecture estim\u00e9e\" \/>\n\t<meta name=\"twitter:data1\" content=\"1 minute\" \/>\n<script type=\"application\/ld+json\" class=\"yoast-schema-graph\">{\"@context\":\"https:\/\/schema.org\",\"@graph\":[{\"@type\":\"WebPage\",\"@id\":\"https:\/\/www.italyfamilyhotels.it\/fr\/hotels\/hotel-domina-parco-dello-stelvio\",\"url\":\"https:\/\/www.italyfamilyhotels.it\/fr\/hotels\/hotel-domina-parco-dello-stelvio\",\"name\":\"H\u00f4tel Domina Parco dello Stelvio 4 \u00e9toiles, Cogolo di Pejo\",\"isPartOf\":{\"@id\":\"https:\/\/www.italyfamilyhotels.it\/#website\"},\"datePublished\":\"2023-01-23T14:45:28+00:00\",\"dateModified\":\"2023-01-23T14:53:40+00:00\",\"description\":\"Envie de vacances en famille ? D\u00e9couvrez les offres pour familles de l'H\u00f4tel Domina Parco dello Stelvio, \u00e0 Cogolo di Pejo\",\"breadcrumb\":{\"@id\":\"https:\/\/www.italyfamilyhotels.it\/fr\/hotels\/hotel-domina-parco-dello-stelvio#breadcrumb\"},\"inLanguage\":\"fr-FR\",\"potentialAction\":[{\"@type\":\"ReadAction\",\"target\":[\"https:\/\/www.italyfamilyhotels.it\/fr\/hotels\/hotel-domina-parco-dello-stelvio\"]}]},{\"@type\":\"BreadcrumbList\",\"@id\":\"https:\/\/www.italyfamilyhotels.it\/fr\/hotels\/hotel-domina-parco-dello-stelvio#breadcrumb\",\"itemListElement\":[{\"@type\":\"ListItem\",\"position\":1,\"name\":\"Home\",\"item\":\"https:\/\/www.italyfamilyhotels.it\/fr\"},{\"@type\":\"ListItem\",\"position\":2,\"name\":\"Family Hotels\",\"item\":\"https:\/\/www.italyfamilyhotels.it\/fr\/hotels\"},{\"@type\":\"ListItem\",\"position\":3,\"name\":\"H\u00f4tel Domina Parco dello Stelvio\"}]},{\"@type\":\"WebSite\",\"@id\":\"https:\/\/www.italyfamilyhotels.it\/#website\",\"url\":\"https:\/\/www.italyfamilyhotels.it\/\",\"name\":\"Italy Family Hotels\",\"description\":\"\",\"potentialAction\":[{\"@type\":\"SearchAction\",\"target\":{\"@type\":\"EntryPoint\",\"urlTemplate\":\"https:\/\/www.italyfamilyhotels.it\/?s={search_term_string}\"},\"query-input\":{\"@type\":\"PropertyValueSpecification\",\"valueRequired\":true,\"valueName\":\"search_term_string\"}}],\"inLanguage\":\"fr-FR\"}]}<\/script>\n<!-- \/ Yoast SEO plugin. -->","yoast_head_json":{"title":"H\u00f4tel Domina Parco dello Stelvio 4 \u00e9toiles, Cogolo di Pejo","description":"Envie de vacances en famille ? D\u00e9couvrez les offres pour familles de l'H\u00f4tel Domina Parco dello Stelvio, \u00e0 Cogolo di Pejo","robots":{"index":"index","follow":"follow","max-snippet":"max-snippet:-1","max-image-preview":"max-image-preview:large","max-video-preview":"max-video-preview:-1"},"canonical":"https:\/\/www.italyfamilyhotels.it\/fr\/hotels\/hotel-domina-parco-dello-stelvio","og_locale":"fr_FR","og_type":"article","og_title":"H\u00f4tel Domina Parco dello Stelvio 4 \u00e9toiles, Cogolo di Pejo","og_description":"Envie de vacances en famille ? D\u00e9couvrez les offres pour familles de l'H\u00f4tel Domina Parco dello Stelvio, \u00e0 Cogolo di Pejo","og_url":"https:\/\/www.italyfamilyhotels.it\/fr\/hotels\/hotel-domina-parco-dello-stelvio","og_site_name":"Italy Family Hotels","article_publisher":"https:\/\/www.facebook.com\/ItalyFamilyHotels\/","article_modified_time":"2023-01-23T14:53:40+00:00","twitter_card":"summary_large_image","twitter_misc":{"Dur\u00e9e de lecture estim\u00e9e":"1 minute"},"schema":{"@context":"https:\/\/schema.org","@graph":[{"@type":"WebPage","@id":"https:\/\/www.italyfamilyhotels.it\/fr\/hotels\/hotel-domina-parco-dello-stelvio","url":"https:\/\/www.italyfamilyhotels.it\/fr\/hotels\/hotel-domina-parco-dello-stelvio","name":"H\u00f4tel Domina Parco dello Stelvio 4 \u00e9toiles, Cogolo di Pejo","isPartOf":{"@id":"https:\/\/www.italyfamilyhotels.it\/#website"},"datePublished":"2023-01-23T14:45:28+00:00","dateModified":"2023-01-23T14:53:40+00:00","description":"Envie de vacances en famille ? D\u00e9couvrez les offres pour familles de l'H\u00f4tel Domina Parco dello Stelvio, \u00e0 Cogolo di Pejo","breadcrumb":{"@id":"https:\/\/www.italyfamilyhotels.it\/fr\/hotels\/hotel-domina-parco-dello-stelvio#breadcrumb"},"inLanguage":"fr-FR","potentialAction":[{"@type":"ReadAction","target":["https:\/\/www.italyfamilyhotels.it\/fr\/hotels\/hotel-domina-parco-dello-stelvio"]}]},{"@type":"BreadcrumbList","@id":"https:\/\/www.italyfamilyhotels.it\/fr\/hotels\/hotel-domina-parco-dello-stelvio#breadcrumb","itemListElement":[{"@type":"ListItem","position":1,"name":"Home","item":"https:\/\/www.italyfamilyhotels.it\/fr"},{"@type":"ListItem","position":2,"name":"Family Hotels","item":"https:\/\/www.italyfamilyhotels.it\/fr\/hotels"},{"@type":"ListItem","position":3,"name":"H\u00f4tel Domina Parco dello Stelvio"}]},{"@type":"WebSite","@id":"https:\/\/www.italyfamilyhotels.it\/#website","url":"https:\/\/www.italyfamilyhotels.it\/","name":"Italy Family Hotels","description":"","potentialAction":[{"@type":"SearchAction","target":{"@type":"EntryPoint","urlTemplate":"https:\/\/www.italyfamilyhotels.it\/?s={search_term_string}"},"query-input":{"@type":"PropertyValueSpecification","valueRequired":true,"valueName":"search_term_string"}}],"inLanguage":"fr-FR"}]}},"_links":{"self":[{"href":"https:\/\/www.italyfamilyhotels.it\/fr\/wp-json\/wp\/v2\/pages\/44085","targetHints":{"allow":["GET"]}}],"collection":[{"href":"https:\/\/www.italyfamilyhotels.it\/fr\/wp-json\/wp\/v2\/pages"}],"about":[{"href":"https:\/\/www.italyfamilyhotels.it\/fr\/wp-json\/wp\/v2\/types\/page"}],"author":[{"embeddable":true,"href":"https:\/\/www.italyfamilyhotels.it\/fr\/wp-json\/wp\/v2\/users\/1"}],"replies":[{"embeddable":true,"href":"https:\/\/www.italyfamilyhotels.it\/fr\/wp-json\/wp\/v2\/comments?post=44085"}],"version-history":[{"count":1,"href":"https:\/\/www.italyfamilyhotels.it\/fr\/wp-json\/wp\/v2\/pages\/44085\/revisions"}],"predecessor-version":[{"id":44086,"href":"https:\/\/www.italyfamilyhotels.it\/fr\/wp-json\/wp\/v2\/pages\/44085\/revisions\/44086"}],"up":[{"embeddable":true,"href":"https:\/\/www.italyfamilyhotels.it\/fr\/wp-json\/wp\/v2\/pages\/29729"}],"wp:attachment":[{"href":"https:\/\/www.italyfamilyhotels.it\/fr\/wp-json\/wp\/v2\/media?parent=44085"}],"curies":[{"name":"wp","href":"https:\/\/api.w.org\/{rel}","templated":true}]}}