{"id":44083,"date":"2023-01-23T15:45:15","date_gmt":"2023-01-23T14:45:15","guid":{"rendered":"https:\/\/www.italyfamilyhotels.it\/hotels\/hotel-alpin"},"modified":"2023-01-23T15:53:39","modified_gmt":"2023-01-23T14:53:39","slug":"hotel-alpin","status":"publish","type":"page","link":"https:\/\/www.italyfamilyhotels.it\/fr\/hotels\/hotel-alpin","title":{"rendered":"H\u00f4tel Alpin"},"content":{"rendered":"\n<p>Ici, \u00e0 l\u2019<b>H\u00f4tel Alpin<\/b>\u00a0de<b>\u00a0Colle Isarco,\u00a0<\/b>\u00e0 proximit\u00e9\u00a0de <b>Vipiteno<\/b>, nous accueillons votre famille pour des vacances d\u00e9di\u00e9es \u00e0 la nature et \u00e0 la tranquillit\u00e9.<\/p>\n\n\n\n<p>Nous voulons faire de chaque jour une exp\u00e9rience toujours diff\u00e9rente et jamais pr\u00e9visible, en commen\u00e7ant par les activit\u00e9s que nos douces\u00a0<b>\u00e9ducatrices<\/b>\u00a0mettent en place pour les<b>\u00a0enfants et adolescents de 3 \u00e0 13 ans<\/b>. Comme le\u00a0<b>Programme Familyx Nature<\/b>, lequel permet d\u2019aborder le territoire comme s&#8217;il s&#8217;agissait d&#8217;un laboratoire ludique \u00e0 vivre \u00e0 360\u00b0, ou encore le tr\u00e8s riche\u00a0<b>programme de promenades et randonn\u00e9es<\/b>\u00a0pour tous les \u00e2ges ! Et puis le divertissement ne manquera pas dans la super\u00a0<b>salle de jeux int\u00e9rieure dispos\u00e9e sur deux \u00e9tages<\/b>, reli\u00e9s par un fantastique toboggan comme dans les contes de f\u00e9es, et un espace ext\u00e9rieur \u00e9galement \u00e9quip\u00e9 d&#8217;un trampoline, de balan\u00e7oires, de bacs \u00e0 sable, d&#8217;une pelouse avec un but pour jouer au football et de tricycles de diff\u00e9rentes tailles.<\/p>\n\n\n\n<p>Et pour papa et maman ? Des soins de bien-\u00eatre dans notre\u00a0<b>salon de beaut\u00e9<\/b>\u00a0et beaucoup de d\u00e9tente dans le\u00a0<b>centre thermal avec 3 saunas<\/b>, parmi lesquels la version finlandaise et la version bio,\u00a0mais \u00e9galement <b>bain turc et douches \u00e9motionnelles<\/b>. En hiver, vous pourrez profiter de journ\u00e9es sur les pistes, avec\u00a0<b>remont\u00e9es m\u00e9caniques \u00e0 seulement 150 m\u00e8tres<\/b>, et\u00a0en \u00e9t\u00e9, d\u2019<b>activit\u00e9s en plein air<\/b>\u00a0sur les meilleurs sentiers du\u00a0<b>Val di Fleres<\/b>. Vous pouvez \u00e9galement toujours vous offrir un ap\u00e9ritif romantique sur la terrasse, ou encore des d\u00eeners traditionnels, pendant que <b>les enfants mangent avec les \u00e9ducatrices<\/b>. Parce que chez nous, les vacances sont vraiment pour toute la famille.<\/p>\n\n\n\n<p>Nous ne vous avons pas dit que nous disposons \u00e9galement d\u2019une fantastique\u00a0<b>piscine couverte, chauff\u00e9e \u00e0 31\u00b0<\/b>\u00a0avec vue panoramique, et d\u2019une autre\u00a0<b>de 40 cm de profondeur r\u00e9serv\u00e9e aux enfants<\/b>. Ainsi, entre une excursion dans la nature et un atelier cr\u00e9atif, le prochain rendez-vous sera pour une baignade tous ensemble.<\/p>\n\n\n\n<p>En parlant de rendez-vous importants, celui avec le monde des r\u00eaves est vraiment incontournable. Chez nous, vous trouverez des\u00a0<b>quatre typologies de chambres familiales<\/b>,\u00a0toutes en bois de sapin et surplombant les sommets de la vall\u00e9e, o\u00f9 chaque d\u00e9tail est pens\u00e9 pour apporter \u00e9quilibre et s\u00e9r\u00e9nit\u00e9 \u00e0 votre famille.<\/p>\n","protected":false},"excerpt":{"rendered":"<p>Ici, \u00e0 l\u2019H\u00f4tel Alpin\u00a0de\u00a0Colle Isarco,\u00a0\u00e0 proximit\u00e9\u00a0de Vipiteno, nous accueillons votre famille pour des vacances d\u00e9di\u00e9es \u00e0 la nature et \u00e0 la tranquillit\u00e9. Nous voulons faire de chaque jour une exp\u00e9rience toujours diff\u00e9rente et jamais pr\u00e9visible, en commen\u00e7ant par les activit\u00e9s que nos douces\u00a0\u00e9ducatrices\u00a0mettent en place pour les\u00a0enfants et adolescents de 3 \u00e0 13 ans. Comme &hellip;<\/p>\n","protected":false},"author":542,"featured_media":0,"parent":29729,"menu_order":0,"comment_status":"closed","ping_status":"closed","template":"page-templates\/scheda_hotel.php","meta":{"_acf_changed":false,"inline_featured_image":false,"footnotes":""},"class_list":["post-44083","page","type-page","status-publish","hentry"],"acf":[],"yoast_head":"<!-- This site is optimized with the Yoast SEO plugin v27.1 - https:\/\/yoast.com\/product\/yoast-seo-wordpress\/ -->\n<title>H\u00f4tel Alpin 3 \u00e9toiles Superior, Colle Isarco<\/title>\n<meta name=\"description\" content=\"Envie de vacances en famille ? D\u00e9couvrez les offres pour familles de l\u2019H\u00f4tel Alpin \u00e0 Colle Isarco\" \/>\n<meta name=\"robots\" content=\"index, follow, max-snippet:-1, max-image-preview:large, max-video-preview:-1\" \/>\n<link rel=\"canonical\" href=\"https:\/\/www.italyfamilyhotels.it\/fr\/hotels\/hotel-alpin\" \/>\n<meta property=\"og:locale\" content=\"fr_FR\" \/>\n<meta property=\"og:type\" content=\"article\" \/>\n<meta property=\"og:title\" content=\"H\u00f4tel Alpin 3 \u00e9toiles Superior, Colle Isarco\" \/>\n<meta property=\"og:description\" content=\"Envie de vacances en famille ? D\u00e9couvrez les offres pour familles de l\u2019H\u00f4tel Alpin \u00e0 Colle Isarco\" \/>\n<meta property=\"og:url\" content=\"https:\/\/www.italyfamilyhotels.it\/fr\/hotels\/hotel-alpin\" \/>\n<meta property=\"og:site_name\" content=\"Italy Family Hotels\" \/>\n<meta property=\"article:publisher\" content=\"https:\/\/www.facebook.com\/ItalyFamilyHotels\/\" \/>\n<meta property=\"article:modified_time\" content=\"2023-01-23T14:53:39+00:00\" \/>\n<meta name=\"twitter:card\" content=\"summary_large_image\" \/>\n<meta name=\"twitter:label1\" content=\"Dur\u00e9e de lecture estim\u00e9e\" \/>\n\t<meta name=\"twitter:data1\" content=\"2 minutes\" \/>\n<script type=\"application\/ld+json\" class=\"yoast-schema-graph\">{\"@context\":\"https:\/\/schema.org\",\"@graph\":[{\"@type\":\"WebPage\",\"@id\":\"https:\/\/www.italyfamilyhotels.it\/fr\/hotels\/hotel-alpin\",\"url\":\"https:\/\/www.italyfamilyhotels.it\/fr\/hotels\/hotel-alpin\",\"name\":\"H\u00f4tel Alpin 3 \u00e9toiles Superior, Colle Isarco\",\"isPartOf\":{\"@id\":\"https:\/\/www.italyfamilyhotels.it\/#website\"},\"datePublished\":\"2023-01-23T14:45:15+00:00\",\"dateModified\":\"2023-01-23T14:53:39+00:00\",\"description\":\"Envie de vacances en famille ? D\u00e9couvrez les offres pour familles de l\u2019H\u00f4tel Alpin \u00e0 Colle Isarco\",\"breadcrumb\":{\"@id\":\"https:\/\/www.italyfamilyhotels.it\/fr\/hotels\/hotel-alpin#breadcrumb\"},\"inLanguage\":\"fr-FR\",\"potentialAction\":[{\"@type\":\"ReadAction\",\"target\":[\"https:\/\/www.italyfamilyhotels.it\/fr\/hotels\/hotel-alpin\"]}]},{\"@type\":\"BreadcrumbList\",\"@id\":\"https:\/\/www.italyfamilyhotels.it\/fr\/hotels\/hotel-alpin#breadcrumb\",\"itemListElement\":[{\"@type\":\"ListItem\",\"position\":1,\"name\":\"Home\",\"item\":\"https:\/\/www.italyfamilyhotels.it\/fr\"},{\"@type\":\"ListItem\",\"position\":2,\"name\":\"Family Hotels\",\"item\":\"https:\/\/www.italyfamilyhotels.it\/fr\/hotels\"},{\"@type\":\"ListItem\",\"position\":3,\"name\":\"H\u00f4tel Alpin\"}]},{\"@type\":\"WebSite\",\"@id\":\"https:\/\/www.italyfamilyhotels.it\/#website\",\"url\":\"https:\/\/www.italyfamilyhotels.it\/\",\"name\":\"Italy Family Hotels\",\"description\":\"\",\"potentialAction\":[{\"@type\":\"SearchAction\",\"target\":{\"@type\":\"EntryPoint\",\"urlTemplate\":\"https:\/\/www.italyfamilyhotels.it\/?s={search_term_string}\"},\"query-input\":{\"@type\":\"PropertyValueSpecification\",\"valueRequired\":true,\"valueName\":\"search_term_string\"}}],\"inLanguage\":\"fr-FR\"}]}<\/script>\n<!-- \/ Yoast SEO plugin. -->","yoast_head_json":{"title":"H\u00f4tel Alpin 3 \u00e9toiles Superior, Colle Isarco","description":"Envie de vacances en famille ? D\u00e9couvrez les offres pour familles de l\u2019H\u00f4tel Alpin \u00e0 Colle Isarco","robots":{"index":"index","follow":"follow","max-snippet":"max-snippet:-1","max-image-preview":"max-image-preview:large","max-video-preview":"max-video-preview:-1"},"canonical":"https:\/\/www.italyfamilyhotels.it\/fr\/hotels\/hotel-alpin","og_locale":"fr_FR","og_type":"article","og_title":"H\u00f4tel Alpin 3 \u00e9toiles Superior, Colle Isarco","og_description":"Envie de vacances en famille ? D\u00e9couvrez les offres pour familles de l\u2019H\u00f4tel Alpin \u00e0 Colle Isarco","og_url":"https:\/\/www.italyfamilyhotels.it\/fr\/hotels\/hotel-alpin","og_site_name":"Italy Family Hotels","article_publisher":"https:\/\/www.facebook.com\/ItalyFamilyHotels\/","article_modified_time":"2023-01-23T14:53:39+00:00","twitter_card":"summary_large_image","twitter_misc":{"Dur\u00e9e de lecture estim\u00e9e":"2 minutes"},"schema":{"@context":"https:\/\/schema.org","@graph":[{"@type":"WebPage","@id":"https:\/\/www.italyfamilyhotels.it\/fr\/hotels\/hotel-alpin","url":"https:\/\/www.italyfamilyhotels.it\/fr\/hotels\/hotel-alpin","name":"H\u00f4tel Alpin 3 \u00e9toiles Superior, Colle Isarco","isPartOf":{"@id":"https:\/\/www.italyfamilyhotels.it\/#website"},"datePublished":"2023-01-23T14:45:15+00:00","dateModified":"2023-01-23T14:53:39+00:00","description":"Envie de vacances en famille ? D\u00e9couvrez les offres pour familles de l\u2019H\u00f4tel Alpin \u00e0 Colle Isarco","breadcrumb":{"@id":"https:\/\/www.italyfamilyhotels.it\/fr\/hotels\/hotel-alpin#breadcrumb"},"inLanguage":"fr-FR","potentialAction":[{"@type":"ReadAction","target":["https:\/\/www.italyfamilyhotels.it\/fr\/hotels\/hotel-alpin"]}]},{"@type":"BreadcrumbList","@id":"https:\/\/www.italyfamilyhotels.it\/fr\/hotels\/hotel-alpin#breadcrumb","itemListElement":[{"@type":"ListItem","position":1,"name":"Home","item":"https:\/\/www.italyfamilyhotels.it\/fr"},{"@type":"ListItem","position":2,"name":"Family Hotels","item":"https:\/\/www.italyfamilyhotels.it\/fr\/hotels"},{"@type":"ListItem","position":3,"name":"H\u00f4tel Alpin"}]},{"@type":"WebSite","@id":"https:\/\/www.italyfamilyhotels.it\/#website","url":"https:\/\/www.italyfamilyhotels.it\/","name":"Italy Family Hotels","description":"","potentialAction":[{"@type":"SearchAction","target":{"@type":"EntryPoint","urlTemplate":"https:\/\/www.italyfamilyhotels.it\/?s={search_term_string}"},"query-input":{"@type":"PropertyValueSpecification","valueRequired":true,"valueName":"search_term_string"}}],"inLanguage":"fr-FR"}]}},"_links":{"self":[{"href":"https:\/\/www.italyfamilyhotels.it\/fr\/wp-json\/wp\/v2\/pages\/44083","targetHints":{"allow":["GET"]}}],"collection":[{"href":"https:\/\/www.italyfamilyhotels.it\/fr\/wp-json\/wp\/v2\/pages"}],"about":[{"href":"https:\/\/www.italyfamilyhotels.it\/fr\/wp-json\/wp\/v2\/types\/page"}],"author":[{"embeddable":true,"href":"https:\/\/www.italyfamilyhotels.it\/fr\/wp-json\/wp\/v2\/users\/542"}],"replies":[{"embeddable":true,"href":"https:\/\/www.italyfamilyhotels.it\/fr\/wp-json\/wp\/v2\/comments?post=44083"}],"version-history":[{"count":1,"href":"https:\/\/www.italyfamilyhotels.it\/fr\/wp-json\/wp\/v2\/pages\/44083\/revisions"}],"predecessor-version":[{"id":44084,"href":"https:\/\/www.italyfamilyhotels.it\/fr\/wp-json\/wp\/v2\/pages\/44083\/revisions\/44084"}],"up":[{"embeddable":true,"href":"https:\/\/www.italyfamilyhotels.it\/fr\/wp-json\/wp\/v2\/pages\/29729"}],"wp:attachment":[{"href":"https:\/\/www.italyfamilyhotels.it\/fr\/wp-json\/wp\/v2\/media?parent=44083"}],"curies":[{"name":"wp","href":"https:\/\/api.w.org\/{rel}","templated":true}]}}