{"id":44081,"date":"2023-01-23T15:45:02","date_gmt":"2023-01-23T14:45:02","guid":{"rendered":"https:\/\/www.italyfamilyhotels.it\/hotels\/hotel-il-cervo"},"modified":"2023-01-23T15:53:38","modified_gmt":"2023-01-23T14:53:38","slug":"hotel-il-cervo","status":"publish","type":"page","link":"https:\/\/www.italyfamilyhotels.it\/fr\/hotels\/hotel-il-cervo","title":{"rendered":"H\u00f4tel Il Cervo"},"content":{"rendered":"\n<p>Nous vous souhaitons la bienvenue \u00e0 l\u2019<b>H\u00f4tel Il Cervo<\/b>\u00a0de\u00a0<b>Tarvisio<\/b>, o\u00f9 vous pourrez vivre, avec votre famille, une exp\u00e9rience impliquant la culture et les saveurs de 3 \u00c9tats, gr\u00e2ce \u00e0 la situation frontali\u00e8re avec l&#8217;Autriche et la Slov\u00e9nie, lors de vacances en contact \u00e9troit avec la nature.<\/p>\n\n\n\n<p>\u00ab\u00a0<b>Le gang des Bois<\/b>\u00a0\u00bb, notre \u00e9quipe d&#8217;animation, s&#8217;occupe des enfants de\u00a0<b>16h00 \u00e0 22h00<\/b>\u00a0dans l\u2019<b>aire de jeux<\/b>\u00a0color\u00e9e, avec des travaux de bricolage amusants, des soir\u00e9es cin\u00e9ma et des spectacles. Pour que maman et papa puissent se d\u00e9tendre au\u00a0<b>centre thermal<\/b>\u00a0avec\u00a0<b>centre de bien-\u00eatre\u00a0<\/b>(avec acc\u00e8s restreint et payant), dans le <b>sauna forestier\u00a0<\/b>au parfum des montagnes, ou s\u2019adonner \u00e0 des activit\u00e9s de plein air. Et puis, tous ensemble, en route pour un plongeon dans la\u00a0<b>piscine int\u00e9rieure chauff\u00e9e<\/b>\u00a0et panoramique, \u00e9galement avec\u00a0<b>zone r\u00e9serv\u00e9e aux enfants de 6 m\u00e8tres carr\u00e9s et 60 cm de profondeur<\/b>.<\/p>\n\n\n\n<p>Et qu&#8217;en est-il de la cuisine ? Nous aimons vous tenter avec une <b>carte<\/b>\u00a0caract\u00e9ris\u00e9e par les plats typiques de la cuisine des Trois Fronti\u00e8res ! Pour les plus petits, vous trouverez le\u00a0<b>petit restaurant Boschetto<\/b>, un espace gourmand qui leur est d\u00e9di\u00e9 au sein m\u00eame du restaurant panoramique, o\u00f9 ils pourront d\u00e9guster le <b>menu pour enfants<\/b>\u00a0qui leur est sp\u00e9cialement r\u00e9serv\u00e9 avec de nombreux choix authentiques. Si vous souhaitez vous offrir un d\u00eener romantique \u00e0 deux, les enfants pourront manger avec la baby-sitter. Et pour vos\u00a0<b>sorties en famille<\/b>\u00a0ou\u00a0<b>sorties \u00e0 v\u00e9lo<\/b>\u00a0entre sentiers et villages de montagne, nous vous pr\u00e9parons, sur demande, un\u00a0<b>d\u00e9licieux panier pique-nique<\/b>\u00a0\u00e0 consommer o\u00f9 bon vous semble.<\/p>\n\n\n\n<p>En \u00e9t\u00e9, sur notre\u00a0<b>terrasse avec vue\u00a0<\/b>\u00e0 Tarvisio, nous organisons des happy hours avec barbecues. Tandis qu\u2019en hiver, vous pourrez siroter un ap\u00e9ritif dans notre\u00a0<b>bar de style nordique<\/b>\u00a0ou dans le confortable\u00a0<b>salon<\/b>, \u00e9galement dot\u00e9 d\u2019un coin biblioth\u00e8que.<\/p>\n\n\n\n<p>Le moment du coucher est \u00e9galement v\u00e9cu au format famille, avec des\u00a0<b>chambres et suites spacieuses<\/b>, dans lesquelles nous mettons \u00e0 disposition des <b>kits b\u00e9b\u00e9<\/b>\u00a0pour vos enfants.<\/p>\n","protected":false},"excerpt":{"rendered":"<p>Nous vous souhaitons la bienvenue \u00e0 l\u2019H\u00f4tel Il Cervo\u00a0de\u00a0Tarvisio, o\u00f9 vous pourrez vivre, avec votre famille, une exp\u00e9rience impliquant la culture et les saveurs de 3 \u00c9tats, gr\u00e2ce \u00e0 la situation frontali\u00e8re avec l&#8217;Autriche et la Slov\u00e9nie, lors de vacances en contact \u00e9troit avec la nature. \u00ab\u00a0Le gang des Bois\u00a0\u00bb, notre \u00e9quipe d&#8217;animation, s&#8217;occupe des &hellip;<\/p>\n","protected":false},"author":541,"featured_media":0,"parent":29729,"menu_order":0,"comment_status":"closed","ping_status":"closed","template":"page-templates\/scheda_hotel.php","meta":{"_acf_changed":false,"inline_featured_image":false,"footnotes":""},"class_list":["post-44081","page","type-page","status-publish","hentry"],"acf":[],"yoast_head":"<!-- This site is optimized with the Yoast SEO plugin v27.1 - https:\/\/yoast.com\/product\/yoast-seo-wordpress\/ -->\n<title>H\u00f4tel Il Cervo 4 \u00e9toiles, Tarvisio<\/title>\n<meta name=\"description\" content=\"Envie de vacances en famille ? D\u00e9couvrez les offres pour familles de l\u2019H\u00f4tel Il Cervo \u00e0 Tarvisio\" \/>\n<meta name=\"robots\" content=\"index, follow, max-snippet:-1, max-image-preview:large, max-video-preview:-1\" \/>\n<link rel=\"canonical\" href=\"https:\/\/www.italyfamilyhotels.it\/fr\/hotels\/hotel-il-cervo\" \/>\n<meta property=\"og:locale\" content=\"fr_FR\" \/>\n<meta property=\"og:type\" content=\"article\" \/>\n<meta property=\"og:title\" content=\"H\u00f4tel Il Cervo 4 \u00e9toiles, Tarvisio\" \/>\n<meta property=\"og:description\" content=\"Envie de vacances en famille ? D\u00e9couvrez les offres pour familles de l\u2019H\u00f4tel Il Cervo \u00e0 Tarvisio\" \/>\n<meta property=\"og:url\" content=\"https:\/\/www.italyfamilyhotels.it\/fr\/hotels\/hotel-il-cervo\" \/>\n<meta property=\"og:site_name\" content=\"Italy Family Hotels\" \/>\n<meta property=\"article:publisher\" content=\"https:\/\/www.facebook.com\/ItalyFamilyHotels\/\" \/>\n<meta property=\"article:modified_time\" content=\"2023-01-23T14:53:38+00:00\" \/>\n<meta name=\"twitter:card\" content=\"summary_large_image\" \/>\n<meta name=\"twitter:label1\" content=\"Dur\u00e9e de lecture estim\u00e9e\" \/>\n\t<meta name=\"twitter:data1\" content=\"2 minutes\" \/>\n<script type=\"application\/ld+json\" class=\"yoast-schema-graph\">{\"@context\":\"https:\/\/schema.org\",\"@graph\":[{\"@type\":\"WebPage\",\"@id\":\"https:\/\/www.italyfamilyhotels.it\/fr\/hotels\/hotel-il-cervo\",\"url\":\"https:\/\/www.italyfamilyhotels.it\/fr\/hotels\/hotel-il-cervo\",\"name\":\"H\u00f4tel Il Cervo 4 \u00e9toiles, Tarvisio\",\"isPartOf\":{\"@id\":\"https:\/\/www.italyfamilyhotels.it\/#website\"},\"datePublished\":\"2023-01-23T14:45:02+00:00\",\"dateModified\":\"2023-01-23T14:53:38+00:00\",\"description\":\"Envie de vacances en famille ? D\u00e9couvrez les offres pour familles de l\u2019H\u00f4tel Il Cervo \u00e0 Tarvisio\",\"breadcrumb\":{\"@id\":\"https:\/\/www.italyfamilyhotels.it\/fr\/hotels\/hotel-il-cervo#breadcrumb\"},\"inLanguage\":\"fr-FR\",\"potentialAction\":[{\"@type\":\"ReadAction\",\"target\":[\"https:\/\/www.italyfamilyhotels.it\/fr\/hotels\/hotel-il-cervo\"]}]},{\"@type\":\"BreadcrumbList\",\"@id\":\"https:\/\/www.italyfamilyhotels.it\/fr\/hotels\/hotel-il-cervo#breadcrumb\",\"itemListElement\":[{\"@type\":\"ListItem\",\"position\":1,\"name\":\"Home\",\"item\":\"https:\/\/www.italyfamilyhotels.it\/fr\"},{\"@type\":\"ListItem\",\"position\":2,\"name\":\"Family Hotels\",\"item\":\"https:\/\/www.italyfamilyhotels.it\/fr\/hotels\"},{\"@type\":\"ListItem\",\"position\":3,\"name\":\"H\u00f4tel Il Cervo\"}]},{\"@type\":\"WebSite\",\"@id\":\"https:\/\/www.italyfamilyhotels.it\/#website\",\"url\":\"https:\/\/www.italyfamilyhotels.it\/\",\"name\":\"Italy Family Hotels\",\"description\":\"\",\"potentialAction\":[{\"@type\":\"SearchAction\",\"target\":{\"@type\":\"EntryPoint\",\"urlTemplate\":\"https:\/\/www.italyfamilyhotels.it\/?s={search_term_string}\"},\"query-input\":{\"@type\":\"PropertyValueSpecification\",\"valueRequired\":true,\"valueName\":\"search_term_string\"}}],\"inLanguage\":\"fr-FR\"}]}<\/script>\n<!-- \/ Yoast SEO plugin. -->","yoast_head_json":{"title":"H\u00f4tel Il Cervo 4 \u00e9toiles, Tarvisio","description":"Envie de vacances en famille ? D\u00e9couvrez les offres pour familles de l\u2019H\u00f4tel Il Cervo \u00e0 Tarvisio","robots":{"index":"index","follow":"follow","max-snippet":"max-snippet:-1","max-image-preview":"max-image-preview:large","max-video-preview":"max-video-preview:-1"},"canonical":"https:\/\/www.italyfamilyhotels.it\/fr\/hotels\/hotel-il-cervo","og_locale":"fr_FR","og_type":"article","og_title":"H\u00f4tel Il Cervo 4 \u00e9toiles, Tarvisio","og_description":"Envie de vacances en famille ? D\u00e9couvrez les offres pour familles de l\u2019H\u00f4tel Il Cervo \u00e0 Tarvisio","og_url":"https:\/\/www.italyfamilyhotels.it\/fr\/hotels\/hotel-il-cervo","og_site_name":"Italy Family Hotels","article_publisher":"https:\/\/www.facebook.com\/ItalyFamilyHotels\/","article_modified_time":"2023-01-23T14:53:38+00:00","twitter_card":"summary_large_image","twitter_misc":{"Dur\u00e9e de lecture estim\u00e9e":"2 minutes"},"schema":{"@context":"https:\/\/schema.org","@graph":[{"@type":"WebPage","@id":"https:\/\/www.italyfamilyhotels.it\/fr\/hotels\/hotel-il-cervo","url":"https:\/\/www.italyfamilyhotels.it\/fr\/hotels\/hotel-il-cervo","name":"H\u00f4tel Il Cervo 4 \u00e9toiles, Tarvisio","isPartOf":{"@id":"https:\/\/www.italyfamilyhotels.it\/#website"},"datePublished":"2023-01-23T14:45:02+00:00","dateModified":"2023-01-23T14:53:38+00:00","description":"Envie de vacances en famille ? D\u00e9couvrez les offres pour familles de l\u2019H\u00f4tel Il Cervo \u00e0 Tarvisio","breadcrumb":{"@id":"https:\/\/www.italyfamilyhotels.it\/fr\/hotels\/hotel-il-cervo#breadcrumb"},"inLanguage":"fr-FR","potentialAction":[{"@type":"ReadAction","target":["https:\/\/www.italyfamilyhotels.it\/fr\/hotels\/hotel-il-cervo"]}]},{"@type":"BreadcrumbList","@id":"https:\/\/www.italyfamilyhotels.it\/fr\/hotels\/hotel-il-cervo#breadcrumb","itemListElement":[{"@type":"ListItem","position":1,"name":"Home","item":"https:\/\/www.italyfamilyhotels.it\/fr"},{"@type":"ListItem","position":2,"name":"Family Hotels","item":"https:\/\/www.italyfamilyhotels.it\/fr\/hotels"},{"@type":"ListItem","position":3,"name":"H\u00f4tel Il Cervo"}]},{"@type":"WebSite","@id":"https:\/\/www.italyfamilyhotels.it\/#website","url":"https:\/\/www.italyfamilyhotels.it\/","name":"Italy Family Hotels","description":"","potentialAction":[{"@type":"SearchAction","target":{"@type":"EntryPoint","urlTemplate":"https:\/\/www.italyfamilyhotels.it\/?s={search_term_string}"},"query-input":{"@type":"PropertyValueSpecification","valueRequired":true,"valueName":"search_term_string"}}],"inLanguage":"fr-FR"}]}},"_links":{"self":[{"href":"https:\/\/www.italyfamilyhotels.it\/fr\/wp-json\/wp\/v2\/pages\/44081","targetHints":{"allow":["GET"]}}],"collection":[{"href":"https:\/\/www.italyfamilyhotels.it\/fr\/wp-json\/wp\/v2\/pages"}],"about":[{"href":"https:\/\/www.italyfamilyhotels.it\/fr\/wp-json\/wp\/v2\/types\/page"}],"author":[{"embeddable":true,"href":"https:\/\/www.italyfamilyhotels.it\/fr\/wp-json\/wp\/v2\/users\/541"}],"replies":[{"embeddable":true,"href":"https:\/\/www.italyfamilyhotels.it\/fr\/wp-json\/wp\/v2\/comments?post=44081"}],"version-history":[{"count":1,"href":"https:\/\/www.italyfamilyhotels.it\/fr\/wp-json\/wp\/v2\/pages\/44081\/revisions"}],"predecessor-version":[{"id":44082,"href":"https:\/\/www.italyfamilyhotels.it\/fr\/wp-json\/wp\/v2\/pages\/44081\/revisions\/44082"}],"up":[{"embeddable":true,"href":"https:\/\/www.italyfamilyhotels.it\/fr\/wp-json\/wp\/v2\/pages\/29729"}],"wp:attachment":[{"href":"https:\/\/www.italyfamilyhotels.it\/fr\/wp-json\/wp\/v2\/media?parent=44081"}],"curies":[{"name":"wp","href":"https:\/\/api.w.org\/{rel}","templated":true}]}}