{"id":44079,"date":"2023-01-23T15:44:50","date_gmt":"2023-01-23T14:44:50","guid":{"rendered":"https:\/\/www.italyfamilyhotels.it\/hotels\/hotel-villa-elena"},"modified":"2025-02-20T17:05:16","modified_gmt":"2025-02-20T16:05:16","slug":"hotel-villa-elena","status":"publish","type":"page","link":"https:\/\/www.italyfamilyhotels.it\/fr\/hotels\/hotel-villa-elena","title":{"rendered":"H\u00f4tel Villa Elena"},"content":{"rendered":"\n<p>Nous vous souhaitons la bienvenue \u00e0 l\u2019<b>H\u00f4tel Villa Elena de Tortoreto Lido<\/b>, o\u00f9 les&nbsp;<b>vacances avec les petits<\/b>&nbsp;sont une garantie de divertissement et de d\u00e9tente. Pour nous, il est important d&#8217;accueillir les m\u00e8res, les p\u00e8res et les enfants avec la m\u00eame affection que nous r\u00e9servons aux amis, ainsi qu\u2019avec toutes les&nbsp;<b>attentions&nbsp;<\/b>capables de rendre un <b>s\u00e9jour en famille<\/b> agr\u00e9able.<\/p>\n\n\n\n<p>Notre \u00e9tablissement b\u00e9n\u00e9ficie d&#8217;un bel emplacement entour\u00e9 de verdure, mais une petite promenade ou quelques minutes dans notre&nbsp;<b>navette gratuite<\/b> suffisent pour vous rendre \u00e0 la&nbsp;<b>plage<\/b>&nbsp;<b>\u00e9quip\u00e9e<\/b>&nbsp;toujours incluse laquelle, gr\u00e2ce \u00e0 son sable doux et \u00e0 ses eaux peu profondes, est parfaite pour les enfants. Si vous pr\u00e9f\u00e9rez vous d\u00e9tendre \u00e0 la&nbsp;<b>piscine<\/b>, vous disposez d&#8217;un grand solarium o\u00f9 vous pourrez bronzer ou siroter quelque chose de frais pendant que les enfants nagent en toute s\u00e9curit\u00e9 dans l\u2019<b>espace qui leur est d\u00e9di\u00e9, avec seulement 50 cm de profondeur<\/b>, ou s&#8217;amusent dans l\u2019<b>espace enfants&nbsp;<\/b>.<\/p>\n\n\n\n<p>Oui, car chez nous le plaisir ne s&#8217;arr\u00eate jamais, gr\u00e2ce aux activit\u00e9s organis\u00e9es par l\u2019\u00e9quipe d\u2019<b>animation qui, du dimanche au vendredi, implique les enfants de 3 \u00e0 12 ans<\/b>&nbsp;dans des ateliers cr\u00e9atifs et culinaires, des exp\u00e9riences ludiques, un go\u00fbter avec produits \u00e0 0 km et des s\u00e9ances de baby-dance.<\/p>\n\n\n\n<p>Nous vous avons d\u00e9j\u00e0 dit que nous aimons tenter nos h\u00f4tes avec\u00a0des <b>plats d\u00e9licieux et authentiques<\/b>, comme ceux pr\u00e9par\u00e9s par grand-m\u00e8re, m\u00eame avec des<strong> l\u00e9gumes de notre jardin<\/strong> ? Pour les enfants, nous proposons des\u00a0<b>menus enfants sains et savoureux<\/b>\u00a0; et pour les adultes, des\u00a0<b>plats traditionnels et authentiques<\/b>. Vous pourrez \u00e9galement d\u00e9guster d&#8217;excellentes pizzas alla\u00a0<b>Pizzeria Abruzzese<\/b>, ou opter pour quelque chose de rapide et savoureux au\u00a0<b>Caff\u00e8 Giardino<\/b>.<\/p>\n\n\n\n<p>Nous organisons chaque semaine&nbsp;des <b>soir\u00e9es sur le th\u00e8me des Abruzzes<\/b>, une f\u00eate dans laquelle les saveurs et la musique de notre terre sont les protagonistes, ainsi que la soir\u00e9e d\u00e9di\u00e9e au piano-bar, karaok\u00e9 et spectacles.<\/p>\n\n\n\n<p>En fin de journ\u00e9e, une bonne nuit de sommeil vous attend&nbsp;dans nos <b>chambres soign\u00e9es dans les moindres d\u00e9tails et nettoy\u00e9es avec soin<\/b> o\u00f9, sur demande, nous vous fournissons un confortable&nbsp;<b>kit b\u00e9b\u00e9<\/b>&nbsp;avec baignoire, veilleuse, table \u00e0 langer et tout ce dont vous avez besoin pour des vacances avec des enfants.<\/p>\n","protected":false},"excerpt":{"rendered":"<p>Nous vous souhaitons la bienvenue \u00e0 l\u2019H\u00f4tel Villa Elena de Tortoreto Lido, o\u00f9 les&nbsp;vacances avec les petits&nbsp;sont une garantie de divertissement et de d\u00e9tente. Pour nous, il est important d&#8217;accueillir les m\u00e8res, les p\u00e8res et les enfants avec la m\u00eame affection que nous r\u00e9servons aux amis, ainsi qu\u2019avec toutes les&nbsp;attentions&nbsp;capables de rendre un s\u00e9jour en &hellip;<\/p>\n","protected":false},"author":540,"featured_media":0,"parent":29729,"menu_order":0,"comment_status":"closed","ping_status":"closed","template":"page-templates\/scheda_hotel.php","meta":{"_acf_changed":false,"inline_featured_image":false,"footnotes":""},"class_list":["post-44079","page","type-page","status-publish","hentry"],"acf":[],"yoast_head":"<!-- This site is optimized with the Yoast SEO plugin v27.1 - https:\/\/yoast.com\/product\/yoast-seo-wordpress\/ -->\n<title>H\u00f4tel Villa Elena 4 \u00e9toiles, Tortoreto Lido<\/title>\n<meta name=\"description\" content=\"Envie de vacances en famille ? D\u00e9couvrez les offres pour familles de l\u2019H\u00f4tel Villa Elena \u00e0 Tortoreto Lido\" \/>\n<meta name=\"robots\" content=\"index, follow, max-snippet:-1, max-image-preview:large, max-video-preview:-1\" \/>\n<link rel=\"canonical\" href=\"https:\/\/www.italyfamilyhotels.it\/fr\/hotels\/hotel-villa-elena\" \/>\n<meta property=\"og:locale\" content=\"fr_FR\" \/>\n<meta property=\"og:type\" content=\"article\" \/>\n<meta property=\"og:title\" content=\"H\u00f4tel Villa Elena 4 \u00e9toiles, Tortoreto Lido\" \/>\n<meta property=\"og:description\" content=\"Envie de vacances en famille ? D\u00e9couvrez les offres pour familles de l\u2019H\u00f4tel Villa Elena \u00e0 Tortoreto Lido\" \/>\n<meta property=\"og:url\" content=\"https:\/\/www.italyfamilyhotels.it\/fr\/hotels\/hotel-villa-elena\" \/>\n<meta property=\"og:site_name\" content=\"Italy Family Hotels\" \/>\n<meta property=\"article:publisher\" content=\"https:\/\/www.facebook.com\/ItalyFamilyHotels\/\" \/>\n<meta property=\"article:modified_time\" content=\"2025-02-20T16:05:16+00:00\" \/>\n<meta name=\"twitter:card\" content=\"summary_large_image\" \/>\n<meta name=\"twitter:label1\" content=\"Dur\u00e9e de lecture estim\u00e9e\" \/>\n\t<meta name=\"twitter:data1\" content=\"2 minutes\" \/>\n<script type=\"application\/ld+json\" class=\"yoast-schema-graph\">{\"@context\":\"https:\/\/schema.org\",\"@graph\":[{\"@type\":\"WebPage\",\"@id\":\"https:\/\/www.italyfamilyhotels.it\/fr\/hotels\/hotel-villa-elena\",\"url\":\"https:\/\/www.italyfamilyhotels.it\/fr\/hotels\/hotel-villa-elena\",\"name\":\"H\u00f4tel Villa Elena 4 \u00e9toiles, Tortoreto Lido\",\"isPartOf\":{\"@id\":\"https:\/\/www.italyfamilyhotels.it\/#website\"},\"datePublished\":\"2023-01-23T14:44:50+00:00\",\"dateModified\":\"2025-02-20T16:05:16+00:00\",\"description\":\"Envie de vacances en famille ? D\u00e9couvrez les offres pour familles de l\u2019H\u00f4tel Villa Elena \u00e0 Tortoreto Lido\",\"breadcrumb\":{\"@id\":\"https:\/\/www.italyfamilyhotels.it\/fr\/hotels\/hotel-villa-elena#breadcrumb\"},\"inLanguage\":\"fr-FR\",\"potentialAction\":[{\"@type\":\"ReadAction\",\"target\":[\"https:\/\/www.italyfamilyhotels.it\/fr\/hotels\/hotel-villa-elena\"]}]},{\"@type\":\"BreadcrumbList\",\"@id\":\"https:\/\/www.italyfamilyhotels.it\/fr\/hotels\/hotel-villa-elena#breadcrumb\",\"itemListElement\":[{\"@type\":\"ListItem\",\"position\":1,\"name\":\"Home\",\"item\":\"https:\/\/www.italyfamilyhotels.it\/fr\"},{\"@type\":\"ListItem\",\"position\":2,\"name\":\"Family Hotels\",\"item\":\"https:\/\/www.italyfamilyhotels.it\/fr\/hotels\"},{\"@type\":\"ListItem\",\"position\":3,\"name\":\"H\u00f4tel Villa Elena\"}]},{\"@type\":\"WebSite\",\"@id\":\"https:\/\/www.italyfamilyhotels.it\/#website\",\"url\":\"https:\/\/www.italyfamilyhotels.it\/\",\"name\":\"Italy Family Hotels\",\"description\":\"\",\"potentialAction\":[{\"@type\":\"SearchAction\",\"target\":{\"@type\":\"EntryPoint\",\"urlTemplate\":\"https:\/\/www.italyfamilyhotels.it\/?s={search_term_string}\"},\"query-input\":{\"@type\":\"PropertyValueSpecification\",\"valueRequired\":true,\"valueName\":\"search_term_string\"}}],\"inLanguage\":\"fr-FR\"}]}<\/script>\n<!-- \/ Yoast SEO plugin. -->","yoast_head_json":{"title":"H\u00f4tel Villa Elena 4 \u00e9toiles, Tortoreto Lido","description":"Envie de vacances en famille ? D\u00e9couvrez les offres pour familles de l\u2019H\u00f4tel Villa Elena \u00e0 Tortoreto Lido","robots":{"index":"index","follow":"follow","max-snippet":"max-snippet:-1","max-image-preview":"max-image-preview:large","max-video-preview":"max-video-preview:-1"},"canonical":"https:\/\/www.italyfamilyhotels.it\/fr\/hotels\/hotel-villa-elena","og_locale":"fr_FR","og_type":"article","og_title":"H\u00f4tel Villa Elena 4 \u00e9toiles, Tortoreto Lido","og_description":"Envie de vacances en famille ? D\u00e9couvrez les offres pour familles de l\u2019H\u00f4tel Villa Elena \u00e0 Tortoreto Lido","og_url":"https:\/\/www.italyfamilyhotels.it\/fr\/hotels\/hotel-villa-elena","og_site_name":"Italy Family Hotels","article_publisher":"https:\/\/www.facebook.com\/ItalyFamilyHotels\/","article_modified_time":"2025-02-20T16:05:16+00:00","twitter_card":"summary_large_image","twitter_misc":{"Dur\u00e9e de lecture estim\u00e9e":"2 minutes"},"schema":{"@context":"https:\/\/schema.org","@graph":[{"@type":"WebPage","@id":"https:\/\/www.italyfamilyhotels.it\/fr\/hotels\/hotel-villa-elena","url":"https:\/\/www.italyfamilyhotels.it\/fr\/hotels\/hotel-villa-elena","name":"H\u00f4tel Villa Elena 4 \u00e9toiles, Tortoreto Lido","isPartOf":{"@id":"https:\/\/www.italyfamilyhotels.it\/#website"},"datePublished":"2023-01-23T14:44:50+00:00","dateModified":"2025-02-20T16:05:16+00:00","description":"Envie de vacances en famille ? D\u00e9couvrez les offres pour familles de l\u2019H\u00f4tel Villa Elena \u00e0 Tortoreto Lido","breadcrumb":{"@id":"https:\/\/www.italyfamilyhotels.it\/fr\/hotels\/hotel-villa-elena#breadcrumb"},"inLanguage":"fr-FR","potentialAction":[{"@type":"ReadAction","target":["https:\/\/www.italyfamilyhotels.it\/fr\/hotels\/hotel-villa-elena"]}]},{"@type":"BreadcrumbList","@id":"https:\/\/www.italyfamilyhotels.it\/fr\/hotels\/hotel-villa-elena#breadcrumb","itemListElement":[{"@type":"ListItem","position":1,"name":"Home","item":"https:\/\/www.italyfamilyhotels.it\/fr"},{"@type":"ListItem","position":2,"name":"Family Hotels","item":"https:\/\/www.italyfamilyhotels.it\/fr\/hotels"},{"@type":"ListItem","position":3,"name":"H\u00f4tel Villa Elena"}]},{"@type":"WebSite","@id":"https:\/\/www.italyfamilyhotels.it\/#website","url":"https:\/\/www.italyfamilyhotels.it\/","name":"Italy Family Hotels","description":"","potentialAction":[{"@type":"SearchAction","target":{"@type":"EntryPoint","urlTemplate":"https:\/\/www.italyfamilyhotels.it\/?s={search_term_string}"},"query-input":{"@type":"PropertyValueSpecification","valueRequired":true,"valueName":"search_term_string"}}],"inLanguage":"fr-FR"}]}},"_links":{"self":[{"href":"https:\/\/www.italyfamilyhotels.it\/fr\/wp-json\/wp\/v2\/pages\/44079","targetHints":{"allow":["GET"]}}],"collection":[{"href":"https:\/\/www.italyfamilyhotels.it\/fr\/wp-json\/wp\/v2\/pages"}],"about":[{"href":"https:\/\/www.italyfamilyhotels.it\/fr\/wp-json\/wp\/v2\/types\/page"}],"author":[{"embeddable":true,"href":"https:\/\/www.italyfamilyhotels.it\/fr\/wp-json\/wp\/v2\/users\/540"}],"replies":[{"embeddable":true,"href":"https:\/\/www.italyfamilyhotels.it\/fr\/wp-json\/wp\/v2\/comments?post=44079"}],"version-history":[{"count":8,"href":"https:\/\/www.italyfamilyhotels.it\/fr\/wp-json\/wp\/v2\/pages\/44079\/revisions"}],"predecessor-version":[{"id":66418,"href":"https:\/\/www.italyfamilyhotels.it\/fr\/wp-json\/wp\/v2\/pages\/44079\/revisions\/66418"}],"up":[{"embeddable":true,"href":"https:\/\/www.italyfamilyhotels.it\/fr\/wp-json\/wp\/v2\/pages\/29729"}],"wp:attachment":[{"href":"https:\/\/www.italyfamilyhotels.it\/fr\/wp-json\/wp\/v2\/media?parent=44079"}],"curies":[{"name":"wp","href":"https:\/\/api.w.org\/{rel}","templated":true}]}}