{"id":44077,"date":"2023-01-23T15:44:34","date_gmt":"2023-01-23T14:44:34","guid":{"rendered":"https:\/\/www.italyfamilyhotels.it\/hotels\/hotel-archangelo"},"modified":"2024-04-19T11:00:58","modified_gmt":"2024-04-19T09:00:58","slug":"hotel-archangelo","status":"publish","type":"page","link":"https:\/\/www.italyfamilyhotels.it\/fr\/hotels\/hotel-archangelo","title":{"rendered":"H\u00f4tel Archangelo"},"content":{"rendered":"\n<p>Nous vous souhaitons la bienvenue \u00e0 l\u2019<b>H\u00f4tel Archangelo<\/b>, dans la charmante ville de&nbsp;<b>Pellizzano dans le Val di Sole<\/b>&nbsp;! Un<b>&nbsp;emplacement tr\u00e8s pratique<\/b>&nbsp;pour les familles : vous y trouverez de nombreux services, une splendide piste cyclable plate, l&#8217;arr\u00eat du Ski Bus gratuit juste en face de l&#8217;h\u00f4tel et les pistes de ski \u00e0 quelques m\u00e8tres.<\/p>\n\n\n\n<p>Nous savons que voyager avec des enfants n\u2019est pas chose facile, c&#8217;est pourquoi nous faisons tout pour rendre\u00a0vos <b>vacances en famille simples, calmes, s\u00fbres et super amusantes<\/b>. \u00c0 commencer par les\u00a0<b>activit\u00e9s que nous organisons \u00e9t\u00e9 comme hiver<\/b>, comme des excursions avec l&#8217;\u00e9quipe d&#8217;Experience Val di Sole ou des promenades en compagnie de notre mascotte Snowy.<\/p>\n\n\n\n<p>Mais le divertissement ne s&#8217;arr\u00eate jamais, car nos assistants attendent les enfants au<b>\u00a0Mini Club, dans une salle lumineuse qui leur est enti\u00e8rement d\u00e9di\u00e9e<\/b>. Ainsi, pendant qu&#8217;ils s&#8217;amusent, vous pourrez vous offrir un apr\u00e8s-midi tranquille \u00e0\u00a0<b>La Cueva, notre centre de bien-\u00eatre exclusif<\/b>\u00a0ouvert de 16h00 \u00e0 19h00, avec sauna, douche aromatique, piscine chauff\u00e9e et grotte de glace. En hiver, ne manquez pas ouvertures sp\u00e9ciales le romantique jacuzzi ext\u00e9rieur et le sauna au feu de bois.<\/p>\n\n\n\n<p>Et n&#8217;oubliez pas de\u00a0<b>r\u00e9server un plongeon dans la piscine avec vos enfants<\/b>, laquelle est ouverte de 10h00 \u00e0 18h00 !<\/p>\n\n\n\n<p>Apr\u00e8s une journ\u00e9e de jeu et d&#8217;exploration, nous aimons tenter toute la famille avec&nbsp;des <b>produits \u00e0 0 km<\/b>&nbsp;que nous transformons en desserts maison, ou encore avec d\u2019authentiques&nbsp;<b>recettes traditionnelles<\/b>, pour le plus grand plaisir des petits et des grands.<\/p>\n\n\n\n<p>Nous vous confions un secret : chez nous, nous vous souhaitons une bonne nuit de fa\u00e7on unique car&nbsp;<b>toutes nos chambres \u00e0 th\u00e8me sont diff\u00e9rentes<\/b>. Vous trouverez \u00e9galement des&nbsp;<b>suites familiales<\/b>&nbsp;de grandes tailles, capables d\u2019accueillir confortablement les familles et permettre aux enfants de jouer jusqu&#8217;au coucher !<\/p>\n","protected":false},"excerpt":{"rendered":"<p>Nous vous souhaitons la bienvenue \u00e0 l\u2019H\u00f4tel Archangelo, dans la charmante ville de&nbsp;Pellizzano dans le Val di Sole&nbsp;! Un&nbsp;emplacement tr\u00e8s pratique&nbsp;pour les familles : vous y trouverez de nombreux services, une splendide piste cyclable plate, l&#8217;arr\u00eat du Ski Bus gratuit juste en face de l&#8217;h\u00f4tel et les pistes de ski \u00e0 quelques m\u00e8tres. Nous savons &hellip;<\/p>\n","protected":false},"author":539,"featured_media":0,"parent":29729,"menu_order":0,"comment_status":"closed","ping_status":"closed","template":"page-templates\/scheda_hotel.php","meta":{"_acf_changed":false,"inline_featured_image":false,"footnotes":""},"class_list":["post-44077","page","type-page","status-publish","hentry"],"acf":[],"yoast_head":"<!-- This site is optimized with the Yoast SEO plugin v27.1 - https:\/\/yoast.com\/product\/yoast-seo-wordpress\/ -->\n<title>H\u00f4tel Arcangelo 3 \u00e9toiles Superior, Pellizzano<\/title>\n<meta name=\"description\" content=\"Envie de vacances en famille ? D\u00e9couvrez les offres pour familles de l\u2019H\u00f4tel Arcangelo \u00e0 Pellizzano\" \/>\n<meta name=\"robots\" content=\"index, follow, max-snippet:-1, max-image-preview:large, max-video-preview:-1\" \/>\n<link rel=\"canonical\" href=\"https:\/\/www.italyfamilyhotels.it\/fr\/hotels\/hotel-archangelo\" \/>\n<meta property=\"og:locale\" content=\"fr_FR\" \/>\n<meta property=\"og:type\" content=\"article\" \/>\n<meta property=\"og:title\" content=\"H\u00f4tel Arcangelo 3 \u00e9toiles Superior, Pellizzano\" \/>\n<meta property=\"og:description\" content=\"Envie de vacances en famille ? D\u00e9couvrez les offres pour familles de l\u2019H\u00f4tel Arcangelo \u00e0 Pellizzano\" \/>\n<meta property=\"og:url\" content=\"https:\/\/www.italyfamilyhotels.it\/fr\/hotels\/hotel-archangelo\" \/>\n<meta property=\"og:site_name\" content=\"Italy Family Hotels\" \/>\n<meta property=\"article:publisher\" content=\"https:\/\/www.facebook.com\/ItalyFamilyHotels\/\" \/>\n<meta property=\"article:modified_time\" content=\"2024-04-19T09:00:58+00:00\" \/>\n<meta name=\"twitter:card\" content=\"summary_large_image\" \/>\n<meta name=\"twitter:label1\" content=\"Dur\u00e9e de lecture estim\u00e9e\" \/>\n\t<meta name=\"twitter:data1\" content=\"2 minutes\" \/>\n<script type=\"application\/ld+json\" class=\"yoast-schema-graph\">{\"@context\":\"https:\/\/schema.org\",\"@graph\":[{\"@type\":\"WebPage\",\"@id\":\"https:\/\/www.italyfamilyhotels.it\/fr\/hotels\/hotel-archangelo\",\"url\":\"https:\/\/www.italyfamilyhotels.it\/fr\/hotels\/hotel-archangelo\",\"name\":\"H\u00f4tel Arcangelo 3 \u00e9toiles Superior, Pellizzano\",\"isPartOf\":{\"@id\":\"https:\/\/www.italyfamilyhotels.it\/#website\"},\"datePublished\":\"2023-01-23T14:44:34+00:00\",\"dateModified\":\"2024-04-19T09:00:58+00:00\",\"description\":\"Envie de vacances en famille ? D\u00e9couvrez les offres pour familles de l\u2019H\u00f4tel Arcangelo \u00e0 Pellizzano\",\"breadcrumb\":{\"@id\":\"https:\/\/www.italyfamilyhotels.it\/fr\/hotels\/hotel-archangelo#breadcrumb\"},\"inLanguage\":\"fr-FR\",\"potentialAction\":[{\"@type\":\"ReadAction\",\"target\":[\"https:\/\/www.italyfamilyhotels.it\/fr\/hotels\/hotel-archangelo\"]}]},{\"@type\":\"BreadcrumbList\",\"@id\":\"https:\/\/www.italyfamilyhotels.it\/fr\/hotels\/hotel-archangelo#breadcrumb\",\"itemListElement\":[{\"@type\":\"ListItem\",\"position\":1,\"name\":\"Home\",\"item\":\"https:\/\/www.italyfamilyhotels.it\/fr\"},{\"@type\":\"ListItem\",\"position\":2,\"name\":\"Family Hotels\",\"item\":\"https:\/\/www.italyfamilyhotels.it\/fr\/hotels\"},{\"@type\":\"ListItem\",\"position\":3,\"name\":\"H\u00f4tel Archangelo\"}]},{\"@type\":\"WebSite\",\"@id\":\"https:\/\/www.italyfamilyhotels.it\/#website\",\"url\":\"https:\/\/www.italyfamilyhotels.it\/\",\"name\":\"Italy Family Hotels\",\"description\":\"\",\"potentialAction\":[{\"@type\":\"SearchAction\",\"target\":{\"@type\":\"EntryPoint\",\"urlTemplate\":\"https:\/\/www.italyfamilyhotels.it\/?s={search_term_string}\"},\"query-input\":{\"@type\":\"PropertyValueSpecification\",\"valueRequired\":true,\"valueName\":\"search_term_string\"}}],\"inLanguage\":\"fr-FR\"}]}<\/script>\n<!-- \/ Yoast SEO plugin. -->","yoast_head_json":{"title":"H\u00f4tel Arcangelo 3 \u00e9toiles Superior, Pellizzano","description":"Envie de vacances en famille ? D\u00e9couvrez les offres pour familles de l\u2019H\u00f4tel Arcangelo \u00e0 Pellizzano","robots":{"index":"index","follow":"follow","max-snippet":"max-snippet:-1","max-image-preview":"max-image-preview:large","max-video-preview":"max-video-preview:-1"},"canonical":"https:\/\/www.italyfamilyhotels.it\/fr\/hotels\/hotel-archangelo","og_locale":"fr_FR","og_type":"article","og_title":"H\u00f4tel Arcangelo 3 \u00e9toiles Superior, Pellizzano","og_description":"Envie de vacances en famille ? D\u00e9couvrez les offres pour familles de l\u2019H\u00f4tel Arcangelo \u00e0 Pellizzano","og_url":"https:\/\/www.italyfamilyhotels.it\/fr\/hotels\/hotel-archangelo","og_site_name":"Italy Family Hotels","article_publisher":"https:\/\/www.facebook.com\/ItalyFamilyHotels\/","article_modified_time":"2024-04-19T09:00:58+00:00","twitter_card":"summary_large_image","twitter_misc":{"Dur\u00e9e de lecture estim\u00e9e":"2 minutes"},"schema":{"@context":"https:\/\/schema.org","@graph":[{"@type":"WebPage","@id":"https:\/\/www.italyfamilyhotels.it\/fr\/hotels\/hotel-archangelo","url":"https:\/\/www.italyfamilyhotels.it\/fr\/hotels\/hotel-archangelo","name":"H\u00f4tel Arcangelo 3 \u00e9toiles Superior, Pellizzano","isPartOf":{"@id":"https:\/\/www.italyfamilyhotels.it\/#website"},"datePublished":"2023-01-23T14:44:34+00:00","dateModified":"2024-04-19T09:00:58+00:00","description":"Envie de vacances en famille ? D\u00e9couvrez les offres pour familles de l\u2019H\u00f4tel Arcangelo \u00e0 Pellizzano","breadcrumb":{"@id":"https:\/\/www.italyfamilyhotels.it\/fr\/hotels\/hotel-archangelo#breadcrumb"},"inLanguage":"fr-FR","potentialAction":[{"@type":"ReadAction","target":["https:\/\/www.italyfamilyhotels.it\/fr\/hotels\/hotel-archangelo"]}]},{"@type":"BreadcrumbList","@id":"https:\/\/www.italyfamilyhotels.it\/fr\/hotels\/hotel-archangelo#breadcrumb","itemListElement":[{"@type":"ListItem","position":1,"name":"Home","item":"https:\/\/www.italyfamilyhotels.it\/fr"},{"@type":"ListItem","position":2,"name":"Family Hotels","item":"https:\/\/www.italyfamilyhotels.it\/fr\/hotels"},{"@type":"ListItem","position":3,"name":"H\u00f4tel Archangelo"}]},{"@type":"WebSite","@id":"https:\/\/www.italyfamilyhotels.it\/#website","url":"https:\/\/www.italyfamilyhotels.it\/","name":"Italy Family Hotels","description":"","potentialAction":[{"@type":"SearchAction","target":{"@type":"EntryPoint","urlTemplate":"https:\/\/www.italyfamilyhotels.it\/?s={search_term_string}"},"query-input":{"@type":"PropertyValueSpecification","valueRequired":true,"valueName":"search_term_string"}}],"inLanguage":"fr-FR"}]}},"_links":{"self":[{"href":"https:\/\/www.italyfamilyhotels.it\/fr\/wp-json\/wp\/v2\/pages\/44077","targetHints":{"allow":["GET"]}}],"collection":[{"href":"https:\/\/www.italyfamilyhotels.it\/fr\/wp-json\/wp\/v2\/pages"}],"about":[{"href":"https:\/\/www.italyfamilyhotels.it\/fr\/wp-json\/wp\/v2\/types\/page"}],"author":[{"embeddable":true,"href":"https:\/\/www.italyfamilyhotels.it\/fr\/wp-json\/wp\/v2\/users\/539"}],"replies":[{"embeddable":true,"href":"https:\/\/www.italyfamilyhotels.it\/fr\/wp-json\/wp\/v2\/comments?post=44077"}],"version-history":[{"count":2,"href":"https:\/\/www.italyfamilyhotels.it\/fr\/wp-json\/wp\/v2\/pages\/44077\/revisions"}],"predecessor-version":[{"id":59335,"href":"https:\/\/www.italyfamilyhotels.it\/fr\/wp-json\/wp\/v2\/pages\/44077\/revisions\/59335"}],"up":[{"embeddable":true,"href":"https:\/\/www.italyfamilyhotels.it\/fr\/wp-json\/wp\/v2\/pages\/29729"}],"wp:attachment":[{"href":"https:\/\/www.italyfamilyhotels.it\/fr\/wp-json\/wp\/v2\/media?parent=44077"}],"curies":[{"name":"wp","href":"https:\/\/api.w.org\/{rel}","templated":true}]}}