{"id":44071,"date":"2023-01-23T15:43:57","date_gmt":"2023-01-23T14:43:57","guid":{"rendered":"https:\/\/www.italyfamilyhotels.it\/hotels\/club-hotel-ancora"},"modified":"2025-02-07T10:09:01","modified_gmt":"2025-02-07T09:09:01","slug":"club-hotel-ancora","status":"publish","type":"page","link":"https:\/\/www.italyfamilyhotels.it\/fr\/hotels\/club-hotel-ancora","title":{"rendered":"UNAHOTELS Club Hotel Ancora"},"content":{"rendered":"\n<p>Nous vous souhaitons la bienvenue au\u00a0<strong>UNAHOTELS <\/strong><b>Club Hotel Ancora<\/b>, l\u2019<b>h\u00f4tel familial de Stintino<\/b>\u00a0avec une vue unique sur le golfe de l&#8217;Asinara, et situ\u00e9\u00a0<b>\u00e0 moins de 1 km de la c\u00e9l\u00e8bre plage de La Pelosa<\/b>, o\u00f9 nous vous emmenons en navette.<\/p>\n\n\n\n<p>Notre h\u00f4tel se trouve dans un grand&nbsp;<b>parc de 10 000 m\u00b2<\/b>&nbsp;&#8211; avec des aires de jeux pour les plus petits, des espaces de d\u00e9tente, des parcours de vie &#8211; \u00e0 partir desquels vous pourrez&nbsp;<b>vous rendre \u00e0 pied \u00e0 la plage priv\u00e9e<\/b>&nbsp;par un agr\u00e9able chemin, qui peut \u00e9galement \u00eatre parcouru en poussette. Et quelle plage ! Sable blanc et doux, eaux cristallines qui descendent lentement pour une baignade en toute s\u00e9curit\u00e9, une&nbsp;<b>piscine semi-olympique<\/b>&nbsp;o\u00f9 le matin et l&#8217;apr\u00e8s-midi le&nbsp;<b>le personnel d&#8217;animation organise des activit\u00e9s, des danses de groupe, des tournois, des jeux, des f\u00eates, et notre F\u00eate du Nutella<\/b>.<\/p>\n\n\n\n<p>Pendant que les enfants s&#8217;amusent, vous pouvez faire du sport,&nbsp;de la <b>plong\u00e9e<\/b>,&nbsp;de la <b>plong\u00e9e en apn\u00e9e<\/b>,&nbsp;des <b>excursions<\/b>&nbsp;<b>\u00e0 l&#8217;Asinara<\/b>, ou vous d\u00e9tendre sur un transat au bord de la piscine.<\/p>\n\n\n\n<p>Ici, au UNAHOTELS Club Hotel Ancora, la\u00a0<b>cuisine est une exp\u00e9rience m\u00e9morable pour toute la famille<\/b>\u00a0: mati\u00e8res premi\u00e8res \u00e0 0 km, p\u00e2tes fra\u00eeches et p\u00e2tisseries maison, pizza et barbecue du soir, ne sont que quelques-unes des gourmandises \u00e0 d\u00e9guster pendant les vacances. Les\u00a0<b>enfants peuvent manger \u00e0 table avec les animateurs<\/b>\u00a0avec des menus tr\u00e8s sp\u00e9ciaux qui leur sont sp\u00e9cialement d\u00e9di\u00e9s. Ne manquez pas l\u2019incontournable\u00a0<b>Soir\u00e9e sarde<\/b>, durant laquelle nous vous ferons \u00ab\u00a0voyager\u00a0\u00bb \u00e0 travers les saveurs et l&#8217;artisanat de notre terre.<\/p>\n\n\n\n<p>Apr\u00e8s le d\u00eener, amusons-nous avec une s\u00e9ance de&nbsp;<b>baby-dance et des spectacles<\/b>&nbsp;pour petits et grands, avant de se souhaiter une bonne nuit et de se diriger vers les&nbsp;<b>maisons en pierre de Stintino<\/b>&nbsp;o\u00f9 de chaleureuses&nbsp;<b>chambres familiales&nbsp;<\/b>vous attendent avec tout ce dont vous avez besoin pour vos enfants.<\/p>\n","protected":false},"excerpt":{"rendered":"<p>Nous vous souhaitons la bienvenue au\u00a0UNAHOTELS Club Hotel Ancora, l\u2019h\u00f4tel familial de Stintino\u00a0avec une vue unique sur le golfe de l&#8217;Asinara, et situ\u00e9\u00a0\u00e0 moins de 1 km de la c\u00e9l\u00e8bre plage de La Pelosa, o\u00f9 nous vous emmenons en navette. Notre h\u00f4tel se trouve dans un grand&nbsp;parc de 10 000 m\u00b2&nbsp;&#8211; avec des aires de &hellip;<\/p>\n","protected":false},"author":162,"featured_media":0,"parent":29729,"menu_order":0,"comment_status":"closed","ping_status":"closed","template":"page-templates\/scheda_hotel.php","meta":{"_acf_changed":false,"inline_featured_image":false,"footnotes":""},"class_list":["post-44071","page","type-page","status-publish","hentry"],"acf":[],"yoast_head":"<!-- This site is optimized with the Yoast SEO plugin v27.1 - https:\/\/yoast.com\/product\/yoast-seo-wordpress\/ -->\n<title>UNAHOTELS Club H\u00f4tel Ancora 4 \u00e9toiles, Stintino<\/title>\n<meta name=\"description\" content=\"Envie de vacances en famille ? D\u00e9couvrez les offres pour familles du UNAHOTELS Club H\u00f4tel Ancora \u00e0 Stintino\" \/>\n<meta name=\"robots\" content=\"index, follow, max-snippet:-1, max-image-preview:large, max-video-preview:-1\" \/>\n<link rel=\"canonical\" href=\"https:\/\/www.italyfamilyhotels.it\/fr\/hotels\/club-hotel-ancora\" \/>\n<meta property=\"og:locale\" content=\"fr_FR\" \/>\n<meta property=\"og:type\" content=\"article\" \/>\n<meta property=\"og:title\" content=\"UNAHOTELS Club H\u00f4tel Ancora 4 \u00e9toiles, Stintino\" \/>\n<meta property=\"og:description\" content=\"Envie de vacances en famille ? D\u00e9couvrez les offres pour familles du UNAHOTELS Club H\u00f4tel Ancora \u00e0 Stintino\" \/>\n<meta property=\"og:url\" content=\"https:\/\/www.italyfamilyhotels.it\/fr\/hotels\/club-hotel-ancora\" \/>\n<meta property=\"og:site_name\" content=\"Italy Family Hotels\" \/>\n<meta property=\"article:publisher\" content=\"https:\/\/www.facebook.com\/ItalyFamilyHotels\/\" \/>\n<meta property=\"article:modified_time\" content=\"2025-02-07T09:09:01+00:00\" \/>\n<meta name=\"twitter:card\" content=\"summary_large_image\" \/>\n<meta name=\"twitter:label1\" content=\"Dur\u00e9e de lecture estim\u00e9e\" \/>\n\t<meta name=\"twitter:data1\" content=\"2 minutes\" \/>\n<script type=\"application\/ld+json\" class=\"yoast-schema-graph\">{\"@context\":\"https:\/\/schema.org\",\"@graph\":[{\"@type\":\"WebPage\",\"@id\":\"https:\/\/www.italyfamilyhotels.it\/fr\/hotels\/club-hotel-ancora\",\"url\":\"https:\/\/www.italyfamilyhotels.it\/fr\/hotels\/club-hotel-ancora\",\"name\":\"UNAHOTELS Club H\u00f4tel Ancora 4 \u00e9toiles, Stintino\",\"isPartOf\":{\"@id\":\"https:\/\/www.italyfamilyhotels.it\/#website\"},\"datePublished\":\"2023-01-23T14:43:57+00:00\",\"dateModified\":\"2025-02-07T09:09:01+00:00\",\"description\":\"Envie de vacances en famille ? D\u00e9couvrez les offres pour familles du UNAHOTELS Club H\u00f4tel Ancora \u00e0 Stintino\",\"breadcrumb\":{\"@id\":\"https:\/\/www.italyfamilyhotels.it\/fr\/hotels\/club-hotel-ancora#breadcrumb\"},\"inLanguage\":\"fr-FR\",\"potentialAction\":[{\"@type\":\"ReadAction\",\"target\":[\"https:\/\/www.italyfamilyhotels.it\/fr\/hotels\/club-hotel-ancora\"]}]},{\"@type\":\"BreadcrumbList\",\"@id\":\"https:\/\/www.italyfamilyhotels.it\/fr\/hotels\/club-hotel-ancora#breadcrumb\",\"itemListElement\":[{\"@type\":\"ListItem\",\"position\":1,\"name\":\"Home\",\"item\":\"https:\/\/www.italyfamilyhotels.it\/fr\"},{\"@type\":\"ListItem\",\"position\":2,\"name\":\"Family Hotels\",\"item\":\"https:\/\/www.italyfamilyhotels.it\/fr\/hotels\"},{\"@type\":\"ListItem\",\"position\":3,\"name\":\"UNAHOTELS Club Hotel Ancora\"}]},{\"@type\":\"WebSite\",\"@id\":\"https:\/\/www.italyfamilyhotels.it\/#website\",\"url\":\"https:\/\/www.italyfamilyhotels.it\/\",\"name\":\"Italy Family Hotels\",\"description\":\"\",\"potentialAction\":[{\"@type\":\"SearchAction\",\"target\":{\"@type\":\"EntryPoint\",\"urlTemplate\":\"https:\/\/www.italyfamilyhotels.it\/?s={search_term_string}\"},\"query-input\":{\"@type\":\"PropertyValueSpecification\",\"valueRequired\":true,\"valueName\":\"search_term_string\"}}],\"inLanguage\":\"fr-FR\"}]}<\/script>\n<!-- \/ Yoast SEO plugin. -->","yoast_head_json":{"title":"UNAHOTELS Club H\u00f4tel Ancora 4 \u00e9toiles, Stintino","description":"Envie de vacances en famille ? D\u00e9couvrez les offres pour familles du UNAHOTELS Club H\u00f4tel Ancora \u00e0 Stintino","robots":{"index":"index","follow":"follow","max-snippet":"max-snippet:-1","max-image-preview":"max-image-preview:large","max-video-preview":"max-video-preview:-1"},"canonical":"https:\/\/www.italyfamilyhotels.it\/fr\/hotels\/club-hotel-ancora","og_locale":"fr_FR","og_type":"article","og_title":"UNAHOTELS Club H\u00f4tel Ancora 4 \u00e9toiles, Stintino","og_description":"Envie de vacances en famille ? D\u00e9couvrez les offres pour familles du UNAHOTELS Club H\u00f4tel Ancora \u00e0 Stintino","og_url":"https:\/\/www.italyfamilyhotels.it\/fr\/hotels\/club-hotel-ancora","og_site_name":"Italy Family Hotels","article_publisher":"https:\/\/www.facebook.com\/ItalyFamilyHotels\/","article_modified_time":"2025-02-07T09:09:01+00:00","twitter_card":"summary_large_image","twitter_misc":{"Dur\u00e9e de lecture estim\u00e9e":"2 minutes"},"schema":{"@context":"https:\/\/schema.org","@graph":[{"@type":"WebPage","@id":"https:\/\/www.italyfamilyhotels.it\/fr\/hotels\/club-hotel-ancora","url":"https:\/\/www.italyfamilyhotels.it\/fr\/hotels\/club-hotel-ancora","name":"UNAHOTELS Club H\u00f4tel Ancora 4 \u00e9toiles, Stintino","isPartOf":{"@id":"https:\/\/www.italyfamilyhotels.it\/#website"},"datePublished":"2023-01-23T14:43:57+00:00","dateModified":"2025-02-07T09:09:01+00:00","description":"Envie de vacances en famille ? D\u00e9couvrez les offres pour familles du UNAHOTELS Club H\u00f4tel Ancora \u00e0 Stintino","breadcrumb":{"@id":"https:\/\/www.italyfamilyhotels.it\/fr\/hotels\/club-hotel-ancora#breadcrumb"},"inLanguage":"fr-FR","potentialAction":[{"@type":"ReadAction","target":["https:\/\/www.italyfamilyhotels.it\/fr\/hotels\/club-hotel-ancora"]}]},{"@type":"BreadcrumbList","@id":"https:\/\/www.italyfamilyhotels.it\/fr\/hotels\/club-hotel-ancora#breadcrumb","itemListElement":[{"@type":"ListItem","position":1,"name":"Home","item":"https:\/\/www.italyfamilyhotels.it\/fr"},{"@type":"ListItem","position":2,"name":"Family Hotels","item":"https:\/\/www.italyfamilyhotels.it\/fr\/hotels"},{"@type":"ListItem","position":3,"name":"UNAHOTELS Club Hotel Ancora"}]},{"@type":"WebSite","@id":"https:\/\/www.italyfamilyhotels.it\/#website","url":"https:\/\/www.italyfamilyhotels.it\/","name":"Italy Family Hotels","description":"","potentialAction":[{"@type":"SearchAction","target":{"@type":"EntryPoint","urlTemplate":"https:\/\/www.italyfamilyhotels.it\/?s={search_term_string}"},"query-input":{"@type":"PropertyValueSpecification","valueRequired":true,"valueName":"search_term_string"}}],"inLanguage":"fr-FR"}]}},"_links":{"self":[{"href":"https:\/\/www.italyfamilyhotels.it\/fr\/wp-json\/wp\/v2\/pages\/44071","targetHints":{"allow":["GET"]}}],"collection":[{"href":"https:\/\/www.italyfamilyhotels.it\/fr\/wp-json\/wp\/v2\/pages"}],"about":[{"href":"https:\/\/www.italyfamilyhotels.it\/fr\/wp-json\/wp\/v2\/types\/page"}],"author":[{"embeddable":true,"href":"https:\/\/www.italyfamilyhotels.it\/fr\/wp-json\/wp\/v2\/users\/162"}],"replies":[{"embeddable":true,"href":"https:\/\/www.italyfamilyhotels.it\/fr\/wp-json\/wp\/v2\/comments?post=44071"}],"version-history":[{"count":2,"href":"https:\/\/www.italyfamilyhotels.it\/fr\/wp-json\/wp\/v2\/pages\/44071\/revisions"}],"predecessor-version":[{"id":65564,"href":"https:\/\/www.italyfamilyhotels.it\/fr\/wp-json\/wp\/v2\/pages\/44071\/revisions\/65564"}],"up":[{"embeddable":true,"href":"https:\/\/www.italyfamilyhotels.it\/fr\/wp-json\/wp\/v2\/pages\/29729"}],"wp:attachment":[{"href":"https:\/\/www.italyfamilyhotels.it\/fr\/wp-json\/wp\/v2\/media?parent=44071"}],"curies":[{"name":"wp","href":"https:\/\/api.w.org\/{rel}","templated":true}]}}