{"id":44069,"date":"2023-01-23T15:43:38","date_gmt":"2023-01-23T14:43:38","guid":{"rendered":"https:\/\/www.italyfamilyhotels.it\/hotels\/hotel-imperial-sport"},"modified":"2025-03-27T10:01:43","modified_gmt":"2025-03-27T09:01:43","slug":"hotel-imperial-sport","status":"publish","type":"page","link":"https:\/\/www.italyfamilyhotels.it\/fr\/hotels\/hotel-imperial-sport","title":{"rendered":"Unahotels Imperial Sport H\u00f4tel"},"content":{"rendered":"\n<p>Nous vous souhaitons la bienvenue \u00e0 l\u2019<b>Unahotels Imperial Sport H\u00f4tel \u00e0 Pesaro<\/b>, pour des&nbsp;<b>vacances en famille sp\u00e9ciales, face \u00e0 la mer<\/b>&nbsp;! Et quelles vacances : la&nbsp;<b>plage se situe juste en face<\/b> avec \u00e9galement, \u00e0 port\u00e9e de pieds, la m\u00e9ga&nbsp;<b>piscine semi-olympique<\/b>&nbsp;o\u00f9 les enfants peuvent s&#8217;amuser et participer \u00e0 des cours de natation. Pendant ce temps, les adultes passeront de l&#8217;aquagym \u00e0 l&#8217;a\u00e9robic, sans oublier le&nbsp;<b>jacuzzi<\/b>&nbsp;<b>chauff\u00e9<\/b>&nbsp;avec espace jeux, parmi les nombreux services exclusifs destin\u00e9s aux familles, pour vivre une exp\u00e9rience m\u00e9morable.<\/p>\n\n\n\n<p>Sans oublier le&nbsp;<b>Mini Club pour les plus jeunes, de 4 \u00e0 11 ans<\/b>, lequel est un concentr\u00e9 de joie, de spectacles et d&#8217;ateliers, sans oublier l\u2019<b>exp\u00e9rience gastronomique<\/b>&nbsp;qui saura \u00e9gayer les papilles de papa et maman et fait l\u00e9cher les babines des enfants.<\/p>\n\n\n\n<p>Ici, \u00e0 l&#8217;Unahotels Imperial Sport H\u00f4tel, vous pouvez choisir entre\u00a0<b>d\u00e9tente<\/b>,\u00a0<b>divertissement<\/b>\u00a0et\u00a0<b>vacances actives<\/b> : nous mettons \u00e0 votre disposition des v\u00e9los pour de longues promenades en plein air avec toute la famille ou des sorties passionnantes \u00e0 la d\u00e9couverte de la ville de Pesaro. Si vous souhaitez pratiquer des <b>activit\u00e9s en plein air<\/b>\u00a0&#8211; trekking, v\u00e9lo, marche nordique &#8211; profitez de la proximit\u00e9 du parc Monte San Bartolo et de l&#8217;arri\u00e8re-pays des Marches, pendant que vos enfants s&#8217;amusent avec l&#8217;\u00e9quipe d&#8217;animation.<\/p>\n\n\n\n<p>Nous ne vous l&#8217;avons pas encore dit, mais&nbsp;<b>toutes nos chambres b\u00e9n\u00e9ficient d\u2019une vue sur la mer<\/b>, pour un bonjour et une bonne nuit en regardant la beaut\u00e9 de l&#8217;Adriatique.<\/p>\n","protected":false},"excerpt":{"rendered":"<p>Nous vous souhaitons la bienvenue \u00e0 l\u2019Unahotels Imperial Sport H\u00f4tel \u00e0 Pesaro, pour des&nbsp;vacances en famille sp\u00e9ciales, face \u00e0 la mer&nbsp;! Et quelles vacances : la&nbsp;plage se situe juste en face avec \u00e9galement, \u00e0 port\u00e9e de pieds, la m\u00e9ga&nbsp;piscine semi-olympique&nbsp;o\u00f9 les enfants peuvent s&#8217;amuser et participer \u00e0 des cours de natation. Pendant ce temps, les &hellip;<\/p>\n","protected":false},"author":161,"featured_media":0,"parent":29729,"menu_order":0,"comment_status":"closed","ping_status":"closed","template":"page-templates\/scheda_hotel.php","meta":{"_acf_changed":false,"inline_featured_image":false,"footnotes":""},"class_list":["post-44069","page","type-page","status-publish","hentry"],"acf":[],"yoast_head":"<!-- This site is optimized with the Yoast SEO plugin v27.1 - https:\/\/yoast.com\/product\/yoast-seo-wordpress\/ -->\n<title>Unahotels Imperial Sport H\u00f4tel 4 \u00e9toiles, Pesaro<\/title>\n<meta name=\"description\" content=\"Envie de vacances en famille ? D\u00e9couvrez les offres pour familles de l\u2019Unahotels Imperial Sport H\u00f4tel \u00e0 Pesaro\" \/>\n<meta name=\"robots\" content=\"index, follow, max-snippet:-1, max-image-preview:large, max-video-preview:-1\" \/>\n<link rel=\"canonical\" href=\"https:\/\/www.italyfamilyhotels.it\/fr\/hotels\/hotel-imperial-sport\" \/>\n<meta property=\"og:locale\" content=\"fr_FR\" \/>\n<meta property=\"og:type\" content=\"article\" \/>\n<meta property=\"og:title\" content=\"Unahotels Imperial Sport H\u00f4tel 4 \u00e9toiles, Pesaro\" \/>\n<meta property=\"og:description\" content=\"Envie de vacances en famille ? D\u00e9couvrez les offres pour familles de l\u2019Unahotels Imperial Sport H\u00f4tel \u00e0 Pesaro\" \/>\n<meta property=\"og:url\" content=\"https:\/\/www.italyfamilyhotels.it\/fr\/hotels\/hotel-imperial-sport\" \/>\n<meta property=\"og:site_name\" content=\"Italy Family Hotels\" \/>\n<meta property=\"article:publisher\" content=\"https:\/\/www.facebook.com\/ItalyFamilyHotels\/\" \/>\n<meta property=\"article:modified_time\" content=\"2025-03-27T09:01:43+00:00\" \/>\n<meta name=\"twitter:card\" content=\"summary_large_image\" \/>\n<meta name=\"twitter:label1\" content=\"Dur\u00e9e de lecture estim\u00e9e\" \/>\n\t<meta name=\"twitter:data1\" content=\"1 minute\" \/>\n<script type=\"application\/ld+json\" class=\"yoast-schema-graph\">{\"@context\":\"https:\/\/schema.org\",\"@graph\":[{\"@type\":\"WebPage\",\"@id\":\"https:\/\/www.italyfamilyhotels.it\/fr\/hotels\/hotel-imperial-sport\",\"url\":\"https:\/\/www.italyfamilyhotels.it\/fr\/hotels\/hotel-imperial-sport\",\"name\":\"Unahotels Imperial Sport H\u00f4tel 4 \u00e9toiles, Pesaro\",\"isPartOf\":{\"@id\":\"https:\/\/www.italyfamilyhotels.it\/#website\"},\"datePublished\":\"2023-01-23T14:43:38+00:00\",\"dateModified\":\"2025-03-27T09:01:43+00:00\",\"description\":\"Envie de vacances en famille ? D\u00e9couvrez les offres pour familles de l\u2019Unahotels Imperial Sport H\u00f4tel \u00e0 Pesaro\",\"breadcrumb\":{\"@id\":\"https:\/\/www.italyfamilyhotels.it\/fr\/hotels\/hotel-imperial-sport#breadcrumb\"},\"inLanguage\":\"fr-FR\",\"potentialAction\":[{\"@type\":\"ReadAction\",\"target\":[\"https:\/\/www.italyfamilyhotels.it\/fr\/hotels\/hotel-imperial-sport\"]}]},{\"@type\":\"BreadcrumbList\",\"@id\":\"https:\/\/www.italyfamilyhotels.it\/fr\/hotels\/hotel-imperial-sport#breadcrumb\",\"itemListElement\":[{\"@type\":\"ListItem\",\"position\":1,\"name\":\"Home\",\"item\":\"https:\/\/www.italyfamilyhotels.it\/fr\"},{\"@type\":\"ListItem\",\"position\":2,\"name\":\"Family Hotels\",\"item\":\"https:\/\/www.italyfamilyhotels.it\/fr\/hotels\"},{\"@type\":\"ListItem\",\"position\":3,\"name\":\"Unahotels Imperial Sport H\u00f4tel\"}]},{\"@type\":\"WebSite\",\"@id\":\"https:\/\/www.italyfamilyhotels.it\/#website\",\"url\":\"https:\/\/www.italyfamilyhotels.it\/\",\"name\":\"Italy Family Hotels\",\"description\":\"\",\"potentialAction\":[{\"@type\":\"SearchAction\",\"target\":{\"@type\":\"EntryPoint\",\"urlTemplate\":\"https:\/\/www.italyfamilyhotels.it\/?s={search_term_string}\"},\"query-input\":{\"@type\":\"PropertyValueSpecification\",\"valueRequired\":true,\"valueName\":\"search_term_string\"}}],\"inLanguage\":\"fr-FR\"}]}<\/script>\n<!-- \/ Yoast SEO plugin. -->","yoast_head_json":{"title":"Unahotels Imperial Sport H\u00f4tel 4 \u00e9toiles, Pesaro","description":"Envie de vacances en famille ? D\u00e9couvrez les offres pour familles de l\u2019Unahotels Imperial Sport H\u00f4tel \u00e0 Pesaro","robots":{"index":"index","follow":"follow","max-snippet":"max-snippet:-1","max-image-preview":"max-image-preview:large","max-video-preview":"max-video-preview:-1"},"canonical":"https:\/\/www.italyfamilyhotels.it\/fr\/hotels\/hotel-imperial-sport","og_locale":"fr_FR","og_type":"article","og_title":"Unahotels Imperial Sport H\u00f4tel 4 \u00e9toiles, Pesaro","og_description":"Envie de vacances en famille ? D\u00e9couvrez les offres pour familles de l\u2019Unahotels Imperial Sport H\u00f4tel \u00e0 Pesaro","og_url":"https:\/\/www.italyfamilyhotels.it\/fr\/hotels\/hotel-imperial-sport","og_site_name":"Italy Family Hotels","article_publisher":"https:\/\/www.facebook.com\/ItalyFamilyHotels\/","article_modified_time":"2025-03-27T09:01:43+00:00","twitter_card":"summary_large_image","twitter_misc":{"Dur\u00e9e de lecture estim\u00e9e":"1 minute"},"schema":{"@context":"https:\/\/schema.org","@graph":[{"@type":"WebPage","@id":"https:\/\/www.italyfamilyhotels.it\/fr\/hotels\/hotel-imperial-sport","url":"https:\/\/www.italyfamilyhotels.it\/fr\/hotels\/hotel-imperial-sport","name":"Unahotels Imperial Sport H\u00f4tel 4 \u00e9toiles, Pesaro","isPartOf":{"@id":"https:\/\/www.italyfamilyhotels.it\/#website"},"datePublished":"2023-01-23T14:43:38+00:00","dateModified":"2025-03-27T09:01:43+00:00","description":"Envie de vacances en famille ? D\u00e9couvrez les offres pour familles de l\u2019Unahotels Imperial Sport H\u00f4tel \u00e0 Pesaro","breadcrumb":{"@id":"https:\/\/www.italyfamilyhotels.it\/fr\/hotels\/hotel-imperial-sport#breadcrumb"},"inLanguage":"fr-FR","potentialAction":[{"@type":"ReadAction","target":["https:\/\/www.italyfamilyhotels.it\/fr\/hotels\/hotel-imperial-sport"]}]},{"@type":"BreadcrumbList","@id":"https:\/\/www.italyfamilyhotels.it\/fr\/hotels\/hotel-imperial-sport#breadcrumb","itemListElement":[{"@type":"ListItem","position":1,"name":"Home","item":"https:\/\/www.italyfamilyhotels.it\/fr"},{"@type":"ListItem","position":2,"name":"Family Hotels","item":"https:\/\/www.italyfamilyhotels.it\/fr\/hotels"},{"@type":"ListItem","position":3,"name":"Unahotels Imperial Sport H\u00f4tel"}]},{"@type":"WebSite","@id":"https:\/\/www.italyfamilyhotels.it\/#website","url":"https:\/\/www.italyfamilyhotels.it\/","name":"Italy Family Hotels","description":"","potentialAction":[{"@type":"SearchAction","target":{"@type":"EntryPoint","urlTemplate":"https:\/\/www.italyfamilyhotels.it\/?s={search_term_string}"},"query-input":{"@type":"PropertyValueSpecification","valueRequired":true,"valueName":"search_term_string"}}],"inLanguage":"fr-FR"}]}},"_links":{"self":[{"href":"https:\/\/www.italyfamilyhotels.it\/fr\/wp-json\/wp\/v2\/pages\/44069","targetHints":{"allow":["GET"]}}],"collection":[{"href":"https:\/\/www.italyfamilyhotels.it\/fr\/wp-json\/wp\/v2\/pages"}],"about":[{"href":"https:\/\/www.italyfamilyhotels.it\/fr\/wp-json\/wp\/v2\/types\/page"}],"author":[{"embeddable":true,"href":"https:\/\/www.italyfamilyhotels.it\/fr\/wp-json\/wp\/v2\/users\/161"}],"replies":[{"embeddable":true,"href":"https:\/\/www.italyfamilyhotels.it\/fr\/wp-json\/wp\/v2\/comments?post=44069"}],"version-history":[{"count":6,"href":"https:\/\/www.italyfamilyhotels.it\/fr\/wp-json\/wp\/v2\/pages\/44069\/revisions"}],"predecessor-version":[{"id":68167,"href":"https:\/\/www.italyfamilyhotels.it\/fr\/wp-json\/wp\/v2\/pages\/44069\/revisions\/68167"}],"up":[{"embeddable":true,"href":"https:\/\/www.italyfamilyhotels.it\/fr\/wp-json\/wp\/v2\/pages\/29729"}],"wp:attachment":[{"href":"https:\/\/www.italyfamilyhotels.it\/fr\/wp-json\/wp\/v2\/media?parent=44069"}],"curies":[{"name":"wp","href":"https:\/\/api.w.org\/{rel}","templated":true}]}}