{"id":44063,"date":"2023-01-23T15:42:46","date_gmt":"2023-01-23T14:42:46","guid":{"rendered":"https:\/\/www.italyfamilyhotels.it\/hotels\/la-grotta-mytime-hotels"},"modified":"2023-01-23T15:53:30","modified_gmt":"2023-01-23T14:53:30","slug":"la-grotta-mytime-hotels","status":"publish","type":"page","link":"https:\/\/www.italyfamilyhotels.it\/fr\/hotels\/la-grotta-mytime-hotels","title":{"rendered":"La Grotta MyTime Hotels"},"content":{"rendered":"\n<p>Nous vous accueillons dans le merveilleux <b>Val de Fassa<\/b>, au c\u0153ur des Dolomites. Ici, \u00e0 l\u2019<b>H\u00f4tel La Grotta<\/b>, venez vivre des vacances sp\u00e9ciales en famille, en contact \u00e9troit avec les senteurs et les couleurs de la nature environnante.<\/p>\n\n\n\n<p>Les <b>enfants<\/b> sont les v\u00e9ritables stars des vacances. En \u00e9t\u00e9, ils trouveront une infinit\u00e9 d\u2019<b>activit\u00e9s en plein air<\/b>, pour d\u00e9couvrir toutes les beaut\u00e9s de notre ch\u00e8re montagne : les <b>animaux du parc naturel de Paneveggio<\/b> et les <b>excursions en refuge avec guides nature<\/b>, sans oublier les <b>sorties \u00e0 l&#8217;Acropark<\/b> ou sur les rives du <b>torrent Avisio <\/b>pour grimper aux arbres ou le descendre en bateau pneumatique. Et lorsque le froid pointe le bout de son nez et que le Val di Fassa devient blanc, nous emmenons les enfants sur les <b>pistes<\/b> pour skier et prendre des cours,<b> <\/b>ainsi qu\u2019au <b>Kinderpark Ciampedie<\/b> pour de nombreux jeux dans la neige. Les espaces \u00e0 l&#8217;int\u00e9rieur de l&#8217;h\u00f4tel ne manquent pas, et la <b>salle Sigolot<\/b> est un v\u00e9ritable royaume du divertissement de <b>95 m\u00b2<\/b>, super color\u00e9e et pleine d&#8217;attractions, o\u00f9 les parents ne sont pas admis !<\/p>\n\n\n\n<p>Un vieil adage nous dit que : \u00ab\u00a0Quand le chat n&#8217;est pas l\u00e0, les souris dansent !\u00a0\u00bb Oui, pendant que les enfants s&#8217;affairent avec nous, vous et votre moiti\u00e9 pourrez vous consacrer \u00e0 de nombreuses activit\u00e9s en couple, \u00e0 l&#8217;int\u00e9rieur comme \u00e0 l&#8217;ext\u00e9rieur de l&#8217;h\u00f4tel. Notre <b>centre thermal <\/b>vous dorlote avec <b>sauna finlandais<\/b>, <b>bain turc<\/b>, <b>sauna infrarouge<\/b>, <b>brouillard froid<\/b> et <b>traitements <\/b>pour le visage et le corps. D&#8217;autre part, si vous \u00eates un amoureux du plein air, ne manquez pas notre programme riche en exp\u00e9riences telles que\u00a0<b>rafting sur l&#8217;Avisio<\/b> ou <b>excursions guid\u00e9es<\/b> pour d\u00e9couvrir les coins les plus \u00e9vocateurs du Val di Fassa et les secrets de la nature, avec des <b>circuits en v\u00e9lo \u00e9lectrique<\/b> vers le lac Carezza et des le\u00e7ons de <b>yoga a\u00e9rien dans les bois<\/b>.<\/p>\n\n\n\n<p>Les douceurs en famille se poursuivent \u00e0 table, avec des <b>plats traditionnels revisit\u00e9s<\/b>, des id\u00e9es nouvelles et savoureuses et des <b>menus sp\u00e9ciaux pour v\u00e9g\u00e9tariens, c\u0153liaques et enfants<\/b>, \u00e0 d\u00e9guster dans nos <b>3 beaux restaurants<\/b> avec vue sur Marmolada et Sassolungo. Ici, la semaine commence toujours par un <b>ap\u00e9ritif<\/b>, tandis qu&#8217;un <b>go\u00fbter <\/b>gourmand est servi chaque apr\u00e8s-midi, pour permettre aux petits et aux grands de se rafraichir au retour d&#8217;excursions.<\/p>\n","protected":false},"excerpt":{"rendered":"<p>Nous vous accueillons dans le merveilleux Val de Fassa, au c\u0153ur des Dolomites. Ici, \u00e0 l\u2019H\u00f4tel La Grotta, venez vivre des vacances sp\u00e9ciales en famille, en contact \u00e9troit avec les senteurs et les couleurs de la nature environnante. Les enfants sont les v\u00e9ritables stars des vacances. En \u00e9t\u00e9, ils trouveront une infinit\u00e9 d\u2019activit\u00e9s en plein &hellip;<\/p>\n","protected":false},"author":154,"featured_media":0,"parent":29729,"menu_order":0,"comment_status":"closed","ping_status":"closed","template":"page-templates\/scheda_hotel.php","meta":{"_acf_changed":false,"inline_featured_image":false,"footnotes":""},"class_list":["post-44063","page","type-page","status-publish","hentry"],"acf":[],"yoast_head":"<!-- This site is optimized with the Yoast SEO plugin v27.1 - https:\/\/yoast.com\/product\/yoast-seo-wordpress\/ -->\n<title>La Grotta MyTime Hotels 4 \u00e9toiles, Vigo di Fassa<\/title>\n<meta name=\"description\" content=\"Envie de vacances en famille ? D\u00e9couvrez les offres pour familles de La Grotta MyTime Hotels \u00e0 Vigo di Fassa\" \/>\n<meta name=\"robots\" content=\"index, follow, max-snippet:-1, max-image-preview:large, max-video-preview:-1\" \/>\n<link rel=\"canonical\" href=\"https:\/\/www.italyfamilyhotels.it\/fr\/hotels\/la-grotta-mytime-hotels\" \/>\n<meta property=\"og:locale\" content=\"fr_FR\" \/>\n<meta property=\"og:type\" content=\"article\" \/>\n<meta property=\"og:title\" content=\"La Grotta MyTime Hotels 4 \u00e9toiles, Vigo di Fassa\" \/>\n<meta property=\"og:description\" content=\"Envie de vacances en famille ? D\u00e9couvrez les offres pour familles de La Grotta MyTime Hotels \u00e0 Vigo di Fassa\" \/>\n<meta property=\"og:url\" content=\"https:\/\/www.italyfamilyhotels.it\/fr\/hotels\/la-grotta-mytime-hotels\" \/>\n<meta property=\"og:site_name\" content=\"Italy Family Hotels\" \/>\n<meta property=\"article:publisher\" content=\"https:\/\/www.facebook.com\/ItalyFamilyHotels\/\" \/>\n<meta property=\"article:modified_time\" content=\"2023-01-23T14:53:30+00:00\" \/>\n<meta name=\"twitter:card\" content=\"summary_large_image\" \/>\n<meta name=\"twitter:label1\" content=\"Dur\u00e9e de lecture estim\u00e9e\" \/>\n\t<meta name=\"twitter:data1\" content=\"2 minutes\" \/>\n<script type=\"application\/ld+json\" class=\"yoast-schema-graph\">{\"@context\":\"https:\/\/schema.org\",\"@graph\":[{\"@type\":\"WebPage\",\"@id\":\"https:\/\/www.italyfamilyhotels.it\/fr\/hotels\/la-grotta-mytime-hotels\",\"url\":\"https:\/\/www.italyfamilyhotels.it\/fr\/hotels\/la-grotta-mytime-hotels\",\"name\":\"La Grotta MyTime Hotels 4 \u00e9toiles, Vigo di Fassa\",\"isPartOf\":{\"@id\":\"https:\/\/www.italyfamilyhotels.it\/#website\"},\"datePublished\":\"2023-01-23T14:42:46+00:00\",\"dateModified\":\"2023-01-23T14:53:30+00:00\",\"description\":\"Envie de vacances en famille ? D\u00e9couvrez les offres pour familles de La Grotta MyTime Hotels \u00e0 Vigo di Fassa\",\"breadcrumb\":{\"@id\":\"https:\/\/www.italyfamilyhotels.it\/fr\/hotels\/la-grotta-mytime-hotels#breadcrumb\"},\"inLanguage\":\"fr-FR\",\"potentialAction\":[{\"@type\":\"ReadAction\",\"target\":[\"https:\/\/www.italyfamilyhotels.it\/fr\/hotels\/la-grotta-mytime-hotels\"]}]},{\"@type\":\"BreadcrumbList\",\"@id\":\"https:\/\/www.italyfamilyhotels.it\/fr\/hotels\/la-grotta-mytime-hotels#breadcrumb\",\"itemListElement\":[{\"@type\":\"ListItem\",\"position\":1,\"name\":\"Home\",\"item\":\"https:\/\/www.italyfamilyhotels.it\/fr\"},{\"@type\":\"ListItem\",\"position\":2,\"name\":\"Family Hotels\",\"item\":\"https:\/\/www.italyfamilyhotels.it\/fr\/hotels\"},{\"@type\":\"ListItem\",\"position\":3,\"name\":\"La Grotta MyTime Hotels\"}]},{\"@type\":\"WebSite\",\"@id\":\"https:\/\/www.italyfamilyhotels.it\/#website\",\"url\":\"https:\/\/www.italyfamilyhotels.it\/\",\"name\":\"Italy Family Hotels\",\"description\":\"\",\"potentialAction\":[{\"@type\":\"SearchAction\",\"target\":{\"@type\":\"EntryPoint\",\"urlTemplate\":\"https:\/\/www.italyfamilyhotels.it\/?s={search_term_string}\"},\"query-input\":{\"@type\":\"PropertyValueSpecification\",\"valueRequired\":true,\"valueName\":\"search_term_string\"}}],\"inLanguage\":\"fr-FR\"}]}<\/script>\n<!-- \/ Yoast SEO plugin. -->","yoast_head_json":{"title":"La Grotta MyTime Hotels 4 \u00e9toiles, Vigo di Fassa","description":"Envie de vacances en famille ? D\u00e9couvrez les offres pour familles de La Grotta MyTime Hotels \u00e0 Vigo di Fassa","robots":{"index":"index","follow":"follow","max-snippet":"max-snippet:-1","max-image-preview":"max-image-preview:large","max-video-preview":"max-video-preview:-1"},"canonical":"https:\/\/www.italyfamilyhotels.it\/fr\/hotels\/la-grotta-mytime-hotels","og_locale":"fr_FR","og_type":"article","og_title":"La Grotta MyTime Hotels 4 \u00e9toiles, Vigo di Fassa","og_description":"Envie de vacances en famille ? D\u00e9couvrez les offres pour familles de La Grotta MyTime Hotels \u00e0 Vigo di Fassa","og_url":"https:\/\/www.italyfamilyhotels.it\/fr\/hotels\/la-grotta-mytime-hotels","og_site_name":"Italy Family Hotels","article_publisher":"https:\/\/www.facebook.com\/ItalyFamilyHotels\/","article_modified_time":"2023-01-23T14:53:30+00:00","twitter_card":"summary_large_image","twitter_misc":{"Dur\u00e9e de lecture estim\u00e9e":"2 minutes"},"schema":{"@context":"https:\/\/schema.org","@graph":[{"@type":"WebPage","@id":"https:\/\/www.italyfamilyhotels.it\/fr\/hotels\/la-grotta-mytime-hotels","url":"https:\/\/www.italyfamilyhotels.it\/fr\/hotels\/la-grotta-mytime-hotels","name":"La Grotta MyTime Hotels 4 \u00e9toiles, Vigo di Fassa","isPartOf":{"@id":"https:\/\/www.italyfamilyhotels.it\/#website"},"datePublished":"2023-01-23T14:42:46+00:00","dateModified":"2023-01-23T14:53:30+00:00","description":"Envie de vacances en famille ? D\u00e9couvrez les offres pour familles de La Grotta MyTime Hotels \u00e0 Vigo di Fassa","breadcrumb":{"@id":"https:\/\/www.italyfamilyhotels.it\/fr\/hotels\/la-grotta-mytime-hotels#breadcrumb"},"inLanguage":"fr-FR","potentialAction":[{"@type":"ReadAction","target":["https:\/\/www.italyfamilyhotels.it\/fr\/hotels\/la-grotta-mytime-hotels"]}]},{"@type":"BreadcrumbList","@id":"https:\/\/www.italyfamilyhotels.it\/fr\/hotels\/la-grotta-mytime-hotels#breadcrumb","itemListElement":[{"@type":"ListItem","position":1,"name":"Home","item":"https:\/\/www.italyfamilyhotels.it\/fr"},{"@type":"ListItem","position":2,"name":"Family Hotels","item":"https:\/\/www.italyfamilyhotels.it\/fr\/hotels"},{"@type":"ListItem","position":3,"name":"La Grotta MyTime Hotels"}]},{"@type":"WebSite","@id":"https:\/\/www.italyfamilyhotels.it\/#website","url":"https:\/\/www.italyfamilyhotels.it\/","name":"Italy Family Hotels","description":"","potentialAction":[{"@type":"SearchAction","target":{"@type":"EntryPoint","urlTemplate":"https:\/\/www.italyfamilyhotels.it\/?s={search_term_string}"},"query-input":{"@type":"PropertyValueSpecification","valueRequired":true,"valueName":"search_term_string"}}],"inLanguage":"fr-FR"}]}},"_links":{"self":[{"href":"https:\/\/www.italyfamilyhotels.it\/fr\/wp-json\/wp\/v2\/pages\/44063","targetHints":{"allow":["GET"]}}],"collection":[{"href":"https:\/\/www.italyfamilyhotels.it\/fr\/wp-json\/wp\/v2\/pages"}],"about":[{"href":"https:\/\/www.italyfamilyhotels.it\/fr\/wp-json\/wp\/v2\/types\/page"}],"author":[{"embeddable":true,"href":"https:\/\/www.italyfamilyhotels.it\/fr\/wp-json\/wp\/v2\/users\/154"}],"replies":[{"embeddable":true,"href":"https:\/\/www.italyfamilyhotels.it\/fr\/wp-json\/wp\/v2\/comments?post=44063"}],"version-history":[{"count":1,"href":"https:\/\/www.italyfamilyhotels.it\/fr\/wp-json\/wp\/v2\/pages\/44063\/revisions"}],"predecessor-version":[{"id":44064,"href":"https:\/\/www.italyfamilyhotels.it\/fr\/wp-json\/wp\/v2\/pages\/44063\/revisions\/44064"}],"up":[{"embeddable":true,"href":"https:\/\/www.italyfamilyhotels.it\/fr\/wp-json\/wp\/v2\/pages\/29729"}],"wp:attachment":[{"href":"https:\/\/www.italyfamilyhotels.it\/fr\/wp-json\/wp\/v2\/media?parent=44063"}],"curies":[{"name":"wp","href":"https:\/\/api.w.org\/{rel}","templated":true}]}}