{"id":44057,"date":"2023-01-23T15:41:42","date_gmt":"2023-01-23T14:41:42","guid":{"rendered":"https:\/\/www.italyfamilyhotels.it\/hotels\/seapark-family-resort-spa"},"modified":"2025-12-04T13:15:05","modified_gmt":"2025-12-04T12:15:05","slug":"seapark-family-resort-spa","status":"publish","type":"page","link":"https:\/\/www.italyfamilyhotels.it\/fr\/hotels\/seapark-family-resort-spa","title":{"rendered":"Seapark FAMILY RESORT &#038; SPA"},"content":{"rendered":"\n<p>Profitez d\u2019un sentiment de libert\u00e9 et de bien-\u00eatre dans un complexe thermal exclusif, \u00e0 quelques m\u00e8tres de la belle plage partenaire de Giulianova. Ici vous pouvez choisir entre deux formules con\u00e7ues pour satisfaire les exigences de toutes les familles : <strong>All Inclusive Light<\/strong> et <strong>All Inclusive Full<\/strong>. La premi\u00e8re, avec d\u00e9jeuner libre, est parfaite pour ceux qui souhaitent plus de flexibilit\u00e9 ; la seconde est id\u00e9ale pour ceux qui d\u00e9sirent un s\u00e9jour sans soucis.<\/p>\n\n\n\n<p>Notre\u00a0<b>mascotte Diegodrago<\/b>\u00a0et les animateurs impliqueront vos enfants dans les nombreuses activit\u00e9s du\u00a0<b>Mini Club<\/b> comme \u00ab\u00a0Aujourd&#8217;hui, c\u2019est moi qui cuisine\u00a0\u00bb, pour les petits chefs cr\u00e9atifs, \u00ab\u00a0L&#8217;\u00e9cole de magie\u00a0\u00bb, le cirque, le go\u00fbter g\u00e9ant et la Gelato Party pour manger plein de glaces avec papa et maman. Et puis il y a <strong>Regno Experience<\/strong>, des exp\u00e9riences quotidiennes pour toute la <strong>famille <\/strong>\u00e0 la d\u00e9couverte de <strong>Giulianova <\/strong>!<\/p>\n\n\n\n<p>Les espaces ici sont exag\u00e9r\u00e9s ! Vous y trouvez un \u00ab&nbsp;<b>restaurant \u00e9parpill\u00e9<\/b>&nbsp;\u00bb&nbsp;avec de nombreux espaces o\u00f9 vous restaurer, un&nbsp;<b>m\u00e9ga terrain de jeu<\/b>&nbsp;dans le jardin frais, de grandes chambres et villas con\u00e7ues pour vous offrir espace et intimit\u00e9 et un&nbsp;<b>centre thermal familial<\/b> raffin\u00e9&nbsp;appel\u00e9 \u00ab&nbsp;<b>Acque di Jo<\/b>&nbsp;\u00bb. Oui, car comme nous aimons \u00e0 le r\u00e9p\u00e9ter&nbsp;: \u00ab&nbsp;derri\u00e8re chaque enfant d\u00e9tendu, il y a un parent heureux&nbsp;\u00bb.<\/p>\n\n\n\n<p>Donc feu vert aux&nbsp;<b>soins pour petite princesse et massages b\u00e9b\u00e9<\/b>, comme celui au chocolat ou le Frozen \u00e0 la menthe. Chez nous, les plus petits sont \u00e9galement les bienvenus dans le sauna ! \u00c0 c\u00f4t\u00e9 de la piscine&nbsp;<b>relax Pool<\/b>&nbsp;d&#8217;eau sal\u00e9e chauff\u00e9e \u00e0 34\u00b0, vous trouverez une jolie&nbsp;<b>piscine<\/b>&nbsp;en forme de coquillage. Ainsi, vous pourrez garder un \u0153il sur vos enfants pendant que vous vous d\u00e9tendez dans le jacuzzi.<\/p>\n\n\n\n<p>Et puis tout le monde dehors pour nager dans la&nbsp;piscine <b>Sport Pool<\/b>&nbsp;et jouer dans le bassin&nbsp;<b>Lagnna Pool<\/b>&nbsp;!<\/p>\n\n\n\n<p>Vous trouverez m\u00eame un&nbsp;<b>immense jardin botanique<\/b>&nbsp;avec plus d&#8217;une centaine de bois et d&#8217;arbres fruitiers, o\u00f9 vous pourrez d\u00e9couvrir, en famille, de nombreuses curiosit\u00e9s sur les plantes !<\/p>\n\n\n\n<p>Il y aura bien une raison si nous nous voyons d\u00e9cerner le Certificat d&#8217;excellence Trip Advisor depuis 6 ans&nbsp;?<\/p>\n","protected":false},"excerpt":{"rendered":"<p>Profitez d\u2019un sentiment de libert\u00e9 et de bien-\u00eatre dans un complexe thermal exclusif, \u00e0 quelques m\u00e8tres de la belle plage partenaire de Giulianova. Ici vous pouvez choisir entre deux formules con\u00e7ues pour satisfaire les exigences de toutes les familles : All Inclusive Light et All Inclusive Full. La premi\u00e8re, avec d\u00e9jeuner libre, est parfaite pour &hellip;<\/p>\n","protected":false},"author":149,"featured_media":0,"parent":29729,"menu_order":0,"comment_status":"closed","ping_status":"closed","template":"page-templates\/scheda_hotel.php","meta":{"_acf_changed":false,"inline_featured_image":false,"footnotes":""},"class_list":["post-44057","page","type-page","status-publish","hentry"],"acf":[],"yoast_head":"<!-- This site is optimized with the Yoast SEO plugin v27.1 - https:\/\/yoast.com\/product\/yoast-seo-wordpress\/ -->\n<title>Seapark FAMILY RESORT &amp; SPA 4 \u00e9toiles Giulianova<\/title>\n<meta name=\"description\" content=\"Envie de vacances en famille ? D\u00e9couvrez les offres pour familles du Seapark FAMILY RESORT &amp; SPA \u00e0 Giulianova\" \/>\n<meta name=\"robots\" content=\"index, follow, max-snippet:-1, max-image-preview:large, max-video-preview:-1\" \/>\n<link rel=\"canonical\" href=\"https:\/\/www.italyfamilyhotels.it\/fr\/hotels\/seapark-family-resort-spa\" \/>\n<meta property=\"og:locale\" content=\"fr_FR\" \/>\n<meta property=\"og:type\" content=\"article\" \/>\n<meta property=\"og:title\" content=\"Seapark FAMILY RESORT &amp; SPA 4 \u00e9toiles Giulianova\" \/>\n<meta property=\"og:description\" content=\"Envie de vacances en famille ? D\u00e9couvrez les offres pour familles du Seapark FAMILY RESORT &amp; SPA \u00e0 Giulianova\" \/>\n<meta property=\"og:url\" content=\"https:\/\/www.italyfamilyhotels.it\/fr\/hotels\/seapark-family-resort-spa\" \/>\n<meta property=\"og:site_name\" content=\"Italy Family Hotels\" \/>\n<meta property=\"article:publisher\" content=\"https:\/\/www.facebook.com\/ItalyFamilyHotels\/\" \/>\n<meta property=\"article:modified_time\" content=\"2025-12-04T12:15:05+00:00\" \/>\n<meta name=\"twitter:card\" content=\"summary_large_image\" \/>\n<meta name=\"twitter:label1\" content=\"Dur\u00e9e de lecture estim\u00e9e\" \/>\n\t<meta name=\"twitter:data1\" content=\"2 minutes\" \/>\n<script type=\"application\/ld+json\" class=\"yoast-schema-graph\">{\"@context\":\"https:\/\/schema.org\",\"@graph\":[{\"@type\":\"WebPage\",\"@id\":\"https:\/\/www.italyfamilyhotels.it\/fr\/hotels\/seapark-family-resort-spa\",\"url\":\"https:\/\/www.italyfamilyhotels.it\/fr\/hotels\/seapark-family-resort-spa\",\"name\":\"Seapark FAMILY RESORT & SPA 4 \u00e9toiles Giulianova\",\"isPartOf\":{\"@id\":\"https:\/\/www.italyfamilyhotels.it\/#website\"},\"datePublished\":\"2023-01-23T14:41:42+00:00\",\"dateModified\":\"2025-12-04T12:15:05+00:00\",\"description\":\"Envie de vacances en famille ? D\u00e9couvrez les offres pour familles du Seapark FAMILY RESORT & SPA \u00e0 Giulianova\",\"breadcrumb\":{\"@id\":\"https:\/\/www.italyfamilyhotels.it\/fr\/hotels\/seapark-family-resort-spa#breadcrumb\"},\"inLanguage\":\"fr-FR\",\"potentialAction\":[{\"@type\":\"ReadAction\",\"target\":[\"https:\/\/www.italyfamilyhotels.it\/fr\/hotels\/seapark-family-resort-spa\"]}]},{\"@type\":\"BreadcrumbList\",\"@id\":\"https:\/\/www.italyfamilyhotels.it\/fr\/hotels\/seapark-family-resort-spa#breadcrumb\",\"itemListElement\":[{\"@type\":\"ListItem\",\"position\":1,\"name\":\"Home\",\"item\":\"https:\/\/www.italyfamilyhotels.it\/fr\"},{\"@type\":\"ListItem\",\"position\":2,\"name\":\"Family Hotels\",\"item\":\"https:\/\/www.italyfamilyhotels.it\/fr\/hotels\"},{\"@type\":\"ListItem\",\"position\":3,\"name\":\"Seapark FAMILY RESORT &#038; SPA\"}]},{\"@type\":\"WebSite\",\"@id\":\"https:\/\/www.italyfamilyhotels.it\/#website\",\"url\":\"https:\/\/www.italyfamilyhotels.it\/\",\"name\":\"Italy Family Hotels\",\"description\":\"\",\"potentialAction\":[{\"@type\":\"SearchAction\",\"target\":{\"@type\":\"EntryPoint\",\"urlTemplate\":\"https:\/\/www.italyfamilyhotels.it\/?s={search_term_string}\"},\"query-input\":{\"@type\":\"PropertyValueSpecification\",\"valueRequired\":true,\"valueName\":\"search_term_string\"}}],\"inLanguage\":\"fr-FR\"}]}<\/script>\n<!-- \/ Yoast SEO plugin. -->","yoast_head_json":{"title":"Seapark FAMILY RESORT & SPA 4 \u00e9toiles Giulianova","description":"Envie de vacances en famille ? D\u00e9couvrez les offres pour familles du Seapark FAMILY RESORT & SPA \u00e0 Giulianova","robots":{"index":"index","follow":"follow","max-snippet":"max-snippet:-1","max-image-preview":"max-image-preview:large","max-video-preview":"max-video-preview:-1"},"canonical":"https:\/\/www.italyfamilyhotels.it\/fr\/hotels\/seapark-family-resort-spa","og_locale":"fr_FR","og_type":"article","og_title":"Seapark FAMILY RESORT & SPA 4 \u00e9toiles Giulianova","og_description":"Envie de vacances en famille ? D\u00e9couvrez les offres pour familles du Seapark FAMILY RESORT & SPA \u00e0 Giulianova","og_url":"https:\/\/www.italyfamilyhotels.it\/fr\/hotels\/seapark-family-resort-spa","og_site_name":"Italy Family Hotels","article_publisher":"https:\/\/www.facebook.com\/ItalyFamilyHotels\/","article_modified_time":"2025-12-04T12:15:05+00:00","twitter_card":"summary_large_image","twitter_misc":{"Dur\u00e9e de lecture estim\u00e9e":"2 minutes"},"schema":{"@context":"https:\/\/schema.org","@graph":[{"@type":"WebPage","@id":"https:\/\/www.italyfamilyhotels.it\/fr\/hotels\/seapark-family-resort-spa","url":"https:\/\/www.italyfamilyhotels.it\/fr\/hotels\/seapark-family-resort-spa","name":"Seapark FAMILY RESORT & SPA 4 \u00e9toiles Giulianova","isPartOf":{"@id":"https:\/\/www.italyfamilyhotels.it\/#website"},"datePublished":"2023-01-23T14:41:42+00:00","dateModified":"2025-12-04T12:15:05+00:00","description":"Envie de vacances en famille ? D\u00e9couvrez les offres pour familles du Seapark FAMILY RESORT & SPA \u00e0 Giulianova","breadcrumb":{"@id":"https:\/\/www.italyfamilyhotels.it\/fr\/hotels\/seapark-family-resort-spa#breadcrumb"},"inLanguage":"fr-FR","potentialAction":[{"@type":"ReadAction","target":["https:\/\/www.italyfamilyhotels.it\/fr\/hotels\/seapark-family-resort-spa"]}]},{"@type":"BreadcrumbList","@id":"https:\/\/www.italyfamilyhotels.it\/fr\/hotels\/seapark-family-resort-spa#breadcrumb","itemListElement":[{"@type":"ListItem","position":1,"name":"Home","item":"https:\/\/www.italyfamilyhotels.it\/fr"},{"@type":"ListItem","position":2,"name":"Family Hotels","item":"https:\/\/www.italyfamilyhotels.it\/fr\/hotels"},{"@type":"ListItem","position":3,"name":"Seapark FAMILY RESORT &#038; SPA"}]},{"@type":"WebSite","@id":"https:\/\/www.italyfamilyhotels.it\/#website","url":"https:\/\/www.italyfamilyhotels.it\/","name":"Italy Family Hotels","description":"","potentialAction":[{"@type":"SearchAction","target":{"@type":"EntryPoint","urlTemplate":"https:\/\/www.italyfamilyhotels.it\/?s={search_term_string}"},"query-input":{"@type":"PropertyValueSpecification","valueRequired":true,"valueName":"search_term_string"}}],"inLanguage":"fr-FR"}]}},"_links":{"self":[{"href":"https:\/\/www.italyfamilyhotels.it\/fr\/wp-json\/wp\/v2\/pages\/44057","targetHints":{"allow":["GET"]}}],"collection":[{"href":"https:\/\/www.italyfamilyhotels.it\/fr\/wp-json\/wp\/v2\/pages"}],"about":[{"href":"https:\/\/www.italyfamilyhotels.it\/fr\/wp-json\/wp\/v2\/types\/page"}],"author":[{"embeddable":true,"href":"https:\/\/www.italyfamilyhotels.it\/fr\/wp-json\/wp\/v2\/users\/149"}],"replies":[{"embeddable":true,"href":"https:\/\/www.italyfamilyhotels.it\/fr\/wp-json\/wp\/v2\/comments?post=44057"}],"version-history":[{"count":7,"href":"https:\/\/www.italyfamilyhotels.it\/fr\/wp-json\/wp\/v2\/pages\/44057\/revisions"}],"predecessor-version":[{"id":73112,"href":"https:\/\/www.italyfamilyhotels.it\/fr\/wp-json\/wp\/v2\/pages\/44057\/revisions\/73112"}],"up":[{"embeddable":true,"href":"https:\/\/www.italyfamilyhotels.it\/fr\/wp-json\/wp\/v2\/pages\/29729"}],"wp:attachment":[{"href":"https:\/\/www.italyfamilyhotels.it\/fr\/wp-json\/wp\/v2\/media?parent=44057"}],"curies":[{"name":"wp","href":"https:\/\/api.w.org\/{rel}","templated":true}]}}