{"id":44053,"date":"2023-01-23T15:41:06","date_gmt":"2023-01-23T14:41:06","guid":{"rendered":"https:\/\/www.italyfamilyhotels.it\/hotels\/park-hotel-morigi"},"modified":"2023-01-23T15:53:25","modified_gmt":"2023-01-23T14:53:25","slug":"park-hotel-morigi","status":"publish","type":"page","link":"https:\/\/www.italyfamilyhotels.it\/fr\/hotels\/park-hotel-morigi","title":{"rendered":"Park Hotel Morigi"},"content":{"rendered":"\n<p>Depuis plus de 50 ans, le\u00a0<b>Park Hotel Morigi<\/b> accueille parents et enfants en qu\u00eate de divertissement et de d\u00e9tente en toute s\u00e9curit\u00e9.<\/p>\n\n\n\n<p>Avec une courte promenade de seulement\u00a0<b>200 m\u00e8tres<\/b>, vous vous trouverez d\u00e9j\u00e0 les pieds dans le sable de la\u00a0<b>\u00ab Maracaibo Beach \u00bb, la plage priv\u00e9e que nous tenons \u00e0 votre disposition<\/b>, avec toujours un parasol, des transats et de nombreux jeux pour vos enfants. Rappelez-vous que la c\u00f4te de Gatteo a Mare est\u00a0<b>\u00ab\u00a0Drapeau vert des p\u00e9diatres\u00a0\u00bb<\/b> en raison de la propret\u00e9 des eaux, des fonds s\u00e9curis\u00e9s, des \u00e9quipements et des services, Bref, l&#8217;endroit id\u00e9al pour des vacances \u00e0 la plage avec des enfants !<\/p>\n\n\n\n<p>Des parasols et des transats vous attendent \u00e9galement dans le jardin de l&#8217;h\u00f4tel\u00a0<b>au bord de la piscine<\/b>.<\/p>\n\n\n\n<p>Au Park Hotel Morigi, les moments de d\u00e9tente de papa et maman sont exclusifs dans le centre thermal\u00a0<b>Bellavita Spa<\/b>, entre sauna, douches \u00e9motionnelles, jacuzzi et bien plus encore. Un coin de bien-\u00eatre o\u00f9 vous pourrez vous reposer apr\u00e8s une journ\u00e9e de soleil, de mer et de plaisir.<\/p>\n\n\n\n<p>L&#8217;h\u00f4tel fait partie du projet <b>\u00ab\u00a0Gatteo Mare Summer Village\u00a0\u00bb<\/b>\u00a0qui, chaque \u00e9t\u00e9, transforme Gatteo en un grand village touristique \u00e0 ciel ouvert : animations et spectacles pour enfants, mascottes, cin\u00e9ma en plein air, soir\u00e9es mousse et beaucoup de musique, entra\u00eenent les h\u00f4tes dans une f\u00eate toujours diff\u00e9rente.<\/p>\n\n\n\n<p>L&#8217;h\u00f4tel est le point de d\u00e9part id\u00e9al pour visiter les parcs \u00e0 th\u00e8me de la Riviera romagnole, pour lesquels des r\u00e9ductions sp\u00e9ciales sont r\u00e9serv\u00e9es.<\/p>\n","protected":false},"excerpt":{"rendered":"<p>Depuis plus de 50 ans, le\u00a0Park Hotel Morigi accueille parents et enfants en qu\u00eate de divertissement et de d\u00e9tente en toute s\u00e9curit\u00e9. Avec une courte promenade de seulement\u00a0200 m\u00e8tres, vous vous trouverez d\u00e9j\u00e0 les pieds dans le sable de la\u00a0\u00ab Maracaibo Beach \u00bb, la plage priv\u00e9e que nous tenons \u00e0 votre disposition, avec toujours un &hellip;<\/p>\n","protected":false},"author":168,"featured_media":0,"parent":29729,"menu_order":0,"comment_status":"closed","ping_status":"closed","template":"page-templates\/scheda_hotel.php","meta":{"_acf_changed":false,"inline_featured_image":false,"footnotes":""},"class_list":["post-44053","page","type-page","status-publish","hentry"],"acf":[],"yoast_head":"<!-- This site is optimized with the Yoast SEO plugin v27.1 - https:\/\/yoast.com\/product\/yoast-seo-wordpress\/ -->\n<title>Park Hotel Morigi 3 \u00e9toiles, Gatteo a Mare<\/title>\n<meta name=\"description\" content=\"Envie de vacances en famille ? D\u00e9couvrez les offres pour familles du Park Hotel Morigi \u00e0 Gatteo a Mare\" \/>\n<meta name=\"robots\" content=\"index, follow, max-snippet:-1, max-image-preview:large, max-video-preview:-1\" \/>\n<link rel=\"canonical\" href=\"https:\/\/www.italyfamilyhotels.it\/fr\/hotels\/park-hotel-morigi\" \/>\n<meta property=\"og:locale\" content=\"fr_FR\" \/>\n<meta property=\"og:type\" content=\"article\" \/>\n<meta property=\"og:title\" content=\"Park Hotel Morigi 3 \u00e9toiles, Gatteo a Mare\" \/>\n<meta property=\"og:description\" content=\"Envie de vacances en famille ? D\u00e9couvrez les offres pour familles du Park Hotel Morigi \u00e0 Gatteo a Mare\" \/>\n<meta property=\"og:url\" content=\"https:\/\/www.italyfamilyhotels.it\/fr\/hotels\/park-hotel-morigi\" \/>\n<meta property=\"og:site_name\" content=\"Italy Family Hotels\" \/>\n<meta property=\"article:publisher\" content=\"https:\/\/www.facebook.com\/ItalyFamilyHotels\/\" \/>\n<meta property=\"article:modified_time\" content=\"2023-01-23T14:53:25+00:00\" \/>\n<meta name=\"twitter:card\" content=\"summary_large_image\" \/>\n<meta name=\"twitter:label1\" content=\"Dur\u00e9e de lecture estim\u00e9e\" \/>\n\t<meta name=\"twitter:data1\" content=\"1 minute\" \/>\n<script type=\"application\/ld+json\" class=\"yoast-schema-graph\">{\"@context\":\"https:\/\/schema.org\",\"@graph\":[{\"@type\":\"WebPage\",\"@id\":\"https:\/\/www.italyfamilyhotels.it\/fr\/hotels\/park-hotel-morigi\",\"url\":\"https:\/\/www.italyfamilyhotels.it\/fr\/hotels\/park-hotel-morigi\",\"name\":\"Park Hotel Morigi 3 \u00e9toiles, Gatteo a Mare\",\"isPartOf\":{\"@id\":\"https:\/\/www.italyfamilyhotels.it\/#website\"},\"datePublished\":\"2023-01-23T14:41:06+00:00\",\"dateModified\":\"2023-01-23T14:53:25+00:00\",\"description\":\"Envie de vacances en famille ? D\u00e9couvrez les offres pour familles du Park Hotel Morigi \u00e0 Gatteo a Mare\",\"breadcrumb\":{\"@id\":\"https:\/\/www.italyfamilyhotels.it\/fr\/hotels\/park-hotel-morigi#breadcrumb\"},\"inLanguage\":\"fr-FR\",\"potentialAction\":[{\"@type\":\"ReadAction\",\"target\":[\"https:\/\/www.italyfamilyhotels.it\/fr\/hotels\/park-hotel-morigi\"]}]},{\"@type\":\"BreadcrumbList\",\"@id\":\"https:\/\/www.italyfamilyhotels.it\/fr\/hotels\/park-hotel-morigi#breadcrumb\",\"itemListElement\":[{\"@type\":\"ListItem\",\"position\":1,\"name\":\"Home\",\"item\":\"https:\/\/www.italyfamilyhotels.it\/fr\"},{\"@type\":\"ListItem\",\"position\":2,\"name\":\"Family Hotels\",\"item\":\"https:\/\/www.italyfamilyhotels.it\/fr\/hotels\"},{\"@type\":\"ListItem\",\"position\":3,\"name\":\"Park Hotel Morigi\"}]},{\"@type\":\"WebSite\",\"@id\":\"https:\/\/www.italyfamilyhotels.it\/#website\",\"url\":\"https:\/\/www.italyfamilyhotels.it\/\",\"name\":\"Italy Family Hotels\",\"description\":\"\",\"potentialAction\":[{\"@type\":\"SearchAction\",\"target\":{\"@type\":\"EntryPoint\",\"urlTemplate\":\"https:\/\/www.italyfamilyhotels.it\/?s={search_term_string}\"},\"query-input\":{\"@type\":\"PropertyValueSpecification\",\"valueRequired\":true,\"valueName\":\"search_term_string\"}}],\"inLanguage\":\"fr-FR\"}]}<\/script>\n<!-- \/ Yoast SEO plugin. -->","yoast_head_json":{"title":"Park Hotel Morigi 3 \u00e9toiles, Gatteo a Mare","description":"Envie de vacances en famille ? D\u00e9couvrez les offres pour familles du Park Hotel Morigi \u00e0 Gatteo a Mare","robots":{"index":"index","follow":"follow","max-snippet":"max-snippet:-1","max-image-preview":"max-image-preview:large","max-video-preview":"max-video-preview:-1"},"canonical":"https:\/\/www.italyfamilyhotels.it\/fr\/hotels\/park-hotel-morigi","og_locale":"fr_FR","og_type":"article","og_title":"Park Hotel Morigi 3 \u00e9toiles, Gatteo a Mare","og_description":"Envie de vacances en famille ? D\u00e9couvrez les offres pour familles du Park Hotel Morigi \u00e0 Gatteo a Mare","og_url":"https:\/\/www.italyfamilyhotels.it\/fr\/hotels\/park-hotel-morigi","og_site_name":"Italy Family Hotels","article_publisher":"https:\/\/www.facebook.com\/ItalyFamilyHotels\/","article_modified_time":"2023-01-23T14:53:25+00:00","twitter_card":"summary_large_image","twitter_misc":{"Dur\u00e9e de lecture estim\u00e9e":"1 minute"},"schema":{"@context":"https:\/\/schema.org","@graph":[{"@type":"WebPage","@id":"https:\/\/www.italyfamilyhotels.it\/fr\/hotels\/park-hotel-morigi","url":"https:\/\/www.italyfamilyhotels.it\/fr\/hotels\/park-hotel-morigi","name":"Park Hotel Morigi 3 \u00e9toiles, Gatteo a Mare","isPartOf":{"@id":"https:\/\/www.italyfamilyhotels.it\/#website"},"datePublished":"2023-01-23T14:41:06+00:00","dateModified":"2023-01-23T14:53:25+00:00","description":"Envie de vacances en famille ? D\u00e9couvrez les offres pour familles du Park Hotel Morigi \u00e0 Gatteo a Mare","breadcrumb":{"@id":"https:\/\/www.italyfamilyhotels.it\/fr\/hotels\/park-hotel-morigi#breadcrumb"},"inLanguage":"fr-FR","potentialAction":[{"@type":"ReadAction","target":["https:\/\/www.italyfamilyhotels.it\/fr\/hotels\/park-hotel-morigi"]}]},{"@type":"BreadcrumbList","@id":"https:\/\/www.italyfamilyhotels.it\/fr\/hotels\/park-hotel-morigi#breadcrumb","itemListElement":[{"@type":"ListItem","position":1,"name":"Home","item":"https:\/\/www.italyfamilyhotels.it\/fr"},{"@type":"ListItem","position":2,"name":"Family Hotels","item":"https:\/\/www.italyfamilyhotels.it\/fr\/hotels"},{"@type":"ListItem","position":3,"name":"Park Hotel Morigi"}]},{"@type":"WebSite","@id":"https:\/\/www.italyfamilyhotels.it\/#website","url":"https:\/\/www.italyfamilyhotels.it\/","name":"Italy Family Hotels","description":"","potentialAction":[{"@type":"SearchAction","target":{"@type":"EntryPoint","urlTemplate":"https:\/\/www.italyfamilyhotels.it\/?s={search_term_string}"},"query-input":{"@type":"PropertyValueSpecification","valueRequired":true,"valueName":"search_term_string"}}],"inLanguage":"fr-FR"}]}},"_links":{"self":[{"href":"https:\/\/www.italyfamilyhotels.it\/fr\/wp-json\/wp\/v2\/pages\/44053","targetHints":{"allow":["GET"]}}],"collection":[{"href":"https:\/\/www.italyfamilyhotels.it\/fr\/wp-json\/wp\/v2\/pages"}],"about":[{"href":"https:\/\/www.italyfamilyhotels.it\/fr\/wp-json\/wp\/v2\/types\/page"}],"author":[{"embeddable":true,"href":"https:\/\/www.italyfamilyhotels.it\/fr\/wp-json\/wp\/v2\/users\/168"}],"replies":[{"embeddable":true,"href":"https:\/\/www.italyfamilyhotels.it\/fr\/wp-json\/wp\/v2\/comments?post=44053"}],"version-history":[{"count":1,"href":"https:\/\/www.italyfamilyhotels.it\/fr\/wp-json\/wp\/v2\/pages\/44053\/revisions"}],"predecessor-version":[{"id":44054,"href":"https:\/\/www.italyfamilyhotels.it\/fr\/wp-json\/wp\/v2\/pages\/44053\/revisions\/44054"}],"up":[{"embeddable":true,"href":"https:\/\/www.italyfamilyhotels.it\/fr\/wp-json\/wp\/v2\/pages\/29729"}],"wp:attachment":[{"href":"https:\/\/www.italyfamilyhotels.it\/fr\/wp-json\/wp\/v2\/media?parent=44053"}],"curies":[{"name":"wp","href":"https:\/\/api.w.org\/{rel}","templated":true}]}}