{"id":44051,"date":"2023-01-23T15:40:48","date_gmt":"2023-01-23T14:40:48","guid":{"rendered":"https:\/\/www.italyfamilyhotels.it\/hotels\/brunet-the-dolomites-resort"},"modified":"2026-03-02T15:08:42","modified_gmt":"2026-03-02T14:08:42","slug":"brunet-the-dolomites-resort","status":"publish","type":"page","link":"https:\/\/www.italyfamilyhotels.it\/fr\/hotels\/brunet-the-dolomites-resort","title":{"rendered":"Brunet The Dolomites Resort"},"content":{"rendered":"\n<p>Le&nbsp;<b>Brunet The Dolomites Resort<\/b>&nbsp;est situ\u00e9 dans le magnifique cadre des Dolomites du Trentin, dans la charmante&nbsp;<b>Vall\u00e9e du Primiero<\/b>, entour\u00e9 des villages de montagne caract\u00e9ristiques qui se blottissent presque tous les uns contre les autres pour pr\u00e9server un pass\u00e9 ancien, fait de traditions et de folklore. Ce qui caract\u00e9rise notre \u00e9tablissement, c&#8217;est l&#8217;authenticit\u00e9 d&#8217;un<b> accueil familial<\/b>, fait d&#8217;amour pour les traditions locales, et l&#8217;atmosph\u00e8re intime que vous respirez dans des espaces tr\u00e8s chaleureux, gr\u00e2ce au mobilier raffin\u00e9 de style tyrolien.<\/p>\n\n\n\n<p>Les Dolomites sont belles \u00e0 vivre en toute saison : \u00e9galement pendant les mois froids. Vous pourrez vous r\u00e9chauffer dans notre espace bien-\u00eatre Gocce di Rugiada avec<b>&nbsp;SPA de 1 500 m\u00b2<\/b>,&nbsp;<b>piscine int\u00e9rieure chauff\u00e9e<\/b>&nbsp;et&nbsp;<b>bain \u00e0 remous pour vos enfants<\/b> lesquels, chez nous, ont&nbsp;<b>acc\u00e8s \u00e0 l&#8217;espace bien-\u00eatre une matin\u00e9e par semaine<\/b>. De cette fa\u00e7on, ils pourront vivre une exp\u00e9rience thermale comme maman et papa ! Et, sur demande, vous pouvez offrir \u00e0 vos&nbsp;<b>enfants<\/b>&nbsp;de relaxants&nbsp;<b>soins de bien-\u00eatre<\/b>.<\/p>\n\n\n\n<p>Nous avons un <b>esprit familial en ce qui concerne nos services et les nombreuses activit\u00e9s de divertissement organis\u00e9es au Giocovacanza Club,<\/b>&nbsp;pour petits et grands, en compagnie de<b>&nbsp;Piffo<\/b>, la sympathique mascotte. Les belles sorties en refuge, les visites de fermes p\u00e9dagogiques et de parcs naturels et les courses d\u2019orientation dans les bois, font partie des exp\u00e9riences les plus excitantes que vos enfants pourront vivre avec nous, pour apprendre \u00e0 respecter et \u00e0 aimer la montagne.<\/p>\n\n\n\n<p>Nous affichons fi\u00e8rement notre label&nbsp;<b>\u00ab&nbsp;Green Way Primiero&nbsp;\u00bb<\/b>, un projet de d\u00e9veloppement durable partag\u00e9 avec toute la communaut\u00e9 environnante. Pour cela, nous disposons notamment d\u2019une&nbsp;<b>borne de recharge pour voitures \u00e9lectriques Tesla<\/b>.<\/p>\n","protected":false},"excerpt":{"rendered":"<p>Le&nbsp;Brunet The Dolomites Resort&nbsp;est situ\u00e9 dans le magnifique cadre des Dolomites du Trentin, dans la charmante&nbsp;Vall\u00e9e du Primiero, entour\u00e9 des villages de montagne caract\u00e9ristiques qui se blottissent presque tous les uns contre les autres pour pr\u00e9server un pass\u00e9 ancien, fait de traditions et de folklore. Ce qui caract\u00e9rise notre \u00e9tablissement, c&#8217;est l&#8217;authenticit\u00e9 d&#8217;un accueil familial, &hellip;<\/p>\n","protected":false},"author":144,"featured_media":0,"parent":29729,"menu_order":0,"comment_status":"closed","ping_status":"closed","template":"page-templates\/scheda_hotel.php","meta":{"_acf_changed":false,"inline_featured_image":false,"footnotes":""},"class_list":["post-44051","page","type-page","status-publish","hentry"],"acf":[],"yoast_head":"<!-- This site is optimized with the Yoast SEO plugin v27.1 - https:\/\/yoast.com\/product\/yoast-seo-wordpress\/ -->\n<title>Brunet Dolomites Resort 4 \u00e9toiles, Primiero S. Martino di Castrozza<\/title>\n<meta name=\"description\" content=\"Envie de vacances en famille ? D\u00e9couvrez les offres pour familles du Brunet The Dolomites Resort \u00e0 Primiero - San Martino di Castrozza\" \/>\n<meta name=\"robots\" content=\"index, follow, max-snippet:-1, max-image-preview:large, max-video-preview:-1\" \/>\n<link rel=\"canonical\" href=\"https:\/\/www.italyfamilyhotels.it\/fr\/hotels\/brunet-the-dolomites-resort\" \/>\n<meta property=\"og:locale\" content=\"fr_FR\" \/>\n<meta property=\"og:type\" content=\"article\" \/>\n<meta property=\"og:title\" content=\"Brunet Dolomites Resort 4 \u00e9toiles, Primiero S. Martino di Castrozza\" \/>\n<meta property=\"og:description\" content=\"Envie de vacances en famille ? D\u00e9couvrez les offres pour familles du Brunet The Dolomites Resort \u00e0 Primiero - San Martino di Castrozza\" \/>\n<meta property=\"og:url\" content=\"https:\/\/www.italyfamilyhotels.it\/fr\/hotels\/brunet-the-dolomites-resort\" \/>\n<meta property=\"og:site_name\" content=\"Italy Family Hotels\" \/>\n<meta property=\"article:publisher\" content=\"https:\/\/www.facebook.com\/ItalyFamilyHotels\/\" \/>\n<meta property=\"article:modified_time\" content=\"2026-03-02T14:08:42+00:00\" \/>\n<meta name=\"twitter:card\" content=\"summary_large_image\" \/>\n<meta name=\"twitter:label1\" content=\"Dur\u00e9e de lecture estim\u00e9e\" \/>\n\t<meta name=\"twitter:data1\" content=\"2 minutes\" \/>\n<script type=\"application\/ld+json\" class=\"yoast-schema-graph\">{\"@context\":\"https:\/\/schema.org\",\"@graph\":[{\"@type\":\"WebPage\",\"@id\":\"https:\/\/www.italyfamilyhotels.it\/fr\/hotels\/brunet-the-dolomites-resort\",\"url\":\"https:\/\/www.italyfamilyhotels.it\/fr\/hotels\/brunet-the-dolomites-resort\",\"name\":\"Brunet Dolomites Resort 4 \u00e9toiles, Primiero S. Martino di Castrozza\",\"isPartOf\":{\"@id\":\"https:\/\/www.italyfamilyhotels.it\/#website\"},\"datePublished\":\"2023-01-23T14:40:48+00:00\",\"dateModified\":\"2026-03-02T14:08:42+00:00\",\"description\":\"Envie de vacances en famille ? D\u00e9couvrez les offres pour familles du Brunet The Dolomites Resort \u00e0 Primiero - San Martino di Castrozza\",\"breadcrumb\":{\"@id\":\"https:\/\/www.italyfamilyhotels.it\/fr\/hotels\/brunet-the-dolomites-resort#breadcrumb\"},\"inLanguage\":\"fr-FR\",\"potentialAction\":[{\"@type\":\"ReadAction\",\"target\":[\"https:\/\/www.italyfamilyhotels.it\/fr\/hotels\/brunet-the-dolomites-resort\"]}]},{\"@type\":\"BreadcrumbList\",\"@id\":\"https:\/\/www.italyfamilyhotels.it\/fr\/hotels\/brunet-the-dolomites-resort#breadcrumb\",\"itemListElement\":[{\"@type\":\"ListItem\",\"position\":1,\"name\":\"Home\",\"item\":\"https:\/\/www.italyfamilyhotels.it\/fr\"},{\"@type\":\"ListItem\",\"position\":2,\"name\":\"Family Hotels\",\"item\":\"https:\/\/www.italyfamilyhotels.it\/fr\/hotels\"},{\"@type\":\"ListItem\",\"position\":3,\"name\":\"Brunet The Dolomites Resort\"}]},{\"@type\":\"WebSite\",\"@id\":\"https:\/\/www.italyfamilyhotels.it\/#website\",\"url\":\"https:\/\/www.italyfamilyhotels.it\/\",\"name\":\"Italy Family Hotels\",\"description\":\"\",\"potentialAction\":[{\"@type\":\"SearchAction\",\"target\":{\"@type\":\"EntryPoint\",\"urlTemplate\":\"https:\/\/www.italyfamilyhotels.it\/?s={search_term_string}\"},\"query-input\":{\"@type\":\"PropertyValueSpecification\",\"valueRequired\":true,\"valueName\":\"search_term_string\"}}],\"inLanguage\":\"fr-FR\"}]}<\/script>\n<!-- \/ Yoast SEO plugin. -->","yoast_head_json":{"title":"Brunet Dolomites Resort 4 \u00e9toiles, Primiero S. Martino di Castrozza","description":"Envie de vacances en famille ? D\u00e9couvrez les offres pour familles du Brunet The Dolomites Resort \u00e0 Primiero - San Martino di Castrozza","robots":{"index":"index","follow":"follow","max-snippet":"max-snippet:-1","max-image-preview":"max-image-preview:large","max-video-preview":"max-video-preview:-1"},"canonical":"https:\/\/www.italyfamilyhotels.it\/fr\/hotels\/brunet-the-dolomites-resort","og_locale":"fr_FR","og_type":"article","og_title":"Brunet Dolomites Resort 4 \u00e9toiles, Primiero S. Martino di Castrozza","og_description":"Envie de vacances en famille ? D\u00e9couvrez les offres pour familles du Brunet The Dolomites Resort \u00e0 Primiero - San Martino di Castrozza","og_url":"https:\/\/www.italyfamilyhotels.it\/fr\/hotels\/brunet-the-dolomites-resort","og_site_name":"Italy Family Hotels","article_publisher":"https:\/\/www.facebook.com\/ItalyFamilyHotels\/","article_modified_time":"2026-03-02T14:08:42+00:00","twitter_card":"summary_large_image","twitter_misc":{"Dur\u00e9e de lecture estim\u00e9e":"2 minutes"},"schema":{"@context":"https:\/\/schema.org","@graph":[{"@type":"WebPage","@id":"https:\/\/www.italyfamilyhotels.it\/fr\/hotels\/brunet-the-dolomites-resort","url":"https:\/\/www.italyfamilyhotels.it\/fr\/hotels\/brunet-the-dolomites-resort","name":"Brunet Dolomites Resort 4 \u00e9toiles, Primiero S. Martino di Castrozza","isPartOf":{"@id":"https:\/\/www.italyfamilyhotels.it\/#website"},"datePublished":"2023-01-23T14:40:48+00:00","dateModified":"2026-03-02T14:08:42+00:00","description":"Envie de vacances en famille ? D\u00e9couvrez les offres pour familles du Brunet The Dolomites Resort \u00e0 Primiero - San Martino di Castrozza","breadcrumb":{"@id":"https:\/\/www.italyfamilyhotels.it\/fr\/hotels\/brunet-the-dolomites-resort#breadcrumb"},"inLanguage":"fr-FR","potentialAction":[{"@type":"ReadAction","target":["https:\/\/www.italyfamilyhotels.it\/fr\/hotels\/brunet-the-dolomites-resort"]}]},{"@type":"BreadcrumbList","@id":"https:\/\/www.italyfamilyhotels.it\/fr\/hotels\/brunet-the-dolomites-resort#breadcrumb","itemListElement":[{"@type":"ListItem","position":1,"name":"Home","item":"https:\/\/www.italyfamilyhotels.it\/fr"},{"@type":"ListItem","position":2,"name":"Family Hotels","item":"https:\/\/www.italyfamilyhotels.it\/fr\/hotels"},{"@type":"ListItem","position":3,"name":"Brunet The Dolomites Resort"}]},{"@type":"WebSite","@id":"https:\/\/www.italyfamilyhotels.it\/#website","url":"https:\/\/www.italyfamilyhotels.it\/","name":"Italy Family Hotels","description":"","potentialAction":[{"@type":"SearchAction","target":{"@type":"EntryPoint","urlTemplate":"https:\/\/www.italyfamilyhotels.it\/?s={search_term_string}"},"query-input":{"@type":"PropertyValueSpecification","valueRequired":true,"valueName":"search_term_string"}}],"inLanguage":"fr-FR"}]}},"_links":{"self":[{"href":"https:\/\/www.italyfamilyhotels.it\/fr\/wp-json\/wp\/v2\/pages\/44051","targetHints":{"allow":["GET"]}}],"collection":[{"href":"https:\/\/www.italyfamilyhotels.it\/fr\/wp-json\/wp\/v2\/pages"}],"about":[{"href":"https:\/\/www.italyfamilyhotels.it\/fr\/wp-json\/wp\/v2\/types\/page"}],"author":[{"embeddable":true,"href":"https:\/\/www.italyfamilyhotels.it\/fr\/wp-json\/wp\/v2\/users\/144"}],"replies":[{"embeddable":true,"href":"https:\/\/www.italyfamilyhotels.it\/fr\/wp-json\/wp\/v2\/comments?post=44051"}],"version-history":[{"count":3,"href":"https:\/\/www.italyfamilyhotels.it\/fr\/wp-json\/wp\/v2\/pages\/44051\/revisions"}],"predecessor-version":[{"id":75742,"href":"https:\/\/www.italyfamilyhotels.it\/fr\/wp-json\/wp\/v2\/pages\/44051\/revisions\/75742"}],"up":[{"embeddable":true,"href":"https:\/\/www.italyfamilyhotels.it\/fr\/wp-json\/wp\/v2\/pages\/29729"}],"wp:attachment":[{"href":"https:\/\/www.italyfamilyhotels.it\/fr\/wp-json\/wp\/v2\/media?parent=44051"}],"curies":[{"name":"wp","href":"https:\/\/api.w.org\/{rel}","templated":true}]}}