{"id":44049,"date":"2023-01-23T15:34:09","date_gmt":"2023-01-23T14:34:09","guid":{"rendered":"https:\/\/www.italyfamilyhotels.it\/hotels\/hotel-gattarella"},"modified":"2026-02-12T12:17:29","modified_gmt":"2026-02-12T11:17:29","slug":"gattarella-family-resort","status":"publish","type":"page","link":"https:\/\/www.italyfamilyhotels.it\/fr\/hotels\/gattarella-family-resort","title":{"rendered":"Gattarella Family Resort Puglia"},"content":{"rendered":"\n<p>Dans notre\u00a0<b>h\u00f4tel familial dans les Pouilles<\/b>, la mer limpide de la plage de sable fin rencontre la nature sauvage du Gargano. En arri\u00e8re-plan, vous apercevrez la belle\u00a0<b>Vieste, \u00e0 seulement 5 km<\/b>. De nombreuses attentions pour les tout-petits :\u00a0notre <b>personnel sp\u00e9cialis\u00e9<\/b>\u00a0suit les enfants dans les activit\u00e9s \u00e0 l&#8217;int\u00e9rieur du\u00a0<b>Mini\u00a0Club<\/b>\u00a0et, pour chaque famille, vous trouverez le\u00a0<b>\u00ab\u00a0Baby Smart\u00a0\u00bb<\/b> \u00e0 la cr\u00e8che, un forfait qui garantit une gamme d&#8217;\u00e9quipements et de services directement dans la chambre, pour des vacances s\u00fbres et sans soucis.<\/p>\n\n\n\n<p>Vous avez le choix entre deux formules en demi-pension : avec <b>Formule H\u00f4tel<\/b>,\u00a0pour des s\u00e9jours dans d\u2019\u00e9l\u00e9gantes chambres avec vue sur la mer, ou avec la\u00a0<b>Formule R\u00e9sidence<\/b>, dans des appartements intimistes rafra\u00eechis par l&#8217;ombre des pins d&#8217;Alep. Le divertissement n&#8217;a pas de fronti\u00e8res : un parc aventure,<b>\u00a0des animateurs sp\u00e9cialis\u00e9s pour la super animation<\/b>\u00a0qui s&#8217;\u00e9tend jusqu&#8217;\u00e0 la plage et se poursuit apr\u00e8s le coucher du soleil. Et puis beaucoup de sport, y compris des courts de tennis, des cours de planche \u00e0 voile, de terrains de football \u00e0 cinq.<\/p>\n","protected":false},"excerpt":{"rendered":"<p>Dans notre\u00a0h\u00f4tel familial dans les Pouilles, la mer limpide de la plage de sable fin rencontre la nature sauvage du Gargano. En arri\u00e8re-plan, vous apercevrez la belle\u00a0Vieste, \u00e0 seulement 5 km. De nombreuses attentions pour les tout-petits :\u00a0notre personnel sp\u00e9cialis\u00e9\u00a0suit les enfants dans les activit\u00e9s \u00e0 l&#8217;int\u00e9rieur du\u00a0Mini\u00a0Club\u00a0et, pour chaque famille, vous trouverez le\u00a0\u00ab\u00a0Baby Smart\u00a0\u00bb &hellip;<\/p>\n","protected":false},"author":142,"featured_media":0,"parent":29729,"menu_order":0,"comment_status":"closed","ping_status":"closed","template":"page-templates\/scheda_hotel.php","meta":{"_acf_changed":false,"inline_featured_image":false,"footnotes":""},"class_list":["post-44049","page","type-page","status-publish","hentry"],"acf":[],"yoast_head":"<!-- This site is optimized with the Yoast SEO plugin v27.1 - https:\/\/yoast.com\/product\/yoast-seo-wordpress\/ -->\n<title>Gattarella Family Resort 4 \u00e9toiles, Vieste<\/title>\n<meta name=\"description\" content=\"Envie de vacances en famille ? D\u00e9couvrez les offres pour familles de Gattarella Family Resort \u00e0 Vieste\" \/>\n<meta name=\"robots\" content=\"index, follow, max-snippet:-1, max-image-preview:large, max-video-preview:-1\" \/>\n<link rel=\"canonical\" href=\"https:\/\/www.italyfamilyhotels.it\/fr\/hotels\/gattarella-family-resort\" \/>\n<meta property=\"og:locale\" content=\"fr_FR\" \/>\n<meta property=\"og:type\" content=\"article\" \/>\n<meta property=\"og:title\" content=\"Gattarella Family Resort 4 \u00e9toiles, Vieste\" \/>\n<meta property=\"og:description\" content=\"Envie de vacances en famille ? D\u00e9couvrez les offres pour familles de Gattarella Family Resort \u00e0 Vieste\" \/>\n<meta property=\"og:url\" content=\"https:\/\/www.italyfamilyhotels.it\/fr\/hotels\/gattarella-family-resort\" \/>\n<meta property=\"og:site_name\" content=\"Italy Family Hotels\" \/>\n<meta property=\"article:publisher\" content=\"https:\/\/www.facebook.com\/ItalyFamilyHotels\/\" \/>\n<meta property=\"article:modified_time\" content=\"2026-02-12T11:17:29+00:00\" \/>\n<meta name=\"twitter:card\" content=\"summary_large_image\" \/>\n<meta name=\"twitter:label1\" content=\"Dur\u00e9e de lecture estim\u00e9e\" \/>\n\t<meta name=\"twitter:data1\" content=\"1 minute\" \/>\n<script type=\"application\/ld+json\" class=\"yoast-schema-graph\">{\"@context\":\"https:\/\/schema.org\",\"@graph\":[{\"@type\":\"WebPage\",\"@id\":\"https:\/\/www.italyfamilyhotels.it\/fr\/hotels\/gattarella-family-resort\",\"url\":\"https:\/\/www.italyfamilyhotels.it\/fr\/hotels\/gattarella-family-resort\",\"name\":\"Gattarella Family Resort 4 \u00e9toiles, Vieste\",\"isPartOf\":{\"@id\":\"https:\/\/www.italyfamilyhotels.it\/#website\"},\"datePublished\":\"2023-01-23T14:34:09+00:00\",\"dateModified\":\"2026-02-12T11:17:29+00:00\",\"description\":\"Envie de vacances en famille ? D\u00e9couvrez les offres pour familles de Gattarella Family Resort \u00e0 Vieste\",\"breadcrumb\":{\"@id\":\"https:\/\/www.italyfamilyhotels.it\/fr\/hotels\/gattarella-family-resort#breadcrumb\"},\"inLanguage\":\"fr-FR\",\"potentialAction\":[{\"@type\":\"ReadAction\",\"target\":[\"https:\/\/www.italyfamilyhotels.it\/fr\/hotels\/gattarella-family-resort\"]}]},{\"@type\":\"BreadcrumbList\",\"@id\":\"https:\/\/www.italyfamilyhotels.it\/fr\/hotels\/gattarella-family-resort#breadcrumb\",\"itemListElement\":[{\"@type\":\"ListItem\",\"position\":1,\"name\":\"Home\",\"item\":\"https:\/\/www.italyfamilyhotels.it\/fr\"},{\"@type\":\"ListItem\",\"position\":2,\"name\":\"Family Hotels\",\"item\":\"https:\/\/www.italyfamilyhotels.it\/fr\/hotels\"},{\"@type\":\"ListItem\",\"position\":3,\"name\":\"Gattarella Family Resort Puglia\"}]},{\"@type\":\"WebSite\",\"@id\":\"https:\/\/www.italyfamilyhotels.it\/#website\",\"url\":\"https:\/\/www.italyfamilyhotels.it\/\",\"name\":\"Italy Family Hotels\",\"description\":\"\",\"potentialAction\":[{\"@type\":\"SearchAction\",\"target\":{\"@type\":\"EntryPoint\",\"urlTemplate\":\"https:\/\/www.italyfamilyhotels.it\/?s={search_term_string}\"},\"query-input\":{\"@type\":\"PropertyValueSpecification\",\"valueRequired\":true,\"valueName\":\"search_term_string\"}}],\"inLanguage\":\"fr-FR\"}]}<\/script>\n<!-- \/ Yoast SEO plugin. -->","yoast_head_json":{"title":"Gattarella Family Resort 4 \u00e9toiles, Vieste","description":"Envie de vacances en famille ? D\u00e9couvrez les offres pour familles de Gattarella Family Resort \u00e0 Vieste","robots":{"index":"index","follow":"follow","max-snippet":"max-snippet:-1","max-image-preview":"max-image-preview:large","max-video-preview":"max-video-preview:-1"},"canonical":"https:\/\/www.italyfamilyhotels.it\/fr\/hotels\/gattarella-family-resort","og_locale":"fr_FR","og_type":"article","og_title":"Gattarella Family Resort 4 \u00e9toiles, Vieste","og_description":"Envie de vacances en famille ? D\u00e9couvrez les offres pour familles de Gattarella Family Resort \u00e0 Vieste","og_url":"https:\/\/www.italyfamilyhotels.it\/fr\/hotels\/gattarella-family-resort","og_site_name":"Italy Family Hotels","article_publisher":"https:\/\/www.facebook.com\/ItalyFamilyHotels\/","article_modified_time":"2026-02-12T11:17:29+00:00","twitter_card":"summary_large_image","twitter_misc":{"Dur\u00e9e de lecture estim\u00e9e":"1 minute"},"schema":{"@context":"https:\/\/schema.org","@graph":[{"@type":"WebPage","@id":"https:\/\/www.italyfamilyhotels.it\/fr\/hotels\/gattarella-family-resort","url":"https:\/\/www.italyfamilyhotels.it\/fr\/hotels\/gattarella-family-resort","name":"Gattarella Family Resort 4 \u00e9toiles, Vieste","isPartOf":{"@id":"https:\/\/www.italyfamilyhotels.it\/#website"},"datePublished":"2023-01-23T14:34:09+00:00","dateModified":"2026-02-12T11:17:29+00:00","description":"Envie de vacances en famille ? D\u00e9couvrez les offres pour familles de Gattarella Family Resort \u00e0 Vieste","breadcrumb":{"@id":"https:\/\/www.italyfamilyhotels.it\/fr\/hotels\/gattarella-family-resort#breadcrumb"},"inLanguage":"fr-FR","potentialAction":[{"@type":"ReadAction","target":["https:\/\/www.italyfamilyhotels.it\/fr\/hotels\/gattarella-family-resort"]}]},{"@type":"BreadcrumbList","@id":"https:\/\/www.italyfamilyhotels.it\/fr\/hotels\/gattarella-family-resort#breadcrumb","itemListElement":[{"@type":"ListItem","position":1,"name":"Home","item":"https:\/\/www.italyfamilyhotels.it\/fr"},{"@type":"ListItem","position":2,"name":"Family Hotels","item":"https:\/\/www.italyfamilyhotels.it\/fr\/hotels"},{"@type":"ListItem","position":3,"name":"Gattarella Family Resort Puglia"}]},{"@type":"WebSite","@id":"https:\/\/www.italyfamilyhotels.it\/#website","url":"https:\/\/www.italyfamilyhotels.it\/","name":"Italy Family Hotels","description":"","potentialAction":[{"@type":"SearchAction","target":{"@type":"EntryPoint","urlTemplate":"https:\/\/www.italyfamilyhotels.it\/?s={search_term_string}"},"query-input":{"@type":"PropertyValueSpecification","valueRequired":true,"valueName":"search_term_string"}}],"inLanguage":"fr-FR"}]}},"_links":{"self":[{"href":"https:\/\/www.italyfamilyhotels.it\/fr\/wp-json\/wp\/v2\/pages\/44049","targetHints":{"allow":["GET"]}}],"collection":[{"href":"https:\/\/www.italyfamilyhotels.it\/fr\/wp-json\/wp\/v2\/pages"}],"about":[{"href":"https:\/\/www.italyfamilyhotels.it\/fr\/wp-json\/wp\/v2\/types\/page"}],"author":[{"embeddable":true,"href":"https:\/\/www.italyfamilyhotels.it\/fr\/wp-json\/wp\/v2\/users\/142"}],"replies":[{"embeddable":true,"href":"https:\/\/www.italyfamilyhotels.it\/fr\/wp-json\/wp\/v2\/comments?post=44049"}],"version-history":[{"count":14,"href":"https:\/\/www.italyfamilyhotels.it\/fr\/wp-json\/wp\/v2\/pages\/44049\/revisions"}],"predecessor-version":[{"id":74689,"href":"https:\/\/www.italyfamilyhotels.it\/fr\/wp-json\/wp\/v2\/pages\/44049\/revisions\/74689"}],"up":[{"embeddable":true,"href":"https:\/\/www.italyfamilyhotels.it\/fr\/wp-json\/wp\/v2\/pages\/29729"}],"wp:attachment":[{"href":"https:\/\/www.italyfamilyhotels.it\/fr\/wp-json\/wp\/v2\/media?parent=44049"}],"curies":[{"name":"wp","href":"https:\/\/api.w.org\/{rel}","templated":true}]}}