{"id":43955,"date":"2023-01-23T14:55:43","date_gmt":"2023-01-23T13:55:43","guid":{"rendered":"https:\/\/www.italyfamilyhotels.it\/hotels\/active-family-wellness-hotel-shandranj"},"modified":"2025-10-06T09:30:20","modified_gmt":"2025-10-06T07:30:20","slug":"active-family-wellness-hotel-shandranj","status":"publish","type":"page","link":"https:\/\/www.italyfamilyhotels.it\/fr\/hotels\/active-family-wellness-hotel-shandranj","title":{"rendered":"Active, Family &#038; Wellness Hotel Shandranj"},"content":{"rendered":"\n<p>Nous vous souhaitons la bienvenue \u00e0\u00a0<b>Tesero<\/b>, dans\u00a0le <b>Val de Fiemme<\/b>, au c\u0153ur\u00a0<b>du site du patrimoine mondial de l&#8217;UNESCO des Dolomites<\/b>.\u00a0<b>\u00c0 l&#8217;Active Family &amp; Wellness Hotel Shandranj<\/b>,\u00a0vivez vos vacances en famille en toute harmonie. Le contact avec la nature est ici une constante, tant dans les int\u00e9rieurs chaleureux qui sentent bon le bois, que gr\u00e2ce au riche\u00a0<b>programme d&#8217;activit\u00e9s de plein air, \u00e9t\u00e9 comme hiver<\/b>, con\u00e7u pour petits et grands. Parce que les vacances sont le moment id\u00e9al pour passer du bon temps ensemble, et s&#8217;adonner \u00e0 des exp\u00e9riences et des moments qui font souvent r\u00eaver au quotidien.<\/p>\n\n\n\n<p>Pour cela vous trouverez \u00e9galement deux SPA,\u00a0<b>Chandra&amp;Surya Natural Wellness.\u00a0Au Chandra\u00a0Family SPA<\/b>, les familles passent des moments m\u00e9morables entre\u00a0<b>piscine pour adultes<\/b>\u00a0et\u00a0<b>piscine pour enfants<\/b>, ainsi que dans le <b>sauna familial<\/b>\u00a0ouvert aux enfants \u00e0 partir de 6 ans. Le<b>\u00a0Surya Adult SPA<\/b> est en revanche le\u00a0<b>refuge des parents<\/b>\u00a0qui souhaitent passer un moment romantique de pure d\u00e9tente en couple.<\/p>\n\n\n\n<p>Mais pas seulement, car au Shandranj,\u00a0le service d\u2019<b>animation d\u00e9di\u00e9e aux enfants \u00e0 partir de 6 mois<\/b>, avec\u00a0<b>Baby Club<\/b>,\u00a0est ouvert 6 heures par jour. \u00c0 partir de 3 ans en revanche, nous attendons vos petits au <b>Mini\u00a0Club<\/b>\u00a0pour les divertir avec des ateliers et des excursions. Les jeunes du\u00a0<b>Junior Club<\/b> peuvent choisir entre des activit\u00e9s de plein air et des jeux interactifs.<\/p>\n\n\n\n<p>Les douceurs continuent \u00e9galement \u00e0 table, avec\u00a0<b>des plats et des menus sains et d\u00e9licieux pour les enfants<\/b>,\u00a0cuisin\u00e9s avec des produits de montagne, ainsi que des propositions raffin\u00e9es qui r\u00e9pondent au go\u00fbt des adultes. La magie des vacances de Shandranj ne s&#8217;arr\u00eate pas m\u00eame quand vient le temps du repos. Toutes les\u00a0<b>chambres, grandes et \u00e9quip\u00e9es pour accueillir b\u00e9b\u00e9<\/b>, sont meubl\u00e9es en bois et offrent le luxe de dormir comme envelopp\u00e9s dans l&#8217;\u00e9treinte de la for\u00eat !<\/p>\n","protected":false},"excerpt":{"rendered":"<p>Nous vous souhaitons la bienvenue \u00e0\u00a0Tesero, dans\u00a0le Val de Fiemme, au c\u0153ur\u00a0du site du patrimoine mondial de l&#8217;UNESCO des Dolomites.\u00a0\u00c0 l&#8217;Active Family &amp; Wellness Hotel Shandranj,\u00a0vivez vos vacances en famille en toute harmonie. Le contact avec la nature est ici une constante, tant dans les int\u00e9rieurs chaleureux qui sentent bon le bois, que gr\u00e2ce au &hellip;<\/p>\n","protected":false},"author":1,"featured_media":0,"parent":29729,"menu_order":0,"comment_status":"closed","ping_status":"closed","template":"page-templates\/scheda_hotel.php","meta":{"_acf_changed":false,"inline_featured_image":false,"footnotes":""},"class_list":["post-43955","page","type-page","status-publish","hentry"],"acf":[],"yoast_head":"<!-- This site is optimized with the Yoast SEO plugin v27.1 - https:\/\/yoast.com\/product\/yoast-seo-wordpress\/ -->\n<title>Active, Family &amp; Wellness Hotel Shandranj 4 \u00e9toiles, Tesero<\/title>\n<meta name=\"description\" content=\"Envie de vacances en famille ? D\u00e9couvrez les offres pour familles de l\u2019Active, Family &amp; Wellness Hotel Shandranj \u00e0 Tesero\" \/>\n<meta name=\"robots\" content=\"index, follow, max-snippet:-1, max-image-preview:large, max-video-preview:-1\" \/>\n<link rel=\"canonical\" href=\"https:\/\/www.italyfamilyhotels.it\/fr\/hotels\/active-family-wellness-hotel-shandranj\" \/>\n<meta property=\"og:locale\" content=\"fr_FR\" \/>\n<meta property=\"og:type\" content=\"article\" \/>\n<meta property=\"og:title\" content=\"Active, Family &amp; Wellness Hotel Shandranj 4 \u00e9toiles, Tesero\" \/>\n<meta property=\"og:description\" content=\"Envie de vacances en famille ? D\u00e9couvrez les offres pour familles de l\u2019Active, Family &amp; Wellness Hotel Shandranj \u00e0 Tesero\" \/>\n<meta property=\"og:url\" content=\"https:\/\/www.italyfamilyhotels.it\/fr\/hotels\/active-family-wellness-hotel-shandranj\" \/>\n<meta property=\"og:site_name\" content=\"Italy Family Hotels\" \/>\n<meta property=\"article:publisher\" content=\"https:\/\/www.facebook.com\/ItalyFamilyHotels\/\" \/>\n<meta property=\"article:modified_time\" content=\"2025-10-06T07:30:20+00:00\" \/>\n<meta name=\"twitter:card\" content=\"summary_large_image\" \/>\n<meta name=\"twitter:label1\" content=\"Dur\u00e9e de lecture estim\u00e9e\" \/>\n\t<meta name=\"twitter:data1\" content=\"2 minutes\" \/>\n<script type=\"application\/ld+json\" class=\"yoast-schema-graph\">{\"@context\":\"https:\/\/schema.org\",\"@graph\":[{\"@type\":\"WebPage\",\"@id\":\"https:\/\/www.italyfamilyhotels.it\/fr\/hotels\/active-family-wellness-hotel-shandranj\",\"url\":\"https:\/\/www.italyfamilyhotels.it\/fr\/hotels\/active-family-wellness-hotel-shandranj\",\"name\":\"Active, Family & Wellness Hotel Shandranj 4 \u00e9toiles, Tesero\",\"isPartOf\":{\"@id\":\"https:\/\/www.italyfamilyhotels.it\/#website\"},\"datePublished\":\"2023-01-23T13:55:43+00:00\",\"dateModified\":\"2025-10-06T07:30:20+00:00\",\"description\":\"Envie de vacances en famille ? D\u00e9couvrez les offres pour familles de l\u2019Active, Family & Wellness Hotel Shandranj \u00e0 Tesero\",\"breadcrumb\":{\"@id\":\"https:\/\/www.italyfamilyhotels.it\/fr\/hotels\/active-family-wellness-hotel-shandranj#breadcrumb\"},\"inLanguage\":\"fr-FR\",\"potentialAction\":[{\"@type\":\"ReadAction\",\"target\":[\"https:\/\/www.italyfamilyhotels.it\/fr\/hotels\/active-family-wellness-hotel-shandranj\"]}]},{\"@type\":\"BreadcrumbList\",\"@id\":\"https:\/\/www.italyfamilyhotels.it\/fr\/hotels\/active-family-wellness-hotel-shandranj#breadcrumb\",\"itemListElement\":[{\"@type\":\"ListItem\",\"position\":1,\"name\":\"Home\",\"item\":\"https:\/\/www.italyfamilyhotels.it\/fr\"},{\"@type\":\"ListItem\",\"position\":2,\"name\":\"Family Hotels\",\"item\":\"https:\/\/www.italyfamilyhotels.it\/fr\/hotels\"},{\"@type\":\"ListItem\",\"position\":3,\"name\":\"Active, Family &#038; Wellness Hotel Shandranj\"}]},{\"@type\":\"WebSite\",\"@id\":\"https:\/\/www.italyfamilyhotels.it\/#website\",\"url\":\"https:\/\/www.italyfamilyhotels.it\/\",\"name\":\"Italy Family Hotels\",\"description\":\"\",\"potentialAction\":[{\"@type\":\"SearchAction\",\"target\":{\"@type\":\"EntryPoint\",\"urlTemplate\":\"https:\/\/www.italyfamilyhotels.it\/?s={search_term_string}\"},\"query-input\":{\"@type\":\"PropertyValueSpecification\",\"valueRequired\":true,\"valueName\":\"search_term_string\"}}],\"inLanguage\":\"fr-FR\"}]}<\/script>\n<!-- \/ Yoast SEO plugin. -->","yoast_head_json":{"title":"Active, Family & Wellness Hotel Shandranj 4 \u00e9toiles, Tesero","description":"Envie de vacances en famille ? D\u00e9couvrez les offres pour familles de l\u2019Active, Family & Wellness Hotel Shandranj \u00e0 Tesero","robots":{"index":"index","follow":"follow","max-snippet":"max-snippet:-1","max-image-preview":"max-image-preview:large","max-video-preview":"max-video-preview:-1"},"canonical":"https:\/\/www.italyfamilyhotels.it\/fr\/hotels\/active-family-wellness-hotel-shandranj","og_locale":"fr_FR","og_type":"article","og_title":"Active, Family & Wellness Hotel Shandranj 4 \u00e9toiles, Tesero","og_description":"Envie de vacances en famille ? D\u00e9couvrez les offres pour familles de l\u2019Active, Family & Wellness Hotel Shandranj \u00e0 Tesero","og_url":"https:\/\/www.italyfamilyhotels.it\/fr\/hotels\/active-family-wellness-hotel-shandranj","og_site_name":"Italy Family Hotels","article_publisher":"https:\/\/www.facebook.com\/ItalyFamilyHotels\/","article_modified_time":"2025-10-06T07:30:20+00:00","twitter_card":"summary_large_image","twitter_misc":{"Dur\u00e9e de lecture estim\u00e9e":"2 minutes"},"schema":{"@context":"https:\/\/schema.org","@graph":[{"@type":"WebPage","@id":"https:\/\/www.italyfamilyhotels.it\/fr\/hotels\/active-family-wellness-hotel-shandranj","url":"https:\/\/www.italyfamilyhotels.it\/fr\/hotels\/active-family-wellness-hotel-shandranj","name":"Active, Family & Wellness Hotel Shandranj 4 \u00e9toiles, Tesero","isPartOf":{"@id":"https:\/\/www.italyfamilyhotels.it\/#website"},"datePublished":"2023-01-23T13:55:43+00:00","dateModified":"2025-10-06T07:30:20+00:00","description":"Envie de vacances en famille ? D\u00e9couvrez les offres pour familles de l\u2019Active, Family & Wellness Hotel Shandranj \u00e0 Tesero","breadcrumb":{"@id":"https:\/\/www.italyfamilyhotels.it\/fr\/hotels\/active-family-wellness-hotel-shandranj#breadcrumb"},"inLanguage":"fr-FR","potentialAction":[{"@type":"ReadAction","target":["https:\/\/www.italyfamilyhotels.it\/fr\/hotels\/active-family-wellness-hotel-shandranj"]}]},{"@type":"BreadcrumbList","@id":"https:\/\/www.italyfamilyhotels.it\/fr\/hotels\/active-family-wellness-hotel-shandranj#breadcrumb","itemListElement":[{"@type":"ListItem","position":1,"name":"Home","item":"https:\/\/www.italyfamilyhotels.it\/fr"},{"@type":"ListItem","position":2,"name":"Family Hotels","item":"https:\/\/www.italyfamilyhotels.it\/fr\/hotels"},{"@type":"ListItem","position":3,"name":"Active, Family &#038; Wellness Hotel Shandranj"}]},{"@type":"WebSite","@id":"https:\/\/www.italyfamilyhotels.it\/#website","url":"https:\/\/www.italyfamilyhotels.it\/","name":"Italy Family Hotels","description":"","potentialAction":[{"@type":"SearchAction","target":{"@type":"EntryPoint","urlTemplate":"https:\/\/www.italyfamilyhotels.it\/?s={search_term_string}"},"query-input":{"@type":"PropertyValueSpecification","valueRequired":true,"valueName":"search_term_string"}}],"inLanguage":"fr-FR"}]}},"_links":{"self":[{"href":"https:\/\/www.italyfamilyhotels.it\/fr\/wp-json\/wp\/v2\/pages\/43955","targetHints":{"allow":["GET"]}}],"collection":[{"href":"https:\/\/www.italyfamilyhotels.it\/fr\/wp-json\/wp\/v2\/pages"}],"about":[{"href":"https:\/\/www.italyfamilyhotels.it\/fr\/wp-json\/wp\/v2\/types\/page"}],"author":[{"embeddable":true,"href":"https:\/\/www.italyfamilyhotels.it\/fr\/wp-json\/wp\/v2\/users\/1"}],"replies":[{"embeddable":true,"href":"https:\/\/www.italyfamilyhotels.it\/fr\/wp-json\/wp\/v2\/comments?post=43955"}],"version-history":[{"count":4,"href":"https:\/\/www.italyfamilyhotels.it\/fr\/wp-json\/wp\/v2\/pages\/43955\/revisions"}],"predecessor-version":[{"id":71583,"href":"https:\/\/www.italyfamilyhotels.it\/fr\/wp-json\/wp\/v2\/pages\/43955\/revisions\/71583"}],"up":[{"embeddable":true,"href":"https:\/\/www.italyfamilyhotels.it\/fr\/wp-json\/wp\/v2\/pages\/29729"}],"wp:attachment":[{"href":"https:\/\/www.italyfamilyhotels.it\/fr\/wp-json\/wp\/v2\/media?parent=43955"}],"curies":[{"name":"wp","href":"https:\/\/api.w.org\/{rel}","templated":true}]}}