{"id":43953,"date":"2023-01-23T14:55:28","date_gmt":"2023-01-23T13:55:28","guid":{"rendered":"https:\/\/www.italyfamilyhotels.it\/hotels\/alpholiday-dolomiti-hotel"},"modified":"2026-01-08T15:43:36","modified_gmt":"2026-01-08T14:43:36","slug":"alpholiday-dolomiti-hotel","status":"publish","type":"page","link":"https:\/\/www.italyfamilyhotels.it\/fr\/hotels\/alpholiday-dolomiti-hotel","title":{"rendered":"Alpholiday Dolomiti Hotel"},"content":{"rendered":"\n<p>Notre h\u00f4tel se trouve aux portes du&nbsp;<b>Parc Naturel Adamello Brenta<\/b>, un lieu id\u00e9al pour offrir \u00e0 vos enfants des vacances pleines de nature et de plaisir. C&#8217;est pourquoi nos collaborateurs organisent de fantastiques&nbsp;<b>activit\u00e9s de plein air pour toute la famille<\/b>&nbsp;: ils vous accompagnent \u00e0 travers des&nbsp;<b>excursions<\/b>,&nbsp;des <b>sorties en raquette<\/b>, en&nbsp;<b>mountain bike<\/b>&nbsp;et, ensemble, vous visiterez \u00e9galement les caract\u00e9ristiques<b>&nbsp;villages du Val di Sole<\/b>.<\/p>\n\n\n\n<p>Ici \u00e0 l\u2019<b>H\u00f4tel Alpholiday Dolomiti****<\/b>,&nbsp;vous trouverez de nombreuses activit\u00e9s et services pour les b\u00e9b\u00e9s, gr\u00e2ce \u00e0 nos&nbsp;<b>nourrices qualifi\u00e9es<\/b>&nbsp;qui s&#8217;occupent des petits avec professionnalisme et douceur,&nbsp;<b>de 6 \u00e0 24 mois, au Baby Club Nido<\/b>, un espace doux et color\u00e9. Pour les enfants&nbsp;de <b>de 2 \u00e0 12 ans<\/b>, feu vert au divertissement dans le&nbsp;<b>Mini Club Meledrino<\/b>&nbsp;: ateliers avec mat\u00e9riaux recycl\u00e9s et des couleurs, cuisine, baby-dance, d\u00e9jeuner et d\u00eener avec les animateurs et avec les nouveaux amis de la montagne !<\/p>\n\n\n\n<p>De cette fa\u00e7on, maman et papa peuvent se r\u00e9server du temps pour se d\u00e9tendre \u00e0 table, entre&nbsp;<b>plats traditionnels avec ingr\u00e9dients \u00e0 0 km<\/b> ou s\u2019offrir des moments de bien-\u00eatre bien m\u00e9rit\u00e9s dans le&nbsp;<b>centre thermal de 1&nbsp;000 m\u00b2<\/b>, ouvert de 9h00 \u00e0 20h00, o\u00f9 les enfants sont \u00e9galement les bienvenus dans la piscine couverte et chauff\u00e9e qui leur est r\u00e9serv\u00e9e, avec une petite&nbsp;<b>aire de jeux aquatique<\/b>.<\/p>\n\n\n<figure class=\"wp-block-table ifh_awards\"><table><tbody><tr>\r\n<td><img decoding=\"async\" src=\"https:\/\/www.italyfamilyhotels.it\/wp-content\/themes\/ifh2\/img\/ifh_awards.svg\" alt=\"Italy Family Awards\"><\/td>\r\n<td>Cet h\u00f4tel s&#8217;est class\u00e9 premier dans la cat\u00e9gorie: <br><strong>Top Green Family Hotel<span class=\"info\" onclick=\"toggleAwardPopup(event)\"><span class=\"popup\" onclick=\"toggleAwardPopupClose(event)\">\r\n    <span class=\"popup_header\"><\/span>\r\n    <span class=\"popup_content\">La r\u00e9compense pour l&#8217;h\u00f4tel qui s&#8217;est distingu\u00e9 par son engagement envers la durabilit\u00e9 et l&#8217;\u00e9cologie, d\u00e9montrant comment le respect de l&#8217;environnement peut parfaitement s&#8217;harmoniser avec l&#8217;offre de confort et de bien-\u00eatre con\u00e7ue pour les familles.<\/span>\r\n    <span class=\"popup_footer\"><\/span>\r\n    <\/span><\/span><\/strong><\/td>\r\n<\/tr><\/tbody><\/table><\/figure>\r\n<script type=\"text\/javascript\">\r\nif(!toggleAwardPopup) {\r\n     var toggleAwardPopup = function(e){\r\n        e = e || window.event;\r\n        e.stopPropagation();\r\n        var target = e.target || e.srcElement;\r\n        jQuery(target).children(\".popup\").fadeToggle();\r\n    };\r\n}\r\nif(!toggleAwardPopupClose) {\r\n     var toggleAwardPopupClose = function(e){\r\n        e = e || window.event;\r\n        e.stopPropagation();\r\n        var target = e.target || e.srcElement;\r\n        jQuery(target).parent(\".popup\").fadeToggle();\r\n    };\r\n}\r\n<\/script>\n\n<figure class=\"wp-block-table ifh_awards\"><table><tbody><tr>\r\n<td><img decoding=\"async\" src=\"https:\/\/www.italyfamilyhotels.it\/wp-content\/themes\/ifh2\/img\/ifh_awards.svg\" alt=\"Italy Family Awards\"><\/td>\r\n<td>Cet h\u00f4tel s&#8217;est class\u00e9 premier dans la cat\u00e9gorie: <br><strong>Meilleur h\u00f4tel familial \u00e0 la montagne, au bord du lac et sur les collines<span class=\"info\" onclick=\"toggleAwardPopup(event)\"><span class=\"popup\" onclick=\"toggleAwardPopupClose(event)\">\r\n    <span class=\"popup_header\"><\/span>\r\n    <span class=\"popup_content\">La r\u00e9compense pour l&#8217;h\u00f4tel qui a re\u00e7u le plus d&#8217;\u00e9loges parmi les \u00e9tablissements proposant des vacances \u00e0 la montagne, au bord du lac et sur les collines.<\/span>\r\n    <span class=\"popup_footer\"><\/span>\r\n    <\/span><\/span><\/strong><\/td>\r\n<\/tr><\/tbody><\/table><\/figure>\r\n<script type=\"text\/javascript\">\r\nif(!toggleAwardPopup) {\r\n     var toggleAwardPopup = function(e){\r\n        e = e || window.event;\r\n        e.stopPropagation();\r\n        var target = e.target || e.srcElement;\r\n        jQuery(target).children(\".popup\").fadeToggle();\r\n    };\r\n}\r\nif(!toggleAwardPopupClose) {\r\n     var toggleAwardPopupClose = function(e){\r\n        e = e || window.event;\r\n        e.stopPropagation();\r\n        var target = e.target || e.srcElement;\r\n        jQuery(target).parent(\".popup\").fadeToggle();\r\n    };\r\n}\r\n<\/script>","protected":false},"excerpt":{"rendered":"<p>Notre h\u00f4tel se trouve aux portes du&nbsp;Parc Naturel Adamello Brenta, un lieu id\u00e9al pour offrir \u00e0 vos enfants des vacances pleines de nature et de plaisir. C&#8217;est pourquoi nos collaborateurs organisent de fantastiques&nbsp;activit\u00e9s de plein air pour toute la famille&nbsp;: ils vous accompagnent \u00e0 travers des&nbsp;excursions,&nbsp;des sorties en raquette, en&nbsp;mountain bike&nbsp;et, ensemble, vous visiterez \u00e9galement &hellip;<\/p>\n","protected":false},"author":128,"featured_media":0,"parent":29729,"menu_order":0,"comment_status":"closed","ping_status":"closed","template":"page-templates\/scheda_hotel.php","meta":{"_acf_changed":false,"inline_featured_image":false,"footnotes":""},"class_list":["post-43953","page","type-page","status-publish","hentry"],"acf":[],"yoast_head":"<!-- This site is optimized with the Yoast SEO plugin v27.1 - https:\/\/yoast.com\/product\/yoast-seo-wordpress\/ -->\n<title>Alpholiday Dolomiti Hotel 4 \u00e9toiles, Dimaro<\/title>\n<meta name=\"description\" content=\"Envie de vacances en famille ? D\u00e9couvrez les offres pour familles de l\u2019Alpholiday Dolomiti Hotel \u00e0 Dimaro\" \/>\n<meta name=\"robots\" content=\"index, follow, max-snippet:-1, max-image-preview:large, max-video-preview:-1\" \/>\n<link rel=\"canonical\" href=\"https:\/\/www.italyfamilyhotels.it\/fr\/hotels\/alpholiday-dolomiti-hotel\" \/>\n<meta property=\"og:locale\" content=\"fr_FR\" \/>\n<meta property=\"og:type\" content=\"article\" \/>\n<meta property=\"og:title\" content=\"Alpholiday Dolomiti Hotel 4 \u00e9toiles, Dimaro\" \/>\n<meta property=\"og:description\" content=\"Envie de vacances en famille ? D\u00e9couvrez les offres pour familles de l\u2019Alpholiday Dolomiti Hotel \u00e0 Dimaro\" \/>\n<meta property=\"og:url\" content=\"https:\/\/www.italyfamilyhotels.it\/fr\/hotels\/alpholiday-dolomiti-hotel\" \/>\n<meta property=\"og:site_name\" content=\"Italy Family Hotels\" \/>\n<meta property=\"article:publisher\" content=\"https:\/\/www.facebook.com\/ItalyFamilyHotels\/\" \/>\n<meta property=\"article:modified_time\" content=\"2026-01-08T14:43:36+00:00\" \/>\n<meta name=\"twitter:card\" content=\"summary_large_image\" \/>\n<meta name=\"twitter:label1\" content=\"Dur\u00e9e de lecture estim\u00e9e\" \/>\n\t<meta name=\"twitter:data1\" content=\"1 minute\" \/>\n<script type=\"application\/ld+json\" class=\"yoast-schema-graph\">{\"@context\":\"https:\/\/schema.org\",\"@graph\":[{\"@type\":\"WebPage\",\"@id\":\"https:\/\/www.italyfamilyhotels.it\/fr\/hotels\/alpholiday-dolomiti-hotel\",\"url\":\"https:\/\/www.italyfamilyhotels.it\/fr\/hotels\/alpholiday-dolomiti-hotel\",\"name\":\"Alpholiday Dolomiti Hotel 4 \u00e9toiles, Dimaro\",\"isPartOf\":{\"@id\":\"https:\/\/www.italyfamilyhotels.it\/#website\"},\"datePublished\":\"2023-01-23T13:55:28+00:00\",\"dateModified\":\"2026-01-08T14:43:36+00:00\",\"description\":\"Envie de vacances en famille ? D\u00e9couvrez les offres pour familles de l\u2019Alpholiday Dolomiti Hotel \u00e0 Dimaro\",\"breadcrumb\":{\"@id\":\"https:\/\/www.italyfamilyhotels.it\/fr\/hotels\/alpholiday-dolomiti-hotel#breadcrumb\"},\"inLanguage\":\"fr-FR\",\"potentialAction\":[{\"@type\":\"ReadAction\",\"target\":[\"https:\/\/www.italyfamilyhotels.it\/fr\/hotels\/alpholiday-dolomiti-hotel\"]}]},{\"@type\":\"BreadcrumbList\",\"@id\":\"https:\/\/www.italyfamilyhotels.it\/fr\/hotels\/alpholiday-dolomiti-hotel#breadcrumb\",\"itemListElement\":[{\"@type\":\"ListItem\",\"position\":1,\"name\":\"Home\",\"item\":\"https:\/\/www.italyfamilyhotels.it\/fr\"},{\"@type\":\"ListItem\",\"position\":2,\"name\":\"Family Hotels\",\"item\":\"https:\/\/www.italyfamilyhotels.it\/fr\/hotels\"},{\"@type\":\"ListItem\",\"position\":3,\"name\":\"Alpholiday Dolomiti Hotel\"}]},{\"@type\":\"WebSite\",\"@id\":\"https:\/\/www.italyfamilyhotels.it\/#website\",\"url\":\"https:\/\/www.italyfamilyhotels.it\/\",\"name\":\"Italy Family Hotels\",\"description\":\"\",\"potentialAction\":[{\"@type\":\"SearchAction\",\"target\":{\"@type\":\"EntryPoint\",\"urlTemplate\":\"https:\/\/www.italyfamilyhotels.it\/?s={search_term_string}\"},\"query-input\":{\"@type\":\"PropertyValueSpecification\",\"valueRequired\":true,\"valueName\":\"search_term_string\"}}],\"inLanguage\":\"fr-FR\"}]}<\/script>\n<!-- \/ Yoast SEO plugin. -->","yoast_head_json":{"title":"Alpholiday Dolomiti Hotel 4 \u00e9toiles, Dimaro","description":"Envie de vacances en famille ? D\u00e9couvrez les offres pour familles de l\u2019Alpholiday Dolomiti Hotel \u00e0 Dimaro","robots":{"index":"index","follow":"follow","max-snippet":"max-snippet:-1","max-image-preview":"max-image-preview:large","max-video-preview":"max-video-preview:-1"},"canonical":"https:\/\/www.italyfamilyhotels.it\/fr\/hotels\/alpholiday-dolomiti-hotel","og_locale":"fr_FR","og_type":"article","og_title":"Alpholiday Dolomiti Hotel 4 \u00e9toiles, Dimaro","og_description":"Envie de vacances en famille ? D\u00e9couvrez les offres pour familles de l\u2019Alpholiday Dolomiti Hotel \u00e0 Dimaro","og_url":"https:\/\/www.italyfamilyhotels.it\/fr\/hotels\/alpholiday-dolomiti-hotel","og_site_name":"Italy Family Hotels","article_publisher":"https:\/\/www.facebook.com\/ItalyFamilyHotels\/","article_modified_time":"2026-01-08T14:43:36+00:00","twitter_card":"summary_large_image","twitter_misc":{"Dur\u00e9e de lecture estim\u00e9e":"1 minute"},"schema":{"@context":"https:\/\/schema.org","@graph":[{"@type":"WebPage","@id":"https:\/\/www.italyfamilyhotels.it\/fr\/hotels\/alpholiday-dolomiti-hotel","url":"https:\/\/www.italyfamilyhotels.it\/fr\/hotels\/alpholiday-dolomiti-hotel","name":"Alpholiday Dolomiti Hotel 4 \u00e9toiles, Dimaro","isPartOf":{"@id":"https:\/\/www.italyfamilyhotels.it\/#website"},"datePublished":"2023-01-23T13:55:28+00:00","dateModified":"2026-01-08T14:43:36+00:00","description":"Envie de vacances en famille ? D\u00e9couvrez les offres pour familles de l\u2019Alpholiday Dolomiti Hotel \u00e0 Dimaro","breadcrumb":{"@id":"https:\/\/www.italyfamilyhotels.it\/fr\/hotels\/alpholiday-dolomiti-hotel#breadcrumb"},"inLanguage":"fr-FR","potentialAction":[{"@type":"ReadAction","target":["https:\/\/www.italyfamilyhotels.it\/fr\/hotels\/alpholiday-dolomiti-hotel"]}]},{"@type":"BreadcrumbList","@id":"https:\/\/www.italyfamilyhotels.it\/fr\/hotels\/alpholiday-dolomiti-hotel#breadcrumb","itemListElement":[{"@type":"ListItem","position":1,"name":"Home","item":"https:\/\/www.italyfamilyhotels.it\/fr"},{"@type":"ListItem","position":2,"name":"Family Hotels","item":"https:\/\/www.italyfamilyhotels.it\/fr\/hotels"},{"@type":"ListItem","position":3,"name":"Alpholiday Dolomiti Hotel"}]},{"@type":"WebSite","@id":"https:\/\/www.italyfamilyhotels.it\/#website","url":"https:\/\/www.italyfamilyhotels.it\/","name":"Italy Family Hotels","description":"","potentialAction":[{"@type":"SearchAction","target":{"@type":"EntryPoint","urlTemplate":"https:\/\/www.italyfamilyhotels.it\/?s={search_term_string}"},"query-input":{"@type":"PropertyValueSpecification","valueRequired":true,"valueName":"search_term_string"}}],"inLanguage":"fr-FR"}]}},"_links":{"self":[{"href":"https:\/\/www.italyfamilyhotels.it\/fr\/wp-json\/wp\/v2\/pages\/43953","targetHints":{"allow":["GET"]}}],"collection":[{"href":"https:\/\/www.italyfamilyhotels.it\/fr\/wp-json\/wp\/v2\/pages"}],"about":[{"href":"https:\/\/www.italyfamilyhotels.it\/fr\/wp-json\/wp\/v2\/types\/page"}],"author":[{"embeddable":true,"href":"https:\/\/www.italyfamilyhotels.it\/fr\/wp-json\/wp\/v2\/users\/128"}],"replies":[{"embeddable":true,"href":"https:\/\/www.italyfamilyhotels.it\/fr\/wp-json\/wp\/v2\/comments?post=43953"}],"version-history":[{"count":4,"href":"https:\/\/www.italyfamilyhotels.it\/fr\/wp-json\/wp\/v2\/pages\/43953\/revisions"}],"predecessor-version":[{"id":73652,"href":"https:\/\/www.italyfamilyhotels.it\/fr\/wp-json\/wp\/v2\/pages\/43953\/revisions\/73652"}],"up":[{"embeddable":true,"href":"https:\/\/www.italyfamilyhotels.it\/fr\/wp-json\/wp\/v2\/pages\/29729"}],"wp:attachment":[{"href":"https:\/\/www.italyfamilyhotels.it\/fr\/wp-json\/wp\/v2\/media?parent=43953"}],"curies":[{"name":"wp","href":"https:\/\/api.w.org\/{rel}","templated":true}]}}