{"id":43951,"date":"2023-01-23T14:55:05","date_gmt":"2023-01-23T13:55:05","guid":{"rendered":"https:\/\/www.italyfamilyhotels.it\/hotels\/mirtillo-rosso-family-hotel"},"modified":"2026-01-08T15:56:36","modified_gmt":"2026-01-08T14:56:36","slug":"nh-collection-alagna-mirtillo-rosso","status":"publish","type":"page","link":"https:\/\/www.italyfamilyhotels.it\/fr\/hotels\/nh-collection-alagna-mirtillo-rosso","title":{"rendered":"NH Collection Alagna Mirtillo Rosso"},"content":{"rendered":"\n<p>\u00c0 l&#8217;<strong>NH Collection Alagna Mirtillo Rosso<\/strong> d\u2019<strong>Alagna Valsesia, <\/strong>enti\u00e8rement construit en bois dans le respect des principes de l\u2019<strong>\u00e9co-durabilit\u00e9<\/strong>, est con\u00e7u pour offrir aux parents et aux enfants jusqu&#8217;\u00e0 12 ans un s\u00e9jour plein d&#8217;\u00e9motions et de surprises, avec un SPA d\u00e9di\u00e9 \u00e0 maman et papa, et un espace de bien-\u00eatre et de jeux \u00e0 vivre tous ensemble, au pied du Mont Rose et dans le contexte citadin domin\u00e9 par la saveur de la tradition Walser.<\/p>\n\n\n\n<p>De plus, vous pouvez vous d\u00e9tendre avec vos enfants dans le&nbsp;<b>centre thermal Sogni d\u2019Oro<\/b> &#8211; <b>400 m\u00b2 \u00e0 l&#8217;usage exclusif des familles<\/b> &#8211; soit avec votre partenaire, dans les&nbsp;<b>300 m\u00b2 r\u00e9serv\u00e9s aux parents<\/b>. <b>Les bassins et piscines sont chauff\u00e9es \u00e0 34\u00b0<\/b>. L\u2019acc\u00e8s au centre thermal est autoris\u00e9 \u00e0 un maximum de 15 familles \u00e0 la fois, afin d\u2019assurer plaisir et bien-\u00eatre \u00e0 chacun au moment le plus opportun !<\/p>\n\n\n\n<p>Maman, papa, si vous voulez un moment rien que pour vous,&nbsp;<b>r\u00e9servez nos soins et rituels bien-\u00eatre<\/b>, ou votre entr\u00e9e au SPA adulte o\u00f9 vous pourrez vous d\u00e9tendre entre piscines int\u00e9rieure et ext\u00e9rieure et la piscine au sel d&#8217;Epsom.<\/p>\n\n\n<figure class=\"wp-block-table ifh_awards\"><table><tbody><tr>\r\n<td><img decoding=\"async\" src=\"https:\/\/www.italyfamilyhotels.it\/wp-content\/themes\/ifh2\/img\/ifh_awards.svg\" alt=\"Italy Family Awards\"><\/td>\r\n<td>Cet h\u00f4tel s&#8217;est class\u00e9 premier dans la cat\u00e9gorie: <br><strong>Top Luxury Family Hotel<span class=\"info\" onclick=\"toggleAwardPopup(event)\"><span class=\"popup\" onclick=\"toggleAwardPopupClose(event)\">\r\n    <span class=\"popup_header\"><\/span>\r\n    <span class=\"popup_content\">La r\u00e9compense pour l&#8217;h\u00f4tel qui a re\u00e7u le plus d&#8217;\u00e9loges parmi les \u00e9tablissements de luxe familiaux, une nouvelle section sur le portail ItalyFamilyHotels.it.<\/span>\r\n    <span class=\"popup_footer\"><\/span>\r\n    <\/span><\/span><\/strong><\/td>\r\n<\/tr><\/tbody><\/table><\/figure>\r\n<script type=\"text\/javascript\">\r\nif(!toggleAwardPopup) {\r\n     var toggleAwardPopup = function(e){\r\n        e = e || window.event;\r\n        e.stopPropagation();\r\n        var target = e.target || e.srcElement;\r\n        jQuery(target).children(\".popup\").fadeToggle();\r\n    };\r\n}\r\nif(!toggleAwardPopupClose) {\r\n     var toggleAwardPopupClose = function(e){\r\n        e = e || window.event;\r\n        e.stopPropagation();\r\n        var target = e.target || e.srcElement;\r\n        jQuery(target).parent(\".popup\").fadeToggle();\r\n    };\r\n}\r\n<\/script>","protected":false},"excerpt":{"rendered":"<p>\u00c0 l&#8217;NH Collection Alagna Mirtillo Rosso d\u2019Alagna Valsesia, enti\u00e8rement construit en bois dans le respect des principes de l\u2019\u00e9co-durabilit\u00e9, est con\u00e7u pour offrir aux parents et aux enfants jusqu&#8217;\u00e0 12 ans un s\u00e9jour plein d&#8217;\u00e9motions et de surprises, avec un SPA d\u00e9di\u00e9 \u00e0 maman et papa, et un espace de bien-\u00eatre et de jeux \u00e0 &hellip;<\/p>\n","protected":false},"author":129,"featured_media":0,"parent":29729,"menu_order":0,"comment_status":"closed","ping_status":"closed","template":"page-templates\/scheda_hotel.php","meta":{"_acf_changed":false,"inline_featured_image":false,"footnotes":""},"class_list":["post-43951","page","type-page","status-publish","hentry"],"acf":[],"yoast_head":"<!-- This site is optimized with the Yoast SEO plugin v27.1 - https:\/\/yoast.com\/product\/yoast-seo-wordpress\/ -->\n<title>NH Collection Alagna Mirtillo Rosso 4 \u00e9toiles, Alagna Valsesia - Mont Rose<\/title>\n<meta name=\"description\" content=\"Envie de vacances en famille ? D\u00e9couvrez les offres pour familles du NH Collection Alagna Mirtillo Rosso \u00e0 Alagna Valsesia - Mont Rose\" \/>\n<meta name=\"robots\" content=\"index, follow, max-snippet:-1, max-image-preview:large, max-video-preview:-1\" \/>\n<link rel=\"canonical\" href=\"https:\/\/www.italyfamilyhotels.it\/fr\/hotels\/nh-collection-alagna-mirtillo-rosso\" \/>\n<meta property=\"og:locale\" content=\"fr_FR\" \/>\n<meta property=\"og:type\" content=\"article\" \/>\n<meta property=\"og:title\" content=\"NH Collection Alagna Mirtillo Rosso 4 \u00e9toiles, Alagna Valsesia - Mont Rose\" \/>\n<meta property=\"og:description\" content=\"Envie de vacances en famille ? D\u00e9couvrez les offres pour familles du NH Collection Alagna Mirtillo Rosso \u00e0 Alagna Valsesia - Mont Rose\" \/>\n<meta property=\"og:url\" content=\"https:\/\/www.italyfamilyhotels.it\/fr\/hotels\/nh-collection-alagna-mirtillo-rosso\" \/>\n<meta property=\"og:site_name\" content=\"Italy Family Hotels\" \/>\n<meta property=\"article:publisher\" content=\"https:\/\/www.facebook.com\/ItalyFamilyHotels\/\" \/>\n<meta property=\"article:modified_time\" content=\"2026-01-08T14:56:36+00:00\" \/>\n<meta name=\"twitter:card\" content=\"summary_large_image\" \/>\n<meta name=\"twitter:label1\" content=\"Dur\u00e9e de lecture estim\u00e9e\" \/>\n\t<meta name=\"twitter:data1\" content=\"1 minute\" \/>\n<script type=\"application\/ld+json\" class=\"yoast-schema-graph\">{\"@context\":\"https:\/\/schema.org\",\"@graph\":[{\"@type\":\"WebPage\",\"@id\":\"https:\/\/www.italyfamilyhotels.it\/fr\/hotels\/nh-collection-alagna-mirtillo-rosso\",\"url\":\"https:\/\/www.italyfamilyhotels.it\/fr\/hotels\/nh-collection-alagna-mirtillo-rosso\",\"name\":\"NH Collection Alagna Mirtillo Rosso 4 \u00e9toiles, Alagna Valsesia - Mont Rose\",\"isPartOf\":{\"@id\":\"https:\/\/www.italyfamilyhotels.it\/#website\"},\"datePublished\":\"2023-01-23T13:55:05+00:00\",\"dateModified\":\"2026-01-08T14:56:36+00:00\",\"description\":\"Envie de vacances en famille ? D\u00e9couvrez les offres pour familles du NH Collection Alagna Mirtillo Rosso \u00e0 Alagna Valsesia - Mont Rose\",\"breadcrumb\":{\"@id\":\"https:\/\/www.italyfamilyhotels.it\/fr\/hotels\/nh-collection-alagna-mirtillo-rosso#breadcrumb\"},\"inLanguage\":\"fr-FR\",\"potentialAction\":[{\"@type\":\"ReadAction\",\"target\":[\"https:\/\/www.italyfamilyhotels.it\/fr\/hotels\/nh-collection-alagna-mirtillo-rosso\"]}]},{\"@type\":\"BreadcrumbList\",\"@id\":\"https:\/\/www.italyfamilyhotels.it\/fr\/hotels\/nh-collection-alagna-mirtillo-rosso#breadcrumb\",\"itemListElement\":[{\"@type\":\"ListItem\",\"position\":1,\"name\":\"Home\",\"item\":\"https:\/\/www.italyfamilyhotels.it\/fr\"},{\"@type\":\"ListItem\",\"position\":2,\"name\":\"Family Hotels\",\"item\":\"https:\/\/www.italyfamilyhotels.it\/fr\/hotels\"},{\"@type\":\"ListItem\",\"position\":3,\"name\":\"NH Collection Alagna Mirtillo Rosso\"}]},{\"@type\":\"WebSite\",\"@id\":\"https:\/\/www.italyfamilyhotels.it\/#website\",\"url\":\"https:\/\/www.italyfamilyhotels.it\/\",\"name\":\"Italy Family Hotels\",\"description\":\"\",\"potentialAction\":[{\"@type\":\"SearchAction\",\"target\":{\"@type\":\"EntryPoint\",\"urlTemplate\":\"https:\/\/www.italyfamilyhotels.it\/?s={search_term_string}\"},\"query-input\":{\"@type\":\"PropertyValueSpecification\",\"valueRequired\":true,\"valueName\":\"search_term_string\"}}],\"inLanguage\":\"fr-FR\"}]}<\/script>\n<!-- \/ Yoast SEO plugin. -->","yoast_head_json":{"title":"NH Collection Alagna Mirtillo Rosso 4 \u00e9toiles, Alagna Valsesia - Mont Rose","description":"Envie de vacances en famille ? D\u00e9couvrez les offres pour familles du NH Collection Alagna Mirtillo Rosso \u00e0 Alagna Valsesia - Mont Rose","robots":{"index":"index","follow":"follow","max-snippet":"max-snippet:-1","max-image-preview":"max-image-preview:large","max-video-preview":"max-video-preview:-1"},"canonical":"https:\/\/www.italyfamilyhotels.it\/fr\/hotels\/nh-collection-alagna-mirtillo-rosso","og_locale":"fr_FR","og_type":"article","og_title":"NH Collection Alagna Mirtillo Rosso 4 \u00e9toiles, Alagna Valsesia - Mont Rose","og_description":"Envie de vacances en famille ? D\u00e9couvrez les offres pour familles du NH Collection Alagna Mirtillo Rosso \u00e0 Alagna Valsesia - Mont Rose","og_url":"https:\/\/www.italyfamilyhotels.it\/fr\/hotels\/nh-collection-alagna-mirtillo-rosso","og_site_name":"Italy Family Hotels","article_publisher":"https:\/\/www.facebook.com\/ItalyFamilyHotels\/","article_modified_time":"2026-01-08T14:56:36+00:00","twitter_card":"summary_large_image","twitter_misc":{"Dur\u00e9e de lecture estim\u00e9e":"1 minute"},"schema":{"@context":"https:\/\/schema.org","@graph":[{"@type":"WebPage","@id":"https:\/\/www.italyfamilyhotels.it\/fr\/hotels\/nh-collection-alagna-mirtillo-rosso","url":"https:\/\/www.italyfamilyhotels.it\/fr\/hotels\/nh-collection-alagna-mirtillo-rosso","name":"NH Collection Alagna Mirtillo Rosso 4 \u00e9toiles, Alagna Valsesia - Mont Rose","isPartOf":{"@id":"https:\/\/www.italyfamilyhotels.it\/#website"},"datePublished":"2023-01-23T13:55:05+00:00","dateModified":"2026-01-08T14:56:36+00:00","description":"Envie de vacances en famille ? D\u00e9couvrez les offres pour familles du NH Collection Alagna Mirtillo Rosso \u00e0 Alagna Valsesia - Mont Rose","breadcrumb":{"@id":"https:\/\/www.italyfamilyhotels.it\/fr\/hotels\/nh-collection-alagna-mirtillo-rosso#breadcrumb"},"inLanguage":"fr-FR","potentialAction":[{"@type":"ReadAction","target":["https:\/\/www.italyfamilyhotels.it\/fr\/hotels\/nh-collection-alagna-mirtillo-rosso"]}]},{"@type":"BreadcrumbList","@id":"https:\/\/www.italyfamilyhotels.it\/fr\/hotels\/nh-collection-alagna-mirtillo-rosso#breadcrumb","itemListElement":[{"@type":"ListItem","position":1,"name":"Home","item":"https:\/\/www.italyfamilyhotels.it\/fr"},{"@type":"ListItem","position":2,"name":"Family Hotels","item":"https:\/\/www.italyfamilyhotels.it\/fr\/hotels"},{"@type":"ListItem","position":3,"name":"NH Collection Alagna Mirtillo Rosso"}]},{"@type":"WebSite","@id":"https:\/\/www.italyfamilyhotels.it\/#website","url":"https:\/\/www.italyfamilyhotels.it\/","name":"Italy Family Hotels","description":"","potentialAction":[{"@type":"SearchAction","target":{"@type":"EntryPoint","urlTemplate":"https:\/\/www.italyfamilyhotels.it\/?s={search_term_string}"},"query-input":{"@type":"PropertyValueSpecification","valueRequired":true,"valueName":"search_term_string"}}],"inLanguage":"fr-FR"}]}},"_links":{"self":[{"href":"https:\/\/www.italyfamilyhotels.it\/fr\/wp-json\/wp\/v2\/pages\/43951","targetHints":{"allow":["GET"]}}],"collection":[{"href":"https:\/\/www.italyfamilyhotels.it\/fr\/wp-json\/wp\/v2\/pages"}],"about":[{"href":"https:\/\/www.italyfamilyhotels.it\/fr\/wp-json\/wp\/v2\/types\/page"}],"author":[{"embeddable":true,"href":"https:\/\/www.italyfamilyhotels.it\/fr\/wp-json\/wp\/v2\/users\/129"}],"replies":[{"embeddable":true,"href":"https:\/\/www.italyfamilyhotels.it\/fr\/wp-json\/wp\/v2\/comments?post=43951"}],"version-history":[{"count":9,"href":"https:\/\/www.italyfamilyhotels.it\/fr\/wp-json\/wp\/v2\/pages\/43951\/revisions"}],"predecessor-version":[{"id":73657,"href":"https:\/\/www.italyfamilyhotels.it\/fr\/wp-json\/wp\/v2\/pages\/43951\/revisions\/73657"}],"up":[{"embeddable":true,"href":"https:\/\/www.italyfamilyhotels.it\/fr\/wp-json\/wp\/v2\/pages\/29729"}],"wp:attachment":[{"href":"https:\/\/www.italyfamilyhotels.it\/fr\/wp-json\/wp\/v2\/media?parent=43951"}],"curies":[{"name":"wp","href":"https:\/\/api.w.org\/{rel}","templated":true}]}}