{"id":43949,"date":"2023-01-23T14:54:50","date_gmt":"2023-01-23T13:54:50","guid":{"rendered":"https:\/\/www.italyfamilyhotels.it\/hotels\/family-hotel-la-perla"},"modified":"2025-07-15T12:15:21","modified_gmt":"2025-07-15T10:15:21","slug":"family-hotel-la-perla","status":"publish","type":"page","link":"https:\/\/www.italyfamilyhotels.it\/fr\/hotels\/family-hotel-la-perla","title":{"rendered":"Family Hotel La Perla"},"content":{"rendered":"\n<p>Pale di San Martino, l&#8217;air pur de la montagne, les bois et les prairies du parc Paneveggio sont le d\u00e9cor de vos vacances, ici, au <b>Family Hotel La Perla <\/b>\u00e0 <b>Fiera di Primiero<\/b>. L&#8217;endroit id\u00e9al pour s&#8217;\u00e9vader du quotidien, et faire vivre \u00e0 vos enfants une exp\u00e9rience particuli\u00e8re au contact d&#8217;une nature pr\u00e9serv\u00e9e.<\/p>\n\n\n\n<p>Ici, les enfants trouveront un monde fantastique rien que pour eux : <b>la Bottega della Fantasia<\/b>, un royaume de jeux, de couleurs et de dessins d\u00e9di\u00e9s au <b>Mini Club<\/b> o\u00f9 ils s&#8217;amuseront avec notre \u00e9quipe d&#8217;animation. Chaque semaine nous vous proposons un riche <b>programme d&#8217;activit\u00e9s<\/b>, qui permet aux petits et grands de passer des moments inoubliables entre \u00e9v\u00e8nements gastronomiques et sportifs et d\u00e9couverte des environs.<\/p>\n\n\n\n<p>L&#8217;<b>exp\u00e9rience culinaire<\/b> vous permettra de vous d\u00e9lecter : <b>plats traditionnels de la vall\u00e9e de Primiero<\/b>, pr\u00e9parez-vous \u00e0 d\u00e9guster des <b>produits r\u00e9gionaux<\/b> et de la viande \u00e0 0 km issue directement de l\u2019<b>exploitation familiale<\/b>. Puis, arr\u00eatez-vous dans notre <b>caf\u00e9 style alpin<\/b>, un incontournable, pour un ap\u00e9ritif en famille ou un verre en amoureux.<\/p>\n\n\n\n<p>Nos spacieuses et confortables <b>chambres <\/b>sont id\u00e9ales pour les familles. Pour vous permettre de voyager l\u00e9ger, vous trouverez tous les <b>accessoires b\u00e9b\u00e9<\/b> n\u00e9cessaires, avec <b>poussettes <\/b>et <b>sac \u00e0 dos porte-b\u00e9b\u00e9<\/b>.<\/p>\n","protected":false},"excerpt":{"rendered":"<p>Pale di San Martino, l&#8217;air pur de la montagne, les bois et les prairies du parc Paneveggio sont le d\u00e9cor de vos vacances, ici, au Family Hotel La Perla \u00e0 Fiera di Primiero. L&#8217;endroit id\u00e9al pour s&#8217;\u00e9vader du quotidien, et faire vivre \u00e0 vos enfants une exp\u00e9rience particuli\u00e8re au contact d&#8217;une nature pr\u00e9serv\u00e9e. Ici, les &hellip;<\/p>\n","protected":false},"author":30,"featured_media":0,"parent":29729,"menu_order":0,"comment_status":"closed","ping_status":"closed","template":"page-templates\/scheda_hotel.php","meta":{"_acf_changed":false,"inline_featured_image":false,"footnotes":""},"class_list":["post-43949","page","type-page","status-publish","hentry"],"acf":[],"yoast_head":"<!-- This site is optimized with the Yoast SEO plugin v27.1 - https:\/\/yoast.com\/product\/yoast-seo-wordpress\/ -->\n<title>Family Hotel La Perla 3 \u00e9toiles, Valle di Primiero<\/title>\n<meta name=\"description\" content=\"Envie de vacances en famille ? D\u00e9couvrez les offres pour familles du Family Hotel La Perla \u00e0 Valle di Primiero\" \/>\n<meta name=\"robots\" content=\"index, follow, max-snippet:-1, max-image-preview:large, max-video-preview:-1\" \/>\n<link rel=\"canonical\" href=\"https:\/\/www.italyfamilyhotels.it\/fr\/hotels\/family-hotel-la-perla\" \/>\n<meta property=\"og:locale\" content=\"fr_FR\" \/>\n<meta property=\"og:type\" content=\"article\" \/>\n<meta property=\"og:title\" content=\"Family Hotel La Perla 3 \u00e9toiles, Valle di Primiero\" \/>\n<meta property=\"og:description\" content=\"Envie de vacances en famille ? D\u00e9couvrez les offres pour familles du Family Hotel La Perla \u00e0 Valle di Primiero\" \/>\n<meta property=\"og:url\" content=\"https:\/\/www.italyfamilyhotels.it\/fr\/hotels\/family-hotel-la-perla\" \/>\n<meta property=\"og:site_name\" content=\"Italy Family Hotels\" \/>\n<meta property=\"article:publisher\" content=\"https:\/\/www.facebook.com\/ItalyFamilyHotels\/\" \/>\n<meta property=\"article:modified_time\" content=\"2025-07-15T10:15:21+00:00\" \/>\n<meta name=\"twitter:card\" content=\"summary_large_image\" \/>\n<meta name=\"twitter:label1\" content=\"Dur\u00e9e de lecture estim\u00e9e\" \/>\n\t<meta name=\"twitter:data1\" content=\"1 minute\" \/>\n<script type=\"application\/ld+json\" class=\"yoast-schema-graph\">{\"@context\":\"https:\/\/schema.org\",\"@graph\":[{\"@type\":\"WebPage\",\"@id\":\"https:\/\/www.italyfamilyhotels.it\/fr\/hotels\/family-hotel-la-perla\",\"url\":\"https:\/\/www.italyfamilyhotels.it\/fr\/hotels\/family-hotel-la-perla\",\"name\":\"Family Hotel La Perla 3 \u00e9toiles, Valle di Primiero\",\"isPartOf\":{\"@id\":\"https:\/\/www.italyfamilyhotels.it\/#website\"},\"datePublished\":\"2023-01-23T13:54:50+00:00\",\"dateModified\":\"2025-07-15T10:15:21+00:00\",\"description\":\"Envie de vacances en famille ? D\u00e9couvrez les offres pour familles du Family Hotel La Perla \u00e0 Valle di Primiero\",\"breadcrumb\":{\"@id\":\"https:\/\/www.italyfamilyhotels.it\/fr\/hotels\/family-hotel-la-perla#breadcrumb\"},\"inLanguage\":\"fr-FR\",\"potentialAction\":[{\"@type\":\"ReadAction\",\"target\":[\"https:\/\/www.italyfamilyhotels.it\/fr\/hotels\/family-hotel-la-perla\"]}]},{\"@type\":\"BreadcrumbList\",\"@id\":\"https:\/\/www.italyfamilyhotels.it\/fr\/hotels\/family-hotel-la-perla#breadcrumb\",\"itemListElement\":[{\"@type\":\"ListItem\",\"position\":1,\"name\":\"Home\",\"item\":\"https:\/\/www.italyfamilyhotels.it\/fr\"},{\"@type\":\"ListItem\",\"position\":2,\"name\":\"Family Hotels\",\"item\":\"https:\/\/www.italyfamilyhotels.it\/fr\/hotels\"},{\"@type\":\"ListItem\",\"position\":3,\"name\":\"Family Hotel La Perla\"}]},{\"@type\":\"WebSite\",\"@id\":\"https:\/\/www.italyfamilyhotels.it\/#website\",\"url\":\"https:\/\/www.italyfamilyhotels.it\/\",\"name\":\"Italy Family Hotels\",\"description\":\"\",\"potentialAction\":[{\"@type\":\"SearchAction\",\"target\":{\"@type\":\"EntryPoint\",\"urlTemplate\":\"https:\/\/www.italyfamilyhotels.it\/?s={search_term_string}\"},\"query-input\":{\"@type\":\"PropertyValueSpecification\",\"valueRequired\":true,\"valueName\":\"search_term_string\"}}],\"inLanguage\":\"fr-FR\"}]}<\/script>\n<!-- \/ Yoast SEO plugin. -->","yoast_head_json":{"title":"Family Hotel La Perla 3 \u00e9toiles, Valle di Primiero","description":"Envie de vacances en famille ? D\u00e9couvrez les offres pour familles du Family Hotel La Perla \u00e0 Valle di Primiero","robots":{"index":"index","follow":"follow","max-snippet":"max-snippet:-1","max-image-preview":"max-image-preview:large","max-video-preview":"max-video-preview:-1"},"canonical":"https:\/\/www.italyfamilyhotels.it\/fr\/hotels\/family-hotel-la-perla","og_locale":"fr_FR","og_type":"article","og_title":"Family Hotel La Perla 3 \u00e9toiles, Valle di Primiero","og_description":"Envie de vacances en famille ? D\u00e9couvrez les offres pour familles du Family Hotel La Perla \u00e0 Valle di Primiero","og_url":"https:\/\/www.italyfamilyhotels.it\/fr\/hotels\/family-hotel-la-perla","og_site_name":"Italy Family Hotels","article_publisher":"https:\/\/www.facebook.com\/ItalyFamilyHotels\/","article_modified_time":"2025-07-15T10:15:21+00:00","twitter_card":"summary_large_image","twitter_misc":{"Dur\u00e9e de lecture estim\u00e9e":"1 minute"},"schema":{"@context":"https:\/\/schema.org","@graph":[{"@type":"WebPage","@id":"https:\/\/www.italyfamilyhotels.it\/fr\/hotels\/family-hotel-la-perla","url":"https:\/\/www.italyfamilyhotels.it\/fr\/hotels\/family-hotel-la-perla","name":"Family Hotel La Perla 3 \u00e9toiles, Valle di Primiero","isPartOf":{"@id":"https:\/\/www.italyfamilyhotels.it\/#website"},"datePublished":"2023-01-23T13:54:50+00:00","dateModified":"2025-07-15T10:15:21+00:00","description":"Envie de vacances en famille ? D\u00e9couvrez les offres pour familles du Family Hotel La Perla \u00e0 Valle di Primiero","breadcrumb":{"@id":"https:\/\/www.italyfamilyhotels.it\/fr\/hotels\/family-hotel-la-perla#breadcrumb"},"inLanguage":"fr-FR","potentialAction":[{"@type":"ReadAction","target":["https:\/\/www.italyfamilyhotels.it\/fr\/hotels\/family-hotel-la-perla"]}]},{"@type":"BreadcrumbList","@id":"https:\/\/www.italyfamilyhotels.it\/fr\/hotels\/family-hotel-la-perla#breadcrumb","itemListElement":[{"@type":"ListItem","position":1,"name":"Home","item":"https:\/\/www.italyfamilyhotels.it\/fr"},{"@type":"ListItem","position":2,"name":"Family Hotels","item":"https:\/\/www.italyfamilyhotels.it\/fr\/hotels"},{"@type":"ListItem","position":3,"name":"Family Hotel La Perla"}]},{"@type":"WebSite","@id":"https:\/\/www.italyfamilyhotels.it\/#website","url":"https:\/\/www.italyfamilyhotels.it\/","name":"Italy Family Hotels","description":"","potentialAction":[{"@type":"SearchAction","target":{"@type":"EntryPoint","urlTemplate":"https:\/\/www.italyfamilyhotels.it\/?s={search_term_string}"},"query-input":{"@type":"PropertyValueSpecification","valueRequired":true,"valueName":"search_term_string"}}],"inLanguage":"fr-FR"}]}},"_links":{"self":[{"href":"https:\/\/www.italyfamilyhotels.it\/fr\/wp-json\/wp\/v2\/pages\/43949","targetHints":{"allow":["GET"]}}],"collection":[{"href":"https:\/\/www.italyfamilyhotels.it\/fr\/wp-json\/wp\/v2\/pages"}],"about":[{"href":"https:\/\/www.italyfamilyhotels.it\/fr\/wp-json\/wp\/v2\/types\/page"}],"author":[{"embeddable":true,"href":"https:\/\/www.italyfamilyhotels.it\/fr\/wp-json\/wp\/v2\/users\/30"}],"replies":[{"embeddable":true,"href":"https:\/\/www.italyfamilyhotels.it\/fr\/wp-json\/wp\/v2\/comments?post=43949"}],"version-history":[{"count":3,"href":"https:\/\/www.italyfamilyhotels.it\/fr\/wp-json\/wp\/v2\/pages\/43949\/revisions"}],"predecessor-version":[{"id":70656,"href":"https:\/\/www.italyfamilyhotels.it\/fr\/wp-json\/wp\/v2\/pages\/43949\/revisions\/70656"}],"up":[{"embeddable":true,"href":"https:\/\/www.italyfamilyhotels.it\/fr\/wp-json\/wp\/v2\/pages\/29729"}],"wp:attachment":[{"href":"https:\/\/www.italyfamilyhotels.it\/fr\/wp-json\/wp\/v2\/media?parent=43949"}],"curies":[{"name":"wp","href":"https:\/\/api.w.org\/{rel}","templated":true}]}}