{"id":43945,"date":"2023-01-23T14:54:23","date_gmt":"2023-01-23T13:54:23","guid":{"rendered":"https:\/\/www.italyfamilyhotels.it\/hotels\/park-hotel-sport"},"modified":"2023-01-23T15:53:16","modified_gmt":"2023-01-23T14:53:16","slug":"park-hotel-sport","status":"publish","type":"page","link":"https:\/\/www.italyfamilyhotels.it\/fr\/hotels\/park-hotel-sport","title":{"rendered":"Park Hotel Sport"},"content":{"rendered":"\n<p>Notre h\u00f4tel se trouve au\u00a0<b>centre d&#8217;Andalo<\/b>, \u00e0 quelques m\u00e8tres du terrain de sport et des remont\u00e9es m\u00e9caniques de Paganella Ski. Notre tendance \u00e0\u00a0<b>bouger<\/b>, avec des <b>activit\u00e9s int\u00e9rieures et ext\u00e9rieures<\/b> fait partie de notre ADN, \u00e0 tel point que m\u00eame le nom de notre h\u00f4tel met en avant cette caract\u00e9ristique :\u00a0<b>Park Hotel Sport<\/b>.<\/p>\n\n\n\n<p>De nombreuses exp\u00e9riences estivales et hivernales \u00e0 partager en famille, avec notre\u00a0<b>guide de montagne priv\u00e9<\/b>. Vous pourrez choisir entre excursions et promenades, \u00e9galement avec poussettes, petits d\u00e9jeuners et d\u00e9jeuners en refuge, d\u2019aventureuses sorties nocturnes, r\u00e9veil musculaire, jeu ap\u00e9ritif. Et en cas de pluie ? Nous partons \u00e0 la d\u00e9couverte des ch\u00e2teaux et mus\u00e9es du Trentin !<\/p>\n\n\n\n<p>L&#8217;apr\u00e8s-midi, apr\u00e8s une sieste et un d\u00e9licieux go\u00fbter, <b>les enfants peuvent faire du yoga<\/b>\u00a0avec Claudia, jouer dans le\u00a0<b>parc de 6\u00a0000 m\u00b2<\/b>, participer \u00e0 des <b>lectures anim\u00e9es<\/b> et des tournois, avant le\u00a0<b>\u00ab\u00a0d\u00eener de l&#8217;amiti\u00e9\u00a0\u00bb<\/b>\u00a0organis\u00e9 par les animateurs, et la soir\u00e9e entre\u00a0<b>baby-dance dans le parc<\/b>\u00a0et spectacles de magie ! Nous vous conseillons de ne pas manquer l&#8217;occasion de vous d\u00e9tendre dans la\u00a0<b>piscine int\u00e9rieure avec toute la famille\u00a0:<\/b> 80 m\u00b2 de plongeons et de plaisir, o\u00f9 les enfants peuvent nager en toute s\u00e9curit\u00e9 dans la <b>zone d\u2019eau peu profonde<\/b>\u00a0qui leur est r\u00e9serv\u00e9e.<\/p>\n","protected":false},"excerpt":{"rendered":"<p>Notre h\u00f4tel se trouve au\u00a0centre d&#8217;Andalo, \u00e0 quelques m\u00e8tres du terrain de sport et des remont\u00e9es m\u00e9caniques de Paganella Ski. Notre tendance \u00e0\u00a0bouger, avec des activit\u00e9s int\u00e9rieures et ext\u00e9rieures fait partie de notre ADN, \u00e0 tel point que m\u00eame le nom de notre h\u00f4tel met en avant cette caract\u00e9ristique :\u00a0Park Hotel Sport. De nombreuses exp\u00e9riences &hellip;<\/p>\n","protected":false},"author":97,"featured_media":0,"parent":29729,"menu_order":0,"comment_status":"closed","ping_status":"closed","template":"page-templates\/scheda_hotel.php","meta":{"_acf_changed":false,"inline_featured_image":false,"footnotes":""},"class_list":["post-43945","page","type-page","status-publish","hentry"],"acf":[],"yoast_head":"<!-- This site is optimized with the Yoast SEO plugin v27.1 - https:\/\/yoast.com\/product\/yoast-seo-wordpress\/ -->\n<title>Park Hotel Sport 4 \u00e9toiles, Andalo<\/title>\n<meta name=\"description\" content=\"Envie de vacances en famille ? D\u00e9couvrez les offres pour familles du Park Hotel Sport \u00e0 Andalo\" \/>\n<meta name=\"robots\" content=\"index, follow, max-snippet:-1, max-image-preview:large, max-video-preview:-1\" \/>\n<link rel=\"canonical\" href=\"https:\/\/www.italyfamilyhotels.it\/fr\/hotels\/park-hotel-sport\" \/>\n<meta property=\"og:locale\" content=\"fr_FR\" \/>\n<meta property=\"og:type\" content=\"article\" \/>\n<meta property=\"og:title\" content=\"Park Hotel Sport 4 \u00e9toiles, Andalo\" \/>\n<meta property=\"og:description\" content=\"Envie de vacances en famille ? D\u00e9couvrez les offres pour familles du Park Hotel Sport \u00e0 Andalo\" \/>\n<meta property=\"og:url\" content=\"https:\/\/www.italyfamilyhotels.it\/fr\/hotels\/park-hotel-sport\" \/>\n<meta property=\"og:site_name\" content=\"Italy Family Hotels\" \/>\n<meta property=\"article:publisher\" content=\"https:\/\/www.facebook.com\/ItalyFamilyHotels\/\" \/>\n<meta property=\"article:modified_time\" content=\"2023-01-23T14:53:16+00:00\" \/>\n<meta name=\"twitter:card\" content=\"summary_large_image\" \/>\n<meta name=\"twitter:label1\" content=\"Dur\u00e9e de lecture estim\u00e9e\" \/>\n\t<meta name=\"twitter:data1\" content=\"1 minute\" \/>\n<script type=\"application\/ld+json\" class=\"yoast-schema-graph\">{\"@context\":\"https:\/\/schema.org\",\"@graph\":[{\"@type\":\"WebPage\",\"@id\":\"https:\/\/www.italyfamilyhotels.it\/fr\/hotels\/park-hotel-sport\",\"url\":\"https:\/\/www.italyfamilyhotels.it\/fr\/hotels\/park-hotel-sport\",\"name\":\"Park Hotel Sport 4 \u00e9toiles, Andalo\",\"isPartOf\":{\"@id\":\"https:\/\/www.italyfamilyhotels.it\/#website\"},\"datePublished\":\"2023-01-23T13:54:23+00:00\",\"dateModified\":\"2023-01-23T14:53:16+00:00\",\"description\":\"Envie de vacances en famille ? D\u00e9couvrez les offres pour familles du Park Hotel Sport \u00e0 Andalo\",\"breadcrumb\":{\"@id\":\"https:\/\/www.italyfamilyhotels.it\/fr\/hotels\/park-hotel-sport#breadcrumb\"},\"inLanguage\":\"fr-FR\",\"potentialAction\":[{\"@type\":\"ReadAction\",\"target\":[\"https:\/\/www.italyfamilyhotels.it\/fr\/hotels\/park-hotel-sport\"]}]},{\"@type\":\"BreadcrumbList\",\"@id\":\"https:\/\/www.italyfamilyhotels.it\/fr\/hotels\/park-hotel-sport#breadcrumb\",\"itemListElement\":[{\"@type\":\"ListItem\",\"position\":1,\"name\":\"Home\",\"item\":\"https:\/\/www.italyfamilyhotels.it\/fr\"},{\"@type\":\"ListItem\",\"position\":2,\"name\":\"Family Hotels\",\"item\":\"https:\/\/www.italyfamilyhotels.it\/fr\/hotels\"},{\"@type\":\"ListItem\",\"position\":3,\"name\":\"Park Hotel Sport\"}]},{\"@type\":\"WebSite\",\"@id\":\"https:\/\/www.italyfamilyhotels.it\/#website\",\"url\":\"https:\/\/www.italyfamilyhotels.it\/\",\"name\":\"Italy Family Hotels\",\"description\":\"\",\"potentialAction\":[{\"@type\":\"SearchAction\",\"target\":{\"@type\":\"EntryPoint\",\"urlTemplate\":\"https:\/\/www.italyfamilyhotels.it\/?s={search_term_string}\"},\"query-input\":{\"@type\":\"PropertyValueSpecification\",\"valueRequired\":true,\"valueName\":\"search_term_string\"}}],\"inLanguage\":\"fr-FR\"}]}<\/script>\n<!-- \/ Yoast SEO plugin. -->","yoast_head_json":{"title":"Park Hotel Sport 4 \u00e9toiles, Andalo","description":"Envie de vacances en famille ? D\u00e9couvrez les offres pour familles du Park Hotel Sport \u00e0 Andalo","robots":{"index":"index","follow":"follow","max-snippet":"max-snippet:-1","max-image-preview":"max-image-preview:large","max-video-preview":"max-video-preview:-1"},"canonical":"https:\/\/www.italyfamilyhotels.it\/fr\/hotels\/park-hotel-sport","og_locale":"fr_FR","og_type":"article","og_title":"Park Hotel Sport 4 \u00e9toiles, Andalo","og_description":"Envie de vacances en famille ? D\u00e9couvrez les offres pour familles du Park Hotel Sport \u00e0 Andalo","og_url":"https:\/\/www.italyfamilyhotels.it\/fr\/hotels\/park-hotel-sport","og_site_name":"Italy Family Hotels","article_publisher":"https:\/\/www.facebook.com\/ItalyFamilyHotels\/","article_modified_time":"2023-01-23T14:53:16+00:00","twitter_card":"summary_large_image","twitter_misc":{"Dur\u00e9e de lecture estim\u00e9e":"1 minute"},"schema":{"@context":"https:\/\/schema.org","@graph":[{"@type":"WebPage","@id":"https:\/\/www.italyfamilyhotels.it\/fr\/hotels\/park-hotel-sport","url":"https:\/\/www.italyfamilyhotels.it\/fr\/hotels\/park-hotel-sport","name":"Park Hotel Sport 4 \u00e9toiles, Andalo","isPartOf":{"@id":"https:\/\/www.italyfamilyhotels.it\/#website"},"datePublished":"2023-01-23T13:54:23+00:00","dateModified":"2023-01-23T14:53:16+00:00","description":"Envie de vacances en famille ? D\u00e9couvrez les offres pour familles du Park Hotel Sport \u00e0 Andalo","breadcrumb":{"@id":"https:\/\/www.italyfamilyhotels.it\/fr\/hotels\/park-hotel-sport#breadcrumb"},"inLanguage":"fr-FR","potentialAction":[{"@type":"ReadAction","target":["https:\/\/www.italyfamilyhotels.it\/fr\/hotels\/park-hotel-sport"]}]},{"@type":"BreadcrumbList","@id":"https:\/\/www.italyfamilyhotels.it\/fr\/hotels\/park-hotel-sport#breadcrumb","itemListElement":[{"@type":"ListItem","position":1,"name":"Home","item":"https:\/\/www.italyfamilyhotels.it\/fr"},{"@type":"ListItem","position":2,"name":"Family Hotels","item":"https:\/\/www.italyfamilyhotels.it\/fr\/hotels"},{"@type":"ListItem","position":3,"name":"Park Hotel Sport"}]},{"@type":"WebSite","@id":"https:\/\/www.italyfamilyhotels.it\/#website","url":"https:\/\/www.italyfamilyhotels.it\/","name":"Italy Family Hotels","description":"","potentialAction":[{"@type":"SearchAction","target":{"@type":"EntryPoint","urlTemplate":"https:\/\/www.italyfamilyhotels.it\/?s={search_term_string}"},"query-input":{"@type":"PropertyValueSpecification","valueRequired":true,"valueName":"search_term_string"}}],"inLanguage":"fr-FR"}]}},"_links":{"self":[{"href":"https:\/\/www.italyfamilyhotels.it\/fr\/wp-json\/wp\/v2\/pages\/43945","targetHints":{"allow":["GET"]}}],"collection":[{"href":"https:\/\/www.italyfamilyhotels.it\/fr\/wp-json\/wp\/v2\/pages"}],"about":[{"href":"https:\/\/www.italyfamilyhotels.it\/fr\/wp-json\/wp\/v2\/types\/page"}],"author":[{"embeddable":true,"href":"https:\/\/www.italyfamilyhotels.it\/fr\/wp-json\/wp\/v2\/users\/97"}],"replies":[{"embeddable":true,"href":"https:\/\/www.italyfamilyhotels.it\/fr\/wp-json\/wp\/v2\/comments?post=43945"}],"version-history":[{"count":2,"href":"https:\/\/www.italyfamilyhotels.it\/fr\/wp-json\/wp\/v2\/pages\/43945\/revisions"}],"predecessor-version":[{"id":44041,"href":"https:\/\/www.italyfamilyhotels.it\/fr\/wp-json\/wp\/v2\/pages\/43945\/revisions\/44041"}],"up":[{"embeddable":true,"href":"https:\/\/www.italyfamilyhotels.it\/fr\/wp-json\/wp\/v2\/pages\/29729"}],"wp:attachment":[{"href":"https:\/\/www.italyfamilyhotels.it\/fr\/wp-json\/wp\/v2\/media?parent=43945"}],"curies":[{"name":"wp","href":"https:\/\/api.w.org\/{rel}","templated":true}]}}