{"id":43941,"date":"2023-01-23T14:53:40","date_gmt":"2023-01-23T13:53:40","guid":{"rendered":"https:\/\/www.italyfamilyhotels.it\/hotels\/hotel-san-michele"},"modified":"2023-02-01T15:54:17","modified_gmt":"2023-02-01T14:54:17","slug":"hotel-san-michele","status":"publish","type":"page","link":"https:\/\/www.italyfamilyhotels.it\/fr\/hotels\/hotel-san-michele","title":{"rendered":"H\u00f4tel San Michele"},"content":{"rendered":"\n<p>Juste en face de la porte d&#8217;entr\u00e9e de l\u2019<b>H\u00f4tel San Michele<\/b>, entour\u00e9 d&#8217;une <b>cour royale de pins maritimes<\/b>, vous vous retrouvez d\u00e9j\u00e0 catapult\u00e9s <b>sur la longue plage de sable doux et dor\u00e9 de Bibione<\/b>, la splendide ville de la Haute-Adriatique <b>qui vous attend \u00e0 quelques encablures<\/b> avec toute son \u00e9nergie p\u00e9tillante.<\/p>\n\n\n\n<p>Ici, avec nous, vous pouvez vous faire dorloter paisiblement dans le <b>centre de bien-\u00eatre<\/b> avec <b>bain \u00e0 remous, douche \u00e9motionnelle, sauna bio et bain turc<\/b>, ou vous d\u00e9tendre sur la <b>grande terrasse avec solarium au bord de la piscine<\/b>, qui se transforme le soir en un th\u00e9\u00e2tre \u00e9vocateur sous les \u00e9toiles, avec d\u00eeners de gala et \u00e9v\u00e8nements.<\/p>\n\n\n\n<p>Nous nous occupons du <b>divertissement des enfants de tous \u00e2ges<\/b> en leur proposant chaque jour <b>de nombreuses activit\u00e9s, jeux et tournois sportifs<\/b>, ainsi que des activit\u00e9s dans la <b>grande piscine<\/b> de l&#8217;h\u00f4tel avec <b>eau chauff\u00e9e toute l&#8217;ann\u00e9e<\/b>, ou encore la <b>piscine pour b\u00e9b\u00e9<\/b>, rien que pour eux, <b>peu profonde et avec une amusante cascade<\/b>, o\u00f9 barboter entre \u00e9claboussures et rires. Et pour faire faire de \u00ab&nbsp;beaux r\u00eaves&nbsp;\u00bb \u00e0 vos enfants vous pouvez choisir nos <b>chambres \u00e0 th\u00e8me<\/b> qui les transporteront sur <b>une \u00eele au tr\u00e9sor ou \u00e0 bord d&#8217;un bateau pirate<\/b>&nbsp;!<\/p>\n\n\n\n<p>Nous rendons vos vacances encore plus pr\u00e9cieuses avec les <b>plaisirs de la table<\/b>. Dans la grande salle du restaurant, baign\u00e9e de la lumi\u00e8re dor\u00e9e du soleil, nous vous offrons <b>une exp\u00e9rience culinaire unique avec des recettes authentiques<\/b>, des sp\u00e9cialit\u00e9s de la tradition italienne, avec une attention particuli\u00e8re pour les go\u00fbts des plus petits, avec <b>produits \u00e0 0 km et bio<\/b>, et des <b>menus sp\u00e9cifiques pour les personnes souffrant d\u2019intol\u00e9rances et menus sans gluten<\/b>.<\/p>\n\n\n\n<p>Vous trouverez \u00e9galement <b>de nombreuses excursions<\/b> pour vous aventurer en famille \u00e0 la d\u00e9couverte des beaut\u00e9s de la r\u00e9gion telles que <b>la lagune, les vall\u00e9es de p\u00eache ou les bois centenaires.<\/b><\/p>\n","protected":false},"excerpt":{"rendered":"<p>Juste en face de la porte d&#8217;entr\u00e9e de l\u2019H\u00f4tel San Michele, entour\u00e9 d&#8217;une cour royale de pins maritimes, vous vous retrouvez d\u00e9j\u00e0 catapult\u00e9s sur la longue plage de sable doux et dor\u00e9 de Bibione, la splendide ville de la Haute-Adriatique qui vous attend \u00e0 quelques encablures avec toute son \u00e9nergie p\u00e9tillante. Ici, avec nous, vous &hellip;<\/p>\n","protected":false},"author":111,"featured_media":0,"parent":29729,"menu_order":0,"comment_status":"closed","ping_status":"closed","template":"page-templates\/scheda_hotel.php","meta":{"_acf_changed":false,"inline_featured_image":false,"footnotes":""},"class_list":["post-43941","page","type-page","status-publish","hentry"],"acf":[],"yoast_head":"<!-- This site is optimized with the Yoast SEO plugin v27.1 - https:\/\/yoast.com\/product\/yoast-seo-wordpress\/ -->\n<title>H\u00f4tel San Michele 4 \u00e9toiles, Bibione<\/title>\n<meta name=\"description\" content=\"Envie de vacances en famille ? D\u00e9couvrez les offres pour familles de l\u2019H\u00f4tel San Michele \u00e0 Bibione\" \/>\n<meta name=\"robots\" content=\"index, follow, max-snippet:-1, max-image-preview:large, max-video-preview:-1\" \/>\n<link rel=\"canonical\" href=\"https:\/\/www.italyfamilyhotels.it\/fr\/hotels\/hotel-san-michele\" \/>\n<meta property=\"og:locale\" content=\"fr_FR\" \/>\n<meta property=\"og:type\" content=\"article\" \/>\n<meta property=\"og:title\" content=\"H\u00f4tel San Michele 4 \u00e9toiles, Bibione\" \/>\n<meta property=\"og:description\" content=\"Envie de vacances en famille ? D\u00e9couvrez les offres pour familles de l\u2019H\u00f4tel San Michele \u00e0 Bibione\" \/>\n<meta property=\"og:url\" content=\"https:\/\/www.italyfamilyhotels.it\/fr\/hotels\/hotel-san-michele\" \/>\n<meta property=\"og:site_name\" content=\"Italy Family Hotels\" \/>\n<meta property=\"article:publisher\" content=\"https:\/\/www.facebook.com\/ItalyFamilyHotels\/\" \/>\n<meta property=\"article:modified_time\" content=\"2023-02-01T14:54:17+00:00\" \/>\n<meta name=\"twitter:card\" content=\"summary_large_image\" \/>\n<meta name=\"twitter:label1\" content=\"Dur\u00e9e de lecture estim\u00e9e\" \/>\n\t<meta name=\"twitter:data1\" content=\"2 minutes\" \/>\n<script type=\"application\/ld+json\" class=\"yoast-schema-graph\">{\"@context\":\"https:\/\/schema.org\",\"@graph\":[{\"@type\":\"WebPage\",\"@id\":\"https:\/\/www.italyfamilyhotels.it\/fr\/hotels\/hotel-san-michele\",\"url\":\"https:\/\/www.italyfamilyhotels.it\/fr\/hotels\/hotel-san-michele\",\"name\":\"H\u00f4tel San Michele 4 \u00e9toiles, Bibione\",\"isPartOf\":{\"@id\":\"https:\/\/www.italyfamilyhotels.it\/#website\"},\"datePublished\":\"2023-01-23T13:53:40+00:00\",\"dateModified\":\"2023-02-01T14:54:17+00:00\",\"description\":\"Envie de vacances en famille ? D\u00e9couvrez les offres pour familles de l\u2019H\u00f4tel San Michele \u00e0 Bibione\",\"breadcrumb\":{\"@id\":\"https:\/\/www.italyfamilyhotels.it\/fr\/hotels\/hotel-san-michele#breadcrumb\"},\"inLanguage\":\"fr-FR\",\"potentialAction\":[{\"@type\":\"ReadAction\",\"target\":[\"https:\/\/www.italyfamilyhotels.it\/fr\/hotels\/hotel-san-michele\"]}]},{\"@type\":\"BreadcrumbList\",\"@id\":\"https:\/\/www.italyfamilyhotels.it\/fr\/hotels\/hotel-san-michele#breadcrumb\",\"itemListElement\":[{\"@type\":\"ListItem\",\"position\":1,\"name\":\"Home\",\"item\":\"https:\/\/www.italyfamilyhotels.it\/fr\"},{\"@type\":\"ListItem\",\"position\":2,\"name\":\"Family Hotels\",\"item\":\"https:\/\/www.italyfamilyhotels.it\/fr\/hotels\"},{\"@type\":\"ListItem\",\"position\":3,\"name\":\"H\u00f4tel San Michele\"}]},{\"@type\":\"WebSite\",\"@id\":\"https:\/\/www.italyfamilyhotels.it\/#website\",\"url\":\"https:\/\/www.italyfamilyhotels.it\/\",\"name\":\"Italy Family Hotels\",\"description\":\"\",\"potentialAction\":[{\"@type\":\"SearchAction\",\"target\":{\"@type\":\"EntryPoint\",\"urlTemplate\":\"https:\/\/www.italyfamilyhotels.it\/?s={search_term_string}\"},\"query-input\":{\"@type\":\"PropertyValueSpecification\",\"valueRequired\":true,\"valueName\":\"search_term_string\"}}],\"inLanguage\":\"fr-FR\"}]}<\/script>\n<!-- \/ Yoast SEO plugin. -->","yoast_head_json":{"title":"H\u00f4tel San Michele 4 \u00e9toiles, Bibione","description":"Envie de vacances en famille ? D\u00e9couvrez les offres pour familles de l\u2019H\u00f4tel San Michele \u00e0 Bibione","robots":{"index":"index","follow":"follow","max-snippet":"max-snippet:-1","max-image-preview":"max-image-preview:large","max-video-preview":"max-video-preview:-1"},"canonical":"https:\/\/www.italyfamilyhotels.it\/fr\/hotels\/hotel-san-michele","og_locale":"fr_FR","og_type":"article","og_title":"H\u00f4tel San Michele 4 \u00e9toiles, Bibione","og_description":"Envie de vacances en famille ? D\u00e9couvrez les offres pour familles de l\u2019H\u00f4tel San Michele \u00e0 Bibione","og_url":"https:\/\/www.italyfamilyhotels.it\/fr\/hotels\/hotel-san-michele","og_site_name":"Italy Family Hotels","article_publisher":"https:\/\/www.facebook.com\/ItalyFamilyHotels\/","article_modified_time":"2023-02-01T14:54:17+00:00","twitter_card":"summary_large_image","twitter_misc":{"Dur\u00e9e de lecture estim\u00e9e":"2 minutes"},"schema":{"@context":"https:\/\/schema.org","@graph":[{"@type":"WebPage","@id":"https:\/\/www.italyfamilyhotels.it\/fr\/hotels\/hotel-san-michele","url":"https:\/\/www.italyfamilyhotels.it\/fr\/hotels\/hotel-san-michele","name":"H\u00f4tel San Michele 4 \u00e9toiles, Bibione","isPartOf":{"@id":"https:\/\/www.italyfamilyhotels.it\/#website"},"datePublished":"2023-01-23T13:53:40+00:00","dateModified":"2023-02-01T14:54:17+00:00","description":"Envie de vacances en famille ? D\u00e9couvrez les offres pour familles de l\u2019H\u00f4tel San Michele \u00e0 Bibione","breadcrumb":{"@id":"https:\/\/www.italyfamilyhotels.it\/fr\/hotels\/hotel-san-michele#breadcrumb"},"inLanguage":"fr-FR","potentialAction":[{"@type":"ReadAction","target":["https:\/\/www.italyfamilyhotels.it\/fr\/hotels\/hotel-san-michele"]}]},{"@type":"BreadcrumbList","@id":"https:\/\/www.italyfamilyhotels.it\/fr\/hotels\/hotel-san-michele#breadcrumb","itemListElement":[{"@type":"ListItem","position":1,"name":"Home","item":"https:\/\/www.italyfamilyhotels.it\/fr"},{"@type":"ListItem","position":2,"name":"Family Hotels","item":"https:\/\/www.italyfamilyhotels.it\/fr\/hotels"},{"@type":"ListItem","position":3,"name":"H\u00f4tel San Michele"}]},{"@type":"WebSite","@id":"https:\/\/www.italyfamilyhotels.it\/#website","url":"https:\/\/www.italyfamilyhotels.it\/","name":"Italy Family Hotels","description":"","potentialAction":[{"@type":"SearchAction","target":{"@type":"EntryPoint","urlTemplate":"https:\/\/www.italyfamilyhotels.it\/?s={search_term_string}"},"query-input":{"@type":"PropertyValueSpecification","valueRequired":true,"valueName":"search_term_string"}}],"inLanguage":"fr-FR"}]}},"_links":{"self":[{"href":"https:\/\/www.italyfamilyhotels.it\/fr\/wp-json\/wp\/v2\/pages\/43941","targetHints":{"allow":["GET"]}}],"collection":[{"href":"https:\/\/www.italyfamilyhotels.it\/fr\/wp-json\/wp\/v2\/pages"}],"about":[{"href":"https:\/\/www.italyfamilyhotels.it\/fr\/wp-json\/wp\/v2\/types\/page"}],"author":[{"embeddable":true,"href":"https:\/\/www.italyfamilyhotels.it\/fr\/wp-json\/wp\/v2\/users\/111"}],"replies":[{"embeddable":true,"href":"https:\/\/www.italyfamilyhotels.it\/fr\/wp-json\/wp\/v2\/comments?post=43941"}],"version-history":[{"count":5,"href":"https:\/\/www.italyfamilyhotels.it\/fr\/wp-json\/wp\/v2\/pages\/43941\/revisions"}],"predecessor-version":[{"id":45159,"href":"https:\/\/www.italyfamilyhotels.it\/fr\/wp-json\/wp\/v2\/pages\/43941\/revisions\/45159"}],"up":[{"embeddable":true,"href":"https:\/\/www.italyfamilyhotels.it\/fr\/wp-json\/wp\/v2\/pages\/29729"}],"wp:attachment":[{"href":"https:\/\/www.italyfamilyhotels.it\/fr\/wp-json\/wp\/v2\/media?parent=43941"}],"curies":[{"name":"wp","href":"https:\/\/api.w.org\/{rel}","templated":true}]}}