{"id":43938,"date":"2023-01-23T14:53:23","date_gmt":"2023-01-23T13:53:23","guid":{"rendered":"https:\/\/www.italyfamilyhotels.it\/hotels\/hotel-la-baia"},"modified":"2024-12-09T13:08:51","modified_gmt":"2024-12-09T12:08:51","slug":"hotel-la-baia","status":"publish","type":"page","link":"https:\/\/www.italyfamilyhotels.it\/fr\/hotels\/hotel-la-baia","title":{"rendered":"H\u00f4tel La Baia"},"content":{"rendered":"\n<p>Pour nous, les enfants de l&#8217;h\u00f4tel sont comme de la chantilly sur de la glace ! Ici \u00e0 l\u2019<b>H\u00f4tel La Baia de Diano Marina&nbsp;<\/b>nous ne pourrions jamais penser \u00e0 des vacances sans enfants : nous sommes une m\u00e8re et un p\u00e8re qui aiment accueillir les autres parents et leurs plus pr\u00e9cieux \u00ab tr\u00e9sors \u00bb. Et, avouons-le, nous nous sentons plus tantes et oncles que h\u00f4teliers.<\/p>\n\n\n\n<p>La Baie est le lieu d\u2019ancrage heureux de vos&nbsp;<b>vacances en famille en Ligurie<\/b>, directement sur une<b>&nbsp;plage priv\u00e9e et intime<\/b>&nbsp;o\u00f9, pendant que vous vous d\u00e9tendez, les enfants peuvent&nbsp;<b>s\u2019amuser en toute s\u00e9curit\u00e9 avec l&#8217;\u00e9quipe d&#8217;animation<\/b>, \u00e9galement dans l\u2019<b>aire de jeux cl\u00f4tur\u00e9e<\/b>&nbsp;qui leur est d\u00e9di\u00e9e !<\/p>\n\n\n\n<p>Et qu&#8217;en est-il du divertissement ? Pas seulement du divertissement, mais \u00e9galement une sc\u00e8ne o\u00f9 les enfants sont les protagonistes incontest\u00e9s de l\u2019<b>\u00cele de Jack Surf, l&#8217;aire de jeux super color\u00e9e&nbsp;<\/b>divis\u00e9e entre l&#8217;espace pour les plus petits et celui pour les enfants plus \u00e2g\u00e9s, qui ont des go\u00fbts et des besoins diff\u00e9rents. En effet, c&#8217;est aussi le domaine de&nbsp;<b>Jack Surf et Tippy, nos mascottes<\/b>. Ce sont elles qui organisent&nbsp;<b>12 heures par jour de jeux et de spectacles&nbsp;<\/b>avec les animateurs : des f\u00eates et soir\u00e9es \u00e0 th\u00e8me, des baby-ap\u00e9ritifs, des mini-olympiades, des go\u00fbters, des projections et des ateliers cr\u00e9atifs.<\/p>\n\n\n\n<p>L&#8217;espace ne manque certainement pas, car ici ils trouveront un&nbsp;<b>tout nouvel espace ext\u00e9rieur \u00e9quip\u00e9 de moquette anti-traumatisme,<\/b>&nbsp;\u00e9quip\u00e9 avec<b>&nbsp;\u00eele b\u00e9b\u00e9<\/b>&nbsp;r\u00e9serv\u00e9e aux plus petits, trampoline, ping-pong et baby-foot. Et ils trouveront une super&nbsp;<b>grande table recouverte d&#8217;une voile<\/b>, pour manger tous ensemble en plein air et s&#8217;essayer \u00e0 de mini ateliers cuisine.<\/p>\n\n\n\n<p>Le moment des\u00a0<b>repas \u00e0 La Baia est \u00e9galement pens\u00e9 sur mesure pour les familles<\/b>. Nous n&#8217;avons pas d&#8217;\u00e9toiles Michelin, mais un chef qui vous fera voir des \u00e9toiles ! Pas de \u00ab\u00a0cuisine d&#8217;h\u00f4tel\u00a0\u00bb, mais\u00a0des <b>plats traditionnels de la Ligurie<\/b>,\u00a0pr\u00e9par\u00e9s avec des\u00a0<b>produits de la plus haute qualit\u00e9<\/b>, \u00e9galement bio, que les enfants pourront d\u00e9guster au\u00a0<b>restaurant pour enfants Aloha<\/b>\u00a0ou sur la m\u00e9ga table ext\u00e9rieure. Et si vous souhaitez d\u00e9jeuner et d\u00eener tranquillement, nos<b>\u00a0douces nounous s&#8217;occupent des enfants de 1 \u00e0 2 ans<\/b>.<\/p>\n\n\n\n<p>Le moment du coucher, apr\u00e8s les spectacles du soir, a un parfum de c\u00e2lins et de tranquillit\u00e9, car&nbsp;<b>dans les chambres, vous trouverez tout ce dont une famille a besoin<\/b>.<\/p>\n\n\n\n<p>Nous ne vous l&#8217;avons pas encore dit&#8230; mais ici \u00e0 La Baia&nbsp;<b>le parking est \u00e0 disposition de tous<\/b>, toujours inclus, s\u00fbr et r\u00e9serv\u00e9.<\/p>\n\n\n\n<p>D\u00e9tendez-vous\u2026 Vous \u00eates \u00e0 La Baia !<\/p>\n","protected":false},"excerpt":{"rendered":"<p>Pour nous, les enfants de l&#8217;h\u00f4tel sont comme de la chantilly sur de la glace ! Ici \u00e0 l\u2019H\u00f4tel La Baia de Diano Marina&nbsp;nous ne pourrions jamais penser \u00e0 des vacances sans enfants : nous sommes une m\u00e8re et un p\u00e8re qui aiment accueillir les autres parents et leurs plus pr\u00e9cieux \u00ab tr\u00e9sors \u00bb. Et, &hellip;<\/p>\n","protected":false},"author":72,"featured_media":0,"parent":29729,"menu_order":0,"comment_status":"closed","ping_status":"closed","template":"page-templates\/scheda_hotel.php","meta":{"_acf_changed":false,"inline_featured_image":false,"footnotes":""},"class_list":["post-43938","page","type-page","status-publish","hentry"],"acf":[],"yoast_head":"<!-- This site is optimized with the Yoast SEO plugin v27.1 - https:\/\/yoast.com\/product\/yoast-seo-wordpress\/ -->\n<title>H\u00f4tel La Baia 3 \u00e9toiles, Diano Marina<\/title>\n<meta name=\"description\" content=\"Envie de vacances en famille ? D\u00e9couvrez les offres pour familles de l\u2019H\u00f4tel la Baia \u00e0 Diano Marino\" \/>\n<meta name=\"robots\" content=\"index, follow, max-snippet:-1, max-image-preview:large, max-video-preview:-1\" \/>\n<link rel=\"canonical\" href=\"https:\/\/www.italyfamilyhotels.it\/fr\/hotels\/hotel-la-baia\" \/>\n<meta property=\"og:locale\" content=\"fr_FR\" \/>\n<meta property=\"og:type\" content=\"article\" \/>\n<meta property=\"og:title\" content=\"H\u00f4tel La Baia 3 \u00e9toiles, Diano Marina\" \/>\n<meta property=\"og:description\" content=\"Envie de vacances en famille ? D\u00e9couvrez les offres pour familles de l\u2019H\u00f4tel la Baia \u00e0 Diano Marino\" \/>\n<meta property=\"og:url\" content=\"https:\/\/www.italyfamilyhotels.it\/fr\/hotels\/hotel-la-baia\" \/>\n<meta property=\"og:site_name\" content=\"Italy Family Hotels\" \/>\n<meta property=\"article:publisher\" content=\"https:\/\/www.facebook.com\/ItalyFamilyHotels\/\" \/>\n<meta property=\"article:modified_time\" content=\"2024-12-09T12:08:51+00:00\" \/>\n<meta name=\"twitter:card\" content=\"summary_large_image\" \/>\n<meta name=\"twitter:label1\" content=\"Dur\u00e9e de lecture estim\u00e9e\" \/>\n\t<meta name=\"twitter:data1\" content=\"2 minutes\" \/>\n<script type=\"application\/ld+json\" class=\"yoast-schema-graph\">{\"@context\":\"https:\/\/schema.org\",\"@graph\":[{\"@type\":\"WebPage\",\"@id\":\"https:\/\/www.italyfamilyhotels.it\/fr\/hotels\/hotel-la-baia\",\"url\":\"https:\/\/www.italyfamilyhotels.it\/fr\/hotels\/hotel-la-baia\",\"name\":\"H\u00f4tel La Baia 3 \u00e9toiles, Diano Marina\",\"isPartOf\":{\"@id\":\"https:\/\/www.italyfamilyhotels.it\/#website\"},\"datePublished\":\"2023-01-23T13:53:23+00:00\",\"dateModified\":\"2024-12-09T12:08:51+00:00\",\"description\":\"Envie de vacances en famille ? D\u00e9couvrez les offres pour familles de l\u2019H\u00f4tel la Baia \u00e0 Diano Marino\",\"breadcrumb\":{\"@id\":\"https:\/\/www.italyfamilyhotels.it\/fr\/hotels\/hotel-la-baia#breadcrumb\"},\"inLanguage\":\"fr-FR\",\"potentialAction\":[{\"@type\":\"ReadAction\",\"target\":[\"https:\/\/www.italyfamilyhotels.it\/fr\/hotels\/hotel-la-baia\"]}]},{\"@type\":\"BreadcrumbList\",\"@id\":\"https:\/\/www.italyfamilyhotels.it\/fr\/hotels\/hotel-la-baia#breadcrumb\",\"itemListElement\":[{\"@type\":\"ListItem\",\"position\":1,\"name\":\"Home\",\"item\":\"https:\/\/www.italyfamilyhotels.it\/fr\"},{\"@type\":\"ListItem\",\"position\":2,\"name\":\"Family Hotels\",\"item\":\"https:\/\/www.italyfamilyhotels.it\/fr\/hotels\"},{\"@type\":\"ListItem\",\"position\":3,\"name\":\"H\u00f4tel La Baia\"}]},{\"@type\":\"WebSite\",\"@id\":\"https:\/\/www.italyfamilyhotels.it\/#website\",\"url\":\"https:\/\/www.italyfamilyhotels.it\/\",\"name\":\"Italy Family Hotels\",\"description\":\"\",\"potentialAction\":[{\"@type\":\"SearchAction\",\"target\":{\"@type\":\"EntryPoint\",\"urlTemplate\":\"https:\/\/www.italyfamilyhotels.it\/?s={search_term_string}\"},\"query-input\":{\"@type\":\"PropertyValueSpecification\",\"valueRequired\":true,\"valueName\":\"search_term_string\"}}],\"inLanguage\":\"fr-FR\"}]}<\/script>\n<!-- \/ Yoast SEO plugin. -->","yoast_head_json":{"title":"H\u00f4tel La Baia 3 \u00e9toiles, Diano Marina","description":"Envie de vacances en famille ? D\u00e9couvrez les offres pour familles de l\u2019H\u00f4tel la Baia \u00e0 Diano Marino","robots":{"index":"index","follow":"follow","max-snippet":"max-snippet:-1","max-image-preview":"max-image-preview:large","max-video-preview":"max-video-preview:-1"},"canonical":"https:\/\/www.italyfamilyhotels.it\/fr\/hotels\/hotel-la-baia","og_locale":"fr_FR","og_type":"article","og_title":"H\u00f4tel La Baia 3 \u00e9toiles, Diano Marina","og_description":"Envie de vacances en famille ? D\u00e9couvrez les offres pour familles de l\u2019H\u00f4tel la Baia \u00e0 Diano Marino","og_url":"https:\/\/www.italyfamilyhotels.it\/fr\/hotels\/hotel-la-baia","og_site_name":"Italy Family Hotels","article_publisher":"https:\/\/www.facebook.com\/ItalyFamilyHotels\/","article_modified_time":"2024-12-09T12:08:51+00:00","twitter_card":"summary_large_image","twitter_misc":{"Dur\u00e9e de lecture estim\u00e9e":"2 minutes"},"schema":{"@context":"https:\/\/schema.org","@graph":[{"@type":"WebPage","@id":"https:\/\/www.italyfamilyhotels.it\/fr\/hotels\/hotel-la-baia","url":"https:\/\/www.italyfamilyhotels.it\/fr\/hotels\/hotel-la-baia","name":"H\u00f4tel La Baia 3 \u00e9toiles, Diano Marina","isPartOf":{"@id":"https:\/\/www.italyfamilyhotels.it\/#website"},"datePublished":"2023-01-23T13:53:23+00:00","dateModified":"2024-12-09T12:08:51+00:00","description":"Envie de vacances en famille ? D\u00e9couvrez les offres pour familles de l\u2019H\u00f4tel la Baia \u00e0 Diano Marino","breadcrumb":{"@id":"https:\/\/www.italyfamilyhotels.it\/fr\/hotels\/hotel-la-baia#breadcrumb"},"inLanguage":"fr-FR","potentialAction":[{"@type":"ReadAction","target":["https:\/\/www.italyfamilyhotels.it\/fr\/hotels\/hotel-la-baia"]}]},{"@type":"BreadcrumbList","@id":"https:\/\/www.italyfamilyhotels.it\/fr\/hotels\/hotel-la-baia#breadcrumb","itemListElement":[{"@type":"ListItem","position":1,"name":"Home","item":"https:\/\/www.italyfamilyhotels.it\/fr"},{"@type":"ListItem","position":2,"name":"Family Hotels","item":"https:\/\/www.italyfamilyhotels.it\/fr\/hotels"},{"@type":"ListItem","position":3,"name":"H\u00f4tel La Baia"}]},{"@type":"WebSite","@id":"https:\/\/www.italyfamilyhotels.it\/#website","url":"https:\/\/www.italyfamilyhotels.it\/","name":"Italy Family Hotels","description":"","potentialAction":[{"@type":"SearchAction","target":{"@type":"EntryPoint","urlTemplate":"https:\/\/www.italyfamilyhotels.it\/?s={search_term_string}"},"query-input":{"@type":"PropertyValueSpecification","valueRequired":true,"valueName":"search_term_string"}}],"inLanguage":"fr-FR"}]}},"_links":{"self":[{"href":"https:\/\/www.italyfamilyhotels.it\/fr\/wp-json\/wp\/v2\/pages\/43938","targetHints":{"allow":["GET"]}}],"collection":[{"href":"https:\/\/www.italyfamilyhotels.it\/fr\/wp-json\/wp\/v2\/pages"}],"about":[{"href":"https:\/\/www.italyfamilyhotels.it\/fr\/wp-json\/wp\/v2\/types\/page"}],"author":[{"embeddable":true,"href":"https:\/\/www.italyfamilyhotels.it\/fr\/wp-json\/wp\/v2\/users\/72"}],"replies":[{"embeddable":true,"href":"https:\/\/www.italyfamilyhotels.it\/fr\/wp-json\/wp\/v2\/comments?post=43938"}],"version-history":[{"count":6,"href":"https:\/\/www.italyfamilyhotels.it\/fr\/wp-json\/wp\/v2\/pages\/43938\/revisions"}],"predecessor-version":[{"id":62939,"href":"https:\/\/www.italyfamilyhotels.it\/fr\/wp-json\/wp\/v2\/pages\/43938\/revisions\/62939"}],"up":[{"embeddable":true,"href":"https:\/\/www.italyfamilyhotels.it\/fr\/wp-json\/wp\/v2\/pages\/29729"}],"wp:attachment":[{"href":"https:\/\/www.italyfamilyhotels.it\/fr\/wp-json\/wp\/v2\/media?parent=43938"}],"curies":[{"name":"wp","href":"https:\/\/api.w.org\/{rel}","templated":true}]}}