{"id":43936,"date":"2023-01-23T14:53:10","date_gmt":"2023-01-23T13:53:10","guid":{"rendered":"https:\/\/www.italyfamilyhotels.it\/hotels\/hotel-raffy"},"modified":"2025-01-28T16:14:48","modified_gmt":"2025-01-28T15:14:48","slug":"hotel-raffy","status":"publish","type":"page","link":"https:\/\/www.italyfamilyhotels.it\/fr\/hotels\/hotel-raffy","title":{"rendered":"H\u00f4tel Raffy"},"content":{"rendered":"\n<p>Notre h\u00f4tel se trouve sur la&nbsp;<b>Riviera dei Fiori<\/b>, cette partie de la c\u00f4te ligurienne qui \u00e9voque paysages color\u00e9s et parfums intenses. Ici, vos <b>enfants<\/b>&nbsp;peuvent passer les&nbsp;<b>vacances de leurs r\u00eaves<\/b>, entre jeux insouciants dans la<b>&nbsp;grande piscine<\/b>&nbsp;et les diff\u00e9rentes activit\u00e9s organis\u00e9es&nbsp;<b>7 jours sur 7 par l\u2019\u00e9quipe d\u2019animation<\/b>. Et que dire de la&nbsp;<b>plage<\/b>&nbsp;? Elle se trouve \u00e0 courte distance \u00e0 pied.<\/p>\n\n\n\n<p>Si au contraire vous aimez les longues balades, nous mettons\u00a0<b>poussettes et v\u00e9los avec si\u00e8ge enfant \u00e0 votre disposition<\/b>\u00a0: quoi de mieux pour explorer ce territoire color\u00e9, en riant et en chantant en toute libert\u00e9 ? Peut-\u00eatre pourriez-vous m\u00eame partager ces exp\u00e9riences avec votre ami \u00e0 quatre pattes, car <strong>les animaux de compagnie sont les bienvenus<\/strong> \u00e0 l&#8217;h\u00f4tel.<\/p>\n\n\n\n<p>Chaque jour, nous pr\u00e9parons avec amour&nbsp;des <b>plats traditionnels et internationaux<\/b>, avec&nbsp;des <b>menus d\u00e9licieux et authentiques qui sauront sans aucun doute plaire aux enfants<\/b>. M\u00eame le moment du&nbsp;<b>go\u00fbter<\/b>&nbsp;se transforme en une rencontre gustative avec tartes et biscuits maison, jus de fruits, yaourts et fruits frais. Si vous avez de tr\u00e8s jeunes enfants, nous mettons \u00e0 votre disposition un&nbsp;<b>espace \u00e9quip\u00e9 pour pr\u00e9parer les repas de b\u00e9b\u00e9<\/b>&nbsp;avec l&#8217;aide de nos chefs qui vous fournirons des soupes et bouillons de l\u00e9gumes.<\/p>\n\n\n\n<p>Les&nbsp;<b>chambres<\/b>&nbsp;sont un nid douillet pens\u00e9 pour qui voyage en famille : vous y trouverez des <b>espaces et services adapt\u00e9s aux enfants.<\/b>&nbsp;Sur demande et sans frais suppl\u00e9mentaires, nous mettons \u00e0 votre disposition des lits b\u00e9b\u00e9 et des lits simples, des barri\u00e8res de s\u00e9curit\u00e9, des baignoires b\u00e9b\u00e9, une table \u00e0 langer, un r\u00e9ducteur de si\u00e8ge de toilette, un pot, un chauffe-biberon et une veilleuse. Alors partez l\u00e9gers, en n\u2019emportant avec vous que les v\u00eatements et les jouets pr\u00e9f\u00e9r\u00e9s des petits !<\/p>\n","protected":false},"excerpt":{"rendered":"<p>Notre h\u00f4tel se trouve sur la&nbsp;Riviera dei Fiori, cette partie de la c\u00f4te ligurienne qui \u00e9voque paysages color\u00e9s et parfums intenses. Ici, vos enfants&nbsp;peuvent passer les&nbsp;vacances de leurs r\u00eaves, entre jeux insouciants dans la&nbsp;grande piscine&nbsp;et les diff\u00e9rentes activit\u00e9s organis\u00e9es&nbsp;7 jours sur 7 par l\u2019\u00e9quipe d\u2019animation. Et que dire de la&nbsp;plage&nbsp;? Elle se trouve \u00e0 courte &hellip;<\/p>\n","protected":false},"author":126,"featured_media":0,"parent":29729,"menu_order":0,"comment_status":"closed","ping_status":"closed","template":"page-templates\/scheda_hotel.php","meta":{"_acf_changed":false,"inline_featured_image":false,"footnotes":""},"class_list":["post-43936","page","type-page","status-publish","hentry"],"acf":[],"yoast_head":"<!-- This site is optimized with the Yoast SEO plugin v27.1 - https:\/\/yoast.com\/product\/yoast-seo-wordpress\/ -->\n<title>H\u00f4tel Raffy 3 \u00e9toiles, Diano Marina<\/title>\n<meta name=\"description\" content=\"Envie de vacances en famille ? D\u00e9couvrez les offres pour familles de l\u2019H\u00f4tel Raffy \u00e0 Diano Marino\" \/>\n<meta name=\"robots\" content=\"index, follow, max-snippet:-1, max-image-preview:large, max-video-preview:-1\" \/>\n<link rel=\"canonical\" href=\"https:\/\/www.italyfamilyhotels.it\/fr\/hotels\/hotel-raffy\" \/>\n<meta property=\"og:locale\" content=\"fr_FR\" \/>\n<meta property=\"og:type\" content=\"article\" \/>\n<meta property=\"og:title\" content=\"H\u00f4tel Raffy 3 \u00e9toiles, Diano Marina\" \/>\n<meta property=\"og:description\" content=\"Envie de vacances en famille ? D\u00e9couvrez les offres pour familles de l\u2019H\u00f4tel Raffy \u00e0 Diano Marino\" \/>\n<meta property=\"og:url\" content=\"https:\/\/www.italyfamilyhotels.it\/fr\/hotels\/hotel-raffy\" \/>\n<meta property=\"og:site_name\" content=\"Italy Family Hotels\" \/>\n<meta property=\"article:publisher\" content=\"https:\/\/www.facebook.com\/ItalyFamilyHotels\/\" \/>\n<meta property=\"article:modified_time\" content=\"2025-01-28T15:14:48+00:00\" \/>\n<meta name=\"twitter:card\" content=\"summary_large_image\" \/>\n<meta name=\"twitter:label1\" content=\"Dur\u00e9e de lecture estim\u00e9e\" \/>\n\t<meta name=\"twitter:data1\" content=\"2 minutes\" \/>\n<script type=\"application\/ld+json\" class=\"yoast-schema-graph\">{\"@context\":\"https:\/\/schema.org\",\"@graph\":[{\"@type\":\"WebPage\",\"@id\":\"https:\/\/www.italyfamilyhotels.it\/fr\/hotels\/hotel-raffy\",\"url\":\"https:\/\/www.italyfamilyhotels.it\/fr\/hotels\/hotel-raffy\",\"name\":\"H\u00f4tel Raffy 3 \u00e9toiles, Diano Marina\",\"isPartOf\":{\"@id\":\"https:\/\/www.italyfamilyhotels.it\/#website\"},\"datePublished\":\"2023-01-23T13:53:10+00:00\",\"dateModified\":\"2025-01-28T15:14:48+00:00\",\"description\":\"Envie de vacances en famille ? D\u00e9couvrez les offres pour familles de l\u2019H\u00f4tel Raffy \u00e0 Diano Marino\",\"breadcrumb\":{\"@id\":\"https:\/\/www.italyfamilyhotels.it\/fr\/hotels\/hotel-raffy#breadcrumb\"},\"inLanguage\":\"fr-FR\",\"potentialAction\":[{\"@type\":\"ReadAction\",\"target\":[\"https:\/\/www.italyfamilyhotels.it\/fr\/hotels\/hotel-raffy\"]}]},{\"@type\":\"BreadcrumbList\",\"@id\":\"https:\/\/www.italyfamilyhotels.it\/fr\/hotels\/hotel-raffy#breadcrumb\",\"itemListElement\":[{\"@type\":\"ListItem\",\"position\":1,\"name\":\"Home\",\"item\":\"https:\/\/www.italyfamilyhotels.it\/fr\"},{\"@type\":\"ListItem\",\"position\":2,\"name\":\"Family Hotels\",\"item\":\"https:\/\/www.italyfamilyhotels.it\/fr\/hotels\"},{\"@type\":\"ListItem\",\"position\":3,\"name\":\"H\u00f4tel Raffy\"}]},{\"@type\":\"WebSite\",\"@id\":\"https:\/\/www.italyfamilyhotels.it\/#website\",\"url\":\"https:\/\/www.italyfamilyhotels.it\/\",\"name\":\"Italy Family Hotels\",\"description\":\"\",\"potentialAction\":[{\"@type\":\"SearchAction\",\"target\":{\"@type\":\"EntryPoint\",\"urlTemplate\":\"https:\/\/www.italyfamilyhotels.it\/?s={search_term_string}\"},\"query-input\":{\"@type\":\"PropertyValueSpecification\",\"valueRequired\":true,\"valueName\":\"search_term_string\"}}],\"inLanguage\":\"fr-FR\"}]}<\/script>\n<!-- \/ Yoast SEO plugin. -->","yoast_head_json":{"title":"H\u00f4tel Raffy 3 \u00e9toiles, Diano Marina","description":"Envie de vacances en famille ? D\u00e9couvrez les offres pour familles de l\u2019H\u00f4tel Raffy \u00e0 Diano Marino","robots":{"index":"index","follow":"follow","max-snippet":"max-snippet:-1","max-image-preview":"max-image-preview:large","max-video-preview":"max-video-preview:-1"},"canonical":"https:\/\/www.italyfamilyhotels.it\/fr\/hotels\/hotel-raffy","og_locale":"fr_FR","og_type":"article","og_title":"H\u00f4tel Raffy 3 \u00e9toiles, Diano Marina","og_description":"Envie de vacances en famille ? D\u00e9couvrez les offres pour familles de l\u2019H\u00f4tel Raffy \u00e0 Diano Marino","og_url":"https:\/\/www.italyfamilyhotels.it\/fr\/hotels\/hotel-raffy","og_site_name":"Italy Family Hotels","article_publisher":"https:\/\/www.facebook.com\/ItalyFamilyHotels\/","article_modified_time":"2025-01-28T15:14:48+00:00","twitter_card":"summary_large_image","twitter_misc":{"Dur\u00e9e de lecture estim\u00e9e":"2 minutes"},"schema":{"@context":"https:\/\/schema.org","@graph":[{"@type":"WebPage","@id":"https:\/\/www.italyfamilyhotels.it\/fr\/hotels\/hotel-raffy","url":"https:\/\/www.italyfamilyhotels.it\/fr\/hotels\/hotel-raffy","name":"H\u00f4tel Raffy 3 \u00e9toiles, Diano Marina","isPartOf":{"@id":"https:\/\/www.italyfamilyhotels.it\/#website"},"datePublished":"2023-01-23T13:53:10+00:00","dateModified":"2025-01-28T15:14:48+00:00","description":"Envie de vacances en famille ? D\u00e9couvrez les offres pour familles de l\u2019H\u00f4tel Raffy \u00e0 Diano Marino","breadcrumb":{"@id":"https:\/\/www.italyfamilyhotels.it\/fr\/hotels\/hotel-raffy#breadcrumb"},"inLanguage":"fr-FR","potentialAction":[{"@type":"ReadAction","target":["https:\/\/www.italyfamilyhotels.it\/fr\/hotels\/hotel-raffy"]}]},{"@type":"BreadcrumbList","@id":"https:\/\/www.italyfamilyhotels.it\/fr\/hotels\/hotel-raffy#breadcrumb","itemListElement":[{"@type":"ListItem","position":1,"name":"Home","item":"https:\/\/www.italyfamilyhotels.it\/fr"},{"@type":"ListItem","position":2,"name":"Family Hotels","item":"https:\/\/www.italyfamilyhotels.it\/fr\/hotels"},{"@type":"ListItem","position":3,"name":"H\u00f4tel Raffy"}]},{"@type":"WebSite","@id":"https:\/\/www.italyfamilyhotels.it\/#website","url":"https:\/\/www.italyfamilyhotels.it\/","name":"Italy Family Hotels","description":"","potentialAction":[{"@type":"SearchAction","target":{"@type":"EntryPoint","urlTemplate":"https:\/\/www.italyfamilyhotels.it\/?s={search_term_string}"},"query-input":{"@type":"PropertyValueSpecification","valueRequired":true,"valueName":"search_term_string"}}],"inLanguage":"fr-FR"}]}},"_links":{"self":[{"href":"https:\/\/www.italyfamilyhotels.it\/fr\/wp-json\/wp\/v2\/pages\/43936","targetHints":{"allow":["GET"]}}],"collection":[{"href":"https:\/\/www.italyfamilyhotels.it\/fr\/wp-json\/wp\/v2\/pages"}],"about":[{"href":"https:\/\/www.italyfamilyhotels.it\/fr\/wp-json\/wp\/v2\/types\/page"}],"author":[{"embeddable":true,"href":"https:\/\/www.italyfamilyhotels.it\/fr\/wp-json\/wp\/v2\/users\/126"}],"replies":[{"embeddable":true,"href":"https:\/\/www.italyfamilyhotels.it\/fr\/wp-json\/wp\/v2\/comments?post=43936"}],"version-history":[{"count":5,"href":"https:\/\/www.italyfamilyhotels.it\/fr\/wp-json\/wp\/v2\/pages\/43936\/revisions"}],"predecessor-version":[{"id":64767,"href":"https:\/\/www.italyfamilyhotels.it\/fr\/wp-json\/wp\/v2\/pages\/43936\/revisions\/64767"}],"up":[{"embeddable":true,"href":"https:\/\/www.italyfamilyhotels.it\/fr\/wp-json\/wp\/v2\/pages\/29729"}],"wp:attachment":[{"href":"https:\/\/www.italyfamilyhotels.it\/fr\/wp-json\/wp\/v2\/media?parent=43936"}],"curies":[{"name":"wp","href":"https:\/\/api.w.org\/{rel}","templated":true}]}}