{"id":43934,"date":"2023-01-23T14:52:54","date_gmt":"2023-01-23T13:52:54","guid":{"rendered":"https:\/\/www.italyfamilyhotels.it\/hotels\/cala-rosa-club-hotel"},"modified":"2023-01-23T15:53:12","modified_gmt":"2023-01-23T14:53:12","slug":"cala-rosa-club-hotel","status":"publish","type":"page","link":"https:\/\/www.italyfamilyhotels.it\/fr\/hotels\/cala-rosa-club-hotel","title":{"rendered":"Cala Rosa Club Hotel"},"content":{"rendered":"\n<p>Nous sommes situ\u00e9s dans un\u00a0<b>lieu \u00e0 couper le souffle<\/b>, surplombant les vues enchanteresses du <b>golfe de l&#8217;Asinara<\/b>, \u00e0 quelques pas de la\u00a0<b>plage la Pelosa<\/b>, avec son sable fin et ses eaux cristallines. Ici, au <b>Cala Rosa Club Hotel<\/b>, vous ferez l\u2019exp\u00e9rience d\u2019un petit village de p\u00eacheurs, sans n\u00e9gliger le souci du d\u00e9tail, le design et l&#8217;accueil chaleureux !<\/p>\n\n\n\n<p>Les\u00a0<b>enfants<\/b>\u00a0disposeront de beaucoup d&#8217;espace pour jouer et de nombreuses activit\u00e9s \u00e0 pratiquer au\u00a0<b>Mini\u00a0Club<\/b>, en collaboration avec l&#8217;\u00e9quipe d&#8217;animation et la\u00a0<b>mascotte Candy Bu<\/b>, tandis que vous pourrez vous d\u00e9tendre \u00e0 la\u00a0<b>piscine<\/b>, o\u00f9 m\u00eame le plus\u00a0<b>petits<\/b>\u00a0pourront barboter en toute s\u00e9curit\u00e9, gr\u00e2ce au\u00a0<b>bassin qui leur est sp\u00e9cialement r\u00e9serv\u00e9<\/b>. Nous disposons \u00e9galement\u00a0de <b>2 terrains de tennis et 1 terrain de football \u00e0 5<\/b>, pour des d\u00e9fis sportifs m\u00e9morables en famille !<\/p>\n\n\n\n<p>La\u00a0<b>plage priv\u00e9e avec piscine<\/b>\u00a0est un espace exclusif qui accueillera vos moments de d\u00e9tente, pendant que les enfants danseront au rythme de la\u00a0<b>baby-dance<\/b>\u00a0et nageront dans les\u00a0<b>eaux peu profondes<\/b>\u00a0et cristallines : un v\u00e9ritable paradis familial !<\/p>\n\n\n\n<p>Chaque jour, nous vous g\u00e2tons avec une\u00a0<b>cuisine raffin\u00e9e<\/b>\u00a0et de nombreux\u00a0<b>plats savoureux pour les enfants<\/b>. Ici, vous vous reposez entre le parfum de la mer \u00e9meraude et le vert de la nature : choisissez parmi plus\u00a0de <b>100 chambres confortables<\/b>, immerg\u00e9es dans le grand jardin priv\u00e9.<\/p>\n","protected":false},"excerpt":{"rendered":"<p>Nous sommes situ\u00e9s dans un\u00a0lieu \u00e0 couper le souffle, surplombant les vues enchanteresses du golfe de l&#8217;Asinara, \u00e0 quelques pas de la\u00a0plage la Pelosa, avec son sable fin et ses eaux cristallines. Ici, au Cala Rosa Club Hotel, vous ferez l\u2019exp\u00e9rience d\u2019un petit village de p\u00eacheurs, sans n\u00e9gliger le souci du d\u00e9tail, le design et &hellip;<\/p>\n","protected":false},"author":14,"featured_media":0,"parent":29729,"menu_order":0,"comment_status":"closed","ping_status":"closed","template":"page-templates\/scheda_hotel.php","meta":{"_acf_changed":false,"inline_featured_image":false,"footnotes":""},"class_list":["post-43934","page","type-page","status-publish","hentry"],"acf":[],"yoast_head":"<!-- This site is optimized with the Yoast SEO plugin v27.1 - https:\/\/yoast.com\/product\/yoast-seo-wordpress\/ -->\n<title>Cala Rosa Club Hotel 4 \u00e9toiles, Stintino<\/title>\n<meta name=\"description\" content=\"Envie de vacances en famille ? D\u00e9couvrez les offres pour familles du Cala Rosa Club Hotel \u00e0 Stintino\" \/>\n<meta name=\"robots\" content=\"index, follow, max-snippet:-1, max-image-preview:large, max-video-preview:-1\" \/>\n<link rel=\"canonical\" href=\"https:\/\/www.italyfamilyhotels.it\/fr\/hotels\/cala-rosa-club-hotel\" \/>\n<meta property=\"og:locale\" content=\"fr_FR\" \/>\n<meta property=\"og:type\" content=\"article\" \/>\n<meta property=\"og:title\" content=\"Cala Rosa Club Hotel 4 \u00e9toiles, Stintino\" \/>\n<meta property=\"og:description\" content=\"Envie de vacances en famille ? D\u00e9couvrez les offres pour familles du Cala Rosa Club Hotel \u00e0 Stintino\" \/>\n<meta property=\"og:url\" content=\"https:\/\/www.italyfamilyhotels.it\/fr\/hotels\/cala-rosa-club-hotel\" \/>\n<meta property=\"og:site_name\" content=\"Italy Family Hotels\" \/>\n<meta property=\"article:publisher\" content=\"https:\/\/www.facebook.com\/ItalyFamilyHotels\/\" \/>\n<meta property=\"article:modified_time\" content=\"2023-01-23T14:53:12+00:00\" \/>\n<meta name=\"twitter:card\" content=\"summary_large_image\" \/>\n<meta name=\"twitter:label1\" content=\"Dur\u00e9e de lecture estim\u00e9e\" \/>\n\t<meta name=\"twitter:data1\" content=\"1 minute\" \/>\n<script type=\"application\/ld+json\" class=\"yoast-schema-graph\">{\"@context\":\"https:\/\/schema.org\",\"@graph\":[{\"@type\":\"WebPage\",\"@id\":\"https:\/\/www.italyfamilyhotels.it\/fr\/hotels\/cala-rosa-club-hotel\",\"url\":\"https:\/\/www.italyfamilyhotels.it\/fr\/hotels\/cala-rosa-club-hotel\",\"name\":\"Cala Rosa Club Hotel 4 \u00e9toiles, Stintino\",\"isPartOf\":{\"@id\":\"https:\/\/www.italyfamilyhotels.it\/#website\"},\"datePublished\":\"2023-01-23T13:52:54+00:00\",\"dateModified\":\"2023-01-23T14:53:12+00:00\",\"description\":\"Envie de vacances en famille ? D\u00e9couvrez les offres pour familles du Cala Rosa Club Hotel \u00e0 Stintino\",\"breadcrumb\":{\"@id\":\"https:\/\/www.italyfamilyhotels.it\/fr\/hotels\/cala-rosa-club-hotel#breadcrumb\"},\"inLanguage\":\"fr-FR\",\"potentialAction\":[{\"@type\":\"ReadAction\",\"target\":[\"https:\/\/www.italyfamilyhotels.it\/fr\/hotels\/cala-rosa-club-hotel\"]}]},{\"@type\":\"BreadcrumbList\",\"@id\":\"https:\/\/www.italyfamilyhotels.it\/fr\/hotels\/cala-rosa-club-hotel#breadcrumb\",\"itemListElement\":[{\"@type\":\"ListItem\",\"position\":1,\"name\":\"Home\",\"item\":\"https:\/\/www.italyfamilyhotels.it\/fr\"},{\"@type\":\"ListItem\",\"position\":2,\"name\":\"Family Hotels\",\"item\":\"https:\/\/www.italyfamilyhotels.it\/fr\/hotels\"},{\"@type\":\"ListItem\",\"position\":3,\"name\":\"Cala Rosa Club Hotel\"}]},{\"@type\":\"WebSite\",\"@id\":\"https:\/\/www.italyfamilyhotels.it\/#website\",\"url\":\"https:\/\/www.italyfamilyhotels.it\/\",\"name\":\"Italy Family Hotels\",\"description\":\"\",\"potentialAction\":[{\"@type\":\"SearchAction\",\"target\":{\"@type\":\"EntryPoint\",\"urlTemplate\":\"https:\/\/www.italyfamilyhotels.it\/?s={search_term_string}\"},\"query-input\":{\"@type\":\"PropertyValueSpecification\",\"valueRequired\":true,\"valueName\":\"search_term_string\"}}],\"inLanguage\":\"fr-FR\"}]}<\/script>\n<!-- \/ Yoast SEO plugin. -->","yoast_head_json":{"title":"Cala Rosa Club Hotel 4 \u00e9toiles, Stintino","description":"Envie de vacances en famille ? D\u00e9couvrez les offres pour familles du Cala Rosa Club Hotel \u00e0 Stintino","robots":{"index":"index","follow":"follow","max-snippet":"max-snippet:-1","max-image-preview":"max-image-preview:large","max-video-preview":"max-video-preview:-1"},"canonical":"https:\/\/www.italyfamilyhotels.it\/fr\/hotels\/cala-rosa-club-hotel","og_locale":"fr_FR","og_type":"article","og_title":"Cala Rosa Club Hotel 4 \u00e9toiles, Stintino","og_description":"Envie de vacances en famille ? D\u00e9couvrez les offres pour familles du Cala Rosa Club Hotel \u00e0 Stintino","og_url":"https:\/\/www.italyfamilyhotels.it\/fr\/hotels\/cala-rosa-club-hotel","og_site_name":"Italy Family Hotels","article_publisher":"https:\/\/www.facebook.com\/ItalyFamilyHotels\/","article_modified_time":"2023-01-23T14:53:12+00:00","twitter_card":"summary_large_image","twitter_misc":{"Dur\u00e9e de lecture estim\u00e9e":"1 minute"},"schema":{"@context":"https:\/\/schema.org","@graph":[{"@type":"WebPage","@id":"https:\/\/www.italyfamilyhotels.it\/fr\/hotels\/cala-rosa-club-hotel","url":"https:\/\/www.italyfamilyhotels.it\/fr\/hotels\/cala-rosa-club-hotel","name":"Cala Rosa Club Hotel 4 \u00e9toiles, Stintino","isPartOf":{"@id":"https:\/\/www.italyfamilyhotels.it\/#website"},"datePublished":"2023-01-23T13:52:54+00:00","dateModified":"2023-01-23T14:53:12+00:00","description":"Envie de vacances en famille ? D\u00e9couvrez les offres pour familles du Cala Rosa Club Hotel \u00e0 Stintino","breadcrumb":{"@id":"https:\/\/www.italyfamilyhotels.it\/fr\/hotels\/cala-rosa-club-hotel#breadcrumb"},"inLanguage":"fr-FR","potentialAction":[{"@type":"ReadAction","target":["https:\/\/www.italyfamilyhotels.it\/fr\/hotels\/cala-rosa-club-hotel"]}]},{"@type":"BreadcrumbList","@id":"https:\/\/www.italyfamilyhotels.it\/fr\/hotels\/cala-rosa-club-hotel#breadcrumb","itemListElement":[{"@type":"ListItem","position":1,"name":"Home","item":"https:\/\/www.italyfamilyhotels.it\/fr"},{"@type":"ListItem","position":2,"name":"Family Hotels","item":"https:\/\/www.italyfamilyhotels.it\/fr\/hotels"},{"@type":"ListItem","position":3,"name":"Cala Rosa Club Hotel"}]},{"@type":"WebSite","@id":"https:\/\/www.italyfamilyhotels.it\/#website","url":"https:\/\/www.italyfamilyhotels.it\/","name":"Italy Family Hotels","description":"","potentialAction":[{"@type":"SearchAction","target":{"@type":"EntryPoint","urlTemplate":"https:\/\/www.italyfamilyhotels.it\/?s={search_term_string}"},"query-input":{"@type":"PropertyValueSpecification","valueRequired":true,"valueName":"search_term_string"}}],"inLanguage":"fr-FR"}]}},"_links":{"self":[{"href":"https:\/\/www.italyfamilyhotels.it\/fr\/wp-json\/wp\/v2\/pages\/43934","targetHints":{"allow":["GET"]}}],"collection":[{"href":"https:\/\/www.italyfamilyhotels.it\/fr\/wp-json\/wp\/v2\/pages"}],"about":[{"href":"https:\/\/www.italyfamilyhotels.it\/fr\/wp-json\/wp\/v2\/types\/page"}],"author":[{"embeddable":true,"href":"https:\/\/www.italyfamilyhotels.it\/fr\/wp-json\/wp\/v2\/users\/14"}],"replies":[{"embeddable":true,"href":"https:\/\/www.italyfamilyhotels.it\/fr\/wp-json\/wp\/v2\/comments?post=43934"}],"version-history":[{"count":2,"href":"https:\/\/www.italyfamilyhotels.it\/fr\/wp-json\/wp\/v2\/pages\/43934\/revisions"}],"predecessor-version":[{"id":44032,"href":"https:\/\/www.italyfamilyhotels.it\/fr\/wp-json\/wp\/v2\/pages\/43934\/revisions\/44032"}],"up":[{"embeddable":true,"href":"https:\/\/www.italyfamilyhotels.it\/fr\/wp-json\/wp\/v2\/pages\/29729"}],"wp:attachment":[{"href":"https:\/\/www.italyfamilyhotels.it\/fr\/wp-json\/wp\/v2\/media?parent=43934"}],"curies":[{"name":"wp","href":"https:\/\/api.w.org\/{rel}","templated":true}]}}