{"id":43932,"date":"2023-01-23T14:52:30","date_gmt":"2023-01-23T13:52:30","guid":{"rendered":"https:\/\/www.italyfamilyhotels.it\/hotels\/hotel-gardenia"},"modified":"2025-03-12T16:20:28","modified_gmt":"2025-03-12T15:20:28","slug":"hotel-gardenia","status":"publish","type":"page","link":"https:\/\/www.italyfamilyhotels.it\/fr\/hotels\/hotel-gardenia","title":{"rendered":"H\u00f4tel Gardenia"},"content":{"rendered":"\n<p>Vous souhaitez passer des vacances \u00e0 Jesolo avec toute votre famille ? Alors nous vous souhaitons la bienvenue <b>\u00e0 l&#8217;H\u00f4tel Gardenia<\/b>, o\u00f9 tout \u00e0 saveur de mer, de divertissement et d\u2019insouciance.<\/p>\n\n\n\n<p>Nous nous trouvons dans un <b>lieu id\u00e9al<\/b> pour qui voyage avec des enfants, car notre <b>plage priv\u00e9e<\/b> se trouve \u00e0 seulement <b>40 m\u00e8tres<\/b>\u00a0! Sable doux, mer en pente douce, aire de jeux o\u00f9 les plus petits peuvent s&#8217;amuser en toute s\u00e9curit\u00e9, <b>parasol et transats r\u00e9serv\u00e9s<\/b>, vous attendent \u00e0 tout moment.<\/p>\n\n\n\n<p>Ici \u00e0 l&#8217;h\u00f4tel, vos enfants pourront profiter d\u2019un <b>espace de 100 m\u00b2 tr\u00e8s color\u00e9, appel\u00e9 l\u2019\u00cele imaginaire, avec des jeux interactifs, des toboggans, des structures gonflables<\/b>, o\u00f9 notre <b>mascotte Denia<\/b> et l\u2019\u00e9quipe d\u2019animation organisent des activit\u00e9s ludiques, des ateliers et des spectacles.<\/p>\n\n\n\n<p>Et s\u2019il vous prend l&#8217;envie d&#8217;explorer, montez sur les <b>v\u00e9los<\/b> que nous mettons \u00e0 votre disposition, <b>\u00e9galement pour les enfants et avec si\u00e8ges pour enfants<\/b>, et amusez-vous \u00e0 p\u00e9daler sur les plus belles pistes cyclables de la V\u00e9n\u00e9tie, ou rejoignez le centre voisin de Jesolo.<\/p>\n\n\n\n<p>\u00c0 votre retour, nous vous g\u00e2terons avec <b>une exp\u00e9rience culinaire \u00e0 0 km<\/b>, o\u00f9 fra\u00eecheur, recherche et attention \u00e0 la pr\u00e9paration sauront conqu\u00e9rir les palais de toute la famille. Vous pouvez \u00e9galement profiter de l&#8217;occasion pour vous octroyer un d\u00e9jeuner ou d&#8217;un d\u00eener romantique, pendant que <b>les enfants mangent \u00e0 table avec la nounou<\/b> et leurs nouveaux amis. Nous leur pr\u00e9parons des menus authentiques et savoureux.<\/p>\n\n\n\n<p>Apr\u00e8s les <b>spectacles du soir<\/b>, nos <b>chambres spacieuses et chaleureuses<\/b> accueillent votre famille pour de douces nuits sous l\u2019enseigne de la mer. Des espaces vastes et confortables, \u00e9galement communicants et avec double salle de bain, o\u00f9 il est merveilleux de retourner apr\u00e8s une journ\u00e9e de jeu, de plage et de divertissement, tous avec des <b>prestations pour enfants <\/b>qui vous permettront de voyager l\u00e9ger et d&#8217;avoir tout ce dont vous avez besoin, comme \u00e0 la maison.<\/p>\n","protected":false},"excerpt":{"rendered":"<p>Vous souhaitez passer des vacances \u00e0 Jesolo avec toute votre famille ? Alors nous vous souhaitons la bienvenue \u00e0 l&#8217;H\u00f4tel Gardenia, o\u00f9 tout \u00e0 saveur de mer, de divertissement et d\u2019insouciance. Nous nous trouvons dans un lieu id\u00e9al pour qui voyage avec des enfants, car notre plage priv\u00e9e se trouve \u00e0 seulement 40 m\u00e8tres\u00a0! Sable &hellip;<\/p>\n","protected":false},"author":157,"featured_media":0,"parent":29729,"menu_order":0,"comment_status":"closed","ping_status":"closed","template":"page-templates\/scheda_hotel.php","meta":{"_acf_changed":false,"inline_featured_image":false,"footnotes":""},"class_list":["post-43932","page","type-page","status-publish","hentry"],"acf":[],"yoast_head":"<!-- This site is optimized with the Yoast SEO plugin v27.1 - https:\/\/yoast.com\/product\/yoast-seo-wordpress\/ -->\n<title>H\u00f4tel Gardenia 3 \u00e9toiles Superior, Jesolo<\/title>\n<meta name=\"description\" content=\"Envie de vacances en famille ? D\u00e9couvrez les offres pour familles de l\u2019H\u00f4tel Gardenia \u00e0 Jesolo\" \/>\n<meta name=\"robots\" content=\"index, follow, max-snippet:-1, max-image-preview:large, max-video-preview:-1\" \/>\n<link rel=\"canonical\" href=\"https:\/\/www.italyfamilyhotels.it\/fr\/hotels\/hotel-gardenia\" \/>\n<meta property=\"og:locale\" content=\"fr_FR\" \/>\n<meta property=\"og:type\" content=\"article\" \/>\n<meta property=\"og:title\" content=\"H\u00f4tel Gardenia 3 \u00e9toiles Superior, Jesolo\" \/>\n<meta property=\"og:description\" content=\"Envie de vacances en famille ? D\u00e9couvrez les offres pour familles de l\u2019H\u00f4tel Gardenia \u00e0 Jesolo\" \/>\n<meta property=\"og:url\" content=\"https:\/\/www.italyfamilyhotels.it\/fr\/hotels\/hotel-gardenia\" \/>\n<meta property=\"og:site_name\" content=\"Italy Family Hotels\" \/>\n<meta property=\"article:publisher\" content=\"https:\/\/www.facebook.com\/ItalyFamilyHotels\/\" \/>\n<meta property=\"article:modified_time\" content=\"2025-03-12T15:20:28+00:00\" \/>\n<meta name=\"twitter:card\" content=\"summary_large_image\" \/>\n<meta name=\"twitter:label1\" content=\"Dur\u00e9e de lecture estim\u00e9e\" \/>\n\t<meta name=\"twitter:data1\" content=\"2 minutes\" \/>\n<script type=\"application\/ld+json\" class=\"yoast-schema-graph\">{\"@context\":\"https:\/\/schema.org\",\"@graph\":[{\"@type\":\"WebPage\",\"@id\":\"https:\/\/www.italyfamilyhotels.it\/fr\/hotels\/hotel-gardenia\",\"url\":\"https:\/\/www.italyfamilyhotels.it\/fr\/hotels\/hotel-gardenia\",\"name\":\"H\u00f4tel Gardenia 3 \u00e9toiles Superior, Jesolo\",\"isPartOf\":{\"@id\":\"https:\/\/www.italyfamilyhotels.it\/#website\"},\"datePublished\":\"2023-01-23T13:52:30+00:00\",\"dateModified\":\"2025-03-12T15:20:28+00:00\",\"description\":\"Envie de vacances en famille ? D\u00e9couvrez les offres pour familles de l\u2019H\u00f4tel Gardenia \u00e0 Jesolo\",\"breadcrumb\":{\"@id\":\"https:\/\/www.italyfamilyhotels.it\/fr\/hotels\/hotel-gardenia#breadcrumb\"},\"inLanguage\":\"fr-FR\",\"potentialAction\":[{\"@type\":\"ReadAction\",\"target\":[\"https:\/\/www.italyfamilyhotels.it\/fr\/hotels\/hotel-gardenia\"]}]},{\"@type\":\"BreadcrumbList\",\"@id\":\"https:\/\/www.italyfamilyhotels.it\/fr\/hotels\/hotel-gardenia#breadcrumb\",\"itemListElement\":[{\"@type\":\"ListItem\",\"position\":1,\"name\":\"Home\",\"item\":\"https:\/\/www.italyfamilyhotels.it\/fr\"},{\"@type\":\"ListItem\",\"position\":2,\"name\":\"Family Hotels\",\"item\":\"https:\/\/www.italyfamilyhotels.it\/fr\/hotels\"},{\"@type\":\"ListItem\",\"position\":3,\"name\":\"H\u00f4tel Gardenia\"}]},{\"@type\":\"WebSite\",\"@id\":\"https:\/\/www.italyfamilyhotels.it\/#website\",\"url\":\"https:\/\/www.italyfamilyhotels.it\/\",\"name\":\"Italy Family Hotels\",\"description\":\"\",\"potentialAction\":[{\"@type\":\"SearchAction\",\"target\":{\"@type\":\"EntryPoint\",\"urlTemplate\":\"https:\/\/www.italyfamilyhotels.it\/?s={search_term_string}\"},\"query-input\":{\"@type\":\"PropertyValueSpecification\",\"valueRequired\":true,\"valueName\":\"search_term_string\"}}],\"inLanguage\":\"fr-FR\"}]}<\/script>\n<!-- \/ Yoast SEO plugin. -->","yoast_head_json":{"title":"H\u00f4tel Gardenia 3 \u00e9toiles Superior, Jesolo","description":"Envie de vacances en famille ? D\u00e9couvrez les offres pour familles de l\u2019H\u00f4tel Gardenia \u00e0 Jesolo","robots":{"index":"index","follow":"follow","max-snippet":"max-snippet:-1","max-image-preview":"max-image-preview:large","max-video-preview":"max-video-preview:-1"},"canonical":"https:\/\/www.italyfamilyhotels.it\/fr\/hotels\/hotel-gardenia","og_locale":"fr_FR","og_type":"article","og_title":"H\u00f4tel Gardenia 3 \u00e9toiles Superior, Jesolo","og_description":"Envie de vacances en famille ? D\u00e9couvrez les offres pour familles de l\u2019H\u00f4tel Gardenia \u00e0 Jesolo","og_url":"https:\/\/www.italyfamilyhotels.it\/fr\/hotels\/hotel-gardenia","og_site_name":"Italy Family Hotels","article_publisher":"https:\/\/www.facebook.com\/ItalyFamilyHotels\/","article_modified_time":"2025-03-12T15:20:28+00:00","twitter_card":"summary_large_image","twitter_misc":{"Dur\u00e9e de lecture estim\u00e9e":"2 minutes"},"schema":{"@context":"https:\/\/schema.org","@graph":[{"@type":"WebPage","@id":"https:\/\/www.italyfamilyhotels.it\/fr\/hotels\/hotel-gardenia","url":"https:\/\/www.italyfamilyhotels.it\/fr\/hotels\/hotel-gardenia","name":"H\u00f4tel Gardenia 3 \u00e9toiles Superior, Jesolo","isPartOf":{"@id":"https:\/\/www.italyfamilyhotels.it\/#website"},"datePublished":"2023-01-23T13:52:30+00:00","dateModified":"2025-03-12T15:20:28+00:00","description":"Envie de vacances en famille ? D\u00e9couvrez les offres pour familles de l\u2019H\u00f4tel Gardenia \u00e0 Jesolo","breadcrumb":{"@id":"https:\/\/www.italyfamilyhotels.it\/fr\/hotels\/hotel-gardenia#breadcrumb"},"inLanguage":"fr-FR","potentialAction":[{"@type":"ReadAction","target":["https:\/\/www.italyfamilyhotels.it\/fr\/hotels\/hotel-gardenia"]}]},{"@type":"BreadcrumbList","@id":"https:\/\/www.italyfamilyhotels.it\/fr\/hotels\/hotel-gardenia#breadcrumb","itemListElement":[{"@type":"ListItem","position":1,"name":"Home","item":"https:\/\/www.italyfamilyhotels.it\/fr"},{"@type":"ListItem","position":2,"name":"Family Hotels","item":"https:\/\/www.italyfamilyhotels.it\/fr\/hotels"},{"@type":"ListItem","position":3,"name":"H\u00f4tel Gardenia"}]},{"@type":"WebSite","@id":"https:\/\/www.italyfamilyhotels.it\/#website","url":"https:\/\/www.italyfamilyhotels.it\/","name":"Italy Family Hotels","description":"","potentialAction":[{"@type":"SearchAction","target":{"@type":"EntryPoint","urlTemplate":"https:\/\/www.italyfamilyhotels.it\/?s={search_term_string}"},"query-input":{"@type":"PropertyValueSpecification","valueRequired":true,"valueName":"search_term_string"}}],"inLanguage":"fr-FR"}]}},"_links":{"self":[{"href":"https:\/\/www.italyfamilyhotels.it\/fr\/wp-json\/wp\/v2\/pages\/43932","targetHints":{"allow":["GET"]}}],"collection":[{"href":"https:\/\/www.italyfamilyhotels.it\/fr\/wp-json\/wp\/v2\/pages"}],"about":[{"href":"https:\/\/www.italyfamilyhotels.it\/fr\/wp-json\/wp\/v2\/types\/page"}],"author":[{"embeddable":true,"href":"https:\/\/www.italyfamilyhotels.it\/fr\/wp-json\/wp\/v2\/users\/157"}],"replies":[{"embeddable":true,"href":"https:\/\/www.italyfamilyhotels.it\/fr\/wp-json\/wp\/v2\/comments?post=43932"}],"version-history":[{"count":6,"href":"https:\/\/www.italyfamilyhotels.it\/fr\/wp-json\/wp\/v2\/pages\/43932\/revisions"}],"predecessor-version":[{"id":66965,"href":"https:\/\/www.italyfamilyhotels.it\/fr\/wp-json\/wp\/v2\/pages\/43932\/revisions\/66965"}],"up":[{"embeddable":true,"href":"https:\/\/www.italyfamilyhotels.it\/fr\/wp-json\/wp\/v2\/pages\/29729"}],"wp:attachment":[{"href":"https:\/\/www.italyfamilyhotels.it\/fr\/wp-json\/wp\/v2\/media?parent=43932"}],"curies":[{"name":"wp","href":"https:\/\/api.w.org\/{rel}","templated":true}]}}