{"id":43930,"date":"2023-01-23T14:52:02","date_gmt":"2023-01-23T13:52:02","guid":{"rendered":"https:\/\/www.italyfamilyhotels.it\/hotels\/villaggio-albergo-nevada"},"modified":"2026-01-08T16:00:02","modified_gmt":"2026-01-08T15:00:02","slug":"villaggio-albergo-nevada","status":"publish","type":"page","link":"https:\/\/www.italyfamilyhotels.it\/fr\/hotels\/villaggio-albergo-nevada","title":{"rendered":"H\u00f4tel-Village Nevada"},"content":{"rendered":"\n<p>Nous vous attendons <b>\u00e0 l&#8217;H\u00f4tel Villaggio Nevada<\/b> nich\u00e9 dans les splendides montagnes du Trentin de <b>Folgaria, \u00e0 deux pas des pistes de ski, du golf et de l&#8217;\u00e9cole d&#8217;\u00e9quitation<\/b>. Vous pouvez choisir parmi nos <b>trois grands chalets<\/b> avec <b>vue panoramique<\/b>&nbsp;et \u00e9quip\u00e9s du <b>kit b\u00e9b\u00e9<\/b>, le tout reli\u00e9 par un tunnel souterrain qui vous permettra de vous d\u00e9placer tr\u00e8s facilement au sein de notre vaste <b>\u00ab&nbsp;village&nbsp;\u00bb,<\/b> entre le hall avec le bar, la salle vid\u00e9o et son grand \u00e9cran, la salle Stube, la grande salle pour les enfants et la <b>salle de sport Tecnogym<\/b>. <\/p>\n\n\n\n<p>Mais surtout, vous pouvez arriver directement en peignoir dans notre fantastique <b>espace piscine de 140 m\u00b2, <\/b>pour une belle baignade, ou encore jouer dans l&#8217;eau avec vos enfants dans la <b>zone de seulement 40 cm de profondeur<\/b>, ou vous d\u00e9tendre dans le <b>sauna, le bain turc et des massages au centre de bien-\u00eatre Family Spa<\/b>. Chaque jour, dans notre tout particulier atelier de la fantaisie <b>\u00ab&nbsp;Bottega della Fantasia&nbsp;\u00bb<\/b>, notre \u00e9quipe d&#8217;animation s&#8217;occupera de vos enfants avec des <b>jeux collectifs, des ateliers manuels, de la baby-dance et m\u00eame un go\u00fbter&nbsp;!<\/b> <\/p>\n\n\n\n<p>De notre <b>\u00ab&nbsp;cuisine ouverte&nbsp;\u00bb<\/b>, nos chefs sauront vous surprendre avec des <b>show-cooking<\/b>, un d\u00e9lice pour les yeux comme pour le palais, comprenant des plats typiques du Trentin, un buffet de l\u00e9gumes et des <b>p\u00e2tisseries maison<\/b>, gr\u00e2ce au grand soin et \u00e0 l&#8217;attention que nous consacrons toujours aux <b>mati\u00e8res premi\u00e8res biologiques et \u00e0 0 km, aux produits sans gluten certifi\u00e9s par CeliachiaItalia<\/b> et \u00e0 de la <b>vaisselle et de la bouillie pour enfants<\/b>.<\/p>\n\n\n\n<p>Si vous aimez les&nbsp;<strong>vacances en famille en toute libert\u00e9<\/strong>, mais que vous ne souhaitez pas renoncer aux&nbsp;<strong>services des h\u00f4tels<\/strong>, vous pouvez choisir la&nbsp;<strong>nouvelle formule Appart\u2019h\u00f4tel<\/strong>. Nos appartements sont modernes et \u00e9quip\u00e9s de tout ce dont vous avez besoin pour pr\u00e9parer vos propres repas mais, si vous pr\u00e9f\u00e9rez, vous pouvez&nbsp;<strong>commander le petit-d\u00e9jeuner et le d\u00eener \u00e0 emporter au restaurant<\/strong>&nbsp;!<\/p>\n\n\n<figure class=\"wp-block-table ifh_awards\"><table><tbody><tr>\r\n<td><img decoding=\"async\" src=\"https:\/\/www.italyfamilyhotels.it\/wp-content\/themes\/ifh2\/img\/ifh_awards.svg\" alt=\"Italy Family Awards\"><\/td>\r\n<td>Cet h\u00f4tel s&#8217;est class\u00e9 premier dans la cat\u00e9gorie: <br><strong>Top Teen Family Hotel<span class=\"info\" onclick=\"toggleAwardPopup(event)\"><span class=\"popup\" onclick=\"toggleAwardPopupClose(event)\">\r\n    <span class=\"popup_header\"><\/span>\r\n    <span class=\"popup_content\">La r\u00e9compense d\u00e9di\u00e9e \u00e0 l&#8217;h\u00f4tel qui a re\u00e7u le plus d&#8217;\u00e9loges parmi les h\u00f4tels proposant des animations sp\u00e9cialis\u00e9es destin\u00e9es aux adolescents.<\/span>\r\n    <span class=\"popup_footer\"><\/span>\r\n    <\/span><\/span><\/strong><\/td>\r\n<\/tr><\/tbody><\/table><\/figure>\r\n<script type=\"text\/javascript\">\r\nif(!toggleAwardPopup) {\r\n     var toggleAwardPopup = function(e){\r\n        e = e || window.event;\r\n        e.stopPropagation();\r\n        var target = e.target || e.srcElement;\r\n        jQuery(target).children(\".popup\").fadeToggle();\r\n    };\r\n}\r\nif(!toggleAwardPopupClose) {\r\n     var toggleAwardPopupClose = function(e){\r\n        e = e || window.event;\r\n        e.stopPropagation();\r\n        var target = e.target || e.srcElement;\r\n        jQuery(target).parent(\".popup\").fadeToggle();\r\n    };\r\n}\r\n<\/script>","protected":false},"excerpt":{"rendered":"<p>Nous vous attendons \u00e0 l&#8217;H\u00f4tel Villaggio Nevada nich\u00e9 dans les splendides montagnes du Trentin de Folgaria, \u00e0 deux pas des pistes de ski, du golf et de l&#8217;\u00e9cole d&#8217;\u00e9quitation. Vous pouvez choisir parmi nos trois grands chalets avec vue panoramique&nbsp;et \u00e9quip\u00e9s du kit b\u00e9b\u00e9, le tout reli\u00e9 par un tunnel souterrain qui vous permettra de &hellip;<\/p>\n","protected":false},"author":91,"featured_media":0,"parent":29729,"menu_order":0,"comment_status":"closed","ping_status":"closed","template":"page-templates\/scheda_hotel.php","meta":{"_acf_changed":false,"inline_featured_image":false,"footnotes":""},"class_list":["post-43930","page","type-page","status-publish","hentry"],"acf":[],"yoast_head":"<!-- This site is optimized with the Yoast SEO plugin v27.1 - https:\/\/yoast.com\/product\/yoast-seo-wordpress\/ -->\n<title>Village-H\u00f4tel Nevada 3 \u00e9toiles, Folgaria<\/title>\n<meta name=\"description\" content=\"Envie de vacances en famille ? D\u00e9couvrez les offres pour familles du Village-H\u00f4tel Nevada \u00e0 Folgaria\" \/>\n<meta name=\"robots\" content=\"index, follow, max-snippet:-1, max-image-preview:large, max-video-preview:-1\" \/>\n<link rel=\"canonical\" href=\"https:\/\/www.italyfamilyhotels.it\/fr\/hotels\/villaggio-albergo-nevada\" \/>\n<meta property=\"og:locale\" content=\"fr_FR\" \/>\n<meta property=\"og:type\" content=\"article\" \/>\n<meta property=\"og:title\" content=\"Village-H\u00f4tel Nevada 3 \u00e9toiles, Folgaria\" \/>\n<meta property=\"og:description\" content=\"Envie de vacances en famille ? D\u00e9couvrez les offres pour familles du Village-H\u00f4tel Nevada \u00e0 Folgaria\" \/>\n<meta property=\"og:url\" content=\"https:\/\/www.italyfamilyhotels.it\/fr\/hotels\/villaggio-albergo-nevada\" \/>\n<meta property=\"og:site_name\" content=\"Italy Family Hotels\" \/>\n<meta property=\"article:publisher\" content=\"https:\/\/www.facebook.com\/ItalyFamilyHotels\/\" \/>\n<meta property=\"article:modified_time\" content=\"2026-01-08T15:00:02+00:00\" \/>\n<meta name=\"twitter:card\" content=\"summary_large_image\" \/>\n<meta name=\"twitter:label1\" content=\"Dur\u00e9e de lecture estim\u00e9e\" \/>\n\t<meta name=\"twitter:data1\" content=\"2 minutes\" \/>\n<script type=\"application\/ld+json\" class=\"yoast-schema-graph\">{\"@context\":\"https:\/\/schema.org\",\"@graph\":[{\"@type\":\"WebPage\",\"@id\":\"https:\/\/www.italyfamilyhotels.it\/fr\/hotels\/villaggio-albergo-nevada\",\"url\":\"https:\/\/www.italyfamilyhotels.it\/fr\/hotels\/villaggio-albergo-nevada\",\"name\":\"Village-H\u00f4tel Nevada 3 \u00e9toiles, Folgaria\",\"isPartOf\":{\"@id\":\"https:\/\/www.italyfamilyhotels.it\/#website\"},\"datePublished\":\"2023-01-23T13:52:02+00:00\",\"dateModified\":\"2026-01-08T15:00:02+00:00\",\"description\":\"Envie de vacances en famille ? D\u00e9couvrez les offres pour familles du Village-H\u00f4tel Nevada \u00e0 Folgaria\",\"breadcrumb\":{\"@id\":\"https:\/\/www.italyfamilyhotels.it\/fr\/hotels\/villaggio-albergo-nevada#breadcrumb\"},\"inLanguage\":\"fr-FR\",\"potentialAction\":[{\"@type\":\"ReadAction\",\"target\":[\"https:\/\/www.italyfamilyhotels.it\/fr\/hotels\/villaggio-albergo-nevada\"]}]},{\"@type\":\"BreadcrumbList\",\"@id\":\"https:\/\/www.italyfamilyhotels.it\/fr\/hotels\/villaggio-albergo-nevada#breadcrumb\",\"itemListElement\":[{\"@type\":\"ListItem\",\"position\":1,\"name\":\"Home\",\"item\":\"https:\/\/www.italyfamilyhotels.it\/fr\"},{\"@type\":\"ListItem\",\"position\":2,\"name\":\"Family Hotels\",\"item\":\"https:\/\/www.italyfamilyhotels.it\/fr\/hotels\"},{\"@type\":\"ListItem\",\"position\":3,\"name\":\"H\u00f4tel-Village Nevada\"}]},{\"@type\":\"WebSite\",\"@id\":\"https:\/\/www.italyfamilyhotels.it\/#website\",\"url\":\"https:\/\/www.italyfamilyhotels.it\/\",\"name\":\"Italy Family Hotels\",\"description\":\"\",\"potentialAction\":[{\"@type\":\"SearchAction\",\"target\":{\"@type\":\"EntryPoint\",\"urlTemplate\":\"https:\/\/www.italyfamilyhotels.it\/?s={search_term_string}\"},\"query-input\":{\"@type\":\"PropertyValueSpecification\",\"valueRequired\":true,\"valueName\":\"search_term_string\"}}],\"inLanguage\":\"fr-FR\"}]}<\/script>\n<!-- \/ Yoast SEO plugin. -->","yoast_head_json":{"title":"Village-H\u00f4tel Nevada 3 \u00e9toiles, Folgaria","description":"Envie de vacances en famille ? D\u00e9couvrez les offres pour familles du Village-H\u00f4tel Nevada \u00e0 Folgaria","robots":{"index":"index","follow":"follow","max-snippet":"max-snippet:-1","max-image-preview":"max-image-preview:large","max-video-preview":"max-video-preview:-1"},"canonical":"https:\/\/www.italyfamilyhotels.it\/fr\/hotels\/villaggio-albergo-nevada","og_locale":"fr_FR","og_type":"article","og_title":"Village-H\u00f4tel Nevada 3 \u00e9toiles, Folgaria","og_description":"Envie de vacances en famille ? D\u00e9couvrez les offres pour familles du Village-H\u00f4tel Nevada \u00e0 Folgaria","og_url":"https:\/\/www.italyfamilyhotels.it\/fr\/hotels\/villaggio-albergo-nevada","og_site_name":"Italy Family Hotels","article_publisher":"https:\/\/www.facebook.com\/ItalyFamilyHotels\/","article_modified_time":"2026-01-08T15:00:02+00:00","twitter_card":"summary_large_image","twitter_misc":{"Dur\u00e9e de lecture estim\u00e9e":"2 minutes"},"schema":{"@context":"https:\/\/schema.org","@graph":[{"@type":"WebPage","@id":"https:\/\/www.italyfamilyhotels.it\/fr\/hotels\/villaggio-albergo-nevada","url":"https:\/\/www.italyfamilyhotels.it\/fr\/hotels\/villaggio-albergo-nevada","name":"Village-H\u00f4tel Nevada 3 \u00e9toiles, Folgaria","isPartOf":{"@id":"https:\/\/www.italyfamilyhotels.it\/#website"},"datePublished":"2023-01-23T13:52:02+00:00","dateModified":"2026-01-08T15:00:02+00:00","description":"Envie de vacances en famille ? D\u00e9couvrez les offres pour familles du Village-H\u00f4tel Nevada \u00e0 Folgaria","breadcrumb":{"@id":"https:\/\/www.italyfamilyhotels.it\/fr\/hotels\/villaggio-albergo-nevada#breadcrumb"},"inLanguage":"fr-FR","potentialAction":[{"@type":"ReadAction","target":["https:\/\/www.italyfamilyhotels.it\/fr\/hotels\/villaggio-albergo-nevada"]}]},{"@type":"BreadcrumbList","@id":"https:\/\/www.italyfamilyhotels.it\/fr\/hotels\/villaggio-albergo-nevada#breadcrumb","itemListElement":[{"@type":"ListItem","position":1,"name":"Home","item":"https:\/\/www.italyfamilyhotels.it\/fr"},{"@type":"ListItem","position":2,"name":"Family Hotels","item":"https:\/\/www.italyfamilyhotels.it\/fr\/hotels"},{"@type":"ListItem","position":3,"name":"H\u00f4tel-Village Nevada"}]},{"@type":"WebSite","@id":"https:\/\/www.italyfamilyhotels.it\/#website","url":"https:\/\/www.italyfamilyhotels.it\/","name":"Italy Family Hotels","description":"","potentialAction":[{"@type":"SearchAction","target":{"@type":"EntryPoint","urlTemplate":"https:\/\/www.italyfamilyhotels.it\/?s={search_term_string}"},"query-input":{"@type":"PropertyValueSpecification","valueRequired":true,"valueName":"search_term_string"}}],"inLanguage":"fr-FR"}]}},"_links":{"self":[{"href":"https:\/\/www.italyfamilyhotels.it\/fr\/wp-json\/wp\/v2\/pages\/43930","targetHints":{"allow":["GET"]}}],"collection":[{"href":"https:\/\/www.italyfamilyhotels.it\/fr\/wp-json\/wp\/v2\/pages"}],"about":[{"href":"https:\/\/www.italyfamilyhotels.it\/fr\/wp-json\/wp\/v2\/types\/page"}],"author":[{"embeddable":true,"href":"https:\/\/www.italyfamilyhotels.it\/fr\/wp-json\/wp\/v2\/users\/91"}],"replies":[{"embeddable":true,"href":"https:\/\/www.italyfamilyhotels.it\/fr\/wp-json\/wp\/v2\/comments?post=43930"}],"version-history":[{"count":11,"href":"https:\/\/www.italyfamilyhotels.it\/fr\/wp-json\/wp\/v2\/pages\/43930\/revisions"}],"predecessor-version":[{"id":73663,"href":"https:\/\/www.italyfamilyhotels.it\/fr\/wp-json\/wp\/v2\/pages\/43930\/revisions\/73663"}],"up":[{"embeddable":true,"href":"https:\/\/www.italyfamilyhotels.it\/fr\/wp-json\/wp\/v2\/pages\/29729"}],"wp:attachment":[{"href":"https:\/\/www.italyfamilyhotels.it\/fr\/wp-json\/wp\/v2\/media?parent=43930"}],"curies":[{"name":"wp","href":"https:\/\/api.w.org\/{rel}","templated":true}]}}