{"id":43928,"date":"2023-01-23T14:51:40","date_gmt":"2023-01-23T13:51:40","guid":{"rendered":"https:\/\/www.italyfamilyhotels.it\/hotels\/bad-ratzes"},"modified":"2023-01-23T15:53:08","modified_gmt":"2023-01-23T14:53:08","slug":"bad-ratzes","status":"publish","type":"page","link":"https:\/\/www.italyfamilyhotels.it\/fr\/hotels\/bad-ratzes","title":{"rendered":"Bad Ratzes"},"content":{"rendered":"\n<p>\u00c0 1\u00a0200 m\u00e8tres d&#8217;altitude, au c\u0153ur du <b>Parc naturel du Sciliar<\/b> entre prairies fleuries et for\u00eat d&#8217;\u00e9pic\u00e9as vieille de centaines d\u2019ann\u00e9es travers\u00e9e par un ruisseau cristallin, se dresse l\u2019<b>H\u00f4tel Bad Ratzes<\/b>, o\u00f9 nous vous accueillons avec une splendide <b>vue de carte postale sur les Dolomites<\/b>, dans une ambiance id\u00e9ale pour des vacances tranquilles en famille \u00e0 la montagne.<\/p>\n\n\n\n<p>Oui, ici \u00e0 Bad Ratzes, nous chouchoutons toute la famille, mais les protagonistes du s\u00e9jour sont les <b>enfants<\/b>. Pour eux, nous avons pens\u00e9 \u00e0 un riche <b>programme d&#8217;activit\u00e9s<\/b> \u00e0 l&#8217;int\u00e9rieur et \u00e0 l&#8217;ext\u00e9rieur de l&#8217;h\u00f4tel, incluant des <b>exp\u00e9riences et excursions<\/b> sp\u00e9ciales. Et pour les tout-petits, nous avons \u00e9galement pens\u00e9 \u00e0 un <b>service de baby-sitting<\/b> et \u00e0 la <b>salle Arcobaleno<\/b>, zone super color\u00e9e o\u00f9 ils pourront marcher \u00e0 quatre pattes et jouer.<\/p>\n\n\n\n<p>Et pour papa et maman ? De nombreux moments romantiques de d\u00e9tente ou d&#8217;exploration pendant que les enfants s&#8217;affairent avec notre \u00e9quipe d&#8217;animation. D\u00e9cidez chaque jour si vous souhaitez faire une pause dans notre <b>centre de bien-\u00eatre<\/b>, entre <b>piscine int\u00e9rieure chauff\u00e9e \u00e0 30\u00a0\u00b0C<\/b>, <b>sauna finlandais<\/b>, <b>massages<\/b>, <b>piscine bio<\/b> externe et <b>sauna dans le jardin<\/b>, ou partir \u00e0 la d\u00e9couverte du territoire en profitant de nos <b>excursions guid\u00e9es<\/b>.<\/p>\n\n\n\n<p>Puis la cuisine&#8230; Go\u00fbtez les meilleurs <b>plats de la<\/b> <b>tradition<\/b>, pr\u00e9par\u00e9s avec des <b>produits locaux<\/b>. Mais attention \u00e0 ne pas trop manger ! Laissez de la place pour notre <b>go\u00fbter de l&#8217;apr\u00e8s-midi<\/b>, avec de nombreuses gourmandises pour r\u00e9cup\u00e9rer de l\u2019\u00e9nergie apr\u00e8s une journ\u00e9e de plaisir et d&#8217;exploration. Nous accordons une attention particuli\u00e8re aux clients qui souffrent d\u2019<b>intol\u00e9rances<\/b>. Pour les enfants, nous avons con\u00e7u des menus sp\u00e9cialement pour eux, tandis que pour les b\u00e9b\u00e9s, nous avons pr\u00e9vus de nombreux aliments authentiques.<\/p>\n","protected":false},"excerpt":{"rendered":"<p>\u00c0 1\u00a0200 m\u00e8tres d&#8217;altitude, au c\u0153ur du Parc naturel du Sciliar entre prairies fleuries et for\u00eat d&#8217;\u00e9pic\u00e9as vieille de centaines d\u2019ann\u00e9es travers\u00e9e par un ruisseau cristallin, se dresse l\u2019H\u00f4tel Bad Ratzes, o\u00f9 nous vous accueillons avec une splendide vue de carte postale sur les Dolomites, dans une ambiance id\u00e9ale pour des vacances tranquilles en famille &hellip;<\/p>\n","protected":false},"author":10,"featured_media":0,"parent":29729,"menu_order":0,"comment_status":"closed","ping_status":"closed","template":"page-templates\/scheda_hotel.php","meta":{"_acf_changed":false,"inline_featured_image":false,"footnotes":""},"class_list":["post-43928","page","type-page","status-publish","hentry"],"acf":[],"yoast_head":"<!-- This site is optimized with the Yoast SEO plugin v27.1 - https:\/\/yoast.com\/product\/yoast-seo-wordpress\/ -->\n<title>Bad Ratzes 4 \u00e9toiles, Siusi allo Sciliar<\/title>\n<meta name=\"description\" content=\"Envie de vacances en famille ? D\u00e9couvrez les offres pour familles du Bad Ratzes \u00e0 Siusi allo Sciliar\" \/>\n<meta name=\"robots\" content=\"index, follow, max-snippet:-1, max-image-preview:large, max-video-preview:-1\" \/>\n<link rel=\"canonical\" href=\"https:\/\/www.italyfamilyhotels.it\/fr\/hotels\/bad-ratzes\" \/>\n<meta property=\"og:locale\" content=\"fr_FR\" \/>\n<meta property=\"og:type\" content=\"article\" \/>\n<meta property=\"og:title\" content=\"Bad Ratzes 4 \u00e9toiles, Siusi allo Sciliar\" \/>\n<meta property=\"og:description\" content=\"Envie de vacances en famille ? D\u00e9couvrez les offres pour familles du Bad Ratzes \u00e0 Siusi allo Sciliar\" \/>\n<meta property=\"og:url\" content=\"https:\/\/www.italyfamilyhotels.it\/fr\/hotels\/bad-ratzes\" \/>\n<meta property=\"og:site_name\" content=\"Italy Family Hotels\" \/>\n<meta property=\"article:publisher\" content=\"https:\/\/www.facebook.com\/ItalyFamilyHotels\/\" \/>\n<meta property=\"article:modified_time\" content=\"2023-01-23T14:53:08+00:00\" \/>\n<meta name=\"twitter:card\" content=\"summary_large_image\" \/>\n<meta name=\"twitter:label1\" content=\"Dur\u00e9e de lecture estim\u00e9e\" \/>\n\t<meta name=\"twitter:data1\" content=\"2 minutes\" \/>\n<script type=\"application\/ld+json\" class=\"yoast-schema-graph\">{\"@context\":\"https:\/\/schema.org\",\"@graph\":[{\"@type\":\"WebPage\",\"@id\":\"https:\/\/www.italyfamilyhotels.it\/fr\/hotels\/bad-ratzes\",\"url\":\"https:\/\/www.italyfamilyhotels.it\/fr\/hotels\/bad-ratzes\",\"name\":\"Bad Ratzes 4 \u00e9toiles, Siusi allo Sciliar\",\"isPartOf\":{\"@id\":\"https:\/\/www.italyfamilyhotels.it\/#website\"},\"datePublished\":\"2023-01-23T13:51:40+00:00\",\"dateModified\":\"2023-01-23T14:53:08+00:00\",\"description\":\"Envie de vacances en famille ? D\u00e9couvrez les offres pour familles du Bad Ratzes \u00e0 Siusi allo Sciliar\",\"breadcrumb\":{\"@id\":\"https:\/\/www.italyfamilyhotels.it\/fr\/hotels\/bad-ratzes#breadcrumb\"},\"inLanguage\":\"fr-FR\",\"potentialAction\":[{\"@type\":\"ReadAction\",\"target\":[\"https:\/\/www.italyfamilyhotels.it\/fr\/hotels\/bad-ratzes\"]}]},{\"@type\":\"BreadcrumbList\",\"@id\":\"https:\/\/www.italyfamilyhotels.it\/fr\/hotels\/bad-ratzes#breadcrumb\",\"itemListElement\":[{\"@type\":\"ListItem\",\"position\":1,\"name\":\"Home\",\"item\":\"https:\/\/www.italyfamilyhotels.it\/fr\"},{\"@type\":\"ListItem\",\"position\":2,\"name\":\"Family Hotels\",\"item\":\"https:\/\/www.italyfamilyhotels.it\/fr\/hotels\"},{\"@type\":\"ListItem\",\"position\":3,\"name\":\"Bad Ratzes\"}]},{\"@type\":\"WebSite\",\"@id\":\"https:\/\/www.italyfamilyhotels.it\/#website\",\"url\":\"https:\/\/www.italyfamilyhotels.it\/\",\"name\":\"Italy Family Hotels\",\"description\":\"\",\"potentialAction\":[{\"@type\":\"SearchAction\",\"target\":{\"@type\":\"EntryPoint\",\"urlTemplate\":\"https:\/\/www.italyfamilyhotels.it\/?s={search_term_string}\"},\"query-input\":{\"@type\":\"PropertyValueSpecification\",\"valueRequired\":true,\"valueName\":\"search_term_string\"}}],\"inLanguage\":\"fr-FR\"}]}<\/script>\n<!-- \/ Yoast SEO plugin. -->","yoast_head_json":{"title":"Bad Ratzes 4 \u00e9toiles, Siusi allo Sciliar","description":"Envie de vacances en famille ? D\u00e9couvrez les offres pour familles du Bad Ratzes \u00e0 Siusi allo Sciliar","robots":{"index":"index","follow":"follow","max-snippet":"max-snippet:-1","max-image-preview":"max-image-preview:large","max-video-preview":"max-video-preview:-1"},"canonical":"https:\/\/www.italyfamilyhotels.it\/fr\/hotels\/bad-ratzes","og_locale":"fr_FR","og_type":"article","og_title":"Bad Ratzes 4 \u00e9toiles, Siusi allo Sciliar","og_description":"Envie de vacances en famille ? D\u00e9couvrez les offres pour familles du Bad Ratzes \u00e0 Siusi allo Sciliar","og_url":"https:\/\/www.italyfamilyhotels.it\/fr\/hotels\/bad-ratzes","og_site_name":"Italy Family Hotels","article_publisher":"https:\/\/www.facebook.com\/ItalyFamilyHotels\/","article_modified_time":"2023-01-23T14:53:08+00:00","twitter_card":"summary_large_image","twitter_misc":{"Dur\u00e9e de lecture estim\u00e9e":"2 minutes"},"schema":{"@context":"https:\/\/schema.org","@graph":[{"@type":"WebPage","@id":"https:\/\/www.italyfamilyhotels.it\/fr\/hotels\/bad-ratzes","url":"https:\/\/www.italyfamilyhotels.it\/fr\/hotels\/bad-ratzes","name":"Bad Ratzes 4 \u00e9toiles, Siusi allo Sciliar","isPartOf":{"@id":"https:\/\/www.italyfamilyhotels.it\/#website"},"datePublished":"2023-01-23T13:51:40+00:00","dateModified":"2023-01-23T14:53:08+00:00","description":"Envie de vacances en famille ? D\u00e9couvrez les offres pour familles du Bad Ratzes \u00e0 Siusi allo Sciliar","breadcrumb":{"@id":"https:\/\/www.italyfamilyhotels.it\/fr\/hotels\/bad-ratzes#breadcrumb"},"inLanguage":"fr-FR","potentialAction":[{"@type":"ReadAction","target":["https:\/\/www.italyfamilyhotels.it\/fr\/hotels\/bad-ratzes"]}]},{"@type":"BreadcrumbList","@id":"https:\/\/www.italyfamilyhotels.it\/fr\/hotels\/bad-ratzes#breadcrumb","itemListElement":[{"@type":"ListItem","position":1,"name":"Home","item":"https:\/\/www.italyfamilyhotels.it\/fr"},{"@type":"ListItem","position":2,"name":"Family Hotels","item":"https:\/\/www.italyfamilyhotels.it\/fr\/hotels"},{"@type":"ListItem","position":3,"name":"Bad Ratzes"}]},{"@type":"WebSite","@id":"https:\/\/www.italyfamilyhotels.it\/#website","url":"https:\/\/www.italyfamilyhotels.it\/","name":"Italy Family Hotels","description":"","potentialAction":[{"@type":"SearchAction","target":{"@type":"EntryPoint","urlTemplate":"https:\/\/www.italyfamilyhotels.it\/?s={search_term_string}"},"query-input":{"@type":"PropertyValueSpecification","valueRequired":true,"valueName":"search_term_string"}}],"inLanguage":"fr-FR"}]}},"_links":{"self":[{"href":"https:\/\/www.italyfamilyhotels.it\/fr\/wp-json\/wp\/v2\/pages\/43928","targetHints":{"allow":["GET"]}}],"collection":[{"href":"https:\/\/www.italyfamilyhotels.it\/fr\/wp-json\/wp\/v2\/pages"}],"about":[{"href":"https:\/\/www.italyfamilyhotels.it\/fr\/wp-json\/wp\/v2\/types\/page"}],"author":[{"embeddable":true,"href":"https:\/\/www.italyfamilyhotels.it\/fr\/wp-json\/wp\/v2\/users\/10"}],"replies":[{"embeddable":true,"href":"https:\/\/www.italyfamilyhotels.it\/fr\/wp-json\/wp\/v2\/comments?post=43928"}],"version-history":[{"count":2,"href":"https:\/\/www.italyfamilyhotels.it\/fr\/wp-json\/wp\/v2\/pages\/43928\/revisions"}],"predecessor-version":[{"id":44027,"href":"https:\/\/www.italyfamilyhotels.it\/fr\/wp-json\/wp\/v2\/pages\/43928\/revisions\/44027"}],"up":[{"embeddable":true,"href":"https:\/\/www.italyfamilyhotels.it\/fr\/wp-json\/wp\/v2\/pages\/29729"}],"wp:attachment":[{"href":"https:\/\/www.italyfamilyhotels.it\/fr\/wp-json\/wp\/v2\/media?parent=43928"}],"curies":[{"name":"wp","href":"https:\/\/api.w.org\/{rel}","templated":true}]}}