{"id":43926,"date":"2023-01-23T14:51:25","date_gmt":"2023-01-23T13:51:25","guid":{"rendered":"https:\/\/www.italyfamilyhotels.it\/hotels\/family-resort-rainer"},"modified":"2023-01-23T15:53:07","modified_gmt":"2023-01-23T14:53:07","slug":"family-resort-rainer","status":"publish","type":"page","link":"https:\/\/www.italyfamilyhotels.it\/fr\/hotels\/family-resort-rainer","title":{"rendered":"Family Resort Rainer"},"content":{"rendered":"\n<p>Ici au <b>Family Resort Rainer<\/b> de <b>Sesto<\/b>, vous \u00eates entour\u00e9s par la nature et les bois de l&#8217;Alta Pusteria, pour des moments inoubliables de jeu et de d\u00e9tente dans un panorama incomparable. Pr\u00e9parez-vous pour des vacances sp\u00e9ciales d\u00e9di\u00e9es \u00e0 la libert\u00e9 et \u00e0 la l\u00e9g\u00e8ret\u00e9, o\u00f9 vous pourrez red\u00e9couvrir la beaut\u00e9 des petites choses avec toute la famille.<\/p>\n\n\n\n<p>Nos h\u00f4tes les plus importants sont les <b>enfants<\/b>\u00a0! Ils trouveront de grands espaces pour s&#8217;amuser \u00e0 l&#8217;int\u00e9rieur et \u00e0 l&#8217;ext\u00e9rieur de l&#8217;h\u00f4tel, un programme de <b>60 heures de divertissement par semaine<\/b> de 1 \u00e0 14 ans, des <b>excursions <\/b>et des <b>apr\u00e8s-midis aventure guid\u00e9s<\/b> pour toute la famille, sans oublier le <b>services b\u00e9b\u00e9 <\/b>en chambre et au restaurant<b> <\/b>et une fantastique<b> piscine dans le centre Spa<\/b> <b>avec toboggan <\/b>en forme de serpent et de nombreuses attractions.<\/p>\n\n\n\n<p>Maman et papa, nous ne vous avons pas oubli\u00e9s&#8230; Pendant que les enfants s&#8217;amusent en toute s\u00e9curit\u00e9 avec notre douce <b>\u00e9quipe d\u2019animation<\/b>, vous pourrez vous faire plaisir avec des <b>activit\u00e9s en ext\u00e9rieur <\/b>dans les environs, ou profitez de moments romantiques dans le Dolomit Panorama <b>Spa<\/b>. Un monde de bien-\u00eatre de <b>2\u00a0000 m\u00b2 <\/b>sur <b>deux \u00e9tages <\/b>avec piscine int\u00e9rieure et ext\u00e9rieure chauff\u00e9e, saunas, espace d\u00e9tente, terrasse ensoleill\u00e9e, jardin, bassin Kneipp et douches avec hydromassage, o\u00f9 vous pourrez vous r\u00e9g\u00e9n\u00e9rer accompagn\u00e9s d&#8217;une splendide<b> vue sur les Dolomites de Sesto<\/b>.<\/p>\n\n\n\n<p>N\u2019oublions pas la <b>cuisine<\/b>, v\u00e9ritable bijou de notre h\u00f4tel ! L\u2019union de la <b>tradition tyrolienne <\/b>et <b>m\u00e9diterran\u00e9enne<\/b>, avec utilisation de<b> produits locaux du Tyrol du Sud <\/b>pour un voyage de saveurs que vous n&#8217;oublierez pas facilement. Nous r\u00e9servons aux enfants <b>de vrais plats sur mesure<\/b>, avec un <b>buffet <\/b>sp\u00e9cialement d\u00e9di\u00e9.<\/p>\n\n\n\n<p>Dans l&#8217;h\u00f4tel, vous trouverez un<b> d\u00e9p\u00f4t de ski <\/b>\u00e9quip\u00e9, la possibilit\u00e9 de <b>location de skis<\/b>, des<b> moniteurs de ski alpin<\/b> et de<b> ski de fond<\/b>, une <b>salle de relaxation <\/b>pour l&#8217;\u00e9cole de ski. Tandis qu&#8217;avec l&#8217;arriv\u00e9e de l&#8217;\u00e9t\u00e9, des excursions de <b>marche nordique <\/b>avec guide vous seront propos\u00e9es, lesquelles conviennent \u00e9galement aux familles.<\/p>\n","protected":false},"excerpt":{"rendered":"<p>Ici au Family Resort Rainer de Sesto, vous \u00eates entour\u00e9s par la nature et les bois de l&#8217;Alta Pusteria, pour des moments inoubliables de jeu et de d\u00e9tente dans un panorama incomparable. Pr\u00e9parez-vous pour des vacances sp\u00e9ciales d\u00e9di\u00e9es \u00e0 la libert\u00e9 et \u00e0 la l\u00e9g\u00e8ret\u00e9, o\u00f9 vous pourrez red\u00e9couvrir la beaut\u00e9 des petites choses avec &hellip;<\/p>\n","protected":false},"author":34,"featured_media":0,"parent":29729,"menu_order":0,"comment_status":"closed","ping_status":"closed","template":"page-templates\/scheda_hotel.php","meta":{"_acf_changed":false,"inline_featured_image":false,"footnotes":""},"class_list":["post-43926","page","type-page","status-publish","hentry"],"acf":[],"yoast_head":"<!-- This site is optimized with the Yoast SEO plugin v27.1 - https:\/\/yoast.com\/product\/yoast-seo-wordpress\/ -->\n<title>Family Resort Rainer 4 \u00e9toiles Superior, Sesto<\/title>\n<meta name=\"description\" content=\"Envie de vacances en famille ? D\u00e9couvrez les offres pour familles du Family Resort Rainer \u00e0 Sesto\" \/>\n<meta name=\"robots\" content=\"index, follow, max-snippet:-1, max-image-preview:large, max-video-preview:-1\" \/>\n<link rel=\"canonical\" href=\"https:\/\/www.italyfamilyhotels.it\/fr\/hotels\/family-resort-rainer\" \/>\n<meta property=\"og:locale\" content=\"fr_FR\" \/>\n<meta property=\"og:type\" content=\"article\" \/>\n<meta property=\"og:title\" content=\"Family Resort Rainer 4 \u00e9toiles Superior, Sesto\" \/>\n<meta property=\"og:description\" content=\"Envie de vacances en famille ? D\u00e9couvrez les offres pour familles du Family Resort Rainer \u00e0 Sesto\" \/>\n<meta property=\"og:url\" content=\"https:\/\/www.italyfamilyhotels.it\/fr\/hotels\/family-resort-rainer\" \/>\n<meta property=\"og:site_name\" content=\"Italy Family Hotels\" \/>\n<meta property=\"article:publisher\" content=\"https:\/\/www.facebook.com\/ItalyFamilyHotels\/\" \/>\n<meta property=\"article:modified_time\" content=\"2023-01-23T14:53:07+00:00\" \/>\n<meta name=\"twitter:card\" content=\"summary_large_image\" \/>\n<meta name=\"twitter:label1\" content=\"Dur\u00e9e de lecture estim\u00e9e\" \/>\n\t<meta name=\"twitter:data1\" content=\"2 minutes\" \/>\n<script type=\"application\/ld+json\" class=\"yoast-schema-graph\">{\"@context\":\"https:\/\/schema.org\",\"@graph\":[{\"@type\":\"WebPage\",\"@id\":\"https:\/\/www.italyfamilyhotels.it\/fr\/hotels\/family-resort-rainer\",\"url\":\"https:\/\/www.italyfamilyhotels.it\/fr\/hotels\/family-resort-rainer\",\"name\":\"Family Resort Rainer 4 \u00e9toiles Superior, Sesto\",\"isPartOf\":{\"@id\":\"https:\/\/www.italyfamilyhotels.it\/#website\"},\"datePublished\":\"2023-01-23T13:51:25+00:00\",\"dateModified\":\"2023-01-23T14:53:07+00:00\",\"description\":\"Envie de vacances en famille ? D\u00e9couvrez les offres pour familles du Family Resort Rainer \u00e0 Sesto\",\"breadcrumb\":{\"@id\":\"https:\/\/www.italyfamilyhotels.it\/fr\/hotels\/family-resort-rainer#breadcrumb\"},\"inLanguage\":\"fr-FR\",\"potentialAction\":[{\"@type\":\"ReadAction\",\"target\":[\"https:\/\/www.italyfamilyhotels.it\/fr\/hotels\/family-resort-rainer\"]}]},{\"@type\":\"BreadcrumbList\",\"@id\":\"https:\/\/www.italyfamilyhotels.it\/fr\/hotels\/family-resort-rainer#breadcrumb\",\"itemListElement\":[{\"@type\":\"ListItem\",\"position\":1,\"name\":\"Home\",\"item\":\"https:\/\/www.italyfamilyhotels.it\/fr\"},{\"@type\":\"ListItem\",\"position\":2,\"name\":\"Family Hotels\",\"item\":\"https:\/\/www.italyfamilyhotels.it\/fr\/hotels\"},{\"@type\":\"ListItem\",\"position\":3,\"name\":\"Family Resort Rainer\"}]},{\"@type\":\"WebSite\",\"@id\":\"https:\/\/www.italyfamilyhotels.it\/#website\",\"url\":\"https:\/\/www.italyfamilyhotels.it\/\",\"name\":\"Italy Family Hotels\",\"description\":\"\",\"potentialAction\":[{\"@type\":\"SearchAction\",\"target\":{\"@type\":\"EntryPoint\",\"urlTemplate\":\"https:\/\/www.italyfamilyhotels.it\/?s={search_term_string}\"},\"query-input\":{\"@type\":\"PropertyValueSpecification\",\"valueRequired\":true,\"valueName\":\"search_term_string\"}}],\"inLanguage\":\"fr-FR\"}]}<\/script>\n<!-- \/ Yoast SEO plugin. -->","yoast_head_json":{"title":"Family Resort Rainer 4 \u00e9toiles Superior, Sesto","description":"Envie de vacances en famille ? D\u00e9couvrez les offres pour familles du Family Resort Rainer \u00e0 Sesto","robots":{"index":"index","follow":"follow","max-snippet":"max-snippet:-1","max-image-preview":"max-image-preview:large","max-video-preview":"max-video-preview:-1"},"canonical":"https:\/\/www.italyfamilyhotels.it\/fr\/hotels\/family-resort-rainer","og_locale":"fr_FR","og_type":"article","og_title":"Family Resort Rainer 4 \u00e9toiles Superior, Sesto","og_description":"Envie de vacances en famille ? D\u00e9couvrez les offres pour familles du Family Resort Rainer \u00e0 Sesto","og_url":"https:\/\/www.italyfamilyhotels.it\/fr\/hotels\/family-resort-rainer","og_site_name":"Italy Family Hotels","article_publisher":"https:\/\/www.facebook.com\/ItalyFamilyHotels\/","article_modified_time":"2023-01-23T14:53:07+00:00","twitter_card":"summary_large_image","twitter_misc":{"Dur\u00e9e de lecture estim\u00e9e":"2 minutes"},"schema":{"@context":"https:\/\/schema.org","@graph":[{"@type":"WebPage","@id":"https:\/\/www.italyfamilyhotels.it\/fr\/hotels\/family-resort-rainer","url":"https:\/\/www.italyfamilyhotels.it\/fr\/hotels\/family-resort-rainer","name":"Family Resort Rainer 4 \u00e9toiles Superior, Sesto","isPartOf":{"@id":"https:\/\/www.italyfamilyhotels.it\/#website"},"datePublished":"2023-01-23T13:51:25+00:00","dateModified":"2023-01-23T14:53:07+00:00","description":"Envie de vacances en famille ? D\u00e9couvrez les offres pour familles du Family Resort Rainer \u00e0 Sesto","breadcrumb":{"@id":"https:\/\/www.italyfamilyhotels.it\/fr\/hotels\/family-resort-rainer#breadcrumb"},"inLanguage":"fr-FR","potentialAction":[{"@type":"ReadAction","target":["https:\/\/www.italyfamilyhotels.it\/fr\/hotels\/family-resort-rainer"]}]},{"@type":"BreadcrumbList","@id":"https:\/\/www.italyfamilyhotels.it\/fr\/hotels\/family-resort-rainer#breadcrumb","itemListElement":[{"@type":"ListItem","position":1,"name":"Home","item":"https:\/\/www.italyfamilyhotels.it\/fr"},{"@type":"ListItem","position":2,"name":"Family Hotels","item":"https:\/\/www.italyfamilyhotels.it\/fr\/hotels"},{"@type":"ListItem","position":3,"name":"Family Resort Rainer"}]},{"@type":"WebSite","@id":"https:\/\/www.italyfamilyhotels.it\/#website","url":"https:\/\/www.italyfamilyhotels.it\/","name":"Italy Family Hotels","description":"","potentialAction":[{"@type":"SearchAction","target":{"@type":"EntryPoint","urlTemplate":"https:\/\/www.italyfamilyhotels.it\/?s={search_term_string}"},"query-input":{"@type":"PropertyValueSpecification","valueRequired":true,"valueName":"search_term_string"}}],"inLanguage":"fr-FR"}]}},"_links":{"self":[{"href":"https:\/\/www.italyfamilyhotels.it\/fr\/wp-json\/wp\/v2\/pages\/43926","targetHints":{"allow":["GET"]}}],"collection":[{"href":"https:\/\/www.italyfamilyhotels.it\/fr\/wp-json\/wp\/v2\/pages"}],"about":[{"href":"https:\/\/www.italyfamilyhotels.it\/fr\/wp-json\/wp\/v2\/types\/page"}],"author":[{"embeddable":true,"href":"https:\/\/www.italyfamilyhotels.it\/fr\/wp-json\/wp\/v2\/users\/34"}],"replies":[{"embeddable":true,"href":"https:\/\/www.italyfamilyhotels.it\/fr\/wp-json\/wp\/v2\/comments?post=43926"}],"version-history":[{"count":2,"href":"https:\/\/www.italyfamilyhotels.it\/fr\/wp-json\/wp\/v2\/pages\/43926\/revisions"}],"predecessor-version":[{"id":44026,"href":"https:\/\/www.italyfamilyhotels.it\/fr\/wp-json\/wp\/v2\/pages\/43926\/revisions\/44026"}],"up":[{"embeddable":true,"href":"https:\/\/www.italyfamilyhotels.it\/fr\/wp-json\/wp\/v2\/pages\/29729"}],"wp:attachment":[{"href":"https:\/\/www.italyfamilyhotels.it\/fr\/wp-json\/wp\/v2\/media?parent=43926"}],"curies":[{"name":"wp","href":"https:\/\/api.w.org\/{rel}","templated":true}]}}