{"id":43924,"date":"2023-01-23T14:51:07","date_gmt":"2023-01-23T13:51:07","guid":{"rendered":"https:\/\/www.italyfamilyhotels.it\/hotels\/hotel-germania"},"modified":"2024-02-06T14:48:20","modified_gmt":"2024-02-06T13:48:20","slug":"hotel-germania","status":"publish","type":"page","link":"https:\/\/www.italyfamilyhotels.it\/fr\/hotels\/hotel-germania","title":{"rendered":"H\u00f4tel Germania"},"content":{"rendered":"\n<p>Notre h\u00f4tel est situ\u00e9 \u00e0 c\u00f4t\u00e9 de la zone pi\u00e9tonne de Jesolo Lido, \u00e0&nbsp;<b>80 m\u00e8tres de la plage&nbsp;<\/b>o\u00f9 nous mettons un espace confortable \u00e0 votre disposition, avec un parasol et des transats bien d\u00e9sinfect\u00e9s. En effet, si vous ne voulez pas rater un seul rayon de soleil, faites un pique-nique ludique sur le sable avec vos enfants :&nbsp;le <b>d\u00e9jeuner \u00e0 emporter<\/b>, c\u2019est nous qui le pr\u00e9parons !<\/p>\n\n\n\n<p>C\u2019est une v\u00e9ritable exp\u00e9rience <b>tout compris et sans souci<\/b> qui vous attend ici, avec tous les services inclus pour des vacances reposantes en famille, avec&nbsp;<b>beaucoup d&#8217;espace, avec une touche d\u2019attention en plus&nbsp;!<\/b><\/p>\n\n\n\n<p>Vous pouvez choisir parmi les confortables\u00a0<b>chambres<\/b>\u00a0ou les\u00a0<b>16 appartements<\/b>\u00a0dispos\u00e9s dans les deux villas juste en face de l&#8217;h\u00f4tel, si grands qu&#8217;ils peuvent accueillir jusqu&#8217;\u00e0 8 personnes ! <\/p>\n\n\n\n<p>L&#8217;air que nous respirons ici est celui de la maison, o\u00f9 les familles avec enfants sont les bienvenues et &#8211; souvent &#8211; reviennent, car il est difficile pour qui a essay\u00e9 nos services de renoncer \u00e0 des vacances en toute tranquillit\u00e9 et d\u00e9tente !<\/p>\n\n\n\n<p>L&#8217;<b>animation pour petits et grands, est pr\u00e9sente sur la plage et \u00e0 l&#8217;h\u00f4tel,<\/b>&nbsp;avec de nombreuses activit\u00e9s de plein air, jeux et sports en journ\u00e9e, baby-dance, spectacles et soir\u00e9es \u00e0 th\u00e8mes.<\/p>\n\n\n\n<p>Nous s\u00e9lectionnons avec soin les meilleurs produits locaux, comme les l\u00e9gumes biodynamiques et les produits laitiers, dans le plus grand respect de l&#8217;environnement et de la tradition, \u00e9galement issus de l&#8217;agriculture biologique, pour rendre chaque repas m\u00e9morable : le plaisir de la&nbsp;<b>cuisine<\/b>&nbsp;devient une&nbsp;<b>immersion totale dans les saveurs de la tradition<\/b>&nbsp;!<\/p>\n\n\n\n<p>Nous sommes&nbsp;<b>de plus en plus \u00e9cologiques<\/b>&nbsp;non seulement \u00e0 table, mais \u00e9galement dans nos choix quotidiens : de l&#8217;utilisation de d\u00e9tergents \u00e9cologiques et biod\u00e9gradables \u00e0 la r\u00e9duction de la consommation de plastique, gr\u00e2ce au distributeur d&#8217;eau micro-filtr\u00e9e, de la ligne de courtoisie \u00e9cologique \u00e0 la collecte s\u00e9lective des d\u00e9chets.<\/p>\n","protected":false},"excerpt":{"rendered":"<p>Notre h\u00f4tel est situ\u00e9 \u00e0 c\u00f4t\u00e9 de la zone pi\u00e9tonne de Jesolo Lido, \u00e0&nbsp;80 m\u00e8tres de la plage&nbsp;o\u00f9 nous mettons un espace confortable \u00e0 votre disposition, avec un parasol et des transats bien d\u00e9sinfect\u00e9s. En effet, si vous ne voulez pas rater un seul rayon de soleil, faites un pique-nique ludique sur le sable avec &hellip;<\/p>\n","protected":false},"author":65,"featured_media":0,"parent":29729,"menu_order":0,"comment_status":"closed","ping_status":"closed","template":"page-templates\/scheda_hotel.php","meta":{"_acf_changed":false,"inline_featured_image":false,"footnotes":""},"class_list":["post-43924","page","type-page","status-publish","hentry"],"acf":[],"yoast_head":"<!-- This site is optimized with the Yoast SEO plugin v27.1 - https:\/\/yoast.com\/product\/yoast-seo-wordpress\/ -->\n<title>H\u00f4tel Germania 3 \u00e9toiles, Jesolo Lido<\/title>\n<meta name=\"description\" content=\"Envie de vacances en famille ? D\u00e9couvrez les offres pour familles de l\u2019H\u00f4tel Germania \u00e0 Jesolo Lido\" \/>\n<meta name=\"robots\" content=\"index, follow, max-snippet:-1, max-image-preview:large, max-video-preview:-1\" \/>\n<link rel=\"canonical\" href=\"https:\/\/www.italyfamilyhotels.it\/fr\/hotels\/hotel-germania\" \/>\n<meta property=\"og:locale\" content=\"fr_FR\" \/>\n<meta property=\"og:type\" content=\"article\" \/>\n<meta property=\"og:title\" content=\"H\u00f4tel Germania 3 \u00e9toiles, Jesolo Lido\" \/>\n<meta property=\"og:description\" content=\"Envie de vacances en famille ? D\u00e9couvrez les offres pour familles de l\u2019H\u00f4tel Germania \u00e0 Jesolo Lido\" \/>\n<meta property=\"og:url\" content=\"https:\/\/www.italyfamilyhotels.it\/fr\/hotels\/hotel-germania\" \/>\n<meta property=\"og:site_name\" content=\"Italy Family Hotels\" \/>\n<meta property=\"article:publisher\" content=\"https:\/\/www.facebook.com\/ItalyFamilyHotels\/\" \/>\n<meta property=\"article:modified_time\" content=\"2024-02-06T13:48:20+00:00\" \/>\n<meta name=\"twitter:card\" content=\"summary_large_image\" \/>\n<meta name=\"twitter:label1\" content=\"Dur\u00e9e de lecture estim\u00e9e\" \/>\n\t<meta name=\"twitter:data1\" content=\"2 minutes\" \/>\n<script type=\"application\/ld+json\" class=\"yoast-schema-graph\">{\"@context\":\"https:\/\/schema.org\",\"@graph\":[{\"@type\":\"WebPage\",\"@id\":\"https:\/\/www.italyfamilyhotels.it\/fr\/hotels\/hotel-germania\",\"url\":\"https:\/\/www.italyfamilyhotels.it\/fr\/hotels\/hotel-germania\",\"name\":\"H\u00f4tel Germania 3 \u00e9toiles, Jesolo Lido\",\"isPartOf\":{\"@id\":\"https:\/\/www.italyfamilyhotels.it\/#website\"},\"datePublished\":\"2023-01-23T13:51:07+00:00\",\"dateModified\":\"2024-02-06T13:48:20+00:00\",\"description\":\"Envie de vacances en famille ? D\u00e9couvrez les offres pour familles de l\u2019H\u00f4tel Germania \u00e0 Jesolo Lido\",\"breadcrumb\":{\"@id\":\"https:\/\/www.italyfamilyhotels.it\/fr\/hotels\/hotel-germania#breadcrumb\"},\"inLanguage\":\"fr-FR\",\"potentialAction\":[{\"@type\":\"ReadAction\",\"target\":[\"https:\/\/www.italyfamilyhotels.it\/fr\/hotels\/hotel-germania\"]}]},{\"@type\":\"BreadcrumbList\",\"@id\":\"https:\/\/www.italyfamilyhotels.it\/fr\/hotels\/hotel-germania#breadcrumb\",\"itemListElement\":[{\"@type\":\"ListItem\",\"position\":1,\"name\":\"Home\",\"item\":\"https:\/\/www.italyfamilyhotels.it\/fr\"},{\"@type\":\"ListItem\",\"position\":2,\"name\":\"Family Hotels\",\"item\":\"https:\/\/www.italyfamilyhotels.it\/fr\/hotels\"},{\"@type\":\"ListItem\",\"position\":3,\"name\":\"H\u00f4tel Germania\"}]},{\"@type\":\"WebSite\",\"@id\":\"https:\/\/www.italyfamilyhotels.it\/#website\",\"url\":\"https:\/\/www.italyfamilyhotels.it\/\",\"name\":\"Italy Family Hotels\",\"description\":\"\",\"potentialAction\":[{\"@type\":\"SearchAction\",\"target\":{\"@type\":\"EntryPoint\",\"urlTemplate\":\"https:\/\/www.italyfamilyhotels.it\/?s={search_term_string}\"},\"query-input\":{\"@type\":\"PropertyValueSpecification\",\"valueRequired\":true,\"valueName\":\"search_term_string\"}}],\"inLanguage\":\"fr-FR\"}]}<\/script>\n<!-- \/ Yoast SEO plugin. -->","yoast_head_json":{"title":"H\u00f4tel Germania 3 \u00e9toiles, Jesolo Lido","description":"Envie de vacances en famille ? D\u00e9couvrez les offres pour familles de l\u2019H\u00f4tel Germania \u00e0 Jesolo Lido","robots":{"index":"index","follow":"follow","max-snippet":"max-snippet:-1","max-image-preview":"max-image-preview:large","max-video-preview":"max-video-preview:-1"},"canonical":"https:\/\/www.italyfamilyhotels.it\/fr\/hotels\/hotel-germania","og_locale":"fr_FR","og_type":"article","og_title":"H\u00f4tel Germania 3 \u00e9toiles, Jesolo Lido","og_description":"Envie de vacances en famille ? D\u00e9couvrez les offres pour familles de l\u2019H\u00f4tel Germania \u00e0 Jesolo Lido","og_url":"https:\/\/www.italyfamilyhotels.it\/fr\/hotels\/hotel-germania","og_site_name":"Italy Family Hotels","article_publisher":"https:\/\/www.facebook.com\/ItalyFamilyHotels\/","article_modified_time":"2024-02-06T13:48:20+00:00","twitter_card":"summary_large_image","twitter_misc":{"Dur\u00e9e de lecture estim\u00e9e":"2 minutes"},"schema":{"@context":"https:\/\/schema.org","@graph":[{"@type":"WebPage","@id":"https:\/\/www.italyfamilyhotels.it\/fr\/hotels\/hotel-germania","url":"https:\/\/www.italyfamilyhotels.it\/fr\/hotels\/hotel-germania","name":"H\u00f4tel Germania 3 \u00e9toiles, Jesolo Lido","isPartOf":{"@id":"https:\/\/www.italyfamilyhotels.it\/#website"},"datePublished":"2023-01-23T13:51:07+00:00","dateModified":"2024-02-06T13:48:20+00:00","description":"Envie de vacances en famille ? D\u00e9couvrez les offres pour familles de l\u2019H\u00f4tel Germania \u00e0 Jesolo Lido","breadcrumb":{"@id":"https:\/\/www.italyfamilyhotels.it\/fr\/hotels\/hotel-germania#breadcrumb"},"inLanguage":"fr-FR","potentialAction":[{"@type":"ReadAction","target":["https:\/\/www.italyfamilyhotels.it\/fr\/hotels\/hotel-germania"]}]},{"@type":"BreadcrumbList","@id":"https:\/\/www.italyfamilyhotels.it\/fr\/hotels\/hotel-germania#breadcrumb","itemListElement":[{"@type":"ListItem","position":1,"name":"Home","item":"https:\/\/www.italyfamilyhotels.it\/fr"},{"@type":"ListItem","position":2,"name":"Family Hotels","item":"https:\/\/www.italyfamilyhotels.it\/fr\/hotels"},{"@type":"ListItem","position":3,"name":"H\u00f4tel Germania"}]},{"@type":"WebSite","@id":"https:\/\/www.italyfamilyhotels.it\/#website","url":"https:\/\/www.italyfamilyhotels.it\/","name":"Italy Family Hotels","description":"","potentialAction":[{"@type":"SearchAction","target":{"@type":"EntryPoint","urlTemplate":"https:\/\/www.italyfamilyhotels.it\/?s={search_term_string}"},"query-input":{"@type":"PropertyValueSpecification","valueRequired":true,"valueName":"search_term_string"}}],"inLanguage":"fr-FR"}]}},"_links":{"self":[{"href":"https:\/\/www.italyfamilyhotels.it\/fr\/wp-json\/wp\/v2\/pages\/43924","targetHints":{"allow":["GET"]}}],"collection":[{"href":"https:\/\/www.italyfamilyhotels.it\/fr\/wp-json\/wp\/v2\/pages"}],"about":[{"href":"https:\/\/www.italyfamilyhotels.it\/fr\/wp-json\/wp\/v2\/types\/page"}],"author":[{"embeddable":true,"href":"https:\/\/www.italyfamilyhotels.it\/fr\/wp-json\/wp\/v2\/users\/65"}],"replies":[{"embeddable":true,"href":"https:\/\/www.italyfamilyhotels.it\/fr\/wp-json\/wp\/v2\/comments?post=43924"}],"version-history":[{"count":9,"href":"https:\/\/www.italyfamilyhotels.it\/fr\/wp-json\/wp\/v2\/pages\/43924\/revisions"}],"predecessor-version":[{"id":56050,"href":"https:\/\/www.italyfamilyhotels.it\/fr\/wp-json\/wp\/v2\/pages\/43924\/revisions\/56050"}],"up":[{"embeddable":true,"href":"https:\/\/www.italyfamilyhotels.it\/fr\/wp-json\/wp\/v2\/pages\/29729"}],"wp:attachment":[{"href":"https:\/\/www.italyfamilyhotels.it\/fr\/wp-json\/wp\/v2\/media?parent=43924"}],"curies":[{"name":"wp","href":"https:\/\/api.w.org\/{rel}","templated":true}]}}