{"id":43920,"date":"2023-01-23T14:44:56","date_gmt":"2023-01-23T13:44:56","guid":{"rendered":"https:\/\/www.italyfamilyhotels.it\/hotels\/oxygen-lifestyle-hotel"},"modified":"2025-07-15T09:19:56","modified_gmt":"2025-07-15T07:19:56","slug":"oxygen-lifestyle-hotel","status":"publish","type":"page","link":"https:\/\/www.italyfamilyhotels.it\/fr\/hotels\/oxygen-lifestyle-hotel","title":{"rendered":"Oxygen Lifestyle Hotel"},"content":{"rendered":"\n<p>Venez respirer l&#8217;air des vacances ici \u00e0 <b>Oxygen Lifestyle Hotel<\/b>, o\u00f9 nous vous attendons pour des moments insouciants et r\u00e9g\u00e9n\u00e9rants \u00e0 seulement&nbsp;<b>20 m\u00e8tres de la plage<\/b>. Une journ\u00e9e de vacances chez nous, c&#8217;est un concentr\u00e9 de plaisir \u00e0 taille humaine, d\u00e8s le r\u00e9veil !<\/p>\n\n\n\n<p>Le matin on <strong>joue sur la plage avec l\u2019animation<\/strong>, tandis que maman et papa peuvent se d\u00e9tendre sous le parasol, pratiquer du sport ou de la gymnastique dans l\u2019eau et ensuite d\u00e9cider <strong>librement o\u00f9 et quoi manger au d\u00e9jeuner<\/strong>, peut-\u00eatre en savourant les propositions du <strong>Folya Garden Lounge<\/strong>. Notre jardin est un espace \u00e0 vivre en toute d\u00e9tente et m\u00eame le lieu parfait pour <strong>commander \u00e0 la carte des plats frais<\/strong>, des en-cas dans l&#8217;apr\u00e8s-midi et des ap\u00e9ritifs d\u00e9licieux. Au contraire, nous<strong> offrons le d\u00e9jeuner aux enfants<\/strong> au Restaurant Folya, o\u00f9 ils mangent avec les douces <strong>Nounous <\/strong>qui prennent soin d\u2019eux.<\/p>\n\n\n\n<p>Apr\u00e8s un fantastique d\u00e9jeuner en compagnie des nouveaux amis des vacances &#8211; et peut-\u00eatre une sieste &#8211; tous \u00e0 la&nbsp;<strong>piscine pour les activit\u00e9s du Mini Club<\/strong> et les laboratoires du nouveau<strong>&nbsp;Kids Room<\/strong> &#8211; un espace exclusif d\u00e9di\u00e9 au divertissement des plus petits, avec du mobilier souple, de nouveaux jeux modulaires et \u00e9ducatifs- sans oublier le super&nbsp;<strong>go\u00fbter<\/strong>.<\/p>\n\n\n\n<p>Notre nouvelle <strong>piscine d&#8217;eau sal\u00e9e \u00e0 temp\u00e9rature douce<\/strong>, permet aux clients d&#8217;en profiter \u00e9galement durant les mois d&#8217;automne. Elle dispose d\u2019un <strong>bassin profond<\/strong> pour nager en libert\u00e9, de <strong>bains \u00e0 remous<\/strong> avec cascades cervicales et jets diversifi\u00e9s, un espace ludique avec<strong> jets et jeux d&#8217;eau<\/strong>, pour le plus grand bonheur des plus petits ! Entre deux plongeons, vous pourrez vous d\u00e9tendre dans le <strong>solarium <\/strong>avec parasols, transats et fauteuils design. Et pour un moment romantique et relaxant, profitez de la <strong>nouvelle Garden Pool you &amp; me<\/strong>\u00a0: un espace exclusif dans le jardin, avec <strong>jacuzzi<\/strong> et salon, disponible tous les jours <strong>de 9h \u00e0 19h30<\/strong>. En outre, \u00e0 partir de 20h, vous pouvez r\u00e9server tout l\u2019espace pour un usage exclusif, en surprenant peut-\u00eatre votre partenaire avec des bulles et des fruits frais.<\/p>\n\n\n\n<p>Et apr\u00e8s le d\u00eener ? Place \u00e0 la bonne humeur et au rire, entre&nbsp;<b>spectacles<\/b>&nbsp;et&nbsp;<b>baby-dance<\/b>, avant de s&#8217;endormir dans le confort agr\u00e9able de nos chambres, peut-\u00eatre en \u00e9coutant une douce histoire pour s&#8217;endormir.<\/p>\n\n\n\n<p>Une magie qui se r\u00e9p\u00e8te chaque jour, avec laquelle nous aimons chouchouter nos petits h\u00f4tes mais \u00e9galement les plus grands. Chez nous, les fans de&nbsp;<b>cyclotourisme&nbsp;<\/b>disposeront de nombreux services d\u00e9di\u00e9s et pourront participer \u00e0 des visites guid\u00e9es, tandis que les enfants s&#8217;amuseront en toute s\u00e9curit\u00e9 avec le personnel d\u2019<b>animation, disponible 8 heures par jour<\/b>, pour se retrouver et partager tous ensemble des moments sp\u00e9ciaux faits de&nbsp;<b>soir\u00e9es au bord de la piscine et dans le jardin<\/b>, avec de la musique, du karaok\u00e9, de la barbe \u00e0 papa, des ballons et beaucoup de rires&nbsp;!<\/p>\n","protected":false},"excerpt":{"rendered":"<p>Venez respirer l&#8217;air des vacances ici \u00e0 Oxygen Lifestyle Hotel, o\u00f9 nous vous attendons pour des moments insouciants et r\u00e9g\u00e9n\u00e9rants \u00e0 seulement&nbsp;20 m\u00e8tres de la plage. Une journ\u00e9e de vacances chez nous, c&#8217;est un concentr\u00e9 de plaisir \u00e0 taille humaine, d\u00e8s le r\u00e9veil ! Le matin on joue sur la plage avec l\u2019animation, tandis que &hellip;<\/p>\n","protected":false},"author":40,"featured_media":0,"parent":29729,"menu_order":0,"comment_status":"closed","ping_status":"closed","template":"page-templates\/scheda_hotel.php","meta":{"_acf_changed":false,"inline_featured_image":false,"footnotes":""},"class_list":["post-43920","page","type-page","status-publish","hentry"],"acf":[],"yoast_head":"<!-- This site is optimized with the Yoast SEO plugin v27.1 - https:\/\/yoast.com\/product\/yoast-seo-wordpress\/ -->\n<title>Oxygen Lifestyle Hotel 4 \u00e9toiles, Viserbella di Rimini<\/title>\n<meta name=\"description\" content=\"Envie de vacances en famille ? D\u00e9couvrez les offres pour familles de l\u2019Oxygen Lifestyle Hotel \u00e0 Viserbella di Rimini\" \/>\n<meta name=\"robots\" content=\"index, follow, max-snippet:-1, max-image-preview:large, max-video-preview:-1\" \/>\n<link rel=\"canonical\" href=\"https:\/\/www.italyfamilyhotels.it\/fr\/hotels\/oxygen-lifestyle-hotel\" \/>\n<meta property=\"og:locale\" content=\"fr_FR\" \/>\n<meta property=\"og:type\" content=\"article\" \/>\n<meta property=\"og:title\" content=\"Oxygen Lifestyle Hotel 4 \u00e9toiles, Viserbella di Rimini\" \/>\n<meta property=\"og:description\" content=\"Envie de vacances en famille ? D\u00e9couvrez les offres pour familles de l\u2019Oxygen Lifestyle Hotel \u00e0 Viserbella di Rimini\" \/>\n<meta property=\"og:url\" content=\"https:\/\/www.italyfamilyhotels.it\/fr\/hotels\/oxygen-lifestyle-hotel\" \/>\n<meta property=\"og:site_name\" content=\"Italy Family Hotels\" \/>\n<meta property=\"article:publisher\" content=\"https:\/\/www.facebook.com\/ItalyFamilyHotels\/\" \/>\n<meta property=\"article:modified_time\" content=\"2025-07-15T07:19:56+00:00\" \/>\n<meta name=\"twitter:card\" content=\"summary_large_image\" \/>\n<meta name=\"twitter:label1\" content=\"Dur\u00e9e de lecture estim\u00e9e\" \/>\n\t<meta name=\"twitter:data1\" content=\"3 minutes\" \/>\n<script type=\"application\/ld+json\" class=\"yoast-schema-graph\">{\"@context\":\"https:\/\/schema.org\",\"@graph\":[{\"@type\":\"WebPage\",\"@id\":\"https:\/\/www.italyfamilyhotels.it\/fr\/hotels\/oxygen-lifestyle-hotel\",\"url\":\"https:\/\/www.italyfamilyhotels.it\/fr\/hotels\/oxygen-lifestyle-hotel\",\"name\":\"Oxygen Lifestyle Hotel 4 \u00e9toiles, Viserbella di Rimini\",\"isPartOf\":{\"@id\":\"https:\/\/www.italyfamilyhotels.it\/#website\"},\"datePublished\":\"2023-01-23T13:44:56+00:00\",\"dateModified\":\"2025-07-15T07:19:56+00:00\",\"description\":\"Envie de vacances en famille ? D\u00e9couvrez les offres pour familles de l\u2019Oxygen Lifestyle Hotel \u00e0 Viserbella di Rimini\",\"breadcrumb\":{\"@id\":\"https:\/\/www.italyfamilyhotels.it\/fr\/hotels\/oxygen-lifestyle-hotel#breadcrumb\"},\"inLanguage\":\"fr-FR\",\"potentialAction\":[{\"@type\":\"ReadAction\",\"target\":[\"https:\/\/www.italyfamilyhotels.it\/fr\/hotels\/oxygen-lifestyle-hotel\"]}]},{\"@type\":\"BreadcrumbList\",\"@id\":\"https:\/\/www.italyfamilyhotels.it\/fr\/hotels\/oxygen-lifestyle-hotel#breadcrumb\",\"itemListElement\":[{\"@type\":\"ListItem\",\"position\":1,\"name\":\"Home\",\"item\":\"https:\/\/www.italyfamilyhotels.it\/fr\"},{\"@type\":\"ListItem\",\"position\":2,\"name\":\"Family Hotels\",\"item\":\"https:\/\/www.italyfamilyhotels.it\/fr\/hotels\"},{\"@type\":\"ListItem\",\"position\":3,\"name\":\"Oxygen Lifestyle Hotel\"}]},{\"@type\":\"WebSite\",\"@id\":\"https:\/\/www.italyfamilyhotels.it\/#website\",\"url\":\"https:\/\/www.italyfamilyhotels.it\/\",\"name\":\"Italy Family Hotels\",\"description\":\"\",\"potentialAction\":[{\"@type\":\"SearchAction\",\"target\":{\"@type\":\"EntryPoint\",\"urlTemplate\":\"https:\/\/www.italyfamilyhotels.it\/?s={search_term_string}\"},\"query-input\":{\"@type\":\"PropertyValueSpecification\",\"valueRequired\":true,\"valueName\":\"search_term_string\"}}],\"inLanguage\":\"fr-FR\"}]}<\/script>\n<!-- \/ Yoast SEO plugin. -->","yoast_head_json":{"title":"Oxygen Lifestyle Hotel 4 \u00e9toiles, Viserbella di Rimini","description":"Envie de vacances en famille ? D\u00e9couvrez les offres pour familles de l\u2019Oxygen Lifestyle Hotel \u00e0 Viserbella di Rimini","robots":{"index":"index","follow":"follow","max-snippet":"max-snippet:-1","max-image-preview":"max-image-preview:large","max-video-preview":"max-video-preview:-1"},"canonical":"https:\/\/www.italyfamilyhotels.it\/fr\/hotels\/oxygen-lifestyle-hotel","og_locale":"fr_FR","og_type":"article","og_title":"Oxygen Lifestyle Hotel 4 \u00e9toiles, Viserbella di Rimini","og_description":"Envie de vacances en famille ? D\u00e9couvrez les offres pour familles de l\u2019Oxygen Lifestyle Hotel \u00e0 Viserbella di Rimini","og_url":"https:\/\/www.italyfamilyhotels.it\/fr\/hotels\/oxygen-lifestyle-hotel","og_site_name":"Italy Family Hotels","article_publisher":"https:\/\/www.facebook.com\/ItalyFamilyHotels\/","article_modified_time":"2025-07-15T07:19:56+00:00","twitter_card":"summary_large_image","twitter_misc":{"Dur\u00e9e de lecture estim\u00e9e":"3 minutes"},"schema":{"@context":"https:\/\/schema.org","@graph":[{"@type":"WebPage","@id":"https:\/\/www.italyfamilyhotels.it\/fr\/hotels\/oxygen-lifestyle-hotel","url":"https:\/\/www.italyfamilyhotels.it\/fr\/hotels\/oxygen-lifestyle-hotel","name":"Oxygen Lifestyle Hotel 4 \u00e9toiles, Viserbella di Rimini","isPartOf":{"@id":"https:\/\/www.italyfamilyhotels.it\/#website"},"datePublished":"2023-01-23T13:44:56+00:00","dateModified":"2025-07-15T07:19:56+00:00","description":"Envie de vacances en famille ? D\u00e9couvrez les offres pour familles de l\u2019Oxygen Lifestyle Hotel \u00e0 Viserbella di Rimini","breadcrumb":{"@id":"https:\/\/www.italyfamilyhotels.it\/fr\/hotels\/oxygen-lifestyle-hotel#breadcrumb"},"inLanguage":"fr-FR","potentialAction":[{"@type":"ReadAction","target":["https:\/\/www.italyfamilyhotels.it\/fr\/hotels\/oxygen-lifestyle-hotel"]}]},{"@type":"BreadcrumbList","@id":"https:\/\/www.italyfamilyhotels.it\/fr\/hotels\/oxygen-lifestyle-hotel#breadcrumb","itemListElement":[{"@type":"ListItem","position":1,"name":"Home","item":"https:\/\/www.italyfamilyhotels.it\/fr"},{"@type":"ListItem","position":2,"name":"Family Hotels","item":"https:\/\/www.italyfamilyhotels.it\/fr\/hotels"},{"@type":"ListItem","position":3,"name":"Oxygen Lifestyle Hotel"}]},{"@type":"WebSite","@id":"https:\/\/www.italyfamilyhotels.it\/#website","url":"https:\/\/www.italyfamilyhotels.it\/","name":"Italy Family Hotels","description":"","potentialAction":[{"@type":"SearchAction","target":{"@type":"EntryPoint","urlTemplate":"https:\/\/www.italyfamilyhotels.it\/?s={search_term_string}"},"query-input":{"@type":"PropertyValueSpecification","valueRequired":true,"valueName":"search_term_string"}}],"inLanguage":"fr-FR"}]}},"_links":{"self":[{"href":"https:\/\/www.italyfamilyhotels.it\/fr\/wp-json\/wp\/v2\/pages\/43920","targetHints":{"allow":["GET"]}}],"collection":[{"href":"https:\/\/www.italyfamilyhotels.it\/fr\/wp-json\/wp\/v2\/pages"}],"about":[{"href":"https:\/\/www.italyfamilyhotels.it\/fr\/wp-json\/wp\/v2\/types\/page"}],"author":[{"embeddable":true,"href":"https:\/\/www.italyfamilyhotels.it\/fr\/wp-json\/wp\/v2\/users\/40"}],"replies":[{"embeddable":true,"href":"https:\/\/www.italyfamilyhotels.it\/fr\/wp-json\/wp\/v2\/comments?post=43920"}],"version-history":[{"count":9,"href":"https:\/\/www.italyfamilyhotels.it\/fr\/wp-json\/wp\/v2\/pages\/43920\/revisions"}],"predecessor-version":[{"id":70645,"href":"https:\/\/www.italyfamilyhotels.it\/fr\/wp-json\/wp\/v2\/pages\/43920\/revisions\/70645"}],"up":[{"embeddable":true,"href":"https:\/\/www.italyfamilyhotels.it\/fr\/wp-json\/wp\/v2\/pages\/29729"}],"wp:attachment":[{"href":"https:\/\/www.italyfamilyhotels.it\/fr\/wp-json\/wp\/v2\/media?parent=43920"}],"curies":[{"name":"wp","href":"https:\/\/api.w.org\/{rel}","templated":true}]}}