{"id":43918,"date":"2023-01-23T14:44:37","date_gmt":"2023-01-23T13:44:37","guid":{"rendered":"https:\/\/www.italyfamilyhotels.it\/hotels\/meridiana-family-nature-hotel"},"modified":"2025-03-10T09:42:42","modified_gmt":"2025-03-10T08:42:42","slug":"meridiana-family-nature-hotel","status":"publish","type":"page","link":"https:\/\/www.italyfamilyhotels.it\/fr\/hotels\/meridiana-family-nature-hotel","title":{"rendered":"Meridiana Family &#038; Nature Hotel"},"content":{"rendered":"\n<p>Le n\u00f4tre n&#8217;est pas seulement un\u00a0<b>h\u00f4tel familial<\/b>\u00a0mais \u00e9galement un\u00a0<b>h\u00f4tel nature<\/b>, immerg\u00e9 dans une pin\u00e8de et totalement \u00e9cologique. Tous les espaces sont soign\u00e9s dans le d\u00e9tail, selon une philosophie qui se traduit par un choix minutieux de couleurs et de mat\u00e9riaux, l&#8217;\u00e9tude des lumi\u00e8res et du mobilier, et l&#8217;utilisation de mati\u00e8res premi\u00e8res \u00e0 0 km. La cuisine de la plus haute qualit\u00e9 est une rencontre \u00e9cologique avec la Romagne, o\u00f9 la tradition et la sant\u00e9 se mettent \u00e0 table avec imagination.<\/p>\n\n\n\n<p>Nous sommes dans un contexte naturel unique : le\u00a0<b>\u00ab\u00a0Parc r\u00e9gional du Delta du P\u00f4\u00a0\u00bb,<\/b>\u00a0entre senteurs de pin\u00e8de et souffle de\u00a0<b>mer, situ\u00e9e \u00e0 seulement 300 m\u00e8tres<\/b>. Il est possible de faire des excursions \u00e0 v\u00e9lo, en bateau, de prendre des cours de photographie, de participer \u00e0 des journ\u00e9es \u00e9cologiques sur la plage et dans la pin\u00e8de. Vous pourrez \u00e9galement vous d\u00e9placer dans les environs imm\u00e9diats pour passer une journ\u00e9e\u00a0<b>\u00e0 Ravenne, \u00e0 Mirabilandia ou parmi les Parcs de la Riviera Romagnole<\/b>, pour lesquels nous vous proposons des remises attractives.<\/p>\n\n\n\n<p>Ici, \u00e0\u00a0<b>Meridiana Family&amp;Nature Hotel<\/b>, vous trouverez de grands espaces d\u00e9di\u00e9s aux plus petits, v\u00e9ritables invit\u00e9s d&#8217;honneur, avec\u00a0<b>12 heures d&#8217;animations et de spectacles<\/b>\u00a0tous les jours : la grande et color\u00e9e\u00a0<b>ludoth\u00e8que<\/b>\u00a0avec\u00a0<b>terrain de jeux<\/b>,\u00a0<b>nurserie<\/b>,\u00a0<b>cin\u00e9ma<\/b>\u00a0et cuisine \u00e9quip\u00e9e pour la pr\u00e9paration des aliments pour b\u00e9b\u00e9s, ou encore la plage baign\u00e9e par des eaux peu profondes et s\u00fbres et\u00a0la\u00a0<b>piscine avec espace sable<\/b>\u00a0; une solution id\u00e9ale pour les parents qui souhaitent alterner activit\u00e9s sur la plage et d\u00e9tente \u00e0 l&#8217;h\u00f4tel.<\/p>\n","protected":false},"excerpt":{"rendered":"<p>Le n\u00f4tre n&#8217;est pas seulement un\u00a0h\u00f4tel familial\u00a0mais \u00e9galement un\u00a0h\u00f4tel nature, immerg\u00e9 dans une pin\u00e8de et totalement \u00e9cologique. Tous les espaces sont soign\u00e9s dans le d\u00e9tail, selon une philosophie qui se traduit par un choix minutieux de couleurs et de mat\u00e9riaux, l&#8217;\u00e9tude des lumi\u00e8res et du mobilier, et l&#8217;utilisation de mati\u00e8res premi\u00e8res \u00e0 0 km. La &hellip;<\/p>\n","protected":false},"author":73,"featured_media":0,"parent":29729,"menu_order":0,"comment_status":"closed","ping_status":"closed","template":"page-templates\/scheda_hotel.php","meta":{"_acf_changed":false,"inline_featured_image":false,"footnotes":""},"class_list":["post-43918","page","type-page","status-publish","hentry"],"acf":[],"yoast_head":"<!-- This site is optimized with the Yoast SEO plugin v27.1 - https:\/\/yoast.com\/product\/yoast-seo-wordpress\/ -->\n<title>Meridiana Family &amp; Nature Hotel 3 \u00e9toiles, Marina Romea<\/title>\n<meta name=\"description\" content=\"Envie de vacances en famille ? D\u00e9couvrez les offres pour familles du Meridiana Family &amp; Nature Hotel \u00e0 Marina Romea\" \/>\n<meta name=\"robots\" content=\"index, follow, max-snippet:-1, max-image-preview:large, max-video-preview:-1\" \/>\n<link rel=\"canonical\" href=\"https:\/\/www.italyfamilyhotels.it\/fr\/hotels\/meridiana-family-nature-hotel\" \/>\n<meta property=\"og:locale\" content=\"fr_FR\" \/>\n<meta property=\"og:type\" content=\"article\" \/>\n<meta property=\"og:title\" content=\"Meridiana Family &amp; Nature Hotel 3 \u00e9toiles, Marina Romea\" \/>\n<meta property=\"og:description\" content=\"Envie de vacances en famille ? D\u00e9couvrez les offres pour familles du Meridiana Family &amp; Nature Hotel \u00e0 Marina Romea\" \/>\n<meta property=\"og:url\" content=\"https:\/\/www.italyfamilyhotels.it\/fr\/hotels\/meridiana-family-nature-hotel\" \/>\n<meta property=\"og:site_name\" content=\"Italy Family Hotels\" \/>\n<meta property=\"article:publisher\" content=\"https:\/\/www.facebook.com\/ItalyFamilyHotels\/\" \/>\n<meta property=\"article:modified_time\" content=\"2025-03-10T08:42:42+00:00\" \/>\n<meta name=\"twitter:card\" content=\"summary_large_image\" \/>\n<meta name=\"twitter:label1\" content=\"Dur\u00e9e de lecture estim\u00e9e\" \/>\n\t<meta name=\"twitter:data1\" content=\"1 minute\" \/>\n<script type=\"application\/ld+json\" class=\"yoast-schema-graph\">{\"@context\":\"https:\/\/schema.org\",\"@graph\":[{\"@type\":\"WebPage\",\"@id\":\"https:\/\/www.italyfamilyhotels.it\/fr\/hotels\/meridiana-family-nature-hotel\",\"url\":\"https:\/\/www.italyfamilyhotels.it\/fr\/hotels\/meridiana-family-nature-hotel\",\"name\":\"Meridiana Family & Nature Hotel 3 \u00e9toiles, Marina Romea\",\"isPartOf\":{\"@id\":\"https:\/\/www.italyfamilyhotels.it\/#website\"},\"datePublished\":\"2023-01-23T13:44:37+00:00\",\"dateModified\":\"2025-03-10T08:42:42+00:00\",\"description\":\"Envie de vacances en famille ? D\u00e9couvrez les offres pour familles du Meridiana Family & Nature Hotel \u00e0 Marina Romea\",\"breadcrumb\":{\"@id\":\"https:\/\/www.italyfamilyhotels.it\/fr\/hotels\/meridiana-family-nature-hotel#breadcrumb\"},\"inLanguage\":\"fr-FR\",\"potentialAction\":[{\"@type\":\"ReadAction\",\"target\":[\"https:\/\/www.italyfamilyhotels.it\/fr\/hotels\/meridiana-family-nature-hotel\"]}]},{\"@type\":\"BreadcrumbList\",\"@id\":\"https:\/\/www.italyfamilyhotels.it\/fr\/hotels\/meridiana-family-nature-hotel#breadcrumb\",\"itemListElement\":[{\"@type\":\"ListItem\",\"position\":1,\"name\":\"Home\",\"item\":\"https:\/\/www.italyfamilyhotels.it\/fr\"},{\"@type\":\"ListItem\",\"position\":2,\"name\":\"Family Hotels\",\"item\":\"https:\/\/www.italyfamilyhotels.it\/fr\/hotels\"},{\"@type\":\"ListItem\",\"position\":3,\"name\":\"Meridiana Family &#038; Nature Hotel\"}]},{\"@type\":\"WebSite\",\"@id\":\"https:\/\/www.italyfamilyhotels.it\/#website\",\"url\":\"https:\/\/www.italyfamilyhotels.it\/\",\"name\":\"Italy Family Hotels\",\"description\":\"\",\"potentialAction\":[{\"@type\":\"SearchAction\",\"target\":{\"@type\":\"EntryPoint\",\"urlTemplate\":\"https:\/\/www.italyfamilyhotels.it\/?s={search_term_string}\"},\"query-input\":{\"@type\":\"PropertyValueSpecification\",\"valueRequired\":true,\"valueName\":\"search_term_string\"}}],\"inLanguage\":\"fr-FR\"}]}<\/script>\n<!-- \/ Yoast SEO plugin. -->","yoast_head_json":{"title":"Meridiana Family & Nature Hotel 3 \u00e9toiles, Marina Romea","description":"Envie de vacances en famille ? D\u00e9couvrez les offres pour familles du Meridiana Family & Nature Hotel \u00e0 Marina Romea","robots":{"index":"index","follow":"follow","max-snippet":"max-snippet:-1","max-image-preview":"max-image-preview:large","max-video-preview":"max-video-preview:-1"},"canonical":"https:\/\/www.italyfamilyhotels.it\/fr\/hotels\/meridiana-family-nature-hotel","og_locale":"fr_FR","og_type":"article","og_title":"Meridiana Family & Nature Hotel 3 \u00e9toiles, Marina Romea","og_description":"Envie de vacances en famille ? D\u00e9couvrez les offres pour familles du Meridiana Family & Nature Hotel \u00e0 Marina Romea","og_url":"https:\/\/www.italyfamilyhotels.it\/fr\/hotels\/meridiana-family-nature-hotel","og_site_name":"Italy Family Hotels","article_publisher":"https:\/\/www.facebook.com\/ItalyFamilyHotels\/","article_modified_time":"2025-03-10T08:42:42+00:00","twitter_card":"summary_large_image","twitter_misc":{"Dur\u00e9e de lecture estim\u00e9e":"1 minute"},"schema":{"@context":"https:\/\/schema.org","@graph":[{"@type":"WebPage","@id":"https:\/\/www.italyfamilyhotels.it\/fr\/hotels\/meridiana-family-nature-hotel","url":"https:\/\/www.italyfamilyhotels.it\/fr\/hotels\/meridiana-family-nature-hotel","name":"Meridiana Family & Nature Hotel 3 \u00e9toiles, Marina Romea","isPartOf":{"@id":"https:\/\/www.italyfamilyhotels.it\/#website"},"datePublished":"2023-01-23T13:44:37+00:00","dateModified":"2025-03-10T08:42:42+00:00","description":"Envie de vacances en famille ? D\u00e9couvrez les offres pour familles du Meridiana Family & Nature Hotel \u00e0 Marina Romea","breadcrumb":{"@id":"https:\/\/www.italyfamilyhotels.it\/fr\/hotels\/meridiana-family-nature-hotel#breadcrumb"},"inLanguage":"fr-FR","potentialAction":[{"@type":"ReadAction","target":["https:\/\/www.italyfamilyhotels.it\/fr\/hotels\/meridiana-family-nature-hotel"]}]},{"@type":"BreadcrumbList","@id":"https:\/\/www.italyfamilyhotels.it\/fr\/hotels\/meridiana-family-nature-hotel#breadcrumb","itemListElement":[{"@type":"ListItem","position":1,"name":"Home","item":"https:\/\/www.italyfamilyhotels.it\/fr"},{"@type":"ListItem","position":2,"name":"Family Hotels","item":"https:\/\/www.italyfamilyhotels.it\/fr\/hotels"},{"@type":"ListItem","position":3,"name":"Meridiana Family &#038; Nature Hotel"}]},{"@type":"WebSite","@id":"https:\/\/www.italyfamilyhotels.it\/#website","url":"https:\/\/www.italyfamilyhotels.it\/","name":"Italy Family Hotels","description":"","potentialAction":[{"@type":"SearchAction","target":{"@type":"EntryPoint","urlTemplate":"https:\/\/www.italyfamilyhotels.it\/?s={search_term_string}"},"query-input":{"@type":"PropertyValueSpecification","valueRequired":true,"valueName":"search_term_string"}}],"inLanguage":"fr-FR"}]}},"_links":{"self":[{"href":"https:\/\/www.italyfamilyhotels.it\/fr\/wp-json\/wp\/v2\/pages\/43918","targetHints":{"allow":["GET"]}}],"collection":[{"href":"https:\/\/www.italyfamilyhotels.it\/fr\/wp-json\/wp\/v2\/pages"}],"about":[{"href":"https:\/\/www.italyfamilyhotels.it\/fr\/wp-json\/wp\/v2\/types\/page"}],"author":[{"embeddable":true,"href":"https:\/\/www.italyfamilyhotels.it\/fr\/wp-json\/wp\/v2\/users\/73"}],"replies":[{"embeddable":true,"href":"https:\/\/www.italyfamilyhotels.it\/fr\/wp-json\/wp\/v2\/comments?post=43918"}],"version-history":[{"count":4,"href":"https:\/\/www.italyfamilyhotels.it\/fr\/wp-json\/wp\/v2\/pages\/43918\/revisions"}],"predecessor-version":[{"id":66898,"href":"https:\/\/www.italyfamilyhotels.it\/fr\/wp-json\/wp\/v2\/pages\/43918\/revisions\/66898"}],"up":[{"embeddable":true,"href":"https:\/\/www.italyfamilyhotels.it\/fr\/wp-json\/wp\/v2\/pages\/29729"}],"wp:attachment":[{"href":"https:\/\/www.italyfamilyhotels.it\/fr\/wp-json\/wp\/v2\/media?parent=43918"}],"curies":[{"name":"wp","href":"https:\/\/api.w.org\/{rel}","templated":true}]}}