{"id":43916,"date":"2023-01-23T14:44:15","date_gmt":"2023-01-23T13:44:15","guid":{"rendered":"https:\/\/www.italyfamilyhotels.it\/hotels\/resort-dolce-casa-family-spa"},"modified":"2026-01-08T14:57:36","modified_gmt":"2026-01-08T13:57:36","slug":"resort-dolce-casa-family-spa","status":"publish","type":"page","link":"https:\/\/www.italyfamilyhotels.it\/fr\/hotels\/resort-dolce-casa-family-spa","title":{"rendered":"Resort Dolce Casa Family &#038; Spa"},"content":{"rendered":"\n<p>\u00c0 Moena, entre le Val di Fassa et le Val di Fiemme, le&nbsp;<b>Resort Dolce Casa Family &amp; Spa<\/b>&nbsp;est l&#8217;endroit id\u00e9al pour se sentir chez soi en regardant&nbsp;<b>les Dolomites se teinter de rose au coucher du soleil<\/b>. Ici, les chambres \u00e0 l&#8217;ambiance chaleureuse, typique du bois, accueillent votre famille dans un univers que nombreux consid\u00e8rent comme&nbsp;le <b>choix id\u00e9al pour les enfants, mais \u00e9galement pour les parents !<\/b><\/p>\n\n\n\n<p><b>Tina Land<\/b>&nbsp;est un univers de&nbsp;<b>500 m\u00b2 d\u00e9di\u00e9s aux enfants<\/b>, avec des ch\u00e2teaux, des labyrinthes, des toboggans et une ar\u00e8ne sportive. Pendant que vos petits s&#8217;amusent en toute s\u00e9curit\u00e9, accompagn\u00e9s d\u2019<b>animateurs exp\u00e9riment\u00e9s<\/b>&nbsp;et, en hiver, des&nbsp;<b>moniteurs de l&#8217;\u00e9cole de ski de Tina<\/b>&nbsp;souverains des pistes de l&#8217;Alpe Lusia, vous pourrez vous d\u00e9tendre dans le&nbsp;<b>grand espace bien-\u00eatre<\/b>&nbsp;en toute tranquillit\u00e9.<\/p>\n\n\n\n<p>Vous aimez les vacances sans soucis ? Choisissez la formule&nbsp;<b>Tout compris<\/b>&nbsp;pour vous et votre famille, laquelle comprend le petit-d\u00e9jeuner, le d\u00e9jeuner, le go\u00fbter et le d\u00eener, avec fontaine \u00e0 boissons \u00e0 disposition pendant les repas.<\/p>\n\n\n\n<p>Pour qui voyage avec un <b>nouveau-n\u00e9<\/b>, vous trouverez des&nbsp;<b>piscines<\/b>&nbsp;d\u00e9di\u00e9es,&nbsp;des <b>poussettes<\/b>,&nbsp;des <b>sacs \u00e0 dos \u00e0 louer<\/b>&nbsp;et, sur demande, un&nbsp;<b>kit b\u00e9b\u00e9<\/b>&nbsp;dans la chambre.<\/p>\n\n\n<figure class=\"wp-block-table ifh_awards\"><table><tbody><tr>\r\n<td><img decoding=\"async\" src=\"https:\/\/www.italyfamilyhotels.it\/wp-content\/themes\/ifh2\/img\/ifh_awards.svg\" alt=\"Italy Family Awards\"><\/td>\r\n<td>Cet h\u00f4tel s&#8217;est class\u00e9 premier dans la cat\u00e9gorie: <br><strong>Top Baby Family Hotel<span class=\"info\" onclick=\"toggleAwardPopup(event)\"><span class=\"popup\" onclick=\"toggleAwardPopupClose(event)\">\r\n    <span class=\"popup_header\"><\/span>\r\n    <span class=\"popup_content\">La r\u00e9compense pour l&#8217;h\u00f4tel qui a re\u00e7u le plus d&#8217;\u00e9loges parmi les \u00e9tablissements d&#8217;h\u00e9bergement sp\u00e9cialis\u00e9s dans l&#8217;accueil des familles avec enfants de 0 \u00e0 2 ans.<\/span>\r\n    <span class=\"popup_footer\"><\/span>\r\n    <\/span><\/span><\/strong><\/td>\r\n<\/tr><\/tbody><\/table><\/figure>\r\n<script type=\"text\/javascript\">\r\nif(!toggleAwardPopup) {\r\n     var toggleAwardPopup = function(e){\r\n        e = e || window.event;\r\n        e.stopPropagation();\r\n        var target = e.target || e.srcElement;\r\n        jQuery(target).children(\".popup\").fadeToggle();\r\n    };\r\n}\r\nif(!toggleAwardPopupClose) {\r\n     var toggleAwardPopupClose = function(e){\r\n        e = e || window.event;\r\n        e.stopPropagation();\r\n        var target = e.target || e.srcElement;\r\n        jQuery(target).parent(\".popup\").fadeToggle();\r\n    };\r\n}\r\n<\/script>","protected":false},"excerpt":{"rendered":"<p>\u00c0 Moena, entre le Val di Fassa et le Val di Fiemme, le&nbsp;Resort Dolce Casa Family &amp; Spa&nbsp;est l&#8217;endroit id\u00e9al pour se sentir chez soi en regardant&nbsp;les Dolomites se teinter de rose au coucher du soleil. Ici, les chambres \u00e0 l&#8217;ambiance chaleureuse, typique du bois, accueillent votre famille dans un univers que nombreux consid\u00e8rent comme&nbsp;le &hellip;<\/p>\n","protected":false},"author":20,"featured_media":0,"parent":29729,"menu_order":0,"comment_status":"closed","ping_status":"closed","template":"page-templates\/scheda_hotel.php","meta":{"_acf_changed":false,"inline_featured_image":false,"footnotes":""},"class_list":["post-43916","page","type-page","status-publish","hentry"],"acf":[],"yoast_head":"<!-- This site is optimized with the Yoast SEO plugin v27.1 - https:\/\/yoast.com\/product\/yoast-seo-wordpress\/ -->\n<title>Resort Dolce Casa Family &amp; Spa 4 \u00e9toiles, Moena<\/title>\n<meta name=\"description\" content=\"Envie de vacances en famille ? D\u00e9couvrez les offres pour familles du Dolce Casa Family &amp; Spa Resort \u00e0 Moena\" \/>\n<meta name=\"robots\" content=\"index, follow, max-snippet:-1, max-image-preview:large, max-video-preview:-1\" \/>\n<link rel=\"canonical\" href=\"https:\/\/www.italyfamilyhotels.it\/fr\/hotels\/resort-dolce-casa-family-spa\" \/>\n<meta property=\"og:locale\" content=\"fr_FR\" \/>\n<meta property=\"og:type\" content=\"article\" \/>\n<meta property=\"og:title\" content=\"Resort Dolce Casa Family &amp; Spa 4 \u00e9toiles, Moena\" \/>\n<meta property=\"og:description\" content=\"Envie de vacances en famille ? D\u00e9couvrez les offres pour familles du Dolce Casa Family &amp; Spa Resort \u00e0 Moena\" \/>\n<meta property=\"og:url\" content=\"https:\/\/www.italyfamilyhotels.it\/fr\/hotels\/resort-dolce-casa-family-spa\" \/>\n<meta property=\"og:site_name\" content=\"Italy Family Hotels\" \/>\n<meta property=\"article:publisher\" content=\"https:\/\/www.facebook.com\/ItalyFamilyHotels\/\" \/>\n<meta property=\"article:modified_time\" content=\"2026-01-08T13:57:36+00:00\" \/>\n<meta name=\"twitter:card\" content=\"summary_large_image\" \/>\n<meta name=\"twitter:label1\" content=\"Dur\u00e9e de lecture estim\u00e9e\" \/>\n\t<meta name=\"twitter:data1\" content=\"1 minute\" \/>\n<script type=\"application\/ld+json\" class=\"yoast-schema-graph\">{\"@context\":\"https:\/\/schema.org\",\"@graph\":[{\"@type\":\"WebPage\",\"@id\":\"https:\/\/www.italyfamilyhotels.it\/fr\/hotels\/resort-dolce-casa-family-spa\",\"url\":\"https:\/\/www.italyfamilyhotels.it\/fr\/hotels\/resort-dolce-casa-family-spa\",\"name\":\"Resort Dolce Casa Family & Spa 4 \u00e9toiles, Moena\",\"isPartOf\":{\"@id\":\"https:\/\/www.italyfamilyhotels.it\/#website\"},\"datePublished\":\"2023-01-23T13:44:15+00:00\",\"dateModified\":\"2026-01-08T13:57:36+00:00\",\"description\":\"Envie de vacances en famille ? D\u00e9couvrez les offres pour familles du Dolce Casa Family & Spa Resort \u00e0 Moena\",\"breadcrumb\":{\"@id\":\"https:\/\/www.italyfamilyhotels.it\/fr\/hotels\/resort-dolce-casa-family-spa#breadcrumb\"},\"inLanguage\":\"fr-FR\",\"potentialAction\":[{\"@type\":\"ReadAction\",\"target\":[\"https:\/\/www.italyfamilyhotels.it\/fr\/hotels\/resort-dolce-casa-family-spa\"]}]},{\"@type\":\"BreadcrumbList\",\"@id\":\"https:\/\/www.italyfamilyhotels.it\/fr\/hotels\/resort-dolce-casa-family-spa#breadcrumb\",\"itemListElement\":[{\"@type\":\"ListItem\",\"position\":1,\"name\":\"Home\",\"item\":\"https:\/\/www.italyfamilyhotels.it\/fr\"},{\"@type\":\"ListItem\",\"position\":2,\"name\":\"Family Hotels\",\"item\":\"https:\/\/www.italyfamilyhotels.it\/fr\/hotels\"},{\"@type\":\"ListItem\",\"position\":3,\"name\":\"Resort Dolce Casa Family &#038; Spa\"}]},{\"@type\":\"WebSite\",\"@id\":\"https:\/\/www.italyfamilyhotels.it\/#website\",\"url\":\"https:\/\/www.italyfamilyhotels.it\/\",\"name\":\"Italy Family Hotels\",\"description\":\"\",\"potentialAction\":[{\"@type\":\"SearchAction\",\"target\":{\"@type\":\"EntryPoint\",\"urlTemplate\":\"https:\/\/www.italyfamilyhotels.it\/?s={search_term_string}\"},\"query-input\":{\"@type\":\"PropertyValueSpecification\",\"valueRequired\":true,\"valueName\":\"search_term_string\"}}],\"inLanguage\":\"fr-FR\"}]}<\/script>\n<!-- \/ Yoast SEO plugin. -->","yoast_head_json":{"title":"Resort Dolce Casa Family & Spa 4 \u00e9toiles, Moena","description":"Envie de vacances en famille ? D\u00e9couvrez les offres pour familles du Dolce Casa Family & Spa Resort \u00e0 Moena","robots":{"index":"index","follow":"follow","max-snippet":"max-snippet:-1","max-image-preview":"max-image-preview:large","max-video-preview":"max-video-preview:-1"},"canonical":"https:\/\/www.italyfamilyhotels.it\/fr\/hotels\/resort-dolce-casa-family-spa","og_locale":"fr_FR","og_type":"article","og_title":"Resort Dolce Casa Family & Spa 4 \u00e9toiles, Moena","og_description":"Envie de vacances en famille ? D\u00e9couvrez les offres pour familles du Dolce Casa Family & Spa Resort \u00e0 Moena","og_url":"https:\/\/www.italyfamilyhotels.it\/fr\/hotels\/resort-dolce-casa-family-spa","og_site_name":"Italy Family Hotels","article_publisher":"https:\/\/www.facebook.com\/ItalyFamilyHotels\/","article_modified_time":"2026-01-08T13:57:36+00:00","twitter_card":"summary_large_image","twitter_misc":{"Dur\u00e9e de lecture estim\u00e9e":"1 minute"},"schema":{"@context":"https:\/\/schema.org","@graph":[{"@type":"WebPage","@id":"https:\/\/www.italyfamilyhotels.it\/fr\/hotels\/resort-dolce-casa-family-spa","url":"https:\/\/www.italyfamilyhotels.it\/fr\/hotels\/resort-dolce-casa-family-spa","name":"Resort Dolce Casa Family & Spa 4 \u00e9toiles, Moena","isPartOf":{"@id":"https:\/\/www.italyfamilyhotels.it\/#website"},"datePublished":"2023-01-23T13:44:15+00:00","dateModified":"2026-01-08T13:57:36+00:00","description":"Envie de vacances en famille ? D\u00e9couvrez les offres pour familles du Dolce Casa Family & Spa Resort \u00e0 Moena","breadcrumb":{"@id":"https:\/\/www.italyfamilyhotels.it\/fr\/hotels\/resort-dolce-casa-family-spa#breadcrumb"},"inLanguage":"fr-FR","potentialAction":[{"@type":"ReadAction","target":["https:\/\/www.italyfamilyhotels.it\/fr\/hotels\/resort-dolce-casa-family-spa"]}]},{"@type":"BreadcrumbList","@id":"https:\/\/www.italyfamilyhotels.it\/fr\/hotels\/resort-dolce-casa-family-spa#breadcrumb","itemListElement":[{"@type":"ListItem","position":1,"name":"Home","item":"https:\/\/www.italyfamilyhotels.it\/fr"},{"@type":"ListItem","position":2,"name":"Family Hotels","item":"https:\/\/www.italyfamilyhotels.it\/fr\/hotels"},{"@type":"ListItem","position":3,"name":"Resort Dolce Casa Family &#038; Spa"}]},{"@type":"WebSite","@id":"https:\/\/www.italyfamilyhotels.it\/#website","url":"https:\/\/www.italyfamilyhotels.it\/","name":"Italy Family Hotels","description":"","potentialAction":[{"@type":"SearchAction","target":{"@type":"EntryPoint","urlTemplate":"https:\/\/www.italyfamilyhotels.it\/?s={search_term_string}"},"query-input":{"@type":"PropertyValueSpecification","valueRequired":true,"valueName":"search_term_string"}}],"inLanguage":"fr-FR"}]}},"_links":{"self":[{"href":"https:\/\/www.italyfamilyhotels.it\/fr\/wp-json\/wp\/v2\/pages\/43916","targetHints":{"allow":["GET"]}}],"collection":[{"href":"https:\/\/www.italyfamilyhotels.it\/fr\/wp-json\/wp\/v2\/pages"}],"about":[{"href":"https:\/\/www.italyfamilyhotels.it\/fr\/wp-json\/wp\/v2\/types\/page"}],"author":[{"embeddable":true,"href":"https:\/\/www.italyfamilyhotels.it\/fr\/wp-json\/wp\/v2\/users\/20"}],"replies":[{"embeddable":true,"href":"https:\/\/www.italyfamilyhotels.it\/fr\/wp-json\/wp\/v2\/comments?post=43916"}],"version-history":[{"count":6,"href":"https:\/\/www.italyfamilyhotels.it\/fr\/wp-json\/wp\/v2\/pages\/43916\/revisions"}],"predecessor-version":[{"id":73516,"href":"https:\/\/www.italyfamilyhotels.it\/fr\/wp-json\/wp\/v2\/pages\/43916\/revisions\/73516"}],"up":[{"embeddable":true,"href":"https:\/\/www.italyfamilyhotels.it\/fr\/wp-json\/wp\/v2\/pages\/29729"}],"wp:attachment":[{"href":"https:\/\/www.italyfamilyhotels.it\/fr\/wp-json\/wp\/v2\/media?parent=43916"}],"curies":[{"name":"wp","href":"https:\/\/api.w.org\/{rel}","templated":true}]}}