{"id":43913,"date":"2023-01-23T14:43:37","date_gmt":"2023-01-23T13:43:37","guid":{"rendered":"https:\/\/www.italyfamilyhotels.it\/hotels\/park-hotel-pineta"},"modified":"2025-07-15T12:43:04","modified_gmt":"2025-07-15T10:43:04","slug":"park-hotel-pineta","status":"publish","type":"page","link":"https:\/\/www.italyfamilyhotels.it\/fr\/hotels\/park-hotel-pineta","title":{"rendered":"Park Hotel Pineta"},"content":{"rendered":"\n<p>Dans notre\u00a0<b>station baln\u00e9aire familiale<\/b>, passez des vacances qui sentent bon la nature et les espaces infinis ! Vos enfants peuvent jouer et se d\u00e9placer en toute s\u00e9curit\u00e9, car nous avons cr\u00e9\u00e9 pour eux des espaces sur mesure, organis\u00e9s et contr\u00f4l\u00e9s.<\/p>\n\n\n\n<p>Toute la structure est entour\u00e9e d&#8217;un\u00a0<b>parc \u00e9quip\u00e9 de 8\u00a0000 m\u00b2<\/b>\u00a0et de la toute proche pin\u00e8de d\u2019Eraclea. Ici, vous trouverez\u00a0<b>des piscines pour tous les go\u00fbts<\/b>\u00a0: chauff\u00e9e, \u00e0 d\u00e9bordement situ\u00e9e sur la terrasse panoramique, bassin pour enfants et deux bains \u00e0 remous \u00e0 30\u00b0 parmi les palmiers, o\u00f9 vous pourrez vous d\u00e9tendre avec toute la famille.<\/p>\n\n\n\n<p>Pour les plus petits, vous trouverez une\u00a0<b>nouvelle aire de jeux de 130 m\u00b2 <\/b>outre les vastes\u00a0<b>aires de jeux ext\u00e9rieures<\/b>. Le personnel d\u2019<b>animation<\/b>\u00a0implique les enfants avec de super activit\u00e9s de plein air, des ateliers et des tournois, pour leur faire vivre des vacances sans soucis en contact \u00e9troit avec la nature.<\/p>\n\n\n\n<p>La\u00a0<b>plage priv\u00e9e<\/b>\u00a0se trouve juste en face du jardin et de la piscine : parasols, transats et espaces exclusifs vous attendent, avec du sable doux et une mer qui descend doucement&#8230; Parfaite pour vos petits poissons !<\/p>\n\n\n\n<p>Et apr\u00e8s beaucoup de rires et de douce d\u00e9tente, nous aimons vous g\u00e2ter avec notre\u00a0<b>excellente cuisine<\/b>, en vous servant des produits typiques et des plats traditionnels, \u00e0 d\u00e9guster dans la salle avec vue sur le vert de la pin\u00e8de. Tandis que, pour siroter un Spritz ou un jus de fruit, vous pourrez vous rendre dans l&#8217;exclusive\u00a0<b>terrasse-bar<\/b>.<\/p>\n\n\n\n<p>Pour l&#8217;heure du coucher, rien de mieux que de se r\u00e9fugier dans les\u00a0<b>chambres et suites en pleine nature<\/b>, o\u00f9 nous mettons \u00e0 votre disposition tous les services b\u00e9b\u00e9 dont vous avez besoin pour voyager l\u00e9ger !<\/p>\n\n\n\n<p>Ah, nous ne vous l&#8217;avons pas dit, mais nous avons une \u00e2me d\u2019<b>\u00e9colo<\/b>\u00a0! Syst\u00e8mes photovolta\u00efques et solaires, 2 colonnes de charge, \u00e9clairage LED, syst\u00e8me domotique pour la gestion des installations, jardin de lierre vertical, <b>v\u00e9los<\/b>\u00a0pour adultes et enfants&#8230; Il ne s\u2019agit l\u00e0 que de quelques-unes des pr\u00e9cautions qui font partie de notre structure !<\/p>\n","protected":false},"excerpt":{"rendered":"<p>Dans notre\u00a0station baln\u00e9aire familiale, passez des vacances qui sentent bon la nature et les espaces infinis ! Vos enfants peuvent jouer et se d\u00e9placer en toute s\u00e9curit\u00e9, car nous avons cr\u00e9\u00e9 pour eux des espaces sur mesure, organis\u00e9s et contr\u00f4l\u00e9s. Toute la structure est entour\u00e9e d&#8217;un\u00a0parc \u00e9quip\u00e9 de 8\u00a0000 m\u00b2\u00a0et de la toute proche pin\u00e8de &hellip;<\/p>\n","protected":false},"author":537,"featured_media":0,"parent":29729,"menu_order":0,"comment_status":"closed","ping_status":"closed","template":"page-templates\/scheda_hotel.php","meta":{"_acf_changed":false,"inline_featured_image":false,"footnotes":""},"class_list":["post-43913","page","type-page","status-publish","hentry"],"acf":[],"yoast_head":"<!-- This site is optimized with the Yoast SEO plugin v27.1 - https:\/\/yoast.com\/product\/yoast-seo-wordpress\/ -->\n<title>Park Hotel Pineta 3 \u00e9toiles Superior, Eraclea Mare<\/title>\n<meta name=\"description\" content=\"Envie de vacances en famille ? D\u00e9couvrez les offres pour familles du Park Hotel Pineta \u00e0 Eraclea Mare\" \/>\n<meta name=\"robots\" content=\"index, follow, max-snippet:-1, max-image-preview:large, max-video-preview:-1\" \/>\n<link rel=\"canonical\" href=\"https:\/\/www.italyfamilyhotels.it\/fr\/hotels\/park-hotel-pineta\" \/>\n<meta property=\"og:locale\" content=\"fr_FR\" \/>\n<meta property=\"og:type\" content=\"article\" \/>\n<meta property=\"og:title\" content=\"Park Hotel Pineta 3 \u00e9toiles Superior, Eraclea Mare\" \/>\n<meta property=\"og:description\" content=\"Envie de vacances en famille ? D\u00e9couvrez les offres pour familles du Park Hotel Pineta \u00e0 Eraclea Mare\" \/>\n<meta property=\"og:url\" content=\"https:\/\/www.italyfamilyhotels.it\/fr\/hotels\/park-hotel-pineta\" \/>\n<meta property=\"og:site_name\" content=\"Italy Family Hotels\" \/>\n<meta property=\"article:publisher\" content=\"https:\/\/www.facebook.com\/ItalyFamilyHotels\/\" \/>\n<meta property=\"article:modified_time\" content=\"2025-07-15T10:43:04+00:00\" \/>\n<meta name=\"twitter:card\" content=\"summary_large_image\" \/>\n<meta name=\"twitter:label1\" content=\"Dur\u00e9e de lecture estim\u00e9e\" \/>\n\t<meta name=\"twitter:data1\" content=\"2 minutes\" \/>\n<script type=\"application\/ld+json\" class=\"yoast-schema-graph\">{\"@context\":\"https:\/\/schema.org\",\"@graph\":[{\"@type\":\"WebPage\",\"@id\":\"https:\/\/www.italyfamilyhotels.it\/fr\/hotels\/park-hotel-pineta\",\"url\":\"https:\/\/www.italyfamilyhotels.it\/fr\/hotels\/park-hotel-pineta\",\"name\":\"Park Hotel Pineta 3 \u00e9toiles Superior, Eraclea Mare\",\"isPartOf\":{\"@id\":\"https:\/\/www.italyfamilyhotels.it\/#website\"},\"datePublished\":\"2023-01-23T13:43:37+00:00\",\"dateModified\":\"2025-07-15T10:43:04+00:00\",\"description\":\"Envie de vacances en famille ? D\u00e9couvrez les offres pour familles du Park Hotel Pineta \u00e0 Eraclea Mare\",\"breadcrumb\":{\"@id\":\"https:\/\/www.italyfamilyhotels.it\/fr\/hotels\/park-hotel-pineta#breadcrumb\"},\"inLanguage\":\"fr-FR\",\"potentialAction\":[{\"@type\":\"ReadAction\",\"target\":[\"https:\/\/www.italyfamilyhotels.it\/fr\/hotels\/park-hotel-pineta\"]}]},{\"@type\":\"BreadcrumbList\",\"@id\":\"https:\/\/www.italyfamilyhotels.it\/fr\/hotels\/park-hotel-pineta#breadcrumb\",\"itemListElement\":[{\"@type\":\"ListItem\",\"position\":1,\"name\":\"Home\",\"item\":\"https:\/\/www.italyfamilyhotels.it\/fr\"},{\"@type\":\"ListItem\",\"position\":2,\"name\":\"Family Hotels\",\"item\":\"https:\/\/www.italyfamilyhotels.it\/fr\/hotels\"},{\"@type\":\"ListItem\",\"position\":3,\"name\":\"Park Hotel Pineta\"}]},{\"@type\":\"WebSite\",\"@id\":\"https:\/\/www.italyfamilyhotels.it\/#website\",\"url\":\"https:\/\/www.italyfamilyhotels.it\/\",\"name\":\"Italy Family Hotels\",\"description\":\"\",\"potentialAction\":[{\"@type\":\"SearchAction\",\"target\":{\"@type\":\"EntryPoint\",\"urlTemplate\":\"https:\/\/www.italyfamilyhotels.it\/?s={search_term_string}\"},\"query-input\":{\"@type\":\"PropertyValueSpecification\",\"valueRequired\":true,\"valueName\":\"search_term_string\"}}],\"inLanguage\":\"fr-FR\"}]}<\/script>\n<!-- \/ Yoast SEO plugin. -->","yoast_head_json":{"title":"Park Hotel Pineta 3 \u00e9toiles Superior, Eraclea Mare","description":"Envie de vacances en famille ? D\u00e9couvrez les offres pour familles du Park Hotel Pineta \u00e0 Eraclea Mare","robots":{"index":"index","follow":"follow","max-snippet":"max-snippet:-1","max-image-preview":"max-image-preview:large","max-video-preview":"max-video-preview:-1"},"canonical":"https:\/\/www.italyfamilyhotels.it\/fr\/hotels\/park-hotel-pineta","og_locale":"fr_FR","og_type":"article","og_title":"Park Hotel Pineta 3 \u00e9toiles Superior, Eraclea Mare","og_description":"Envie de vacances en famille ? D\u00e9couvrez les offres pour familles du Park Hotel Pineta \u00e0 Eraclea Mare","og_url":"https:\/\/www.italyfamilyhotels.it\/fr\/hotels\/park-hotel-pineta","og_site_name":"Italy Family Hotels","article_publisher":"https:\/\/www.facebook.com\/ItalyFamilyHotels\/","article_modified_time":"2025-07-15T10:43:04+00:00","twitter_card":"summary_large_image","twitter_misc":{"Dur\u00e9e de lecture estim\u00e9e":"2 minutes"},"schema":{"@context":"https:\/\/schema.org","@graph":[{"@type":"WebPage","@id":"https:\/\/www.italyfamilyhotels.it\/fr\/hotels\/park-hotel-pineta","url":"https:\/\/www.italyfamilyhotels.it\/fr\/hotels\/park-hotel-pineta","name":"Park Hotel Pineta 3 \u00e9toiles Superior, Eraclea Mare","isPartOf":{"@id":"https:\/\/www.italyfamilyhotels.it\/#website"},"datePublished":"2023-01-23T13:43:37+00:00","dateModified":"2025-07-15T10:43:04+00:00","description":"Envie de vacances en famille ? D\u00e9couvrez les offres pour familles du Park Hotel Pineta \u00e0 Eraclea Mare","breadcrumb":{"@id":"https:\/\/www.italyfamilyhotels.it\/fr\/hotels\/park-hotel-pineta#breadcrumb"},"inLanguage":"fr-FR","potentialAction":[{"@type":"ReadAction","target":["https:\/\/www.italyfamilyhotels.it\/fr\/hotels\/park-hotel-pineta"]}]},{"@type":"BreadcrumbList","@id":"https:\/\/www.italyfamilyhotels.it\/fr\/hotels\/park-hotel-pineta#breadcrumb","itemListElement":[{"@type":"ListItem","position":1,"name":"Home","item":"https:\/\/www.italyfamilyhotels.it\/fr"},{"@type":"ListItem","position":2,"name":"Family Hotels","item":"https:\/\/www.italyfamilyhotels.it\/fr\/hotels"},{"@type":"ListItem","position":3,"name":"Park Hotel Pineta"}]},{"@type":"WebSite","@id":"https:\/\/www.italyfamilyhotels.it\/#website","url":"https:\/\/www.italyfamilyhotels.it\/","name":"Italy Family Hotels","description":"","potentialAction":[{"@type":"SearchAction","target":{"@type":"EntryPoint","urlTemplate":"https:\/\/www.italyfamilyhotels.it\/?s={search_term_string}"},"query-input":{"@type":"PropertyValueSpecification","valueRequired":true,"valueName":"search_term_string"}}],"inLanguage":"fr-FR"}]}},"_links":{"self":[{"href":"https:\/\/www.italyfamilyhotels.it\/fr\/wp-json\/wp\/v2\/pages\/43913","targetHints":{"allow":["GET"]}}],"collection":[{"href":"https:\/\/www.italyfamilyhotels.it\/fr\/wp-json\/wp\/v2\/pages"}],"about":[{"href":"https:\/\/www.italyfamilyhotels.it\/fr\/wp-json\/wp\/v2\/types\/page"}],"author":[{"embeddable":true,"href":"https:\/\/www.italyfamilyhotels.it\/fr\/wp-json\/wp\/v2\/users\/537"}],"replies":[{"embeddable":true,"href":"https:\/\/www.italyfamilyhotels.it\/fr\/wp-json\/wp\/v2\/comments?post=43913"}],"version-history":[{"count":4,"href":"https:\/\/www.italyfamilyhotels.it\/fr\/wp-json\/wp\/v2\/pages\/43913\/revisions"}],"predecessor-version":[{"id":70673,"href":"https:\/\/www.italyfamilyhotels.it\/fr\/wp-json\/wp\/v2\/pages\/43913\/revisions\/70673"}],"up":[{"embeddable":true,"href":"https:\/\/www.italyfamilyhotels.it\/fr\/wp-json\/wp\/v2\/pages\/29729"}],"wp:attachment":[{"href":"https:\/\/www.italyfamilyhotels.it\/fr\/wp-json\/wp\/v2\/media?parent=43913"}],"curies":[{"name":"wp","href":"https:\/\/api.w.org\/{rel}","templated":true}]}}