{"id":43909,"date":"2023-01-23T14:43:03","date_gmt":"2023-01-23T13:43:03","guid":{"rendered":"https:\/\/www.italyfamilyhotels.it\/hotels\/family-spa-hotel-le-canne"},"modified":"2025-01-09T15:38:52","modified_gmt":"2025-01-09T14:38:52","slug":"family-spa-hotel-le-canne","status":"publish","type":"page","link":"https:\/\/www.italyfamilyhotels.it\/fr\/hotels\/family-spa-hotel-le-canne","title":{"rendered":"Le Canne Family Resort &amp; Spa"},"content":{"rendered":"\n<p>Vous nous trouverez \u00e0 quelques minutes de la mer, pr\u00e8s du centre de <a href=\"https:\/\/www.italyfamilyhotels.it\/fr\/destinations\/ischia\/forio-dischia\" target=\"_blank\" rel=\"noreferrer noopener\">Forio d&#8217;Ischia<\/a> et immerg\u00e9 dans la verdure d&#8217;un grand jardin, avec de vastes espaces pour jouer et se d\u00e9tendre. Ici, au <b>Le Canne Family Resort &amp; Spa<\/b>, vous passerez de splendides <b>vacances en famille<\/b> sous l\u2019enseigne de la d\u00e9tente entre <b>Spa<\/b> et <b>piscine<\/b>, auxquels les enfants ont \u00e9galement acc\u00e8s, et vous amuserez avec <b>Nina Mancina<\/b> et <b>Capitaine Le Kan<\/b>, les deux pirates-mascottes qui r\u00e9ussissent toujours \u00e0 faire sourire petits et grands.<\/p>\n\n\n\n<p>Au <b>Mini et Junior Club<\/b>, nous accueillons tous les enfants de <b>3 ans et plus<\/b>, pour des <b>activit\u00e9s<\/b>, <b>laboratoires<\/b>, <b>tournois de baby-foot <\/b>et <b>tennis de table<\/b>, non-stop du matin au soir, en compagnie de notre <b>\u00e9quipe d&#8217;animation<\/b>. Et pour les plus petits ? Un <b>coin de jeu<\/b> tout pour qu&#8217;ils exp\u00e9rimentent et s&#8217;amusent avec maman et papa.<\/p>\n\n\n\n<p>Apr\u00e8s une journ\u00e9e de jeux, de mer et d&#8217;exploration, quoi de mieux qu&#8217;un peu de d\u00e9tente dans la <b>piscine ext\u00e9rieure<\/b> ou dans le <b>Raggio di Sole Beauty &amp; SPA<\/b>&nbsp;? <b>Piscine thermale avec bain \u00e0 remous<\/b>, <b>sauna finlandais<\/b>, <b>douche \u00e9motionnelle<\/b> et cabines de <b>massages <\/b>pour se r\u00e9g\u00e9n\u00e9rer de la meilleure fa\u00e7on possible. Ici le bien-\u00eatre existe aussi en version mini ! Eh oui, <b>les enfants ont acc\u00e8s au Spa<\/b> avec maman et papa. Ils peuvent aussi s\u2019essayer \u00e0 des <b>soins <\/b>comme le massage au chocolat, le masque \u00e0 la vanille et la d\u00e9licate manucure et p\u00e9dicure avec beaucoup de vernis \u00e0 ongles color\u00e9s !<\/p>\n\n\n\n<p>Au restaurant, on vous chouchoute avec des <b>plats authentiques<\/b> de la <b>tradition gastronomique napolitaine et ischienne<\/b>, tandis que pour les plus petits, nous avons pens\u00e9 \u00e0 un <b>menu b\u00e9b\u00e9<\/b> sur mesure, \u00e0 d\u00e9guster avec les animateurs.<\/p>\n\n\n\n<p>Et que dire des chambres&#8230; au <b>design classique<\/b>, \u00e9quip\u00e9 de tout le confort et avec les <b>services b\u00e9b\u00e9 <\/b>n\u00e9cessaires pour vous permettre de voyager l\u00e9ger. Si ce que vous recherchez, en revanche, sont des vacances en toute libert\u00e9, mais avec tous les services h\u00f4teliers disponibles, choisissez la formule <b>Appart&#8217;h\u00f4tel<\/b>.<\/p>\n","protected":false},"excerpt":{"rendered":"<p>Vous nous trouverez \u00e0 quelques minutes de la mer, pr\u00e8s du centre de Forio d&#8217;Ischia et immerg\u00e9 dans la verdure d&#8217;un grand jardin, avec de vastes espaces pour jouer et se d\u00e9tendre. Ici, au Le Canne Family Resort &amp; Spa, vous passerez de splendides vacances en famille sous l\u2019enseigne de la d\u00e9tente entre Spa et &hellip;<\/p>\n","protected":false},"author":35,"featured_media":0,"parent":29729,"menu_order":0,"comment_status":"closed","ping_status":"closed","template":"page-templates\/scheda_hotel.php","meta":{"_acf_changed":false,"inline_featured_image":false,"footnotes":""},"class_list":["post-43909","page","type-page","status-publish","hentry"],"acf":[],"yoast_head":"<!-- This site is optimized with the Yoast SEO plugin v27.1 - https:\/\/yoast.com\/product\/yoast-seo-wordpress\/ -->\n<title>Le Canne Family Resort &amp; Spa 3 \u00e9toiles, Forio d&#039;Ischia<\/title>\n<meta name=\"description\" content=\"Envie de vacances en famille ? D\u00e9couvrez les offres pour familles du Le Canne Family Resort &amp; Spa \u00e0 Forio d&#039;Ischia\" \/>\n<meta name=\"robots\" content=\"index, follow, max-snippet:-1, max-image-preview:large, max-video-preview:-1\" \/>\n<link rel=\"canonical\" href=\"https:\/\/www.italyfamilyhotels.it\/fr\/hotels\/family-spa-hotel-le-canne\" \/>\n<meta property=\"og:locale\" content=\"fr_FR\" \/>\n<meta property=\"og:type\" content=\"article\" \/>\n<meta property=\"og:title\" content=\"Le Canne Family Resort &amp; Spa 3 \u00e9toiles, Forio d&#039;Ischia\" \/>\n<meta property=\"og:description\" content=\"Envie de vacances en famille ? D\u00e9couvrez les offres pour familles du Le Canne Family Resort &amp; Spa \u00e0 Forio d&#039;Ischia\" \/>\n<meta property=\"og:url\" content=\"https:\/\/www.italyfamilyhotels.it\/fr\/hotels\/family-spa-hotel-le-canne\" \/>\n<meta property=\"og:site_name\" content=\"Italy Family Hotels\" \/>\n<meta property=\"article:publisher\" content=\"https:\/\/www.facebook.com\/ItalyFamilyHotels\/\" \/>\n<meta property=\"article:modified_time\" content=\"2025-01-09T14:38:52+00:00\" \/>\n<meta name=\"twitter:card\" content=\"summary_large_image\" \/>\n<meta name=\"twitter:label1\" content=\"Dur\u00e9e de lecture estim\u00e9e\" \/>\n\t<meta name=\"twitter:data1\" content=\"2 minutes\" \/>\n<script type=\"application\/ld+json\" class=\"yoast-schema-graph\">{\"@context\":\"https:\/\/schema.org\",\"@graph\":[{\"@type\":\"WebPage\",\"@id\":\"https:\/\/www.italyfamilyhotels.it\/fr\/hotels\/family-spa-hotel-le-canne\",\"url\":\"https:\/\/www.italyfamilyhotels.it\/fr\/hotels\/family-spa-hotel-le-canne\",\"name\":\"Le Canne Family Resort & Spa 3 \u00e9toiles, Forio d'Ischia\",\"isPartOf\":{\"@id\":\"https:\/\/www.italyfamilyhotels.it\/#website\"},\"datePublished\":\"2023-01-23T13:43:03+00:00\",\"dateModified\":\"2025-01-09T14:38:52+00:00\",\"description\":\"Envie de vacances en famille ? D\u00e9couvrez les offres pour familles du Le Canne Family Resort & Spa \u00e0 Forio d'Ischia\",\"breadcrumb\":{\"@id\":\"https:\/\/www.italyfamilyhotels.it\/fr\/hotels\/family-spa-hotel-le-canne#breadcrumb\"},\"inLanguage\":\"fr-FR\",\"potentialAction\":[{\"@type\":\"ReadAction\",\"target\":[\"https:\/\/www.italyfamilyhotels.it\/fr\/hotels\/family-spa-hotel-le-canne\"]}]},{\"@type\":\"BreadcrumbList\",\"@id\":\"https:\/\/www.italyfamilyhotels.it\/fr\/hotels\/family-spa-hotel-le-canne#breadcrumb\",\"itemListElement\":[{\"@type\":\"ListItem\",\"position\":1,\"name\":\"Home\",\"item\":\"https:\/\/www.italyfamilyhotels.it\/fr\"},{\"@type\":\"ListItem\",\"position\":2,\"name\":\"Family Hotels\",\"item\":\"https:\/\/www.italyfamilyhotels.it\/fr\/hotels\"},{\"@type\":\"ListItem\",\"position\":3,\"name\":\"Le Canne Family Resort &amp; Spa\"}]},{\"@type\":\"WebSite\",\"@id\":\"https:\/\/www.italyfamilyhotels.it\/#website\",\"url\":\"https:\/\/www.italyfamilyhotels.it\/\",\"name\":\"Italy Family Hotels\",\"description\":\"\",\"potentialAction\":[{\"@type\":\"SearchAction\",\"target\":{\"@type\":\"EntryPoint\",\"urlTemplate\":\"https:\/\/www.italyfamilyhotels.it\/?s={search_term_string}\"},\"query-input\":{\"@type\":\"PropertyValueSpecification\",\"valueRequired\":true,\"valueName\":\"search_term_string\"}}],\"inLanguage\":\"fr-FR\"}]}<\/script>\n<!-- \/ Yoast SEO plugin. -->","yoast_head_json":{"title":"Le Canne Family Resort & Spa 3 \u00e9toiles, Forio d'Ischia","description":"Envie de vacances en famille ? D\u00e9couvrez les offres pour familles du Le Canne Family Resort & Spa \u00e0 Forio d'Ischia","robots":{"index":"index","follow":"follow","max-snippet":"max-snippet:-1","max-image-preview":"max-image-preview:large","max-video-preview":"max-video-preview:-1"},"canonical":"https:\/\/www.italyfamilyhotels.it\/fr\/hotels\/family-spa-hotel-le-canne","og_locale":"fr_FR","og_type":"article","og_title":"Le Canne Family Resort & Spa 3 \u00e9toiles, Forio d'Ischia","og_description":"Envie de vacances en famille ? D\u00e9couvrez les offres pour familles du Le Canne Family Resort & Spa \u00e0 Forio d'Ischia","og_url":"https:\/\/www.italyfamilyhotels.it\/fr\/hotels\/family-spa-hotel-le-canne","og_site_name":"Italy Family Hotels","article_publisher":"https:\/\/www.facebook.com\/ItalyFamilyHotels\/","article_modified_time":"2025-01-09T14:38:52+00:00","twitter_card":"summary_large_image","twitter_misc":{"Dur\u00e9e de lecture estim\u00e9e":"2 minutes"},"schema":{"@context":"https:\/\/schema.org","@graph":[{"@type":"WebPage","@id":"https:\/\/www.italyfamilyhotels.it\/fr\/hotels\/family-spa-hotel-le-canne","url":"https:\/\/www.italyfamilyhotels.it\/fr\/hotels\/family-spa-hotel-le-canne","name":"Le Canne Family Resort & Spa 3 \u00e9toiles, Forio d'Ischia","isPartOf":{"@id":"https:\/\/www.italyfamilyhotels.it\/#website"},"datePublished":"2023-01-23T13:43:03+00:00","dateModified":"2025-01-09T14:38:52+00:00","description":"Envie de vacances en famille ? D\u00e9couvrez les offres pour familles du Le Canne Family Resort & Spa \u00e0 Forio d'Ischia","breadcrumb":{"@id":"https:\/\/www.italyfamilyhotels.it\/fr\/hotels\/family-spa-hotel-le-canne#breadcrumb"},"inLanguage":"fr-FR","potentialAction":[{"@type":"ReadAction","target":["https:\/\/www.italyfamilyhotels.it\/fr\/hotels\/family-spa-hotel-le-canne"]}]},{"@type":"BreadcrumbList","@id":"https:\/\/www.italyfamilyhotels.it\/fr\/hotels\/family-spa-hotel-le-canne#breadcrumb","itemListElement":[{"@type":"ListItem","position":1,"name":"Home","item":"https:\/\/www.italyfamilyhotels.it\/fr"},{"@type":"ListItem","position":2,"name":"Family Hotels","item":"https:\/\/www.italyfamilyhotels.it\/fr\/hotels"},{"@type":"ListItem","position":3,"name":"Le Canne Family Resort &amp; Spa"}]},{"@type":"WebSite","@id":"https:\/\/www.italyfamilyhotels.it\/#website","url":"https:\/\/www.italyfamilyhotels.it\/","name":"Italy Family Hotels","description":"","potentialAction":[{"@type":"SearchAction","target":{"@type":"EntryPoint","urlTemplate":"https:\/\/www.italyfamilyhotels.it\/?s={search_term_string}"},"query-input":{"@type":"PropertyValueSpecification","valueRequired":true,"valueName":"search_term_string"}}],"inLanguage":"fr-FR"}]}},"_links":{"self":[{"href":"https:\/\/www.italyfamilyhotels.it\/fr\/wp-json\/wp\/v2\/pages\/43909","targetHints":{"allow":["GET"]}}],"collection":[{"href":"https:\/\/www.italyfamilyhotels.it\/fr\/wp-json\/wp\/v2\/pages"}],"about":[{"href":"https:\/\/www.italyfamilyhotels.it\/fr\/wp-json\/wp\/v2\/types\/page"}],"author":[{"embeddable":true,"href":"https:\/\/www.italyfamilyhotels.it\/fr\/wp-json\/wp\/v2\/users\/35"}],"replies":[{"embeddable":true,"href":"https:\/\/www.italyfamilyhotels.it\/fr\/wp-json\/wp\/v2\/comments?post=43909"}],"version-history":[{"count":4,"href":"https:\/\/www.italyfamilyhotels.it\/fr\/wp-json\/wp\/v2\/pages\/43909\/revisions"}],"predecessor-version":[{"id":63623,"href":"https:\/\/www.italyfamilyhotels.it\/fr\/wp-json\/wp\/v2\/pages\/43909\/revisions\/63623"}],"up":[{"embeddable":true,"href":"https:\/\/www.italyfamilyhotels.it\/fr\/wp-json\/wp\/v2\/pages\/29729"}],"wp:attachment":[{"href":"https:\/\/www.italyfamilyhotels.it\/fr\/wp-json\/wp\/v2\/media?parent=43909"}],"curies":[{"name":"wp","href":"https:\/\/api.w.org\/{rel}","templated":true}]}}