{"id":43905,"date":"2023-01-23T14:42:33","date_gmt":"2023-01-23T13:42:33","guid":{"rendered":"https:\/\/www.italyfamilyhotels.it\/hotels\/family-hotel-residence-veronza"},"modified":"2023-01-25T13:36:52","modified_gmt":"2023-01-25T12:36:52","slug":"family-hotel-residence-veronza","status":"publish","type":"page","link":"https:\/\/www.italyfamilyhotels.it\/fr\/hotels\/family-hotel-residence-veronza","title":{"rendered":"Family Hotel &#038; Residence Veronza"},"content":{"rendered":"\n<p>Notre h\u00f4tel est situ\u00e9 au premier rang sur le panorama des&nbsp;<b>Dolomites du Val di Fiemme<\/b>&nbsp;! Nous aimons accueillir les familles qui aiment la montagne, avec des services et des activit\u00e9s pour des&nbsp;<b>vacances paisibles et sans soucis<\/b>. Notre objectif principal est de voir les enfants avec le coin des l\u00e8vres relev\u00e9 dans un sourire permanent !<\/p>\n\n\n\n<p>La&nbsp;<b>mascotte Kinny et l&#8217;\u00e9quipe d&#8217;animation<\/b> accueillent les petits voyageurs&nbsp;<b>de 3 \u00e0 12 ans au Kinny Mini Club<\/b>, avec des jeux collectifs, des ateliers, des pi\u00e8ces de th\u00e9\u00e2tre, des d\u00eeners entre amis et la baby-dance. Chez nous, l&#8217;espace ne manque pas, entre<b>&nbsp;aire de jeux panoramique<\/b>,&nbsp;<b>mini-zoo priv\u00e9<\/b>&nbsp;et zones int\u00e9rieures color\u00e9es. Ainsi, pendant qu&#8217;ils s&#8217;amusent avec leurs nouveaux amis, vous pourrez vous d\u00e9tendre dans le centre&nbsp;<b>Spa Aqua Vitalis<\/b>, avec sauna, bain turc et tepidarium.<\/p>\n\n\n\n<p>Des&nbsp;<b>vacances en famille dans le Val di Fiemme<\/b>&nbsp;ne seraient pas compl\u00e8tes sans des&nbsp;<b>promenades et excursions<\/b>&nbsp;\u00e0 faire tous ensemble sur les sentiers de montagne. Le&nbsp;<b>programme d&#8217;activit\u00e9s hebdomadaire<\/b>&nbsp;est vraiment tr\u00e8s riche et, \u00e0 votre retour \u00e0 l&#8217;h\u00f4tel, vous pourrez emmener les enfants nager dans la&nbsp;<b>piscine couverte<\/b>&nbsp;\u00e9quip\u00e9e d&#8217;un bassin qui leur est d\u00e9di\u00e9, et qui reste&nbsp;<b>ouverte avec acc\u00e8s par petits groupes<\/b>.<\/p>\n\n\n\n<p>Le soir, apr\u00e8s un <b>d\u00eener typique<\/b>&nbsp;sp\u00e9cial <b>avec show-cooking<\/b>, ou apr\u00e8s le&nbsp;<b>barbecue hebdomadaire<\/b>&nbsp;sous les \u00e9toiles, spectacles, cabaret, danse et karaok\u00e9 vous attendent.<\/p>\n\n\n\n<p>Votre tranquillit\u00e9 d&#8217;esprit passe toujours en premier, et c&#8217;est pourquoi&nbsp;<b>vous pouvez d\u00e9cider de ne pas demander le nettoyage quotidien<\/b>&nbsp;dans votre chambre. De cette fa\u00e7on, la chambre restera un espace intime, fr\u00e9quent\u00e9 uniquement par votre famille ! \u00c0 la r\u00e9ception, vous pourrez retirer le linge de rechange, soigneusement ferm\u00e9 dans un emballage protecteur, ainsi que des serviettes.<\/p>\n","protected":false},"excerpt":{"rendered":"<p>Notre h\u00f4tel est situ\u00e9 au premier rang sur le panorama des&nbsp;Dolomites du Val di Fiemme&nbsp;! Nous aimons accueillir les familles qui aiment la montagne, avec des services et des activit\u00e9s pour des&nbsp;vacances paisibles et sans soucis. Notre objectif principal est de voir les enfants avec le coin des l\u00e8vres relev\u00e9 dans un sourire permanent ! &hellip;<\/p>\n","protected":false},"author":93,"featured_media":0,"parent":29729,"menu_order":0,"comment_status":"closed","ping_status":"closed","template":"page-templates\/scheda_hotel.php","meta":{"_acf_changed":false,"inline_featured_image":false,"footnotes":""},"class_list":["post-43905","page","type-page","status-publish","hentry"],"acf":[],"yoast_head":"<!-- This site is optimized with the Yoast SEO plugin v27.1 - https:\/\/yoast.com\/product\/yoast-seo-wordpress\/ -->\n<title>Family Hotel &amp; Residence Veronza 4 \u00e9toiles \u00e0 Cavalese<\/title>\n<meta name=\"description\" content=\"Envie de vacances en famille ? D\u00e9couvrez les offres pour familles du Family Hotel &amp; Residence Veronza \u00e0 Cavalese, Val di Fiemme\" \/>\n<meta name=\"robots\" content=\"index, follow, max-snippet:-1, max-image-preview:large, max-video-preview:-1\" \/>\n<link rel=\"canonical\" href=\"https:\/\/www.italyfamilyhotels.it\/fr\/hotels\/family-hotel-residence-veronza\" \/>\n<meta property=\"og:locale\" content=\"fr_FR\" \/>\n<meta property=\"og:type\" content=\"article\" \/>\n<meta property=\"og:title\" content=\"Family Hotel &amp; Residence Veronza 4 \u00e9toiles \u00e0 Cavalese\" \/>\n<meta property=\"og:description\" content=\"Envie de vacances en famille ? D\u00e9couvrez les offres pour familles du Family Hotel &amp; Residence Veronza \u00e0 Cavalese, Val di Fiemme\" \/>\n<meta property=\"og:url\" content=\"https:\/\/www.italyfamilyhotels.it\/fr\/hotels\/family-hotel-residence-veronza\" \/>\n<meta property=\"og:site_name\" content=\"Italy Family Hotels\" \/>\n<meta property=\"article:publisher\" content=\"https:\/\/www.facebook.com\/ItalyFamilyHotels\/\" \/>\n<meta property=\"article:modified_time\" content=\"2023-01-25T12:36:52+00:00\" \/>\n<meta name=\"twitter:card\" content=\"summary_large_image\" \/>\n<meta name=\"twitter:label1\" content=\"Dur\u00e9e de lecture estim\u00e9e\" \/>\n\t<meta name=\"twitter:data1\" content=\"2 minutes\" \/>\n<script type=\"application\/ld+json\" class=\"yoast-schema-graph\">{\"@context\":\"https:\/\/schema.org\",\"@graph\":[{\"@type\":\"WebPage\",\"@id\":\"https:\/\/www.italyfamilyhotels.it\/fr\/hotels\/family-hotel-residence-veronza\",\"url\":\"https:\/\/www.italyfamilyhotels.it\/fr\/hotels\/family-hotel-residence-veronza\",\"name\":\"Family Hotel & Residence Veronza 4 \u00e9toiles \u00e0 Cavalese\",\"isPartOf\":{\"@id\":\"https:\/\/www.italyfamilyhotels.it\/#website\"},\"datePublished\":\"2023-01-23T13:42:33+00:00\",\"dateModified\":\"2023-01-25T12:36:52+00:00\",\"description\":\"Envie de vacances en famille ? D\u00e9couvrez les offres pour familles du Family Hotel & Residence Veronza \u00e0 Cavalese, Val di Fiemme\",\"breadcrumb\":{\"@id\":\"https:\/\/www.italyfamilyhotels.it\/fr\/hotels\/family-hotel-residence-veronza#breadcrumb\"},\"inLanguage\":\"fr-FR\",\"potentialAction\":[{\"@type\":\"ReadAction\",\"target\":[\"https:\/\/www.italyfamilyhotels.it\/fr\/hotels\/family-hotel-residence-veronza\"]}]},{\"@type\":\"BreadcrumbList\",\"@id\":\"https:\/\/www.italyfamilyhotels.it\/fr\/hotels\/family-hotel-residence-veronza#breadcrumb\",\"itemListElement\":[{\"@type\":\"ListItem\",\"position\":1,\"name\":\"Home\",\"item\":\"https:\/\/www.italyfamilyhotels.it\/fr\"},{\"@type\":\"ListItem\",\"position\":2,\"name\":\"Family Hotels\",\"item\":\"https:\/\/www.italyfamilyhotels.it\/fr\/hotels\"},{\"@type\":\"ListItem\",\"position\":3,\"name\":\"Family Hotel &#038; Residence Veronza\"}]},{\"@type\":\"WebSite\",\"@id\":\"https:\/\/www.italyfamilyhotels.it\/#website\",\"url\":\"https:\/\/www.italyfamilyhotels.it\/\",\"name\":\"Italy Family Hotels\",\"description\":\"\",\"potentialAction\":[{\"@type\":\"SearchAction\",\"target\":{\"@type\":\"EntryPoint\",\"urlTemplate\":\"https:\/\/www.italyfamilyhotels.it\/?s={search_term_string}\"},\"query-input\":{\"@type\":\"PropertyValueSpecification\",\"valueRequired\":true,\"valueName\":\"search_term_string\"}}],\"inLanguage\":\"fr-FR\"}]}<\/script>\n<!-- \/ Yoast SEO plugin. -->","yoast_head_json":{"title":"Family Hotel & Residence Veronza 4 \u00e9toiles \u00e0 Cavalese","description":"Envie de vacances en famille ? D\u00e9couvrez les offres pour familles du Family Hotel & Residence Veronza \u00e0 Cavalese, Val di Fiemme","robots":{"index":"index","follow":"follow","max-snippet":"max-snippet:-1","max-image-preview":"max-image-preview:large","max-video-preview":"max-video-preview:-1"},"canonical":"https:\/\/www.italyfamilyhotels.it\/fr\/hotels\/family-hotel-residence-veronza","og_locale":"fr_FR","og_type":"article","og_title":"Family Hotel & Residence Veronza 4 \u00e9toiles \u00e0 Cavalese","og_description":"Envie de vacances en famille ? D\u00e9couvrez les offres pour familles du Family Hotel & Residence Veronza \u00e0 Cavalese, Val di Fiemme","og_url":"https:\/\/www.italyfamilyhotels.it\/fr\/hotels\/family-hotel-residence-veronza","og_site_name":"Italy Family Hotels","article_publisher":"https:\/\/www.facebook.com\/ItalyFamilyHotels\/","article_modified_time":"2023-01-25T12:36:52+00:00","twitter_card":"summary_large_image","twitter_misc":{"Dur\u00e9e de lecture estim\u00e9e":"2 minutes"},"schema":{"@context":"https:\/\/schema.org","@graph":[{"@type":"WebPage","@id":"https:\/\/www.italyfamilyhotels.it\/fr\/hotels\/family-hotel-residence-veronza","url":"https:\/\/www.italyfamilyhotels.it\/fr\/hotels\/family-hotel-residence-veronza","name":"Family Hotel & Residence Veronza 4 \u00e9toiles \u00e0 Cavalese","isPartOf":{"@id":"https:\/\/www.italyfamilyhotels.it\/#website"},"datePublished":"2023-01-23T13:42:33+00:00","dateModified":"2023-01-25T12:36:52+00:00","description":"Envie de vacances en famille ? D\u00e9couvrez les offres pour familles du Family Hotel & Residence Veronza \u00e0 Cavalese, Val di Fiemme","breadcrumb":{"@id":"https:\/\/www.italyfamilyhotels.it\/fr\/hotels\/family-hotel-residence-veronza#breadcrumb"},"inLanguage":"fr-FR","potentialAction":[{"@type":"ReadAction","target":["https:\/\/www.italyfamilyhotels.it\/fr\/hotels\/family-hotel-residence-veronza"]}]},{"@type":"BreadcrumbList","@id":"https:\/\/www.italyfamilyhotels.it\/fr\/hotels\/family-hotel-residence-veronza#breadcrumb","itemListElement":[{"@type":"ListItem","position":1,"name":"Home","item":"https:\/\/www.italyfamilyhotels.it\/fr"},{"@type":"ListItem","position":2,"name":"Family Hotels","item":"https:\/\/www.italyfamilyhotels.it\/fr\/hotels"},{"@type":"ListItem","position":3,"name":"Family Hotel &#038; Residence Veronza"}]},{"@type":"WebSite","@id":"https:\/\/www.italyfamilyhotels.it\/#website","url":"https:\/\/www.italyfamilyhotels.it\/","name":"Italy Family Hotels","description":"","potentialAction":[{"@type":"SearchAction","target":{"@type":"EntryPoint","urlTemplate":"https:\/\/www.italyfamilyhotels.it\/?s={search_term_string}"},"query-input":{"@type":"PropertyValueSpecification","valueRequired":true,"valueName":"search_term_string"}}],"inLanguage":"fr-FR"}]}},"_links":{"self":[{"href":"https:\/\/www.italyfamilyhotels.it\/fr\/wp-json\/wp\/v2\/pages\/43905","targetHints":{"allow":["GET"]}}],"collection":[{"href":"https:\/\/www.italyfamilyhotels.it\/fr\/wp-json\/wp\/v2\/pages"}],"about":[{"href":"https:\/\/www.italyfamilyhotels.it\/fr\/wp-json\/wp\/v2\/types\/page"}],"author":[{"embeddable":true,"href":"https:\/\/www.italyfamilyhotels.it\/fr\/wp-json\/wp\/v2\/users\/93"}],"replies":[{"embeddable":true,"href":"https:\/\/www.italyfamilyhotels.it\/fr\/wp-json\/wp\/v2\/comments?post=43905"}],"version-history":[{"count":3,"href":"https:\/\/www.italyfamilyhotels.it\/fr\/wp-json\/wp\/v2\/pages\/43905\/revisions"}],"predecessor-version":[{"id":44397,"href":"https:\/\/www.italyfamilyhotels.it\/fr\/wp-json\/wp\/v2\/pages\/43905\/revisions\/44397"}],"up":[{"embeddable":true,"href":"https:\/\/www.italyfamilyhotels.it\/fr\/wp-json\/wp\/v2\/pages\/29729"}],"wp:attachment":[{"href":"https:\/\/www.italyfamilyhotels.it\/fr\/wp-json\/wp\/v2\/media?parent=43905"}],"curies":[{"name":"wp","href":"https:\/\/api.w.org\/{rel}","templated":true}]}}