{"id":43903,"date":"2023-01-23T14:42:10","date_gmt":"2023-01-23T13:42:10","guid":{"rendered":"https:\/\/www.italyfamilyhotels.it\/hotels\/garberhof-dolomit-family"},"modified":"2023-01-23T15:52:55","modified_gmt":"2023-01-23T14:52:55","slug":"garberhof-dolomit-family","status":"publish","type":"page","link":"https:\/\/www.italyfamilyhotels.it\/fr\/hotels\/garberhof-dolomit-family","title":{"rendered":"Garberhof Dolomit Family"},"content":{"rendered":"\n<p>Au <b>Garberhof Dolomit Family<\/b> de <b>Rasun Anterselva<\/b> nous vous accueillons dans un lieu unique, en contact \u00e9troit avec la nature du Tyrol du Sud, et o\u00f9 vous pourrez recueillir de pr\u00e9cieux souvenirs en compagnie de toute la famille. Point de d\u00e9part id\u00e9al d\u2019excursions pour d\u00e9couvrir la r\u00e9gion et pratiquer des activit\u00e9s sportives et de plein air, mais \u00e9galement pour profiter de quelques moments de d\u00e9tente avec vue sur les Dolomites, plong\u00e9s dans le silence et la paix qui distinguent ces lieux.<\/p>\n\n\n\n<p>Un lieu parfaitement adapt\u00e9 aux familles : <b>80 heures d\u2019animation<\/b> par semaine, un <b>club <\/b>avec des activit\u00e9s personnalis\u00e9es de 6 mois \u00e0 16 ans, beaucoup d&#8217;espace pour donner libre cours \u00e0 l\u2019\u00e9nergie des enfants \u00e0 l&#8217;int\u00e9rieur et \u00e0 l&#8217;ext\u00e9rieur de l&#8217;h\u00f4tel, sans oublier le l\u00e9gendaire <b>PinoLandia<\/b>, deux \u00e9tages entiers o\u00f9 jouer en toute s\u00e9curit\u00e9.<\/p>\n\n\n\n<p>Ici, au Garberhof Dolomit Family, le <b>bien-\u00eatre est une histoire de famille<\/b>\u00a0! Parce qu&#8217;apr\u00e8s une journ\u00e9e de jeux et de plaisir, quoi de mieux qu&#8217;un peu de d\u00e9tente dans l&#8217;espace bien-\u00eatre ? Alors, venez vous r\u00e9chauffer dans le <b>sauna pour familles<\/b>, jouer dans la <b>pataugeoire pour enfants et b\u00e9b\u00e9s<\/b>, ou profiter de <b>massages<\/b> sp\u00e9ciaux, \u00e9galement adapt\u00e9s aux plus jeunes. Maman, papa, ne vous inqui\u00e9tez pas, vous aurez \u00e9galement l\u2019occasion de passer des moments romantiques en couple dans l\u2019<b>espace bien-\u00eatre pour adultes <\/b>ou de profiter d&#8217;un massage ou d&#8217;un soin r\u00e9g\u00e9n\u00e9rant, pendant que les plus petits s&#8217;amusent dans l&#8217;un de nos clubs.<\/p>\n\n\n\n<p>Aux heures des repas, il convient de dire : \u00ab\u00a0Que mon ventre s\u2019arrondisse\u00a0!\u00a0\u00bb Laissez-vous conqu\u00e9rir par les recettes de la <b>cuisine du Tyrol du Sud,<\/b> pr\u00e9par\u00e9e avec des mati\u00e8res premi\u00e8res de <b>producteurs locaux<\/b> ou produites directement dans notre <b>ferme<\/b>, comme les \u0153ufs des \u00ab\u00a0poules heureuses\u00a0\u00bb. \u00c9videmment, les enfants ne manquent pas d&#8217;attention, avec pour eux, et toujours disponibles, des <b>menus sp\u00e9ciaux<\/b> <b>et authentique <\/b>accompagn\u00e9s de boissons non alcoolis\u00e9es de la Fontana di Pino, \u00e0 d\u00e9guster en compagnie d&#8217;amis dans l\u2019espace PinoLandia.<\/p>\n\n\n\n<p>Nos <b>chambres <\/b>et <b>suites <\/b>sont parfaites pour les doux r\u00eaves de vos enfants, avec des solutions adapt\u00e9es \u00e0 toutes les familles. \u00c9quip\u00e9es de <b>balcons-solarium<\/b> et de <b>terrasses<\/b>, vous trouverez \u00e0 l&#8217;int\u00e9rieur tout le confort n\u00e9cessaire, sans oublier un<b> service b\u00e9b\u00e9 <\/b>pour les plus petits.<\/p>\n","protected":false},"excerpt":{"rendered":"<p>Au Garberhof Dolomit Family de Rasun Anterselva nous vous accueillons dans un lieu unique, en contact \u00e9troit avec la nature du Tyrol du Sud, et o\u00f9 vous pourrez recueillir de pr\u00e9cieux souvenirs en compagnie de toute la famille. Point de d\u00e9part id\u00e9al d\u2019excursions pour d\u00e9couvrir la r\u00e9gion et pratiquer des activit\u00e9s sportives et de plein &hellip;<\/p>\n","protected":false},"author":22,"featured_media":0,"parent":29729,"menu_order":0,"comment_status":"closed","ping_status":"closed","template":"page-templates\/scheda_hotel.php","meta":{"_acf_changed":false,"inline_featured_image":false,"footnotes":""},"class_list":["post-43903","page","type-page","status-publish","hentry"],"acf":[],"yoast_head":"<!-- This site is optimized with the Yoast SEO plugin v27.1 - https:\/\/yoast.com\/product\/yoast-seo-wordpress\/ -->\n<title>Garberhof Dolomit Family 4 \u00e9toiles Superior, Rasun Anterselva<\/title>\n<meta name=\"description\" content=\"Envie de vacances en famille ? D\u00e9couvrez les offres pour familles du Garberhof Dolomit Family \u00e0 Rasun Anterselva\" \/>\n<meta name=\"robots\" content=\"index, follow, max-snippet:-1, max-image-preview:large, max-video-preview:-1\" \/>\n<link rel=\"canonical\" href=\"https:\/\/www.italyfamilyhotels.it\/fr\/hotels\/garberhof-dolomit-family\" \/>\n<meta property=\"og:locale\" content=\"fr_FR\" \/>\n<meta property=\"og:type\" content=\"article\" \/>\n<meta property=\"og:title\" content=\"Garberhof Dolomit Family 4 \u00e9toiles Superior, Rasun Anterselva\" \/>\n<meta property=\"og:description\" content=\"Envie de vacances en famille ? D\u00e9couvrez les offres pour familles du Garberhof Dolomit Family \u00e0 Rasun Anterselva\" \/>\n<meta property=\"og:url\" content=\"https:\/\/www.italyfamilyhotels.it\/fr\/hotels\/garberhof-dolomit-family\" \/>\n<meta property=\"og:site_name\" content=\"Italy Family Hotels\" \/>\n<meta property=\"article:publisher\" content=\"https:\/\/www.facebook.com\/ItalyFamilyHotels\/\" \/>\n<meta property=\"article:modified_time\" content=\"2023-01-23T14:52:55+00:00\" \/>\n<meta name=\"twitter:card\" content=\"summary_large_image\" \/>\n<meta name=\"twitter:label1\" content=\"Dur\u00e9e de lecture estim\u00e9e\" \/>\n\t<meta name=\"twitter:data1\" content=\"2 minutes\" \/>\n<script type=\"application\/ld+json\" class=\"yoast-schema-graph\">{\"@context\":\"https:\/\/schema.org\",\"@graph\":[{\"@type\":\"WebPage\",\"@id\":\"https:\/\/www.italyfamilyhotels.it\/fr\/hotels\/garberhof-dolomit-family\",\"url\":\"https:\/\/www.italyfamilyhotels.it\/fr\/hotels\/garberhof-dolomit-family\",\"name\":\"Garberhof Dolomit Family 4 \u00e9toiles Superior, Rasun Anterselva\",\"isPartOf\":{\"@id\":\"https:\/\/www.italyfamilyhotels.it\/#website\"},\"datePublished\":\"2023-01-23T13:42:10+00:00\",\"dateModified\":\"2023-01-23T14:52:55+00:00\",\"description\":\"Envie de vacances en famille ? D\u00e9couvrez les offres pour familles du Garberhof Dolomit Family \u00e0 Rasun Anterselva\",\"breadcrumb\":{\"@id\":\"https:\/\/www.italyfamilyhotels.it\/fr\/hotels\/garberhof-dolomit-family#breadcrumb\"},\"inLanguage\":\"fr-FR\",\"potentialAction\":[{\"@type\":\"ReadAction\",\"target\":[\"https:\/\/www.italyfamilyhotels.it\/fr\/hotels\/garberhof-dolomit-family\"]}]},{\"@type\":\"BreadcrumbList\",\"@id\":\"https:\/\/www.italyfamilyhotels.it\/fr\/hotels\/garberhof-dolomit-family#breadcrumb\",\"itemListElement\":[{\"@type\":\"ListItem\",\"position\":1,\"name\":\"Home\",\"item\":\"https:\/\/www.italyfamilyhotels.it\/fr\"},{\"@type\":\"ListItem\",\"position\":2,\"name\":\"Family Hotels\",\"item\":\"https:\/\/www.italyfamilyhotels.it\/fr\/hotels\"},{\"@type\":\"ListItem\",\"position\":3,\"name\":\"Garberhof Dolomit Family\"}]},{\"@type\":\"WebSite\",\"@id\":\"https:\/\/www.italyfamilyhotels.it\/#website\",\"url\":\"https:\/\/www.italyfamilyhotels.it\/\",\"name\":\"Italy Family Hotels\",\"description\":\"\",\"potentialAction\":[{\"@type\":\"SearchAction\",\"target\":{\"@type\":\"EntryPoint\",\"urlTemplate\":\"https:\/\/www.italyfamilyhotels.it\/?s={search_term_string}\"},\"query-input\":{\"@type\":\"PropertyValueSpecification\",\"valueRequired\":true,\"valueName\":\"search_term_string\"}}],\"inLanguage\":\"fr-FR\"}]}<\/script>\n<!-- \/ Yoast SEO plugin. -->","yoast_head_json":{"title":"Garberhof Dolomit Family 4 \u00e9toiles Superior, Rasun Anterselva","description":"Envie de vacances en famille ? D\u00e9couvrez les offres pour familles du Garberhof Dolomit Family \u00e0 Rasun Anterselva","robots":{"index":"index","follow":"follow","max-snippet":"max-snippet:-1","max-image-preview":"max-image-preview:large","max-video-preview":"max-video-preview:-1"},"canonical":"https:\/\/www.italyfamilyhotels.it\/fr\/hotels\/garberhof-dolomit-family","og_locale":"fr_FR","og_type":"article","og_title":"Garberhof Dolomit Family 4 \u00e9toiles Superior, Rasun Anterselva","og_description":"Envie de vacances en famille ? D\u00e9couvrez les offres pour familles du Garberhof Dolomit Family \u00e0 Rasun Anterselva","og_url":"https:\/\/www.italyfamilyhotels.it\/fr\/hotels\/garberhof-dolomit-family","og_site_name":"Italy Family Hotels","article_publisher":"https:\/\/www.facebook.com\/ItalyFamilyHotels\/","article_modified_time":"2023-01-23T14:52:55+00:00","twitter_card":"summary_large_image","twitter_misc":{"Dur\u00e9e de lecture estim\u00e9e":"2 minutes"},"schema":{"@context":"https:\/\/schema.org","@graph":[{"@type":"WebPage","@id":"https:\/\/www.italyfamilyhotels.it\/fr\/hotels\/garberhof-dolomit-family","url":"https:\/\/www.italyfamilyhotels.it\/fr\/hotels\/garberhof-dolomit-family","name":"Garberhof Dolomit Family 4 \u00e9toiles Superior, Rasun Anterselva","isPartOf":{"@id":"https:\/\/www.italyfamilyhotels.it\/#website"},"datePublished":"2023-01-23T13:42:10+00:00","dateModified":"2023-01-23T14:52:55+00:00","description":"Envie de vacances en famille ? D\u00e9couvrez les offres pour familles du Garberhof Dolomit Family \u00e0 Rasun Anterselva","breadcrumb":{"@id":"https:\/\/www.italyfamilyhotels.it\/fr\/hotels\/garberhof-dolomit-family#breadcrumb"},"inLanguage":"fr-FR","potentialAction":[{"@type":"ReadAction","target":["https:\/\/www.italyfamilyhotels.it\/fr\/hotels\/garberhof-dolomit-family"]}]},{"@type":"BreadcrumbList","@id":"https:\/\/www.italyfamilyhotels.it\/fr\/hotels\/garberhof-dolomit-family#breadcrumb","itemListElement":[{"@type":"ListItem","position":1,"name":"Home","item":"https:\/\/www.italyfamilyhotels.it\/fr"},{"@type":"ListItem","position":2,"name":"Family Hotels","item":"https:\/\/www.italyfamilyhotels.it\/fr\/hotels"},{"@type":"ListItem","position":3,"name":"Garberhof Dolomit Family"}]},{"@type":"WebSite","@id":"https:\/\/www.italyfamilyhotels.it\/#website","url":"https:\/\/www.italyfamilyhotels.it\/","name":"Italy Family Hotels","description":"","potentialAction":[{"@type":"SearchAction","target":{"@type":"EntryPoint","urlTemplate":"https:\/\/www.italyfamilyhotels.it\/?s={search_term_string}"},"query-input":{"@type":"PropertyValueSpecification","valueRequired":true,"valueName":"search_term_string"}}],"inLanguage":"fr-FR"}]}},"_links":{"self":[{"href":"https:\/\/www.italyfamilyhotels.it\/fr\/wp-json\/wp\/v2\/pages\/43903","targetHints":{"allow":["GET"]}}],"collection":[{"href":"https:\/\/www.italyfamilyhotels.it\/fr\/wp-json\/wp\/v2\/pages"}],"about":[{"href":"https:\/\/www.italyfamilyhotels.it\/fr\/wp-json\/wp\/v2\/types\/page"}],"author":[{"embeddable":true,"href":"https:\/\/www.italyfamilyhotels.it\/fr\/wp-json\/wp\/v2\/users\/22"}],"replies":[{"embeddable":true,"href":"https:\/\/www.italyfamilyhotels.it\/fr\/wp-json\/wp\/v2\/comments?post=43903"}],"version-history":[{"count":2,"href":"https:\/\/www.italyfamilyhotels.it\/fr\/wp-json\/wp\/v2\/pages\/43903\/revisions"}],"predecessor-version":[{"id":44007,"href":"https:\/\/www.italyfamilyhotels.it\/fr\/wp-json\/wp\/v2\/pages\/43903\/revisions\/44007"}],"up":[{"embeddable":true,"href":"https:\/\/www.italyfamilyhotels.it\/fr\/wp-json\/wp\/v2\/pages\/29729"}],"wp:attachment":[{"href":"https:\/\/www.italyfamilyhotels.it\/fr\/wp-json\/wp\/v2\/media?parent=43903"}],"curies":[{"name":"wp","href":"https:\/\/api.w.org\/{rel}","templated":true}]}}