{"id":43899,"date":"2023-01-23T14:41:46","date_gmt":"2023-01-23T13:41:46","guid":{"rendered":"https:\/\/www.italyfamilyhotels.it\/hotels\/hotel-bella-italia"},"modified":"2023-06-15T14:45:45","modified_gmt":"2023-06-15T12:45:45","slug":"hotel-bella-italia","status":"publish","type":"page","link":"https:\/\/www.italyfamilyhotels.it\/fr\/hotels\/hotel-bella-italia","title":{"rendered":"H\u00f4tel Bella Italia"},"content":{"rendered":"\n<p>Proche du centre de <b>Peschiera del Garda<\/b>, entre les montagnes et le lac, dans une position strat\u00e9gique pour rejoindre la plupart des <b>c\u00e9l\u00e8bres parcs d&#8217;attractions<\/b>, notre <b>h\u00f4tel Bella Italia<\/b> <b>avec acc\u00e8s direct \u00e0 la plage<\/b> vous offre tout le confort dont vous avez besoin pour vous d\u00e9tendre en vacances avec votre famille, ainsi qu&#8217;un univers d&#8217;excursions int\u00e9ressantes et de parcours cyclables spectaculaires entre parcs, villes d&#8217;art et nature. Nous sommes reli\u00e9s \u00e0 l&#8217;homonyme <b>Camping Bella Italia<\/b>, l&#8217;un des plus grands et mieux \u00e9quip\u00e9s d&#8217;Italie <b>sur les rives du lac de Garde<\/b>, pour vous faire vivre l&#8217;exp\u00e9rience d&#8217;un s\u00e9jour confortable \u00e0 l&#8217;h\u00f4tel, tout en profitant de tous les divertissements et services d&#8217;un <b>village touristique<\/b>&nbsp;! \u00c0 commencer par la <b>piscine int\u00e9rieure chauff\u00e9e de seulement 50 cm de profondeur<\/b> pour vous amuser avec vos enfants, l\u2019<b>espace bien-\u00eatre \u00ab&nbsp;Fit &amp; Fun&nbsp;\u00bb <\/b>avec bain \u00e0 remous, sauna et salle de sport, o\u00f9 vous pourrez vous tailler des moments de d\u00e9tente ou vous consacrer aux nombreuses <b>activit\u00e9s sportives dans la piscine ou en plein air<\/b>, entre aquagym, a\u00e9robique, tir \u00e0 l&#8217;arc, cours de danse, surf, ski nautique et cano\u00eb. <b>Le coiffeur, le supermarch\u00e9, les magasins de fruits et l\u00e9gumes, le glacier artisanal et le mini centre commercial<\/b>&#8230; ici vous avez tout \u00e0 port\u00e9e de main ! Dans notre restaurant donnant sur la piscine, la <b>Locanda Bella Italia<\/b>, vous pourrez d\u00e9guster des <b>plats locaux traditionnels et pizzas artisanales<\/b>, ou encore demander des <b>menus pour enfants ou pour intol\u00e9rances, <\/b>ou choisir parmi les restaurants <b>Le Terrazze surplombant le lac, Corte Riga avec son ambiance rustique ou la Trattoria Bella Italia.<\/b><\/p>\n","protected":false},"excerpt":{"rendered":"<p>Proche du centre de Peschiera del Garda, entre les montagnes et le lac, dans une position strat\u00e9gique pour rejoindre la plupart des c\u00e9l\u00e8bres parcs d&#8217;attractions, notre h\u00f4tel Bella Italia avec acc\u00e8s direct \u00e0 la plage vous offre tout le confort dont vous avez besoin pour vous d\u00e9tendre en vacances avec votre famille, ainsi qu&#8217;un univers &hellip;<\/p>\n","protected":false},"author":46,"featured_media":0,"parent":29729,"menu_order":0,"comment_status":"closed","ping_status":"closed","template":"page-templates\/scheda_hotel.php","meta":{"_acf_changed":false,"inline_featured_image":false,"footnotes":""},"class_list":["post-43899","page","type-page","status-publish","hentry"],"acf":[],"yoast_head":"<!-- This site is optimized with the Yoast SEO plugin v27.1 - https:\/\/yoast.com\/product\/yoast-seo-wordpress\/ -->\n<title>H\u00f4tel Bella Italia 4 \u00e9toiles, Peschiera del Garda<\/title>\n<meta name=\"description\" content=\"Envie de vacances en famille ? D\u00e9couvrez les offres pour familles de l\u2019H\u00f4tel Bella Italia \u00e0 Peschiera del Garda\" \/>\n<meta name=\"robots\" content=\"index, follow, max-snippet:-1, max-image-preview:large, max-video-preview:-1\" \/>\n<link rel=\"canonical\" href=\"https:\/\/www.italyfamilyhotels.it\/fr\/hotels\/hotel-bella-italia\" \/>\n<meta property=\"og:locale\" content=\"fr_FR\" \/>\n<meta property=\"og:type\" content=\"article\" \/>\n<meta property=\"og:title\" content=\"H\u00f4tel Bella Italia 4 \u00e9toiles, Peschiera del Garda\" \/>\n<meta property=\"og:description\" content=\"Envie de vacances en famille ? D\u00e9couvrez les offres pour familles de l\u2019H\u00f4tel Bella Italia \u00e0 Peschiera del Garda\" \/>\n<meta property=\"og:url\" content=\"https:\/\/www.italyfamilyhotels.it\/fr\/hotels\/hotel-bella-italia\" \/>\n<meta property=\"og:site_name\" content=\"Italy Family Hotels\" \/>\n<meta property=\"article:publisher\" content=\"https:\/\/www.facebook.com\/ItalyFamilyHotels\/\" \/>\n<meta property=\"article:modified_time\" content=\"2023-06-15T12:45:45+00:00\" \/>\n<meta name=\"twitter:card\" content=\"summary_large_image\" \/>\n<meta name=\"twitter:label1\" content=\"Dur\u00e9e de lecture estim\u00e9e\" \/>\n\t<meta name=\"twitter:data1\" content=\"1 minute\" \/>\n<script type=\"application\/ld+json\" class=\"yoast-schema-graph\">{\"@context\":\"https:\/\/schema.org\",\"@graph\":[{\"@type\":\"WebPage\",\"@id\":\"https:\/\/www.italyfamilyhotels.it\/fr\/hotels\/hotel-bella-italia\",\"url\":\"https:\/\/www.italyfamilyhotels.it\/fr\/hotels\/hotel-bella-italia\",\"name\":\"H\u00f4tel Bella Italia 4 \u00e9toiles, Peschiera del Garda\",\"isPartOf\":{\"@id\":\"https:\/\/www.italyfamilyhotels.it\/#website\"},\"datePublished\":\"2023-01-23T13:41:46+00:00\",\"dateModified\":\"2023-06-15T12:45:45+00:00\",\"description\":\"Envie de vacances en famille ? D\u00e9couvrez les offres pour familles de l\u2019H\u00f4tel Bella Italia \u00e0 Peschiera del Garda\",\"breadcrumb\":{\"@id\":\"https:\/\/www.italyfamilyhotels.it\/fr\/hotels\/hotel-bella-italia#breadcrumb\"},\"inLanguage\":\"fr-FR\",\"potentialAction\":[{\"@type\":\"ReadAction\",\"target\":[\"https:\/\/www.italyfamilyhotels.it\/fr\/hotels\/hotel-bella-italia\"]}]},{\"@type\":\"BreadcrumbList\",\"@id\":\"https:\/\/www.italyfamilyhotels.it\/fr\/hotels\/hotel-bella-italia#breadcrumb\",\"itemListElement\":[{\"@type\":\"ListItem\",\"position\":1,\"name\":\"Home\",\"item\":\"https:\/\/www.italyfamilyhotels.it\/fr\"},{\"@type\":\"ListItem\",\"position\":2,\"name\":\"Family Hotels\",\"item\":\"https:\/\/www.italyfamilyhotels.it\/fr\/hotels\"},{\"@type\":\"ListItem\",\"position\":3,\"name\":\"H\u00f4tel Bella Italia\"}]},{\"@type\":\"WebSite\",\"@id\":\"https:\/\/www.italyfamilyhotels.it\/#website\",\"url\":\"https:\/\/www.italyfamilyhotels.it\/\",\"name\":\"Italy Family Hotels\",\"description\":\"\",\"potentialAction\":[{\"@type\":\"SearchAction\",\"target\":{\"@type\":\"EntryPoint\",\"urlTemplate\":\"https:\/\/www.italyfamilyhotels.it\/?s={search_term_string}\"},\"query-input\":{\"@type\":\"PropertyValueSpecification\",\"valueRequired\":true,\"valueName\":\"search_term_string\"}}],\"inLanguage\":\"fr-FR\"}]}<\/script>\n<!-- \/ Yoast SEO plugin. -->","yoast_head_json":{"title":"H\u00f4tel Bella Italia 4 \u00e9toiles, Peschiera del Garda","description":"Envie de vacances en famille ? D\u00e9couvrez les offres pour familles de l\u2019H\u00f4tel Bella Italia \u00e0 Peschiera del Garda","robots":{"index":"index","follow":"follow","max-snippet":"max-snippet:-1","max-image-preview":"max-image-preview:large","max-video-preview":"max-video-preview:-1"},"canonical":"https:\/\/www.italyfamilyhotels.it\/fr\/hotels\/hotel-bella-italia","og_locale":"fr_FR","og_type":"article","og_title":"H\u00f4tel Bella Italia 4 \u00e9toiles, Peschiera del Garda","og_description":"Envie de vacances en famille ? D\u00e9couvrez les offres pour familles de l\u2019H\u00f4tel Bella Italia \u00e0 Peschiera del Garda","og_url":"https:\/\/www.italyfamilyhotels.it\/fr\/hotels\/hotel-bella-italia","og_site_name":"Italy Family Hotels","article_publisher":"https:\/\/www.facebook.com\/ItalyFamilyHotels\/","article_modified_time":"2023-06-15T12:45:45+00:00","twitter_card":"summary_large_image","twitter_misc":{"Dur\u00e9e de lecture estim\u00e9e":"1 minute"},"schema":{"@context":"https:\/\/schema.org","@graph":[{"@type":"WebPage","@id":"https:\/\/www.italyfamilyhotels.it\/fr\/hotels\/hotel-bella-italia","url":"https:\/\/www.italyfamilyhotels.it\/fr\/hotels\/hotel-bella-italia","name":"H\u00f4tel Bella Italia 4 \u00e9toiles, Peschiera del Garda","isPartOf":{"@id":"https:\/\/www.italyfamilyhotels.it\/#website"},"datePublished":"2023-01-23T13:41:46+00:00","dateModified":"2023-06-15T12:45:45+00:00","description":"Envie de vacances en famille ? D\u00e9couvrez les offres pour familles de l\u2019H\u00f4tel Bella Italia \u00e0 Peschiera del Garda","breadcrumb":{"@id":"https:\/\/www.italyfamilyhotels.it\/fr\/hotels\/hotel-bella-italia#breadcrumb"},"inLanguage":"fr-FR","potentialAction":[{"@type":"ReadAction","target":["https:\/\/www.italyfamilyhotels.it\/fr\/hotels\/hotel-bella-italia"]}]},{"@type":"BreadcrumbList","@id":"https:\/\/www.italyfamilyhotels.it\/fr\/hotels\/hotel-bella-italia#breadcrumb","itemListElement":[{"@type":"ListItem","position":1,"name":"Home","item":"https:\/\/www.italyfamilyhotels.it\/fr"},{"@type":"ListItem","position":2,"name":"Family Hotels","item":"https:\/\/www.italyfamilyhotels.it\/fr\/hotels"},{"@type":"ListItem","position":3,"name":"H\u00f4tel Bella Italia"}]},{"@type":"WebSite","@id":"https:\/\/www.italyfamilyhotels.it\/#website","url":"https:\/\/www.italyfamilyhotels.it\/","name":"Italy Family Hotels","description":"","potentialAction":[{"@type":"SearchAction","target":{"@type":"EntryPoint","urlTemplate":"https:\/\/www.italyfamilyhotels.it\/?s={search_term_string}"},"query-input":{"@type":"PropertyValueSpecification","valueRequired":true,"valueName":"search_term_string"}}],"inLanguage":"fr-FR"}]}},"_links":{"self":[{"href":"https:\/\/www.italyfamilyhotels.it\/fr\/wp-json\/wp\/v2\/pages\/43899","targetHints":{"allow":["GET"]}}],"collection":[{"href":"https:\/\/www.italyfamilyhotels.it\/fr\/wp-json\/wp\/v2\/pages"}],"about":[{"href":"https:\/\/www.italyfamilyhotels.it\/fr\/wp-json\/wp\/v2\/types\/page"}],"author":[{"embeddable":true,"href":"https:\/\/www.italyfamilyhotels.it\/fr\/wp-json\/wp\/v2\/users\/46"}],"replies":[{"embeddable":true,"href":"https:\/\/www.italyfamilyhotels.it\/fr\/wp-json\/wp\/v2\/comments?post=43899"}],"version-history":[{"count":5,"href":"https:\/\/www.italyfamilyhotels.it\/fr\/wp-json\/wp\/v2\/pages\/43899\/revisions"}],"predecessor-version":[{"id":50008,"href":"https:\/\/www.italyfamilyhotels.it\/fr\/wp-json\/wp\/v2\/pages\/43899\/revisions\/50008"}],"up":[{"embeddable":true,"href":"https:\/\/www.italyfamilyhotels.it\/fr\/wp-json\/wp\/v2\/pages\/29729"}],"wp:attachment":[{"href":"https:\/\/www.italyfamilyhotels.it\/fr\/wp-json\/wp\/v2\/media?parent=43899"}],"curies":[{"name":"wp","href":"https:\/\/api.w.org\/{rel}","templated":true}]}}